{"id":22,"date":"2012-08-08T11:51:21","date_gmt":"2012-08-08T09:51:21","guid":{"rendered":"http:\/\/wp.kristdemokraterna.se\/ale\/?page_id=22"},"modified":"2021-02-25T08:59:36","modified_gmt":"2021-02-25T07:59:36","slug":"vitsippspriset-1998","status":"publish","type":"page","link":"https:\/\/wp.kristdemokraterna.se\/ale\/vitsippspriset\/vitsippspriset-1998\/","title":{"rendered":"Vitsippspriset 1998"},"content":{"rendered":"<div align=\"left\"><strong>Priset gick till B\u00f6rje B\u00f6rjesson, Ale Bes\u00f6ksverksamhet med f\u00f6ljande motivering:<\/strong><\/div>\n<blockquote>\n<div align=\"left\">B\u00f6rje B\u00f6rjesson har initierat och under en tio\u00e5rsperiod utvecklat Ale Bes\u00f6ksverksamhet. M\u00e5nga har engagerats i detta betydelsefulla arbete till nytta och uppmuntran f\u00f6r m\u00e4nniskor som beh\u00f6vt hj\u00e4lp och st\u00f6d. B\u00f6rjesson har p\u00e5 ett osj\u00e4lviskt s\u00e4tt satsat tid och kraft f\u00f6r att detta viktiga arbete skall utvecklas och fylla sin viktiga funktion. Vi vill uppm\u00e4rksamma denna f\u00f6red\u00f6mliga insats genom att tilldela B\u00f6rje B\u00f6rjesson \u00e5rets Vitsippspris.<\/div>\n<\/blockquote>\n","protected":false},"excerpt":{"rendered":"<p>Priset gick till B\u00f6rje B\u00f6rjesson, Ale Bes\u00f6ksverksamhet med f\u00f6ljande motivering: B\u00f6rje B\u00f6rjesson har initierat och under en tio\u00e5rsperiod utvecklat Ale Bes\u00f6ksverksamhet. M\u00e5nga har engagerats i detta betydelsefulla arbete till nytta och uppmuntran f\u00f6r m\u00e4nniskor som beh\u00f6vt hj\u00e4lp och st\u00f6d. B\u00f6rjesson har p\u00e5 ett osj\u00e4lviskt s\u00e4tt satsat tid och kraft f\u00f6r att detta viktiga arbete skall <a class=\"read-more-link\" href=\"https:\/\/wp.kristdemokraterna.se\/ale\/vitsippspriset\/vitsippspriset-1998\/\">Read More<\/a><\/p>\n","protected":false},"author":23,"featured_media":0,"parent":15,"menu_order":2,"comment_status":"closed","ping_status":"closed","template":"","meta":{"_acf_changed":false,"footnotes":""},"class_list":["post-22","page","type-page","status-publish","hentry"],"acf":[],"yoast_head":"<!-- This site is optimized with the Yoast SEO plugin v27.4 - https:\/\/yoast.com\/product\/yoast-seo-wordpress\/ -->\n<title>Vitsippspriset 1998 - Ale<\/title>\n<meta name=\"robots\" content=\"index, follow, max-snippet:-1, max-image-preview:large, max-video-preview:-1\" \/>\n<link rel=\"canonical\" href=\"https:\/\/wp.kristdemokraterna.se\/ale\/vitsippspriset\/vitsippspriset-1998\/\" \/>\n<meta property=\"og:locale\" content=\"sv_SE\" \/>\n<meta property=\"og:type\" content=\"article\" \/>\n<meta property=\"og:title\" content=\"Vitsippspriset 1998 - Ale\" \/>\n<meta property=\"og:description\" content=\"Priset gick till B\u00f6rje B\u00f6rjesson, Ale Bes\u00f6ksverksamhet med f\u00f6ljande motivering: B\u00f6rje B\u00f6rjesson har initierat och under en tio\u00e5rsperiod utvecklat Ale Bes\u00f6ksverksamhet. M\u00e5nga har engagerats i detta betydelsefulla arbete till nytta och uppmuntran f\u00f6r m\u00e4nniskor som beh\u00f6vt hj\u00e4lp och st\u00f6d. B\u00f6rjesson har p\u00e5 ett osj\u00e4lviskt s\u00e4tt satsat tid och kraft f\u00f6r att detta viktiga arbete skall Read More\" \/>\n<meta property=\"og:url\" content=\"https:\/\/wp.kristdemokraterna.se\/ale\/vitsippspriset\/vitsippspriset-1998\/\" \/>\n<meta property=\"og:site_name\" content=\"Ale\" \/>\n<meta property=\"article:modified_time\" content=\"2021-02-25T07:59:36+00:00\" \/>\n<meta name=\"twitter:card\" content=\"summary_large_image\" \/>\n<script type=\"application\/ld+json\" class=\"yoast-schema-graph\">{\"@context\":\"https:\\\/\\\/schema.org\",\"@graph\":[{\"@type\":\"WebPage\",\"@id\":\"https:\\\/\\\/wp.kristdemokraterna.se\\\/ale\\\/vitsippspriset\\\/vitsippspriset-1998\\\/\",\"url\":\"https:\\\/\\\/wp.kristdemokraterna.se\\\/ale\\\/vitsippspriset\\\/vitsippspriset-1998\\\/\",\"name\":\"Vitsippspriset 1998 - Ale\",\"isPartOf\":{\"@id\":\"https:\\\/\\\/wp.kristdemokraterna.se\\\/ale\\\/#website\"},\"datePublished\":\"2012-08-08T09:51:21+00:00\",\"dateModified\":\"2021-02-25T07:59:36+00:00\",\"breadcrumb\":{\"@id\":\"https:\\\/\\\/wp.kristdemokraterna.se\\\/ale\\\/vitsippspriset\\\/vitsippspriset-1998\\\/#breadcrumb\"},\"inLanguage\":\"sv-SE\",\"potentialAction\":[{\"@type\":\"ReadAction\",\"target\":[\"https:\\\/\\\/wp.kristdemokraterna.se\\\/ale\\\/vitsippspriset\\\/vitsippspriset-1998\\\/\"]}]},{\"@type\":\"BreadcrumbList\",\"@id\":\"https:\\\/\\\/wp.kristdemokraterna.se\\\/ale\\\/vitsippspriset\\\/vitsippspriset-1998\\\/#breadcrumb\",\"itemListElement\":[{\"@type\":\"ListItem\",\"position\":1,\"name\":\"Hem\",\"item\":\"https:\\\/\\\/wp.kristdemokraterna.se\\\/ale\\\/\"},{\"@type\":\"ListItem\",\"position\":2,\"name\":\"Vitsippspriset\",\"item\":\"https:\\\/\\\/wp.kristdemokraterna.se\\\/ale\\\/vitsippspriset\\\/\"},{\"@type\":\"ListItem\",\"position\":3,\"name\":\"Vitsippspriset 1998\"}]},{\"@type\":\"WebSite\",\"@id\":\"https:\\\/\\\/wp.kristdemokraterna.se\\\/ale\\\/#website\",\"url\":\"https:\\\/\\\/wp.kristdemokraterna.se\\\/ale\\\/\",\"name\":\"Ale\",\"description\":\"Ale\",\"inLanguage\":\"sv-SE\"}]}<\/script>\n<!-- \/ Yoast SEO plugin. -->","yoast_head_json":{"title":"Vitsippspriset 1998 - Ale","robots":{"index":"index","follow":"follow","max-snippet":"max-snippet:-1","max-image-preview":"max-image-preview:large","max-video-preview":"max-video-preview:-1"},"canonical":"https:\/\/wp.kristdemokraterna.se\/ale\/vitsippspriset\/vitsippspriset-1998\/","og_locale":"sv_SE","og_type":"article","og_title":"Vitsippspriset 1998 - Ale","og_description":"Priset gick till B\u00f6rje B\u00f6rjesson, Ale Bes\u00f6ksverksamhet med f\u00f6ljande motivering: B\u00f6rje B\u00f6rjesson har initierat och under en tio\u00e5rsperiod utvecklat Ale Bes\u00f6ksverksamhet. M\u00e5nga har engagerats i detta betydelsefulla arbete till nytta och uppmuntran f\u00f6r m\u00e4nniskor som beh\u00f6vt hj\u00e4lp och st\u00f6d. B\u00f6rjesson har p\u00e5 ett osj\u00e4lviskt s\u00e4tt satsat tid och kraft f\u00f6r att detta viktiga arbete skall Read More","og_url":"https:\/\/wp.kristdemokraterna.se\/ale\/vitsippspriset\/vitsippspriset-1998\/","og_site_name":"Ale","article_modified_time":"2021-02-25T07:59:36+00:00","twitter_card":"summary_large_image","schema":{"@context":"https:\/\/schema.org","@graph":[{"@type":"WebPage","@id":"https:\/\/wp.kristdemokraterna.se\/ale\/vitsippspriset\/vitsippspriset-1998\/","url":"https:\/\/wp.kristdemokraterna.se\/ale\/vitsippspriset\/vitsippspriset-1998\/","name":"Vitsippspriset 1998 - Ale","isPartOf":{"@id":"https:\/\/wp.kristdemokraterna.se\/ale\/#website"},"datePublished":"2012-08-08T09:51:21+00:00","dateModified":"2021-02-25T07:59:36+00:00","breadcrumb":{"@id":"https:\/\/wp.kristdemokraterna.se\/ale\/vitsippspriset\/vitsippspriset-1998\/#breadcrumb"},"inLanguage":"sv-SE","potentialAction":[{"@type":"ReadAction","target":["https:\/\/wp.kristdemokraterna.se\/ale\/vitsippspriset\/vitsippspriset-1998\/"]}]},{"@type":"BreadcrumbList","@id":"https:\/\/wp.kristdemokraterna.se\/ale\/vitsippspriset\/vitsippspriset-1998\/#breadcrumb","itemListElement":[{"@type":"ListItem","position":1,"name":"Hem","item":"https:\/\/wp.kristdemokraterna.se\/ale\/"},{"@type":"ListItem","position":2,"name":"Vitsippspriset","item":"https:\/\/wp.kristdemokraterna.se\/ale\/vitsippspriset\/"},{"@type":"ListItem","position":3,"name":"Vitsippspriset 1998"}]},{"@type":"WebSite","@id":"https:\/\/wp.kristdemokraterna.se\/ale\/#website","url":"https:\/\/wp.kristdemokraterna.se\/ale\/","name":"Ale","description":"Ale","inLanguage":"sv-SE"}]}},"_links":{"self":[{"href":"https:\/\/wp.kristdemokraterna.se\/ale\/wp-json\/wp\/v2\/pages\/22","targetHints":{"allow":["GET"]}}],"collection":[{"href":"https:\/\/wp.kristdemokraterna.se\/ale\/wp-json\/wp\/v2\/pages"}],"about":[{"href":"https:\/\/wp.kristdemokraterna.se\/ale\/wp-json\/wp\/v2\/types\/page"}],"author":[{"embeddable":true,"href":"https:\/\/wp.kristdemokraterna.se\/ale\/wp-json\/wp\/v2\/users\/23"}],"replies":[{"embeddable":true,"href":"https:\/\/wp.kristdemokraterna.se\/ale\/wp-json\/wp\/v2\/comments?post=22"}],"version-history":[{"count":2,"href":"https:\/\/wp.kristdemokraterna.se\/ale\/wp-json\/wp\/v2\/pages\/22\/revisions"}],"predecessor-version":[{"id":24,"href":"https:\/\/wp.kristdemokraterna.se\/ale\/wp-json\/wp\/v2\/pages\/22\/revisions\/24"}],"up":[{"embeddable":true,"href":"https:\/\/wp.kristdemokraterna.se\/ale\/wp-json\/wp\/v2\/pages\/15"}],"wp:attachment":[{"href":"https:\/\/wp.kristdemokraterna.se\/ale\/wp-json\/wp\/v2\/media?parent=22"}],"curies":[{"name":"wp","href":"https:\/\/api.w.org\/{rel}","templated":true}]}}