{"id":233,"date":"2014-05-14T17:35:27","date_gmt":"2014-05-14T15:35:27","guid":{"rendered":"http:\/\/wp.kristdemokraterna.se\/ale\/?page_id=233"},"modified":"2021-02-25T09:03:54","modified_gmt":"2021-02-25T08:03:54","slug":"vitsippspriset-2014","status":"publish","type":"page","link":"https:\/\/wp.kristdemokraterna.se\/ale\/vitsippspriset\/vitsippspriset-2014\/","title":{"rendered":"Vitsippspriset 2014"},"content":{"rendered":"<div id=\"attachment_234\" style=\"width: 594px\" class=\"wp-caption alignnone\"><img loading=\"lazy\" decoding=\"async\" aria-describedby=\"caption-attachment-234\" class=\"size-large wp-image-234\" src=\"http:\/\/wp.kristdemokraterna.se\/ale\/files\/2014\/05\/vitsippspris14-1024x791.jpg\" alt=\"Foto: Alekuriren\" width=\"584\" height=\"451\" srcset=\"https:\/\/wp.kristdemokraterna.se\/ale\/files\/2014\/05\/vitsippspris14-1024x791.jpg 1024w, https:\/\/wp.kristdemokraterna.se\/ale\/files\/2014\/05\/vitsippspris14-517x400.jpg 517w, https:\/\/wp.kristdemokraterna.se\/ale\/files\/2014\/05\/vitsippspris14-447x346.jpg 447w, https:\/\/wp.kristdemokraterna.se\/ale\/files\/2014\/05\/vitsippspris14-144x112.jpg 144w, https:\/\/wp.kristdemokraterna.se\/ale\/files\/2014\/05\/vitsippspris14.jpg 1413w\" sizes=\"auto, (max-width: 584px) 100vw, 584px\" \/><p id=\"caption-attachment-234\" class=\"wp-caption-text\">Foto: Alekuriren<\/p><\/div>\n<p><strong>Priset har Kristdemokraterna i Ale beslutat att tilldela Gunvor Hult\u00a0med f\u00f6ljande motivering:<\/strong><\/p>\n<blockquote><p><strong>Gunvor Hult<\/strong>\u00a0\u00e4r en eldsj\u00e4l i m\u00e5nga sammanhang aktiv i Ale st\u00f6d och bes\u00f6ksverksamhet, SPF och kyrkan i Skepplanda. Hon har ett stort hj\u00e4rta f\u00f6r de boende p\u00e5 Klockar\u00e4ngen och skapar genom sitt engagemang en guldkant p\u00e5 tillvaron f\u00f6r de dessa.<\/p>\n<p>Det sker bl.a. genom aktiviteter inomhus och utomhus. Bes\u00f6k, promenader, underh\u00e5llning och caf\u00e9 verksamhet \u00e4r en del av alla aktiviteter.<\/p>\n<p>Vi vill uppm\u00e4rksamma denna ideella och f\u00f6red\u00f6mliga insats genom att tilldela 2014-\u00e5rs Vitsippspris till Gunvor Hult, Skepplanda.<\/p><\/blockquote>\n<p>L\u00e4s artikel fr\u00e5n Alekuriren h\u00e4r:<br \/>\n<a href=\"http:\/\/wp.kristdemokraterna.se\/ale\/files\/2014\/05\/vitsippspris14.pdf\">Vitsippspris 2014<\/a><\/p>\n<p>&nbsp;<\/p>\n<p>&nbsp;<\/p>\n","protected":false},"excerpt":{"rendered":"<p>Priset har Kristdemokraterna i Ale beslutat att tilldela Gunvor Hult\u00a0med f\u00f6ljande motivering: Gunvor Hult\u00a0\u00e4r en eldsj\u00e4l i m\u00e5nga sammanhang aktiv i Ale st\u00f6d och bes\u00f6ksverksamhet, SPF och kyrkan i Skepplanda. Hon har ett stort hj\u00e4rta f\u00f6r de boende p\u00e5 Klockar\u00e4ngen och skapar genom sitt engagemang en guldkant p\u00e5 tillvaron f\u00f6r de dessa. Det sker bl.a. <a class=\"read-more-link\" href=\"https:\/\/wp.kristdemokraterna.se\/ale\/vitsippspriset\/vitsippspriset-2014\/\">Read More<\/a><\/p>\n","protected":false},"author":23,"featured_media":0,"parent":15,"menu_order":16,"comment_status":"closed","ping_status":"closed","template":"","meta":{"_acf_changed":false,"footnotes":""},"class_list":["post-233","page","type-page","status-publish","hentry"],"acf":[],"yoast_head":"<!-- This site is optimized with the Yoast SEO plugin v27.3 - https:\/\/yoast.com\/product\/yoast-seo-wordpress\/ -->\n<title>Vitsippspriset 2014 - Ale<\/title>\n<meta name=\"robots\" content=\"index, follow, max-snippet:-1, max-image-preview:large, max-video-preview:-1\" \/>\n<link rel=\"canonical\" href=\"https:\/\/wp.kristdemokraterna.se\/ale\/vitsippspriset\/vitsippspriset-2014\/\" \/>\n<meta property=\"og:locale\" content=\"sv_SE\" \/>\n<meta property=\"og:type\" content=\"article\" \/>\n<meta property=\"og:title\" content=\"Vitsippspriset 2014 - Ale\" \/>\n<meta property=\"og:description\" content=\"Priset har Kristdemokraterna i Ale beslutat att tilldela Gunvor Hult\u00a0med f\u00f6ljande motivering: Gunvor Hult\u00a0\u00e4r en eldsj\u00e4l i m\u00e5nga sammanhang aktiv i Ale st\u00f6d och bes\u00f6ksverksamhet, SPF och kyrkan i Skepplanda. Hon har ett stort hj\u00e4rta f\u00f6r de boende p\u00e5 Klockar\u00e4ngen och skapar genom sitt engagemang en guldkant p\u00e5 tillvaron f\u00f6r de dessa. Det sker bl.a. Read More\" \/>\n<meta property=\"og:url\" content=\"https:\/\/wp.kristdemokraterna.se\/ale\/vitsippspriset\/vitsippspriset-2014\/\" \/>\n<meta property=\"og:site_name\" content=\"Ale\" \/>\n<meta property=\"article:modified_time\" content=\"2021-02-25T08:03:54+00:00\" \/>\n<meta property=\"og:image\" content=\"http:\/\/wp.kristdemokraterna.se\/ale\/files\/2014\/05\/vitsippspris14-1024x791.jpg\" \/>\n<meta name=\"twitter:card\" content=\"summary_large_image\" \/>\n<meta name=\"twitter:label1\" content=\"Ber\u00e4knad l\u00e4stid\" \/>\n\t<meta name=\"twitter:data1\" content=\"1 minut\" \/>\n<script type=\"application\/ld+json\" class=\"yoast-schema-graph\">{\"@context\":\"https:\\\/\\\/schema.org\",\"@graph\":[{\"@type\":\"WebPage\",\"@id\":\"https:\\\/\\\/wp.kristdemokraterna.se\\\/ale\\\/vitsippspriset\\\/vitsippspriset-2014\\\/\",\"url\":\"https:\\\/\\\/wp.kristdemokraterna.se\\\/ale\\\/vitsippspriset\\\/vitsippspriset-2014\\\/\",\"name\":\"Vitsippspriset 2014 - Ale\",\"isPartOf\":{\"@id\":\"https:\\\/\\\/wp.kristdemokraterna.se\\\/ale\\\/#website\"},\"primaryImageOfPage\":{\"@id\":\"https:\\\/\\\/wp.kristdemokraterna.se\\\/ale\\\/vitsippspriset\\\/vitsippspriset-2014\\\/#primaryimage\"},\"image\":{\"@id\":\"https:\\\/\\\/wp.kristdemokraterna.se\\\/ale\\\/vitsippspriset\\\/vitsippspriset-2014\\\/#primaryimage\"},\"thumbnailUrl\":\"http:\\\/\\\/wp.kristdemokraterna.se\\\/ale\\\/files\\\/2014\\\/05\\\/vitsippspris14-1024x791.jpg\",\"datePublished\":\"2014-05-14T15:35:27+00:00\",\"dateModified\":\"2021-02-25T08:03:54+00:00\",\"breadcrumb\":{\"@id\":\"https:\\\/\\\/wp.kristdemokraterna.se\\\/ale\\\/vitsippspriset\\\/vitsippspriset-2014\\\/#breadcrumb\"},\"inLanguage\":\"sv-SE\",\"potentialAction\":[{\"@type\":\"ReadAction\",\"target\":[\"https:\\\/\\\/wp.kristdemokraterna.se\\\/ale\\\/vitsippspriset\\\/vitsippspriset-2014\\\/\"]}]},{\"@type\":\"ImageObject\",\"inLanguage\":\"sv-SE\",\"@id\":\"https:\\\/\\\/wp.kristdemokraterna.se\\\/ale\\\/vitsippspriset\\\/vitsippspriset-2014\\\/#primaryimage\",\"url\":\"http:\\\/\\\/wp.kristdemokraterna.se\\\/ale\\\/files\\\/2014\\\/05\\\/vitsippspris14-1024x791.jpg\",\"contentUrl\":\"http:\\\/\\\/wp.kristdemokraterna.se\\\/ale\\\/files\\\/2014\\\/05\\\/vitsippspris14-1024x791.jpg\"},{\"@type\":\"BreadcrumbList\",\"@id\":\"https:\\\/\\\/wp.kristdemokraterna.se\\\/ale\\\/vitsippspriset\\\/vitsippspriset-2014\\\/#breadcrumb\",\"itemListElement\":[{\"@type\":\"ListItem\",\"position\":1,\"name\":\"Hem\",\"item\":\"https:\\\/\\\/wp.kristdemokraterna.se\\\/ale\\\/\"},{\"@type\":\"ListItem\",\"position\":2,\"name\":\"Vitsippspriset\",\"item\":\"https:\\\/\\\/wp.kristdemokraterna.se\\\/ale\\\/vitsippspriset\\\/\"},{\"@type\":\"ListItem\",\"position\":3,\"name\":\"Vitsippspriset 2014\"}]},{\"@type\":\"WebSite\",\"@id\":\"https:\\\/\\\/wp.kristdemokraterna.se\\\/ale\\\/#website\",\"url\":\"https:\\\/\\\/wp.kristdemokraterna.se\\\/ale\\\/\",\"name\":\"Ale\",\"description\":\"Ale\",\"inLanguage\":\"sv-SE\"}]}<\/script>\n<!-- \/ Yoast SEO plugin. -->","yoast_head_json":{"title":"Vitsippspriset 2014 - Ale","robots":{"index":"index","follow":"follow","max-snippet":"max-snippet:-1","max-image-preview":"max-image-preview:large","max-video-preview":"max-video-preview:-1"},"canonical":"https:\/\/wp.kristdemokraterna.se\/ale\/vitsippspriset\/vitsippspriset-2014\/","og_locale":"sv_SE","og_type":"article","og_title":"Vitsippspriset 2014 - Ale","og_description":"Priset har Kristdemokraterna i Ale beslutat att tilldela Gunvor Hult\u00a0med f\u00f6ljande motivering: Gunvor Hult\u00a0\u00e4r en eldsj\u00e4l i m\u00e5nga sammanhang aktiv i Ale st\u00f6d och bes\u00f6ksverksamhet, SPF och kyrkan i Skepplanda. Hon har ett stort hj\u00e4rta f\u00f6r de boende p\u00e5 Klockar\u00e4ngen och skapar genom sitt engagemang en guldkant p\u00e5 tillvaron f\u00f6r de dessa. Det sker bl.a. Read More","og_url":"https:\/\/wp.kristdemokraterna.se\/ale\/vitsippspriset\/vitsippspriset-2014\/","og_site_name":"Ale","article_modified_time":"2021-02-25T08:03:54+00:00","og_image":[{"url":"http:\/\/wp.kristdemokraterna.se\/ale\/files\/2014\/05\/vitsippspris14-1024x791.jpg","type":"","width":"","height":""}],"twitter_card":"summary_large_image","twitter_misc":{"Ber\u00e4knad l\u00e4stid":"1 minut"},"schema":{"@context":"https:\/\/schema.org","@graph":[{"@type":"WebPage","@id":"https:\/\/wp.kristdemokraterna.se\/ale\/vitsippspriset\/vitsippspriset-2014\/","url":"https:\/\/wp.kristdemokraterna.se\/ale\/vitsippspriset\/vitsippspriset-2014\/","name":"Vitsippspriset 2014 - Ale","isPartOf":{"@id":"https:\/\/wp.kristdemokraterna.se\/ale\/#website"},"primaryImageOfPage":{"@id":"https:\/\/wp.kristdemokraterna.se\/ale\/vitsippspriset\/vitsippspriset-2014\/#primaryimage"},"image":{"@id":"https:\/\/wp.kristdemokraterna.se\/ale\/vitsippspriset\/vitsippspriset-2014\/#primaryimage"},"thumbnailUrl":"http:\/\/wp.kristdemokraterna.se\/ale\/files\/2014\/05\/vitsippspris14-1024x791.jpg","datePublished":"2014-05-14T15:35:27+00:00","dateModified":"2021-02-25T08:03:54+00:00","breadcrumb":{"@id":"https:\/\/wp.kristdemokraterna.se\/ale\/vitsippspriset\/vitsippspriset-2014\/#breadcrumb"},"inLanguage":"sv-SE","potentialAction":[{"@type":"ReadAction","target":["https:\/\/wp.kristdemokraterna.se\/ale\/vitsippspriset\/vitsippspriset-2014\/"]}]},{"@type":"ImageObject","inLanguage":"sv-SE","@id":"https:\/\/wp.kristdemokraterna.se\/ale\/vitsippspriset\/vitsippspriset-2014\/#primaryimage","url":"http:\/\/wp.kristdemokraterna.se\/ale\/files\/2014\/05\/vitsippspris14-1024x791.jpg","contentUrl":"http:\/\/wp.kristdemokraterna.se\/ale\/files\/2014\/05\/vitsippspris14-1024x791.jpg"},{"@type":"BreadcrumbList","@id":"https:\/\/wp.kristdemokraterna.se\/ale\/vitsippspriset\/vitsippspriset-2014\/#breadcrumb","itemListElement":[{"@type":"ListItem","position":1,"name":"Hem","item":"https:\/\/wp.kristdemokraterna.se\/ale\/"},{"@type":"ListItem","position":2,"name":"Vitsippspriset","item":"https:\/\/wp.kristdemokraterna.se\/ale\/vitsippspriset\/"},{"@type":"ListItem","position":3,"name":"Vitsippspriset 2014"}]},{"@type":"WebSite","@id":"https:\/\/wp.kristdemokraterna.se\/ale\/#website","url":"https:\/\/wp.kristdemokraterna.se\/ale\/","name":"Ale","description":"Ale","inLanguage":"sv-SE"}]}},"_links":{"self":[{"href":"https:\/\/wp.kristdemokraterna.se\/ale\/wp-json\/wp\/v2\/pages\/233","targetHints":{"allow":["GET"]}}],"collection":[{"href":"https:\/\/wp.kristdemokraterna.se\/ale\/wp-json\/wp\/v2\/pages"}],"about":[{"href":"https:\/\/wp.kristdemokraterna.se\/ale\/wp-json\/wp\/v2\/types\/page"}],"author":[{"embeddable":true,"href":"https:\/\/wp.kristdemokraterna.se\/ale\/wp-json\/wp\/v2\/users\/23"}],"replies":[{"embeddable":true,"href":"https:\/\/wp.kristdemokraterna.se\/ale\/wp-json\/wp\/v2\/comments?post=233"}],"version-history":[{"count":3,"href":"https:\/\/wp.kristdemokraterna.se\/ale\/wp-json\/wp\/v2\/pages\/233\/revisions"}],"predecessor-version":[{"id":237,"href":"https:\/\/wp.kristdemokraterna.se\/ale\/wp-json\/wp\/v2\/pages\/233\/revisions\/237"}],"up":[{"embeddable":true,"href":"https:\/\/wp.kristdemokraterna.se\/ale\/wp-json\/wp\/v2\/pages\/15"}],"wp:attachment":[{"href":"https:\/\/wp.kristdemokraterna.se\/ale\/wp-json\/wp\/v2\/media?parent=233"}],"curies":[{"name":"wp","href":"https:\/\/api.w.org\/{rel}","templated":true}]}}