{"id":30,"date":"2012-08-08T11:59:37","date_gmt":"2012-08-08T09:59:37","guid":{"rendered":"http:\/\/wp.kristdemokraterna.se\/ale\/?page_id=30"},"modified":"2021-02-25T09:00:17","modified_gmt":"2021-02-25T08:00:17","slug":"vitsippspriset-2001","status":"publish","type":"page","link":"https:\/\/wp.kristdemokraterna.se\/ale\/vitsippspriset\/vitsippspriset-2001\/","title":{"rendered":"Vitsippspriset 2001"},"content":{"rendered":"<div align=\"left\"><strong>Priset gick till Friluftsfr\u00e4mjandet Himlabacken med f\u00f6ljande motivering:<\/strong><\/div>\n<blockquote>\n<div align=\"left\">&#8221;Friluftsfr\u00e4mjandet har under l\u00e5ng tid arbetat p\u00e5 att utveckla och f\u00f6rb\u00e4ttra skidanl\u00e4ggningen. Lift och sn\u00f6kanoner har genom ett idogt arbete och kluriga l\u00f6sningar blivit allt b\u00e4ttre. Otaliga arbetstimmar har lagts ner f\u00f6r att h\u00e5lla ig\u00e5ng backen till gl\u00e4dje f\u00f6r skid- och snowboard\u00e5kare, inte minst f\u00f6r ungdomar i regionen. Trots ofta \u00e5terkommande blidv\u00e4der har backen h\u00e5llits ig\u00e5ng l\u00e5nga perioder. Detta har lyckats bl.a. genom dygnetruntarbete under k\u00f6ldperioderna. Vi vill uppm\u00e4rksamma denna f\u00f6red\u00f6mliga och osj\u00e4lviska insats genom att tilldela f\u00f6reningen \u00e5rets Vitsippspris.&#8221;<\/div>\n<\/blockquote>\n","protected":false},"excerpt":{"rendered":"<p>Priset gick till Friluftsfr\u00e4mjandet Himlabacken med f\u00f6ljande motivering: &#8221;Friluftsfr\u00e4mjandet har under l\u00e5ng tid arbetat p\u00e5 att utveckla och f\u00f6rb\u00e4ttra skidanl\u00e4ggningen. Lift och sn\u00f6kanoner har genom ett idogt arbete och kluriga l\u00f6sningar blivit allt b\u00e4ttre. Otaliga arbetstimmar har lagts ner f\u00f6r att h\u00e5lla ig\u00e5ng backen till gl\u00e4dje f\u00f6r skid- och snowboard\u00e5kare, inte minst f\u00f6r ungdomar i <a class=\"read-more-link\" href=\"https:\/\/wp.kristdemokraterna.se\/ale\/vitsippspriset\/vitsippspriset-2001\/\">Read More<\/a><\/p>\n","protected":false},"author":23,"featured_media":0,"parent":15,"menu_order":5,"comment_status":"closed","ping_status":"closed","template":"","meta":{"_acf_changed":false,"footnotes":""},"class_list":["post-30","page","type-page","status-publish","hentry"],"acf":[],"yoast_head":"<!-- This site is optimized with the Yoast SEO plugin v27.3 - https:\/\/yoast.com\/product\/yoast-seo-wordpress\/ -->\n<title>Vitsippspriset 2001 - Ale<\/title>\n<meta name=\"robots\" content=\"index, follow, max-snippet:-1, max-image-preview:large, max-video-preview:-1\" \/>\n<link rel=\"canonical\" href=\"https:\/\/wp.kristdemokraterna.se\/ale\/vitsippspriset\/vitsippspriset-2001\/\" \/>\n<meta property=\"og:locale\" content=\"sv_SE\" \/>\n<meta property=\"og:type\" content=\"article\" \/>\n<meta property=\"og:title\" content=\"Vitsippspriset 2001 - Ale\" \/>\n<meta property=\"og:description\" content=\"Priset gick till Friluftsfr\u00e4mjandet Himlabacken med f\u00f6ljande motivering: &#8221;Friluftsfr\u00e4mjandet har under l\u00e5ng tid arbetat p\u00e5 att utveckla och f\u00f6rb\u00e4ttra skidanl\u00e4ggningen. Lift och sn\u00f6kanoner har genom ett idogt arbete och kluriga l\u00f6sningar blivit allt b\u00e4ttre. Otaliga arbetstimmar har lagts ner f\u00f6r att h\u00e5lla ig\u00e5ng backen till gl\u00e4dje f\u00f6r skid- och snowboard\u00e5kare, inte minst f\u00f6r ungdomar i Read More\" \/>\n<meta property=\"og:url\" content=\"https:\/\/wp.kristdemokraterna.se\/ale\/vitsippspriset\/vitsippspriset-2001\/\" \/>\n<meta property=\"og:site_name\" content=\"Ale\" \/>\n<meta property=\"article:modified_time\" content=\"2021-02-25T08:00:17+00:00\" \/>\n<meta name=\"twitter:card\" content=\"summary_large_image\" \/>\n<meta name=\"twitter:label1\" content=\"Ber\u00e4knad l\u00e4stid\" \/>\n\t<meta name=\"twitter:data1\" content=\"1 minut\" \/>\n<script type=\"application\/ld+json\" class=\"yoast-schema-graph\">{\"@context\":\"https:\\\/\\\/schema.org\",\"@graph\":[{\"@type\":\"WebPage\",\"@id\":\"https:\\\/\\\/wp.kristdemokraterna.se\\\/ale\\\/vitsippspriset\\\/vitsippspriset-2001\\\/\",\"url\":\"https:\\\/\\\/wp.kristdemokraterna.se\\\/ale\\\/vitsippspriset\\\/vitsippspriset-2001\\\/\",\"name\":\"Vitsippspriset 2001 - Ale\",\"isPartOf\":{\"@id\":\"https:\\\/\\\/wp.kristdemokraterna.se\\\/ale\\\/#website\"},\"datePublished\":\"2012-08-08T09:59:37+00:00\",\"dateModified\":\"2021-02-25T08:00:17+00:00\",\"breadcrumb\":{\"@id\":\"https:\\\/\\\/wp.kristdemokraterna.se\\\/ale\\\/vitsippspriset\\\/vitsippspriset-2001\\\/#breadcrumb\"},\"inLanguage\":\"sv-SE\",\"potentialAction\":[{\"@type\":\"ReadAction\",\"target\":[\"https:\\\/\\\/wp.kristdemokraterna.se\\\/ale\\\/vitsippspriset\\\/vitsippspriset-2001\\\/\"]}]},{\"@type\":\"BreadcrumbList\",\"@id\":\"https:\\\/\\\/wp.kristdemokraterna.se\\\/ale\\\/vitsippspriset\\\/vitsippspriset-2001\\\/#breadcrumb\",\"itemListElement\":[{\"@type\":\"ListItem\",\"position\":1,\"name\":\"Hem\",\"item\":\"https:\\\/\\\/wp.kristdemokraterna.se\\\/ale\\\/\"},{\"@type\":\"ListItem\",\"position\":2,\"name\":\"Vitsippspriset\",\"item\":\"https:\\\/\\\/wp.kristdemokraterna.se\\\/ale\\\/vitsippspriset\\\/\"},{\"@type\":\"ListItem\",\"position\":3,\"name\":\"Vitsippspriset 2001\"}]},{\"@type\":\"WebSite\",\"@id\":\"https:\\\/\\\/wp.kristdemokraterna.se\\\/ale\\\/#website\",\"url\":\"https:\\\/\\\/wp.kristdemokraterna.se\\\/ale\\\/\",\"name\":\"Ale\",\"description\":\"Ale\",\"inLanguage\":\"sv-SE\"}]}<\/script>\n<!-- \/ Yoast SEO plugin. -->","yoast_head_json":{"title":"Vitsippspriset 2001 - Ale","robots":{"index":"index","follow":"follow","max-snippet":"max-snippet:-1","max-image-preview":"max-image-preview:large","max-video-preview":"max-video-preview:-1"},"canonical":"https:\/\/wp.kristdemokraterna.se\/ale\/vitsippspriset\/vitsippspriset-2001\/","og_locale":"sv_SE","og_type":"article","og_title":"Vitsippspriset 2001 - Ale","og_description":"Priset gick till Friluftsfr\u00e4mjandet Himlabacken med f\u00f6ljande motivering: &#8221;Friluftsfr\u00e4mjandet har under l\u00e5ng tid arbetat p\u00e5 att utveckla och f\u00f6rb\u00e4ttra skidanl\u00e4ggningen. Lift och sn\u00f6kanoner har genom ett idogt arbete och kluriga l\u00f6sningar blivit allt b\u00e4ttre. Otaliga arbetstimmar har lagts ner f\u00f6r att h\u00e5lla ig\u00e5ng backen till gl\u00e4dje f\u00f6r skid- och snowboard\u00e5kare, inte minst f\u00f6r ungdomar i Read More","og_url":"https:\/\/wp.kristdemokraterna.se\/ale\/vitsippspriset\/vitsippspriset-2001\/","og_site_name":"Ale","article_modified_time":"2021-02-25T08:00:17+00:00","twitter_card":"summary_large_image","twitter_misc":{"Ber\u00e4knad l\u00e4stid":"1 minut"},"schema":{"@context":"https:\/\/schema.org","@graph":[{"@type":"WebPage","@id":"https:\/\/wp.kristdemokraterna.se\/ale\/vitsippspriset\/vitsippspriset-2001\/","url":"https:\/\/wp.kristdemokraterna.se\/ale\/vitsippspriset\/vitsippspriset-2001\/","name":"Vitsippspriset 2001 - Ale","isPartOf":{"@id":"https:\/\/wp.kristdemokraterna.se\/ale\/#website"},"datePublished":"2012-08-08T09:59:37+00:00","dateModified":"2021-02-25T08:00:17+00:00","breadcrumb":{"@id":"https:\/\/wp.kristdemokraterna.se\/ale\/vitsippspriset\/vitsippspriset-2001\/#breadcrumb"},"inLanguage":"sv-SE","potentialAction":[{"@type":"ReadAction","target":["https:\/\/wp.kristdemokraterna.se\/ale\/vitsippspriset\/vitsippspriset-2001\/"]}]},{"@type":"BreadcrumbList","@id":"https:\/\/wp.kristdemokraterna.se\/ale\/vitsippspriset\/vitsippspriset-2001\/#breadcrumb","itemListElement":[{"@type":"ListItem","position":1,"name":"Hem","item":"https:\/\/wp.kristdemokraterna.se\/ale\/"},{"@type":"ListItem","position":2,"name":"Vitsippspriset","item":"https:\/\/wp.kristdemokraterna.se\/ale\/vitsippspriset\/"},{"@type":"ListItem","position":3,"name":"Vitsippspriset 2001"}]},{"@type":"WebSite","@id":"https:\/\/wp.kristdemokraterna.se\/ale\/#website","url":"https:\/\/wp.kristdemokraterna.se\/ale\/","name":"Ale","description":"Ale","inLanguage":"sv-SE"}]}},"_links":{"self":[{"href":"https:\/\/wp.kristdemokraterna.se\/ale\/wp-json\/wp\/v2\/pages\/30","targetHints":{"allow":["GET"]}}],"collection":[{"href":"https:\/\/wp.kristdemokraterna.se\/ale\/wp-json\/wp\/v2\/pages"}],"about":[{"href":"https:\/\/wp.kristdemokraterna.se\/ale\/wp-json\/wp\/v2\/types\/page"}],"author":[{"embeddable":true,"href":"https:\/\/wp.kristdemokraterna.se\/ale\/wp-json\/wp\/v2\/users\/23"}],"replies":[{"embeddable":true,"href":"https:\/\/wp.kristdemokraterna.se\/ale\/wp-json\/wp\/v2\/comments?post=30"}],"version-history":[{"count":3,"href":"https:\/\/wp.kristdemokraterna.se\/ale\/wp-json\/wp\/v2\/pages\/30\/revisions"}],"predecessor-version":[{"id":44,"href":"https:\/\/wp.kristdemokraterna.se\/ale\/wp-json\/wp\/v2\/pages\/30\/revisions\/44"}],"up":[{"embeddable":true,"href":"https:\/\/wp.kristdemokraterna.se\/ale\/wp-json\/wp\/v2\/pages\/15"}],"wp:attachment":[{"href":"https:\/\/wp.kristdemokraterna.se\/ale\/wp-json\/wp\/v2\/media?parent=30"}],"curies":[{"name":"wp","href":"https:\/\/api.w.org\/{rel}","templated":true}]}}