{"id":307,"date":"2015-05-26T14:38:34","date_gmt":"2015-05-26T12:38:34","guid":{"rendered":"http:\/\/wp.kristdemokraterna.se\/ale\/?page_id=307"},"modified":"2021-02-25T09:04:06","modified_gmt":"2021-02-25T08:04:06","slug":"vitsippspriset-2015","status":"publish","type":"page","link":"https:\/\/wp.kristdemokraterna.se\/ale\/vitsippspriset\/vitsippspriset-2015\/","title":{"rendered":"Vitsippspriset 2015"},"content":{"rendered":"<div id=\"attachment_308\" style=\"width: 923px\" class=\"wp-caption alignnone\"><img loading=\"lazy\" decoding=\"async\" aria-describedby=\"caption-attachment-308\" class=\"size-full wp-image-308\" src=\"http:\/\/wp.kristdemokraterna.se\/ale\/files\/2015\/05\/vitsipp2015.jpg\" alt=\"Foto: Per-Anders Kl\u00f6versj\u00f6\/Alekuriren\" width=\"913\" height=\"643\" srcset=\"https:\/\/wp.kristdemokraterna.se\/ale\/files\/2015\/05\/vitsipp2015.jpg 913w, https:\/\/wp.kristdemokraterna.se\/ale\/files\/2015\/05\/vitsipp2015-568x400.jpg 568w, https:\/\/wp.kristdemokraterna.se\/ale\/files\/2015\/05\/vitsipp2015-491x346.jpg 491w, https:\/\/wp.kristdemokraterna.se\/ale\/files\/2015\/05\/vitsipp2015-159x112.jpg 159w\" sizes=\"auto, (max-width: 913px) 100vw, 913px\" \/><p id=\"caption-attachment-308\" class=\"wp-caption-text\">Foto: Per-Anders Kl\u00f6versj\u00f6\/Alekuriren<\/p><\/div>\n<p><strong>Priset har Kristdemokraterna i Ale beslutat att tilldela Alebacken\/Lars-\u00c5ke Olsson\u00a0med f\u00f6ljande motivering:<\/strong><\/p>\n<p><em>Lars \u00c5ke Olsson\/D\u00e4ck Lasse \u00e4r en av grundarna till\u00a0Ale kommuns idag mest k\u00e4nda bes\u00f6ksm\u00e5l\u00a0Alebacken. 1000 tals timmar har lagts ned f\u00f6r att\u00a0skapa en anl\u00e4ggning som idag ger barn,\u00a0ungdomar och vuxna fr\u00e5n Ale och hela\u00a0V\u00e4stsverige m\u00f6jlighet till utf\u00f6rs\u00e5kning. Man har\u00a0ocks\u00e5 medverkat till att skapa ett event i\u00a0v\u00e4rldsklass som satt Ale p\u00e5 kartan.<\/em><\/p>\n<p><em>Genom sitt\u00a0engagemang ger detta en guldkant p\u00e5 tillvaron\u00a0inte minst f\u00f6r ungdomarna i Ale.\u00a0Vi vill uppm\u00e4rksamma denna ideella och\u00a0f\u00f6red\u00f6mliga insats genom att tilldela 2015-\u00e5rs\u00a0Vitsippspris till Lars \u00c5ke Olsson.<\/em><\/p>\n<p><a href=\"https:\/\/www.paperton.com\/shelf\/reader\/magazine_id\/17794\/whitelabel\/202\/uid\/1139506\/token\/3e425bb41f001ae88d2b6b005067057c8a3f40c9#page\/4\" target=\"_blank\" rel=\"noopener\">Artikel i Alekuriren<\/a><\/p>\n","protected":false},"excerpt":{"rendered":"<p>Priset har Kristdemokraterna i Ale beslutat att tilldela Alebacken\/Lars-\u00c5ke Olsson\u00a0med f\u00f6ljande motivering: Lars \u00c5ke Olsson\/D\u00e4ck Lasse \u00e4r en av grundarna till\u00a0Ale kommuns idag mest k\u00e4nda bes\u00f6ksm\u00e5l\u00a0Alebacken. 1000 tals timmar har lagts ned f\u00f6r att\u00a0skapa en anl\u00e4ggning som idag ger barn,\u00a0ungdomar och vuxna fr\u00e5n Ale och hela\u00a0V\u00e4stsverige m\u00f6jlighet till utf\u00f6rs\u00e5kning. Man har\u00a0ocks\u00e5 medverkat till att skapa <a class=\"read-more-link\" href=\"https:\/\/wp.kristdemokraterna.se\/ale\/vitsippspriset\/vitsippspriset-2015\/\">Read More<\/a><\/p>\n","protected":false},"author":23,"featured_media":0,"parent":15,"menu_order":17,"comment_status":"closed","ping_status":"closed","template":"","meta":{"_acf_changed":false,"footnotes":""},"class_list":["post-307","page","type-page","status-publish","hentry"],"acf":[],"yoast_head":"<!-- This site is optimized with the Yoast SEO plugin v27.3 - https:\/\/yoast.com\/product\/yoast-seo-wordpress\/ -->\n<title>Vitsippspriset 2015 - Ale<\/title>\n<meta name=\"robots\" content=\"index, follow, max-snippet:-1, max-image-preview:large, max-video-preview:-1\" \/>\n<link rel=\"canonical\" href=\"https:\/\/wp.kristdemokraterna.se\/ale\/vitsippspriset\/vitsippspriset-2015\/\" \/>\n<meta property=\"og:locale\" content=\"sv_SE\" \/>\n<meta property=\"og:type\" content=\"article\" \/>\n<meta property=\"og:title\" content=\"Vitsippspriset 2015 - Ale\" \/>\n<meta property=\"og:description\" content=\"Priset har Kristdemokraterna i Ale beslutat att tilldela Alebacken\/Lars-\u00c5ke Olsson\u00a0med f\u00f6ljande motivering: Lars \u00c5ke Olsson\/D\u00e4ck Lasse \u00e4r en av grundarna till\u00a0Ale kommuns idag mest k\u00e4nda bes\u00f6ksm\u00e5l\u00a0Alebacken. 1000 tals timmar har lagts ned f\u00f6r att\u00a0skapa en anl\u00e4ggning som idag ger barn,\u00a0ungdomar och vuxna fr\u00e5n Ale och hela\u00a0V\u00e4stsverige m\u00f6jlighet till utf\u00f6rs\u00e5kning. Man har\u00a0ocks\u00e5 medverkat till att skapa Read More\" \/>\n<meta property=\"og:url\" content=\"https:\/\/wp.kristdemokraterna.se\/ale\/vitsippspriset\/vitsippspriset-2015\/\" \/>\n<meta property=\"og:site_name\" content=\"Ale\" \/>\n<meta property=\"article:modified_time\" content=\"2021-02-25T08:04:06+00:00\" \/>\n<meta property=\"og:image\" content=\"http:\/\/wp.kristdemokraterna.se\/ale\/files\/2015\/05\/vitsipp2015.jpg\" \/>\n<meta name=\"twitter:card\" content=\"summary_large_image\" \/>\n<meta name=\"twitter:label1\" content=\"Ber\u00e4knad l\u00e4stid\" \/>\n\t<meta name=\"twitter:data1\" content=\"1 minut\" \/>\n<script type=\"application\/ld+json\" class=\"yoast-schema-graph\">{\"@context\":\"https:\\\/\\\/schema.org\",\"@graph\":[{\"@type\":\"WebPage\",\"@id\":\"https:\\\/\\\/wp.kristdemokraterna.se\\\/ale\\\/vitsippspriset\\\/vitsippspriset-2015\\\/\",\"url\":\"https:\\\/\\\/wp.kristdemokraterna.se\\\/ale\\\/vitsippspriset\\\/vitsippspriset-2015\\\/\",\"name\":\"Vitsippspriset 2015 - Ale\",\"isPartOf\":{\"@id\":\"https:\\\/\\\/wp.kristdemokraterna.se\\\/ale\\\/#website\"},\"primaryImageOfPage\":{\"@id\":\"https:\\\/\\\/wp.kristdemokraterna.se\\\/ale\\\/vitsippspriset\\\/vitsippspriset-2015\\\/#primaryimage\"},\"image\":{\"@id\":\"https:\\\/\\\/wp.kristdemokraterna.se\\\/ale\\\/vitsippspriset\\\/vitsippspriset-2015\\\/#primaryimage\"},\"thumbnailUrl\":\"http:\\\/\\\/wp.kristdemokraterna.se\\\/ale\\\/files\\\/2015\\\/05\\\/vitsipp2015.jpg\",\"datePublished\":\"2015-05-26T12:38:34+00:00\",\"dateModified\":\"2021-02-25T08:04:06+00:00\",\"breadcrumb\":{\"@id\":\"https:\\\/\\\/wp.kristdemokraterna.se\\\/ale\\\/vitsippspriset\\\/vitsippspriset-2015\\\/#breadcrumb\"},\"inLanguage\":\"sv-SE\",\"potentialAction\":[{\"@type\":\"ReadAction\",\"target\":[\"https:\\\/\\\/wp.kristdemokraterna.se\\\/ale\\\/vitsippspriset\\\/vitsippspriset-2015\\\/\"]}]},{\"@type\":\"ImageObject\",\"inLanguage\":\"sv-SE\",\"@id\":\"https:\\\/\\\/wp.kristdemokraterna.se\\\/ale\\\/vitsippspriset\\\/vitsippspriset-2015\\\/#primaryimage\",\"url\":\"http:\\\/\\\/wp.kristdemokraterna.se\\\/ale\\\/files\\\/2015\\\/05\\\/vitsipp2015.jpg\",\"contentUrl\":\"http:\\\/\\\/wp.kristdemokraterna.se\\\/ale\\\/files\\\/2015\\\/05\\\/vitsipp2015.jpg\"},{\"@type\":\"BreadcrumbList\",\"@id\":\"https:\\\/\\\/wp.kristdemokraterna.se\\\/ale\\\/vitsippspriset\\\/vitsippspriset-2015\\\/#breadcrumb\",\"itemListElement\":[{\"@type\":\"ListItem\",\"position\":1,\"name\":\"Hem\",\"item\":\"https:\\\/\\\/wp.kristdemokraterna.se\\\/ale\\\/\"},{\"@type\":\"ListItem\",\"position\":2,\"name\":\"Vitsippspriset\",\"item\":\"https:\\\/\\\/wp.kristdemokraterna.se\\\/ale\\\/vitsippspriset\\\/\"},{\"@type\":\"ListItem\",\"position\":3,\"name\":\"Vitsippspriset 2015\"}]},{\"@type\":\"WebSite\",\"@id\":\"https:\\\/\\\/wp.kristdemokraterna.se\\\/ale\\\/#website\",\"url\":\"https:\\\/\\\/wp.kristdemokraterna.se\\\/ale\\\/\",\"name\":\"Ale\",\"description\":\"Ale\",\"inLanguage\":\"sv-SE\"}]}<\/script>\n<!-- \/ Yoast SEO plugin. -->","yoast_head_json":{"title":"Vitsippspriset 2015 - Ale","robots":{"index":"index","follow":"follow","max-snippet":"max-snippet:-1","max-image-preview":"max-image-preview:large","max-video-preview":"max-video-preview:-1"},"canonical":"https:\/\/wp.kristdemokraterna.se\/ale\/vitsippspriset\/vitsippspriset-2015\/","og_locale":"sv_SE","og_type":"article","og_title":"Vitsippspriset 2015 - Ale","og_description":"Priset har Kristdemokraterna i Ale beslutat att tilldela Alebacken\/Lars-\u00c5ke Olsson\u00a0med f\u00f6ljande motivering: Lars \u00c5ke Olsson\/D\u00e4ck Lasse \u00e4r en av grundarna till\u00a0Ale kommuns idag mest k\u00e4nda bes\u00f6ksm\u00e5l\u00a0Alebacken. 1000 tals timmar har lagts ned f\u00f6r att\u00a0skapa en anl\u00e4ggning som idag ger barn,\u00a0ungdomar och vuxna fr\u00e5n Ale och hela\u00a0V\u00e4stsverige m\u00f6jlighet till utf\u00f6rs\u00e5kning. Man har\u00a0ocks\u00e5 medverkat till att skapa Read More","og_url":"https:\/\/wp.kristdemokraterna.se\/ale\/vitsippspriset\/vitsippspriset-2015\/","og_site_name":"Ale","article_modified_time":"2021-02-25T08:04:06+00:00","og_image":[{"url":"http:\/\/wp.kristdemokraterna.se\/ale\/files\/2015\/05\/vitsipp2015.jpg","type":"","width":"","height":""}],"twitter_card":"summary_large_image","twitter_misc":{"Ber\u00e4knad l\u00e4stid":"1 minut"},"schema":{"@context":"https:\/\/schema.org","@graph":[{"@type":"WebPage","@id":"https:\/\/wp.kristdemokraterna.se\/ale\/vitsippspriset\/vitsippspriset-2015\/","url":"https:\/\/wp.kristdemokraterna.se\/ale\/vitsippspriset\/vitsippspriset-2015\/","name":"Vitsippspriset 2015 - Ale","isPartOf":{"@id":"https:\/\/wp.kristdemokraterna.se\/ale\/#website"},"primaryImageOfPage":{"@id":"https:\/\/wp.kristdemokraterna.se\/ale\/vitsippspriset\/vitsippspriset-2015\/#primaryimage"},"image":{"@id":"https:\/\/wp.kristdemokraterna.se\/ale\/vitsippspriset\/vitsippspriset-2015\/#primaryimage"},"thumbnailUrl":"http:\/\/wp.kristdemokraterna.se\/ale\/files\/2015\/05\/vitsipp2015.jpg","datePublished":"2015-05-26T12:38:34+00:00","dateModified":"2021-02-25T08:04:06+00:00","breadcrumb":{"@id":"https:\/\/wp.kristdemokraterna.se\/ale\/vitsippspriset\/vitsippspriset-2015\/#breadcrumb"},"inLanguage":"sv-SE","potentialAction":[{"@type":"ReadAction","target":["https:\/\/wp.kristdemokraterna.se\/ale\/vitsippspriset\/vitsippspriset-2015\/"]}]},{"@type":"ImageObject","inLanguage":"sv-SE","@id":"https:\/\/wp.kristdemokraterna.se\/ale\/vitsippspriset\/vitsippspriset-2015\/#primaryimage","url":"http:\/\/wp.kristdemokraterna.se\/ale\/files\/2015\/05\/vitsipp2015.jpg","contentUrl":"http:\/\/wp.kristdemokraterna.se\/ale\/files\/2015\/05\/vitsipp2015.jpg"},{"@type":"BreadcrumbList","@id":"https:\/\/wp.kristdemokraterna.se\/ale\/vitsippspriset\/vitsippspriset-2015\/#breadcrumb","itemListElement":[{"@type":"ListItem","position":1,"name":"Hem","item":"https:\/\/wp.kristdemokraterna.se\/ale\/"},{"@type":"ListItem","position":2,"name":"Vitsippspriset","item":"https:\/\/wp.kristdemokraterna.se\/ale\/vitsippspriset\/"},{"@type":"ListItem","position":3,"name":"Vitsippspriset 2015"}]},{"@type":"WebSite","@id":"https:\/\/wp.kristdemokraterna.se\/ale\/#website","url":"https:\/\/wp.kristdemokraterna.se\/ale\/","name":"Ale","description":"Ale","inLanguage":"sv-SE"}]}},"_links":{"self":[{"href":"https:\/\/wp.kristdemokraterna.se\/ale\/wp-json\/wp\/v2\/pages\/307","targetHints":{"allow":["GET"]}}],"collection":[{"href":"https:\/\/wp.kristdemokraterna.se\/ale\/wp-json\/wp\/v2\/pages"}],"about":[{"href":"https:\/\/wp.kristdemokraterna.se\/ale\/wp-json\/wp\/v2\/types\/page"}],"author":[{"embeddable":true,"href":"https:\/\/wp.kristdemokraterna.se\/ale\/wp-json\/wp\/v2\/users\/23"}],"replies":[{"embeddable":true,"href":"https:\/\/wp.kristdemokraterna.se\/ale\/wp-json\/wp\/v2\/comments?post=307"}],"version-history":[{"count":2,"href":"https:\/\/wp.kristdemokraterna.se\/ale\/wp-json\/wp\/v2\/pages\/307\/revisions"}],"predecessor-version":[{"id":447,"href":"https:\/\/wp.kristdemokraterna.se\/ale\/wp-json\/wp\/v2\/pages\/307\/revisions\/447"}],"up":[{"embeddable":true,"href":"https:\/\/wp.kristdemokraterna.se\/ale\/wp-json\/wp\/v2\/pages\/15"}],"wp:attachment":[{"href":"https:\/\/wp.kristdemokraterna.se\/ale\/wp-json\/wp\/v2\/media?parent=307"}],"curies":[{"name":"wp","href":"https:\/\/api.w.org\/{rel}","templated":true}]}}