{"id":32,"date":"2012-08-08T12:01:18","date_gmt":"2012-08-08T10:01:18","guid":{"rendered":"http:\/\/wp.kristdemokraterna.se\/ale\/?page_id=32"},"modified":"2021-02-25T09:00:31","modified_gmt":"2021-02-25T08:00:31","slug":"vitsippspriset-2002","status":"publish","type":"page","link":"https:\/\/wp.kristdemokraterna.se\/ale\/vitsippspriset\/vitsippspriset-2002\/","title":{"rendered":"Vitsippspriset 2002"},"content":{"rendered":"<div align=\"left\"><strong>Priset gick till F\u00f6reningen Svanen i Surte med f\u00f6ljande motivering:<\/strong><\/div>\n<blockquote>\n<div align=\"left\">&#8221;F\u00f6reningen Svanen har under l\u00e5ng tid arbetat med att rusta upp och utveckla anl\u00e4ggningen vid dammarna. En anl\u00e4ggning med levande djur kr\u00e4ver st\u00e4ndig tillsyn. Otaliga timmar av ideellt arbete har lagts ner f\u00f6r att h\u00e5lla ig\u00e5ng verksamheten \u00e5ret runt. F\u00f6reningen har lyckats skapa en attraktion och f\u00e5geldammarna \u00e4r till gl\u00e4dje f\u00f6r m\u00e5nga inte minst barnfamiljer. Dessutom har f\u00f6reningen tagit upp traditioner fr\u00e5n brukstiden t ex. &#8221;Tomte i skogen&#8221; d\u00e4r barnen f\u00e5r julklappar av tomten. Vi vill uppm\u00e4rksamma denna f\u00f6red\u00f6mliga och osj\u00e4lviska insats genom att tilldela f\u00f6reningen \u00e5rets Vitsippspris.&#8221;<\/div>\n<\/blockquote>\n","protected":false},"excerpt":{"rendered":"<p>Priset gick till F\u00f6reningen Svanen i Surte med f\u00f6ljande motivering: &#8221;F\u00f6reningen Svanen har under l\u00e5ng tid arbetat med att rusta upp och utveckla anl\u00e4ggningen vid dammarna. En anl\u00e4ggning med levande djur kr\u00e4ver st\u00e4ndig tillsyn. Otaliga timmar av ideellt arbete har lagts ner f\u00f6r att h\u00e5lla ig\u00e5ng verksamheten \u00e5ret runt. F\u00f6reningen har lyckats skapa en attraktion <a class=\"read-more-link\" href=\"https:\/\/wp.kristdemokraterna.se\/ale\/vitsippspriset\/vitsippspriset-2002\/\">Read More<\/a><\/p>\n","protected":false},"author":23,"featured_media":0,"parent":15,"menu_order":6,"comment_status":"closed","ping_status":"closed","template":"","meta":{"_acf_changed":false,"footnotes":""},"class_list":["post-32","page","type-page","status-publish","hentry"],"acf":[],"yoast_head":"<!-- This site is optimized with the Yoast SEO plugin v27.4 - https:\/\/yoast.com\/product\/yoast-seo-wordpress\/ -->\n<title>Vitsippspriset 2002 - Ale<\/title>\n<meta name=\"robots\" content=\"index, follow, max-snippet:-1, max-image-preview:large, max-video-preview:-1\" \/>\n<link rel=\"canonical\" href=\"https:\/\/wp.kristdemokraterna.se\/ale\/vitsippspriset\/vitsippspriset-2002\/\" \/>\n<meta property=\"og:locale\" content=\"sv_SE\" \/>\n<meta property=\"og:type\" content=\"article\" \/>\n<meta property=\"og:title\" content=\"Vitsippspriset 2002 - Ale\" \/>\n<meta property=\"og:description\" content=\"Priset gick till F\u00f6reningen Svanen i Surte med f\u00f6ljande motivering: &#8221;F\u00f6reningen Svanen har under l\u00e5ng tid arbetat med att rusta upp och utveckla anl\u00e4ggningen vid dammarna. En anl\u00e4ggning med levande djur kr\u00e4ver st\u00e4ndig tillsyn. Otaliga timmar av ideellt arbete har lagts ner f\u00f6r att h\u00e5lla ig\u00e5ng verksamheten \u00e5ret runt. F\u00f6reningen har lyckats skapa en attraktion Read More\" \/>\n<meta property=\"og:url\" content=\"https:\/\/wp.kristdemokraterna.se\/ale\/vitsippspriset\/vitsippspriset-2002\/\" \/>\n<meta property=\"og:site_name\" content=\"Ale\" \/>\n<meta property=\"article:modified_time\" content=\"2021-02-25T08:00:31+00:00\" \/>\n<meta name=\"twitter:card\" content=\"summary_large_image\" \/>\n<meta name=\"twitter:label1\" content=\"Ber\u00e4knad l\u00e4stid\" \/>\n\t<meta name=\"twitter:data1\" content=\"1 minut\" \/>\n<script type=\"application\/ld+json\" class=\"yoast-schema-graph\">{\"@context\":\"https:\\\/\\\/schema.org\",\"@graph\":[{\"@type\":\"WebPage\",\"@id\":\"https:\\\/\\\/wp.kristdemokraterna.se\\\/ale\\\/vitsippspriset\\\/vitsippspriset-2002\\\/\",\"url\":\"https:\\\/\\\/wp.kristdemokraterna.se\\\/ale\\\/vitsippspriset\\\/vitsippspriset-2002\\\/\",\"name\":\"Vitsippspriset 2002 - Ale\",\"isPartOf\":{\"@id\":\"https:\\\/\\\/wp.kristdemokraterna.se\\\/ale\\\/#website\"},\"datePublished\":\"2012-08-08T10:01:18+00:00\",\"dateModified\":\"2021-02-25T08:00:31+00:00\",\"breadcrumb\":{\"@id\":\"https:\\\/\\\/wp.kristdemokraterna.se\\\/ale\\\/vitsippspriset\\\/vitsippspriset-2002\\\/#breadcrumb\"},\"inLanguage\":\"sv-SE\",\"potentialAction\":[{\"@type\":\"ReadAction\",\"target\":[\"https:\\\/\\\/wp.kristdemokraterna.se\\\/ale\\\/vitsippspriset\\\/vitsippspriset-2002\\\/\"]}]},{\"@type\":\"BreadcrumbList\",\"@id\":\"https:\\\/\\\/wp.kristdemokraterna.se\\\/ale\\\/vitsippspriset\\\/vitsippspriset-2002\\\/#breadcrumb\",\"itemListElement\":[{\"@type\":\"ListItem\",\"position\":1,\"name\":\"Hem\",\"item\":\"https:\\\/\\\/wp.kristdemokraterna.se\\\/ale\\\/\"},{\"@type\":\"ListItem\",\"position\":2,\"name\":\"Vitsippspriset\",\"item\":\"https:\\\/\\\/wp.kristdemokraterna.se\\\/ale\\\/vitsippspriset\\\/\"},{\"@type\":\"ListItem\",\"position\":3,\"name\":\"Vitsippspriset 2002\"}]},{\"@type\":\"WebSite\",\"@id\":\"https:\\\/\\\/wp.kristdemokraterna.se\\\/ale\\\/#website\",\"url\":\"https:\\\/\\\/wp.kristdemokraterna.se\\\/ale\\\/\",\"name\":\"Ale\",\"description\":\"Ale\",\"inLanguage\":\"sv-SE\"}]}<\/script>\n<!-- \/ Yoast SEO plugin. -->","yoast_head_json":{"title":"Vitsippspriset 2002 - Ale","robots":{"index":"index","follow":"follow","max-snippet":"max-snippet:-1","max-image-preview":"max-image-preview:large","max-video-preview":"max-video-preview:-1"},"canonical":"https:\/\/wp.kristdemokraterna.se\/ale\/vitsippspriset\/vitsippspriset-2002\/","og_locale":"sv_SE","og_type":"article","og_title":"Vitsippspriset 2002 - Ale","og_description":"Priset gick till F\u00f6reningen Svanen i Surte med f\u00f6ljande motivering: &#8221;F\u00f6reningen Svanen har under l\u00e5ng tid arbetat med att rusta upp och utveckla anl\u00e4ggningen vid dammarna. En anl\u00e4ggning med levande djur kr\u00e4ver st\u00e4ndig tillsyn. Otaliga timmar av ideellt arbete har lagts ner f\u00f6r att h\u00e5lla ig\u00e5ng verksamheten \u00e5ret runt. F\u00f6reningen har lyckats skapa en attraktion Read More","og_url":"https:\/\/wp.kristdemokraterna.se\/ale\/vitsippspriset\/vitsippspriset-2002\/","og_site_name":"Ale","article_modified_time":"2021-02-25T08:00:31+00:00","twitter_card":"summary_large_image","twitter_misc":{"Ber\u00e4knad l\u00e4stid":"1 minut"},"schema":{"@context":"https:\/\/schema.org","@graph":[{"@type":"WebPage","@id":"https:\/\/wp.kristdemokraterna.se\/ale\/vitsippspriset\/vitsippspriset-2002\/","url":"https:\/\/wp.kristdemokraterna.se\/ale\/vitsippspriset\/vitsippspriset-2002\/","name":"Vitsippspriset 2002 - Ale","isPartOf":{"@id":"https:\/\/wp.kristdemokraterna.se\/ale\/#website"},"datePublished":"2012-08-08T10:01:18+00:00","dateModified":"2021-02-25T08:00:31+00:00","breadcrumb":{"@id":"https:\/\/wp.kristdemokraterna.se\/ale\/vitsippspriset\/vitsippspriset-2002\/#breadcrumb"},"inLanguage":"sv-SE","potentialAction":[{"@type":"ReadAction","target":["https:\/\/wp.kristdemokraterna.se\/ale\/vitsippspriset\/vitsippspriset-2002\/"]}]},{"@type":"BreadcrumbList","@id":"https:\/\/wp.kristdemokraterna.se\/ale\/vitsippspriset\/vitsippspriset-2002\/#breadcrumb","itemListElement":[{"@type":"ListItem","position":1,"name":"Hem","item":"https:\/\/wp.kristdemokraterna.se\/ale\/"},{"@type":"ListItem","position":2,"name":"Vitsippspriset","item":"https:\/\/wp.kristdemokraterna.se\/ale\/vitsippspriset\/"},{"@type":"ListItem","position":3,"name":"Vitsippspriset 2002"}]},{"@type":"WebSite","@id":"https:\/\/wp.kristdemokraterna.se\/ale\/#website","url":"https:\/\/wp.kristdemokraterna.se\/ale\/","name":"Ale","description":"Ale","inLanguage":"sv-SE"}]}},"_links":{"self":[{"href":"https:\/\/wp.kristdemokraterna.se\/ale\/wp-json\/wp\/v2\/pages\/32","targetHints":{"allow":["GET"]}}],"collection":[{"href":"https:\/\/wp.kristdemokraterna.se\/ale\/wp-json\/wp\/v2\/pages"}],"about":[{"href":"https:\/\/wp.kristdemokraterna.se\/ale\/wp-json\/wp\/v2\/types\/page"}],"author":[{"embeddable":true,"href":"https:\/\/wp.kristdemokraterna.se\/ale\/wp-json\/wp\/v2\/users\/23"}],"replies":[{"embeddable":true,"href":"https:\/\/wp.kristdemokraterna.se\/ale\/wp-json\/wp\/v2\/comments?post=32"}],"version-history":[{"count":2,"href":"https:\/\/wp.kristdemokraterna.se\/ale\/wp-json\/wp\/v2\/pages\/32\/revisions"}],"predecessor-version":[{"id":594,"href":"https:\/\/wp.kristdemokraterna.se\/ale\/wp-json\/wp\/v2\/pages\/32\/revisions\/594"}],"up":[{"embeddable":true,"href":"https:\/\/wp.kristdemokraterna.se\/ale\/wp-json\/wp\/v2\/pages\/15"}],"wp:attachment":[{"href":"https:\/\/wp.kristdemokraterna.se\/ale\/wp-json\/wp\/v2\/media?parent=32"}],"curies":[{"name":"wp","href":"https:\/\/api.w.org\/{rel}","templated":true}]}}