{"id":335,"date":"2017-01-25T13:25:05","date_gmt":"2017-01-25T12:25:05","guid":{"rendered":"http:\/\/wp.kristdemokraterna.se\/ale\/?page_id=335"},"modified":"2021-02-25T09:04:20","modified_gmt":"2021-02-25T08:04:20","slug":"vitsippspriset-2016","status":"publish","type":"page","link":"https:\/\/wp.kristdemokraterna.se\/ale\/vitsippspriset\/vitsippspriset-2016\/","title":{"rendered":"Vitsippspriset 2016"},"content":{"rendered":"<p><strong>Priset har Kristdemokraterna i Ale beslutat att tilldela Eva och Staffan Andersson\u00a0med f\u00f6ljande motivering:<\/strong><\/p>\n<p>Eva och Staffan Andersson har varit med och startat scouterna i Guntorp 1996. Dom har lagt ned oerh\u00f6rt mycket arbete och engagemang p\u00e5 att ge barn och ungdomar en meningsfull och aktiv fritid.<\/p>\n<p>Genom sin insats ger detta en guldkant i tillvaron f\u00f6r alla barn och ungdomar som deltar.<\/p>\n<p>Vi vill uppm\u00e4rksamma denna ideella och f\u00f6red\u00f6mliga insats genom att tilldela 2016-\u00e5rs Vitsippspris till Eva och Staffan Andersson.<\/p>\n<p><a href=\"https:\/\/www.paperton.com\/shelf\/reader\/magazine_id\/35461\/whitelabel\/alekuriren\/uid\/1139506\/token\/3e425bb41f001ae88d2b6b005067057c8a3f40c9#page\/6\">Artikel i Alekuriren<\/a><\/p>\n","protected":false},"excerpt":{"rendered":"<p>Priset har Kristdemokraterna i Ale beslutat att tilldela Eva och Staffan Andersson\u00a0med f\u00f6ljande motivering: Eva och Staffan Andersson har varit med och startat scouterna i Guntorp 1996. Dom har lagt ned oerh\u00f6rt mycket arbete och engagemang p\u00e5 att ge barn och ungdomar en meningsfull och aktiv fritid. Genom sin insats ger detta en guldkant i <a class=\"read-more-link\" href=\"https:\/\/wp.kristdemokraterna.se\/ale\/vitsippspriset\/vitsippspriset-2016\/\">Read More<\/a><\/p>\n","protected":false},"author":23,"featured_media":0,"parent":15,"menu_order":18,"comment_status":"closed","ping_status":"closed","template":"","meta":{"_acf_changed":false,"footnotes":""},"class_list":["post-335","page","type-page","status-publish","hentry"],"acf":[],"yoast_head":"<!-- This site is optimized with the Yoast SEO plugin v27.3 - https:\/\/yoast.com\/product\/yoast-seo-wordpress\/ -->\n<title>Vitsippspriset 2016 - Ale<\/title>\n<meta name=\"robots\" content=\"index, follow, max-snippet:-1, max-image-preview:large, max-video-preview:-1\" \/>\n<link rel=\"canonical\" href=\"https:\/\/wp.kristdemokraterna.se\/ale\/vitsippspriset\/vitsippspriset-2016\/\" \/>\n<meta property=\"og:locale\" content=\"sv_SE\" \/>\n<meta property=\"og:type\" content=\"article\" \/>\n<meta property=\"og:title\" content=\"Vitsippspriset 2016 - Ale\" \/>\n<meta property=\"og:description\" content=\"Priset har Kristdemokraterna i Ale beslutat att tilldela Eva och Staffan Andersson\u00a0med f\u00f6ljande motivering: Eva och Staffan Andersson har varit med och startat scouterna i Guntorp 1996. Dom har lagt ned oerh\u00f6rt mycket arbete och engagemang p\u00e5 att ge barn och ungdomar en meningsfull och aktiv fritid. Genom sin insats ger detta en guldkant i Read More\" \/>\n<meta property=\"og:url\" content=\"https:\/\/wp.kristdemokraterna.se\/ale\/vitsippspriset\/vitsippspriset-2016\/\" \/>\n<meta property=\"og:site_name\" content=\"Ale\" \/>\n<meta property=\"article:modified_time\" content=\"2021-02-25T08:04:20+00:00\" \/>\n<meta name=\"twitter:card\" content=\"summary_large_image\" \/>\n<script type=\"application\/ld+json\" class=\"yoast-schema-graph\">{\"@context\":\"https:\\\/\\\/schema.org\",\"@graph\":[{\"@type\":\"WebPage\",\"@id\":\"https:\\\/\\\/wp.kristdemokraterna.se\\\/ale\\\/vitsippspriset\\\/vitsippspriset-2016\\\/\",\"url\":\"https:\\\/\\\/wp.kristdemokraterna.se\\\/ale\\\/vitsippspriset\\\/vitsippspriset-2016\\\/\",\"name\":\"Vitsippspriset 2016 - Ale\",\"isPartOf\":{\"@id\":\"https:\\\/\\\/wp.kristdemokraterna.se\\\/ale\\\/#website\"},\"datePublished\":\"2017-01-25T12:25:05+00:00\",\"dateModified\":\"2021-02-25T08:04:20+00:00\",\"breadcrumb\":{\"@id\":\"https:\\\/\\\/wp.kristdemokraterna.se\\\/ale\\\/vitsippspriset\\\/vitsippspriset-2016\\\/#breadcrumb\"},\"inLanguage\":\"sv-SE\",\"potentialAction\":[{\"@type\":\"ReadAction\",\"target\":[\"https:\\\/\\\/wp.kristdemokraterna.se\\\/ale\\\/vitsippspriset\\\/vitsippspriset-2016\\\/\"]}]},{\"@type\":\"BreadcrumbList\",\"@id\":\"https:\\\/\\\/wp.kristdemokraterna.se\\\/ale\\\/vitsippspriset\\\/vitsippspriset-2016\\\/#breadcrumb\",\"itemListElement\":[{\"@type\":\"ListItem\",\"position\":1,\"name\":\"Hem\",\"item\":\"https:\\\/\\\/wp.kristdemokraterna.se\\\/ale\\\/\"},{\"@type\":\"ListItem\",\"position\":2,\"name\":\"Vitsippspriset\",\"item\":\"https:\\\/\\\/wp.kristdemokraterna.se\\\/ale\\\/vitsippspriset\\\/\"},{\"@type\":\"ListItem\",\"position\":3,\"name\":\"Vitsippspriset 2016\"}]},{\"@type\":\"WebSite\",\"@id\":\"https:\\\/\\\/wp.kristdemokraterna.se\\\/ale\\\/#website\",\"url\":\"https:\\\/\\\/wp.kristdemokraterna.se\\\/ale\\\/\",\"name\":\"Ale\",\"description\":\"Ale\",\"inLanguage\":\"sv-SE\"}]}<\/script>\n<!-- \/ Yoast SEO plugin. -->","yoast_head_json":{"title":"Vitsippspriset 2016 - Ale","robots":{"index":"index","follow":"follow","max-snippet":"max-snippet:-1","max-image-preview":"max-image-preview:large","max-video-preview":"max-video-preview:-1"},"canonical":"https:\/\/wp.kristdemokraterna.se\/ale\/vitsippspriset\/vitsippspriset-2016\/","og_locale":"sv_SE","og_type":"article","og_title":"Vitsippspriset 2016 - Ale","og_description":"Priset har Kristdemokraterna i Ale beslutat att tilldela Eva och Staffan Andersson\u00a0med f\u00f6ljande motivering: Eva och Staffan Andersson har varit med och startat scouterna i Guntorp 1996. Dom har lagt ned oerh\u00f6rt mycket arbete och engagemang p\u00e5 att ge barn och ungdomar en meningsfull och aktiv fritid. Genom sin insats ger detta en guldkant i Read More","og_url":"https:\/\/wp.kristdemokraterna.se\/ale\/vitsippspriset\/vitsippspriset-2016\/","og_site_name":"Ale","article_modified_time":"2021-02-25T08:04:20+00:00","twitter_card":"summary_large_image","schema":{"@context":"https:\/\/schema.org","@graph":[{"@type":"WebPage","@id":"https:\/\/wp.kristdemokraterna.se\/ale\/vitsippspriset\/vitsippspriset-2016\/","url":"https:\/\/wp.kristdemokraterna.se\/ale\/vitsippspriset\/vitsippspriset-2016\/","name":"Vitsippspriset 2016 - Ale","isPartOf":{"@id":"https:\/\/wp.kristdemokraterna.se\/ale\/#website"},"datePublished":"2017-01-25T12:25:05+00:00","dateModified":"2021-02-25T08:04:20+00:00","breadcrumb":{"@id":"https:\/\/wp.kristdemokraterna.se\/ale\/vitsippspriset\/vitsippspriset-2016\/#breadcrumb"},"inLanguage":"sv-SE","potentialAction":[{"@type":"ReadAction","target":["https:\/\/wp.kristdemokraterna.se\/ale\/vitsippspriset\/vitsippspriset-2016\/"]}]},{"@type":"BreadcrumbList","@id":"https:\/\/wp.kristdemokraterna.se\/ale\/vitsippspriset\/vitsippspriset-2016\/#breadcrumb","itemListElement":[{"@type":"ListItem","position":1,"name":"Hem","item":"https:\/\/wp.kristdemokraterna.se\/ale\/"},{"@type":"ListItem","position":2,"name":"Vitsippspriset","item":"https:\/\/wp.kristdemokraterna.se\/ale\/vitsippspriset\/"},{"@type":"ListItem","position":3,"name":"Vitsippspriset 2016"}]},{"@type":"WebSite","@id":"https:\/\/wp.kristdemokraterna.se\/ale\/#website","url":"https:\/\/wp.kristdemokraterna.se\/ale\/","name":"Ale","description":"Ale","inLanguage":"sv-SE"}]}},"_links":{"self":[{"href":"https:\/\/wp.kristdemokraterna.se\/ale\/wp-json\/wp\/v2\/pages\/335","targetHints":{"allow":["GET"]}}],"collection":[{"href":"https:\/\/wp.kristdemokraterna.se\/ale\/wp-json\/wp\/v2\/pages"}],"about":[{"href":"https:\/\/wp.kristdemokraterna.se\/ale\/wp-json\/wp\/v2\/types\/page"}],"author":[{"embeddable":true,"href":"https:\/\/wp.kristdemokraterna.se\/ale\/wp-json\/wp\/v2\/users\/23"}],"replies":[{"embeddable":true,"href":"https:\/\/wp.kristdemokraterna.se\/ale\/wp-json\/wp\/v2\/comments?post=335"}],"version-history":[{"count":2,"href":"https:\/\/wp.kristdemokraterna.se\/ale\/wp-json\/wp\/v2\/pages\/335\/revisions"}],"predecessor-version":[{"id":337,"href":"https:\/\/wp.kristdemokraterna.se\/ale\/wp-json\/wp\/v2\/pages\/335\/revisions\/337"}],"up":[{"embeddable":true,"href":"https:\/\/wp.kristdemokraterna.se\/ale\/wp-json\/wp\/v2\/pages\/15"}],"wp:attachment":[{"href":"https:\/\/wp.kristdemokraterna.se\/ale\/wp-json\/wp\/v2\/media?parent=335"}],"curies":[{"name":"wp","href":"https:\/\/api.w.org\/{rel}","templated":true}]}}