{"id":36,"date":"2012-08-08T12:05:27","date_gmt":"2012-08-08T10:05:27","guid":{"rendered":"http:\/\/wp.kristdemokraterna.se\/ale\/?page_id=36"},"modified":"2021-02-25T09:00:43","modified_gmt":"2021-02-25T08:00:43","slug":"vitsippspriset-2003","status":"publish","type":"page","link":"https:\/\/wp.kristdemokraterna.se\/ale\/vitsippspriset\/vitsippspriset-2003\/","title":{"rendered":"Vitsippspriset 2003"},"content":{"rendered":"<div align=\"left\"><strong>Priset gick till Christina Hansson, N\u00f6dinge, med f\u00f6ljande motivering:<\/strong><\/div>\n<blockquote>\n<div align=\"left\">&#8221;Mitt i morgonrusningen tog du dig tid att unders\u00f6ka vad som h\u00e4nt n\u00e4r du fick se ett skadat djur p\u00e5 v\u00e4gen. F\u00f6r att ge b\u00e4sta lindring och hj\u00e4lp k\u00f6rde du katten till veterin\u00e4ren och l\u00e4mnade namn och adress f\u00f6r att om m\u00f6jligt f\u00e5 kontakt med \u00e4garen som naturligtvis k\u00e4nde oro n\u00e4r katten inte kom hem. Genom ditt agerande visade du omsorg om b\u00e5de djur och m\u00e4nniskor. Vi vill uppm\u00e4rksamma denna ideella och f\u00f6red\u00f6mliga insats genom att tilldela Christina Hansson \u00e5rets Vitsippspris.&#8221;<\/div>\n<\/blockquote>\n","protected":false},"excerpt":{"rendered":"<p>Priset gick till Christina Hansson, N\u00f6dinge, med f\u00f6ljande motivering: &#8221;Mitt i morgonrusningen tog du dig tid att unders\u00f6ka vad som h\u00e4nt n\u00e4r du fick se ett skadat djur p\u00e5 v\u00e4gen. F\u00f6r att ge b\u00e4sta lindring och hj\u00e4lp k\u00f6rde du katten till veterin\u00e4ren och l\u00e4mnade namn och adress f\u00f6r att om m\u00f6jligt f\u00e5 kontakt med \u00e4garen <a class=\"read-more-link\" href=\"https:\/\/wp.kristdemokraterna.se\/ale\/vitsippspriset\/vitsippspriset-2003\/\">Read More<\/a><\/p>\n","protected":false},"author":23,"featured_media":0,"parent":15,"menu_order":7,"comment_status":"closed","ping_status":"closed","template":"","meta":{"_acf_changed":false,"footnotes":""},"class_list":["post-36","page","type-page","status-publish","hentry"],"acf":[],"yoast_head":"<!-- This site is optimized with the Yoast SEO plugin v27.5 - https:\/\/yoast.com\/product\/yoast-seo-wordpress\/ -->\n<title>Vitsippspriset 2003 - Ale<\/title>\n<meta name=\"robots\" content=\"index, follow, max-snippet:-1, max-image-preview:large, max-video-preview:-1\" \/>\n<link rel=\"canonical\" href=\"https:\/\/wp.kristdemokraterna.se\/ale\/vitsippspriset\/vitsippspriset-2003\/\" \/>\n<meta property=\"og:locale\" content=\"sv_SE\" \/>\n<meta property=\"og:type\" content=\"article\" \/>\n<meta property=\"og:title\" content=\"Vitsippspriset 2003 - Ale\" \/>\n<meta property=\"og:description\" content=\"Priset gick till Christina Hansson, N\u00f6dinge, med f\u00f6ljande motivering: &#8221;Mitt i morgonrusningen tog du dig tid att unders\u00f6ka vad som h\u00e4nt n\u00e4r du fick se ett skadat djur p\u00e5 v\u00e4gen. F\u00f6r att ge b\u00e4sta lindring och hj\u00e4lp k\u00f6rde du katten till veterin\u00e4ren och l\u00e4mnade namn och adress f\u00f6r att om m\u00f6jligt f\u00e5 kontakt med \u00e4garen Read More\" \/>\n<meta property=\"og:url\" content=\"https:\/\/wp.kristdemokraterna.se\/ale\/vitsippspriset\/vitsippspriset-2003\/\" \/>\n<meta property=\"og:site_name\" content=\"Ale\" \/>\n<meta property=\"article:modified_time\" content=\"2021-02-25T08:00:43+00:00\" \/>\n<meta name=\"twitter:card\" content=\"summary_large_image\" \/>\n<meta name=\"twitter:label1\" content=\"Ber\u00e4knad l\u00e4stid\" \/>\n\t<meta name=\"twitter:data1\" content=\"1 minut\" \/>\n<script type=\"application\/ld+json\" class=\"yoast-schema-graph\">{\"@context\":\"https:\\\/\\\/schema.org\",\"@graph\":[{\"@type\":\"WebPage\",\"@id\":\"https:\\\/\\\/wp.kristdemokraterna.se\\\/ale\\\/vitsippspriset\\\/vitsippspriset-2003\\\/\",\"url\":\"https:\\\/\\\/wp.kristdemokraterna.se\\\/ale\\\/vitsippspriset\\\/vitsippspriset-2003\\\/\",\"name\":\"Vitsippspriset 2003 - Ale\",\"isPartOf\":{\"@id\":\"https:\\\/\\\/wp.kristdemokraterna.se\\\/ale\\\/#website\"},\"datePublished\":\"2012-08-08T10:05:27+00:00\",\"dateModified\":\"2021-02-25T08:00:43+00:00\",\"breadcrumb\":{\"@id\":\"https:\\\/\\\/wp.kristdemokraterna.se\\\/ale\\\/vitsippspriset\\\/vitsippspriset-2003\\\/#breadcrumb\"},\"inLanguage\":\"sv-SE\",\"potentialAction\":[{\"@type\":\"ReadAction\",\"target\":[\"https:\\\/\\\/wp.kristdemokraterna.se\\\/ale\\\/vitsippspriset\\\/vitsippspriset-2003\\\/\"]}]},{\"@type\":\"BreadcrumbList\",\"@id\":\"https:\\\/\\\/wp.kristdemokraterna.se\\\/ale\\\/vitsippspriset\\\/vitsippspriset-2003\\\/#breadcrumb\",\"itemListElement\":[{\"@type\":\"ListItem\",\"position\":1,\"name\":\"Hem\",\"item\":\"https:\\\/\\\/wp.kristdemokraterna.se\\\/ale\\\/\"},{\"@type\":\"ListItem\",\"position\":2,\"name\":\"Vitsippspriset\",\"item\":\"https:\\\/\\\/wp.kristdemokraterna.se\\\/ale\\\/vitsippspriset\\\/\"},{\"@type\":\"ListItem\",\"position\":3,\"name\":\"Vitsippspriset 2003\"}]},{\"@type\":\"WebSite\",\"@id\":\"https:\\\/\\\/wp.kristdemokraterna.se\\\/ale\\\/#website\",\"url\":\"https:\\\/\\\/wp.kristdemokraterna.se\\\/ale\\\/\",\"name\":\"Ale\",\"description\":\"Ale\",\"inLanguage\":\"sv-SE\"}]}<\/script>\n<!-- \/ Yoast SEO plugin. -->","yoast_head_json":{"title":"Vitsippspriset 2003 - Ale","robots":{"index":"index","follow":"follow","max-snippet":"max-snippet:-1","max-image-preview":"max-image-preview:large","max-video-preview":"max-video-preview:-1"},"canonical":"https:\/\/wp.kristdemokraterna.se\/ale\/vitsippspriset\/vitsippspriset-2003\/","og_locale":"sv_SE","og_type":"article","og_title":"Vitsippspriset 2003 - Ale","og_description":"Priset gick till Christina Hansson, N\u00f6dinge, med f\u00f6ljande motivering: &#8221;Mitt i morgonrusningen tog du dig tid att unders\u00f6ka vad som h\u00e4nt n\u00e4r du fick se ett skadat djur p\u00e5 v\u00e4gen. F\u00f6r att ge b\u00e4sta lindring och hj\u00e4lp k\u00f6rde du katten till veterin\u00e4ren och l\u00e4mnade namn och adress f\u00f6r att om m\u00f6jligt f\u00e5 kontakt med \u00e4garen Read More","og_url":"https:\/\/wp.kristdemokraterna.se\/ale\/vitsippspriset\/vitsippspriset-2003\/","og_site_name":"Ale","article_modified_time":"2021-02-25T08:00:43+00:00","twitter_card":"summary_large_image","twitter_misc":{"Ber\u00e4knad l\u00e4stid":"1 minut"},"schema":{"@context":"https:\/\/schema.org","@graph":[{"@type":"WebPage","@id":"https:\/\/wp.kristdemokraterna.se\/ale\/vitsippspriset\/vitsippspriset-2003\/","url":"https:\/\/wp.kristdemokraterna.se\/ale\/vitsippspriset\/vitsippspriset-2003\/","name":"Vitsippspriset 2003 - Ale","isPartOf":{"@id":"https:\/\/wp.kristdemokraterna.se\/ale\/#website"},"datePublished":"2012-08-08T10:05:27+00:00","dateModified":"2021-02-25T08:00:43+00:00","breadcrumb":{"@id":"https:\/\/wp.kristdemokraterna.se\/ale\/vitsippspriset\/vitsippspriset-2003\/#breadcrumb"},"inLanguage":"sv-SE","potentialAction":[{"@type":"ReadAction","target":["https:\/\/wp.kristdemokraterna.se\/ale\/vitsippspriset\/vitsippspriset-2003\/"]}]},{"@type":"BreadcrumbList","@id":"https:\/\/wp.kristdemokraterna.se\/ale\/vitsippspriset\/vitsippspriset-2003\/#breadcrumb","itemListElement":[{"@type":"ListItem","position":1,"name":"Hem","item":"https:\/\/wp.kristdemokraterna.se\/ale\/"},{"@type":"ListItem","position":2,"name":"Vitsippspriset","item":"https:\/\/wp.kristdemokraterna.se\/ale\/vitsippspriset\/"},{"@type":"ListItem","position":3,"name":"Vitsippspriset 2003"}]},{"@type":"WebSite","@id":"https:\/\/wp.kristdemokraterna.se\/ale\/#website","url":"https:\/\/wp.kristdemokraterna.se\/ale\/","name":"Ale","description":"Ale","inLanguage":"sv-SE"}]}},"_links":{"self":[{"href":"https:\/\/wp.kristdemokraterna.se\/ale\/wp-json\/wp\/v2\/pages\/36","targetHints":{"allow":["GET"]}}],"collection":[{"href":"https:\/\/wp.kristdemokraterna.se\/ale\/wp-json\/wp\/v2\/pages"}],"about":[{"href":"https:\/\/wp.kristdemokraterna.se\/ale\/wp-json\/wp\/v2\/types\/page"}],"author":[{"embeddable":true,"href":"https:\/\/wp.kristdemokraterna.se\/ale\/wp-json\/wp\/v2\/users\/23"}],"replies":[{"embeddable":true,"href":"https:\/\/wp.kristdemokraterna.se\/ale\/wp-json\/wp\/v2\/comments?post=36"}],"version-history":[{"count":3,"href":"https:\/\/wp.kristdemokraterna.se\/ale\/wp-json\/wp\/v2\/pages\/36\/revisions"}],"predecessor-version":[{"id":38,"href":"https:\/\/wp.kristdemokraterna.se\/ale\/wp-json\/wp\/v2\/pages\/36\/revisions\/38"}],"up":[{"embeddable":true,"href":"https:\/\/wp.kristdemokraterna.se\/ale\/wp-json\/wp\/v2\/pages\/15"}],"wp:attachment":[{"href":"https:\/\/wp.kristdemokraterna.se\/ale\/wp-json\/wp\/v2\/media?parent=36"}],"curies":[{"name":"wp","href":"https:\/\/api.w.org\/{rel}","templated":true}]}}