{"id":586,"date":"2021-02-25T08:50:59","date_gmt":"2021-02-25T07:50:59","guid":{"rendered":"http:\/\/wp.kristdemokraterna.se\/ale\/?page_id=586"},"modified":"2021-02-25T09:04:49","modified_gmt":"2021-02-25T08:04:49","slug":"vitsippspriset-2019","status":"publish","type":"page","link":"https:\/\/wp.kristdemokraterna.se\/ale\/vitsippspriset\/vitsippspriset-2019\/","title":{"rendered":"Vitsippspriset 2019"},"content":{"rendered":"<p><img loading=\"lazy\" decoding=\"async\" class=\"alignnone size-full wp-image-588\" src=\"http:\/\/wp.kristdemokraterna.se\/ale\/files\/2021\/02\/v2119_vitsippspriset1-698x465-1.jpg\" alt=\"\" width=\"698\" height=\"465\" srcset=\"https:\/\/wp.kristdemokraterna.se\/ale\/files\/2021\/02\/v2119_vitsippspriset1-698x465-1.jpg 698w, https:\/\/wp.kristdemokraterna.se\/ale\/files\/2021\/02\/v2119_vitsippspriset1-698x465-1-600x400.jpg 600w, https:\/\/wp.kristdemokraterna.se\/ale\/files\/2021\/02\/v2119_vitsippspriset1-698x465-1-300x200.jpg 300w, https:\/\/wp.kristdemokraterna.se\/ale\/files\/2021\/02\/v2119_vitsippspriset1-698x465-1-370x246.jpg 370w, https:\/\/wp.kristdemokraterna.se\/ale\/files\/2021\/02\/v2119_vitsippspriset1-698x465-1-450x300.jpg 450w, https:\/\/wp.kristdemokraterna.se\/ale\/files\/2021\/02\/v2119_vitsippspriset1-698x465-1-280x187.jpg 280w, https:\/\/wp.kristdemokraterna.se\/ale\/files\/2021\/02\/v2119_vitsippspriset1-698x465-1-340x227.jpg 340w, https:\/\/wp.kristdemokraterna.se\/ale\/files\/2021\/02\/v2119_vitsippspriset1-698x465-1-200x133.jpg 200w, https:\/\/wp.kristdemokraterna.se\/ale\/files\/2021\/02\/v2119_vitsippspriset1-698x465-1-84x56.jpg 84w\" sizes=\"auto, (max-width: 698px) 100vw, 698px\" \/><br \/>\nFoto: Alekuriren<\/p>\n<p><strong>Priset har Kristdemokraterna beslutat tilldela Bernt Larsson<\/strong><\/p>\n<blockquote><p>Bernt Larsson har under drygt 23 \u00e5r varit engagerad i repslagarmuseet och dess verksamhet. Bernt har varit drivande i att l\u00e4ra ut hur man sl\u00e5r rep. Han har tagit emot skolklasser, deltagit i m\u00e4ssor, utst\u00e4llningar och marknader f\u00f6r att visa upp repslagarmuseet. Under skolloven \u00e4r det m\u00e5nga barn och ungdomar som f\u00e5tt l\u00e4ra sig repslagningens hantverk. P\u00e5 helger tar han emot bussresor och guidar dessa grupper. F\u00f6r denna stora kulturinsats och osj\u00e4lviska arbete f\u00f6r att ge andra en kunskap om tillverkning av garn, rep och t\u00e5gvirkesprodukter vill vi tilldela er 2019 \u00e5rs vitsippspris.<\/p><\/blockquote>\n<p><a href=\"https:\/\/www.alekuriren.se\/allmant\/repslagare-som-fortsatter-blomma\/\">Artikel i Alekuriren<\/a><\/p>\n","protected":false},"excerpt":{"rendered":"<p>Foto: Alekuriren Priset har Kristdemokraterna beslutat tilldela Bernt Larsson Bernt Larsson har under drygt 23 \u00e5r varit engagerad i repslagarmuseet och dess verksamhet. Bernt har varit drivande i att l\u00e4ra ut hur man sl\u00e5r rep. Han har tagit emot skolklasser, deltagit i m\u00e4ssor, utst\u00e4llningar och marknader f\u00f6r att visa upp repslagarmuseet. Under skolloven \u00e4r det <a class=\"read-more-link\" href=\"https:\/\/wp.kristdemokraterna.se\/ale\/vitsippspriset\/vitsippspriset-2019\/\">Read More<\/a><\/p>\n","protected":false},"author":23,"featured_media":0,"parent":15,"menu_order":20,"comment_status":"closed","ping_status":"closed","template":"","meta":{"_acf_changed":false,"footnotes":""},"class_list":["post-586","page","type-page","status-publish","hentry"],"acf":[],"yoast_head":"<!-- This site is optimized with the Yoast SEO plugin v27.3 - https:\/\/yoast.com\/product\/yoast-seo-wordpress\/ -->\n<title>Vitsippspriset 2019 - Ale<\/title>\n<meta name=\"robots\" content=\"index, follow, max-snippet:-1, max-image-preview:large, max-video-preview:-1\" \/>\n<link rel=\"canonical\" href=\"https:\/\/wp.kristdemokraterna.se\/ale\/vitsippspriset\/vitsippspriset-2019\/\" \/>\n<meta property=\"og:locale\" content=\"sv_SE\" \/>\n<meta property=\"og:type\" content=\"article\" \/>\n<meta property=\"og:title\" content=\"Vitsippspriset 2019 - Ale\" \/>\n<meta property=\"og:description\" content=\"Foto: Alekuriren Priset har Kristdemokraterna beslutat tilldela Bernt Larsson Bernt Larsson har under drygt 23 \u00e5r varit engagerad i repslagarmuseet och dess verksamhet. Bernt har varit drivande i att l\u00e4ra ut hur man sl\u00e5r rep. Han har tagit emot skolklasser, deltagit i m\u00e4ssor, utst\u00e4llningar och marknader f\u00f6r att visa upp repslagarmuseet. Under skolloven \u00e4r det Read More\" \/>\n<meta property=\"og:url\" content=\"https:\/\/wp.kristdemokraterna.se\/ale\/vitsippspriset\/vitsippspriset-2019\/\" \/>\n<meta property=\"og:site_name\" content=\"Ale\" \/>\n<meta property=\"article:modified_time\" content=\"2021-02-25T08:04:49+00:00\" \/>\n<meta property=\"og:image\" content=\"http:\/\/wp.kristdemokraterna.se\/ale\/files\/2021\/02\/v2119_vitsippspriset1-698x465-1.jpg\" \/>\n<meta name=\"twitter:card\" content=\"summary_large_image\" \/>\n<meta name=\"twitter:label1\" content=\"Ber\u00e4knad l\u00e4stid\" \/>\n\t<meta name=\"twitter:data1\" content=\"1 minut\" \/>\n<script type=\"application\/ld+json\" class=\"yoast-schema-graph\">{\"@context\":\"https:\\\/\\\/schema.org\",\"@graph\":[{\"@type\":\"WebPage\",\"@id\":\"https:\\\/\\\/wp.kristdemokraterna.se\\\/ale\\\/vitsippspriset\\\/vitsippspriset-2019\\\/\",\"url\":\"https:\\\/\\\/wp.kristdemokraterna.se\\\/ale\\\/vitsippspriset\\\/vitsippspriset-2019\\\/\",\"name\":\"Vitsippspriset 2019 - Ale\",\"isPartOf\":{\"@id\":\"https:\\\/\\\/wp.kristdemokraterna.se\\\/ale\\\/#website\"},\"primaryImageOfPage\":{\"@id\":\"https:\\\/\\\/wp.kristdemokraterna.se\\\/ale\\\/vitsippspriset\\\/vitsippspriset-2019\\\/#primaryimage\"},\"image\":{\"@id\":\"https:\\\/\\\/wp.kristdemokraterna.se\\\/ale\\\/vitsippspriset\\\/vitsippspriset-2019\\\/#primaryimage\"},\"thumbnailUrl\":\"http:\\\/\\\/wp.kristdemokraterna.se\\\/ale\\\/files\\\/2021\\\/02\\\/v2119_vitsippspriset1-698x465-1.jpg\",\"datePublished\":\"2021-02-25T07:50:59+00:00\",\"dateModified\":\"2021-02-25T08:04:49+00:00\",\"breadcrumb\":{\"@id\":\"https:\\\/\\\/wp.kristdemokraterna.se\\\/ale\\\/vitsippspriset\\\/vitsippspriset-2019\\\/#breadcrumb\"},\"inLanguage\":\"sv-SE\",\"potentialAction\":[{\"@type\":\"ReadAction\",\"target\":[\"https:\\\/\\\/wp.kristdemokraterna.se\\\/ale\\\/vitsippspriset\\\/vitsippspriset-2019\\\/\"]}]},{\"@type\":\"ImageObject\",\"inLanguage\":\"sv-SE\",\"@id\":\"https:\\\/\\\/wp.kristdemokraterna.se\\\/ale\\\/vitsippspriset\\\/vitsippspriset-2019\\\/#primaryimage\",\"url\":\"https:\\\/\\\/wp.kristdemokraterna.se\\\/ale\\\/files\\\/2021\\\/02\\\/v2119_vitsippspriset1-698x465-1.jpg\",\"contentUrl\":\"https:\\\/\\\/wp.kristdemokraterna.se\\\/ale\\\/files\\\/2021\\\/02\\\/v2119_vitsippspriset1-698x465-1.jpg\",\"width\":698,\"height\":465},{\"@type\":\"BreadcrumbList\",\"@id\":\"https:\\\/\\\/wp.kristdemokraterna.se\\\/ale\\\/vitsippspriset\\\/vitsippspriset-2019\\\/#breadcrumb\",\"itemListElement\":[{\"@type\":\"ListItem\",\"position\":1,\"name\":\"Hem\",\"item\":\"https:\\\/\\\/wp.kristdemokraterna.se\\\/ale\\\/\"},{\"@type\":\"ListItem\",\"position\":2,\"name\":\"Vitsippspriset\",\"item\":\"https:\\\/\\\/wp.kristdemokraterna.se\\\/ale\\\/vitsippspriset\\\/\"},{\"@type\":\"ListItem\",\"position\":3,\"name\":\"Vitsippspriset 2019\"}]},{\"@type\":\"WebSite\",\"@id\":\"https:\\\/\\\/wp.kristdemokraterna.se\\\/ale\\\/#website\",\"url\":\"https:\\\/\\\/wp.kristdemokraterna.se\\\/ale\\\/\",\"name\":\"Ale\",\"description\":\"Ale\",\"inLanguage\":\"sv-SE\"}]}<\/script>\n<!-- \/ Yoast SEO plugin. -->","yoast_head_json":{"title":"Vitsippspriset 2019 - Ale","robots":{"index":"index","follow":"follow","max-snippet":"max-snippet:-1","max-image-preview":"max-image-preview:large","max-video-preview":"max-video-preview:-1"},"canonical":"https:\/\/wp.kristdemokraterna.se\/ale\/vitsippspriset\/vitsippspriset-2019\/","og_locale":"sv_SE","og_type":"article","og_title":"Vitsippspriset 2019 - Ale","og_description":"Foto: Alekuriren Priset har Kristdemokraterna beslutat tilldela Bernt Larsson Bernt Larsson har under drygt 23 \u00e5r varit engagerad i repslagarmuseet och dess verksamhet. Bernt har varit drivande i att l\u00e4ra ut hur man sl\u00e5r rep. Han har tagit emot skolklasser, deltagit i m\u00e4ssor, utst\u00e4llningar och marknader f\u00f6r att visa upp repslagarmuseet. Under skolloven \u00e4r det Read More","og_url":"https:\/\/wp.kristdemokraterna.se\/ale\/vitsippspriset\/vitsippspriset-2019\/","og_site_name":"Ale","article_modified_time":"2021-02-25T08:04:49+00:00","og_image":[{"url":"http:\/\/wp.kristdemokraterna.se\/ale\/files\/2021\/02\/v2119_vitsippspriset1-698x465-1.jpg","type":"","width":"","height":""}],"twitter_card":"summary_large_image","twitter_misc":{"Ber\u00e4knad l\u00e4stid":"1 minut"},"schema":{"@context":"https:\/\/schema.org","@graph":[{"@type":"WebPage","@id":"https:\/\/wp.kristdemokraterna.se\/ale\/vitsippspriset\/vitsippspriset-2019\/","url":"https:\/\/wp.kristdemokraterna.se\/ale\/vitsippspriset\/vitsippspriset-2019\/","name":"Vitsippspriset 2019 - Ale","isPartOf":{"@id":"https:\/\/wp.kristdemokraterna.se\/ale\/#website"},"primaryImageOfPage":{"@id":"https:\/\/wp.kristdemokraterna.se\/ale\/vitsippspriset\/vitsippspriset-2019\/#primaryimage"},"image":{"@id":"https:\/\/wp.kristdemokraterna.se\/ale\/vitsippspriset\/vitsippspriset-2019\/#primaryimage"},"thumbnailUrl":"http:\/\/wp.kristdemokraterna.se\/ale\/files\/2021\/02\/v2119_vitsippspriset1-698x465-1.jpg","datePublished":"2021-02-25T07:50:59+00:00","dateModified":"2021-02-25T08:04:49+00:00","breadcrumb":{"@id":"https:\/\/wp.kristdemokraterna.se\/ale\/vitsippspriset\/vitsippspriset-2019\/#breadcrumb"},"inLanguage":"sv-SE","potentialAction":[{"@type":"ReadAction","target":["https:\/\/wp.kristdemokraterna.se\/ale\/vitsippspriset\/vitsippspriset-2019\/"]}]},{"@type":"ImageObject","inLanguage":"sv-SE","@id":"https:\/\/wp.kristdemokraterna.se\/ale\/vitsippspriset\/vitsippspriset-2019\/#primaryimage","url":"https:\/\/wp.kristdemokraterna.se\/ale\/files\/2021\/02\/v2119_vitsippspriset1-698x465-1.jpg","contentUrl":"https:\/\/wp.kristdemokraterna.se\/ale\/files\/2021\/02\/v2119_vitsippspriset1-698x465-1.jpg","width":698,"height":465},{"@type":"BreadcrumbList","@id":"https:\/\/wp.kristdemokraterna.se\/ale\/vitsippspriset\/vitsippspriset-2019\/#breadcrumb","itemListElement":[{"@type":"ListItem","position":1,"name":"Hem","item":"https:\/\/wp.kristdemokraterna.se\/ale\/"},{"@type":"ListItem","position":2,"name":"Vitsippspriset","item":"https:\/\/wp.kristdemokraterna.se\/ale\/vitsippspriset\/"},{"@type":"ListItem","position":3,"name":"Vitsippspriset 2019"}]},{"@type":"WebSite","@id":"https:\/\/wp.kristdemokraterna.se\/ale\/#website","url":"https:\/\/wp.kristdemokraterna.se\/ale\/","name":"Ale","description":"Ale","inLanguage":"sv-SE"}]}},"_links":{"self":[{"href":"https:\/\/wp.kristdemokraterna.se\/ale\/wp-json\/wp\/v2\/pages\/586","targetHints":{"allow":["GET"]}}],"collection":[{"href":"https:\/\/wp.kristdemokraterna.se\/ale\/wp-json\/wp\/v2\/pages"}],"about":[{"href":"https:\/\/wp.kristdemokraterna.se\/ale\/wp-json\/wp\/v2\/types\/page"}],"author":[{"embeddable":true,"href":"https:\/\/wp.kristdemokraterna.se\/ale\/wp-json\/wp\/v2\/users\/23"}],"replies":[{"embeddable":true,"href":"https:\/\/wp.kristdemokraterna.se\/ale\/wp-json\/wp\/v2\/comments?post=586"}],"version-history":[{"count":3,"href":"https:\/\/wp.kristdemokraterna.se\/ale\/wp-json\/wp\/v2\/pages\/586\/revisions"}],"predecessor-version":[{"id":593,"href":"https:\/\/wp.kristdemokraterna.se\/ale\/wp-json\/wp\/v2\/pages\/586\/revisions\/593"}],"up":[{"embeddable":true,"href":"https:\/\/wp.kristdemokraterna.se\/ale\/wp-json\/wp\/v2\/pages\/15"}],"wp:attachment":[{"href":"https:\/\/wp.kristdemokraterna.se\/ale\/wp-json\/wp\/v2\/media?parent=586"}],"curies":[{"name":"wp","href":"https:\/\/api.w.org\/{rel}","templated":true}]}}