{"id":590,"date":"2021-02-25T08:55:38","date_gmt":"2021-02-25T07:55:38","guid":{"rendered":"http:\/\/wp.kristdemokraterna.se\/ale\/?page_id=590"},"modified":"2021-02-25T09:05:03","modified_gmt":"2021-02-25T08:05:03","slug":"vitsippspriset-2020","status":"publish","type":"page","link":"https:\/\/wp.kristdemokraterna.se\/ale\/vitsippspriset\/vitsippspriset-2020\/","title":{"rendered":"Vitsippspriset 2020"},"content":{"rendered":"<p><img loading=\"lazy\" decoding=\"async\" class=\"alignnone size-full wp-image-591\" src=\"http:\/\/wp.kristdemokraterna.se\/ale\/files\/2021\/02\/v2420-vitsippspriset-1-698x465-1.jpg\" alt=\"\" width=\"698\" height=\"465\" srcset=\"https:\/\/wp.kristdemokraterna.se\/ale\/files\/2021\/02\/v2420-vitsippspriset-1-698x465-1.jpg 698w, https:\/\/wp.kristdemokraterna.se\/ale\/files\/2021\/02\/v2420-vitsippspriset-1-698x465-1-600x400.jpg 600w, https:\/\/wp.kristdemokraterna.se\/ale\/files\/2021\/02\/v2420-vitsippspriset-1-698x465-1-300x200.jpg 300w, https:\/\/wp.kristdemokraterna.se\/ale\/files\/2021\/02\/v2420-vitsippspriset-1-698x465-1-370x246.jpg 370w, https:\/\/wp.kristdemokraterna.se\/ale\/files\/2021\/02\/v2420-vitsippspriset-1-698x465-1-450x300.jpg 450w, https:\/\/wp.kristdemokraterna.se\/ale\/files\/2021\/02\/v2420-vitsippspriset-1-698x465-1-280x187.jpg 280w, https:\/\/wp.kristdemokraterna.se\/ale\/files\/2021\/02\/v2420-vitsippspriset-1-698x465-1-340x227.jpg 340w, https:\/\/wp.kristdemokraterna.se\/ale\/files\/2021\/02\/v2420-vitsippspriset-1-698x465-1-200x133.jpg 200w, https:\/\/wp.kristdemokraterna.se\/ale\/files\/2021\/02\/v2420-vitsippspriset-1-698x465-1-84x56.jpg 84w\" sizes=\"auto, (max-width: 698px) 100vw, 698px\" \/><br \/>\nFoto: Alekuriren<\/p>\n<p><strong>Priset har Kristdemokraterna i Ale beslutat att tilldela Hans Ulriksson.<\/strong><\/p>\n<blockquote><p><em>Hans Ulriksson har i \u00f6ver 20 \u00e5r varit engagerad i N\u00f6dinge SK och dess verksamhet som styrelseledamot och ledare. Hans har haft flera olika uppdrag inom styrelsen och varit drivande i f\u00f6reningens Bingolotto-verksamhet. Hans har ocks\u00e5 ett stort engagemang f\u00f6r ungdomarna inom f\u00f6reningen.\u00a0<\/em><\/p>\n<p><em>F\u00f6r denna stora ideella insats och osj\u00e4lviska arbete f\u00f6r f\u00f6reningen och all dess verksamhet vill vi tilldela er 2020 \u00e5rs Vitsippspris.<\/em><\/p><\/blockquote>\n<p>&nbsp;<\/p>\n<p><a href=\"https:\/\/www.alekuriren.se\/allmant\/vitsippspriset-till-nsks-eldsjal\/\">Artikel i Alekuriren<\/a><\/p>\n","protected":false},"excerpt":{"rendered":"<p>Foto: Alekuriren Priset har Kristdemokraterna i Ale beslutat att tilldela Hans Ulriksson. Hans Ulriksson har i \u00f6ver 20 \u00e5r varit engagerad i N\u00f6dinge SK och dess verksamhet som styrelseledamot och ledare. Hans har haft flera olika uppdrag inom styrelsen och varit drivande i f\u00f6reningens Bingolotto-verksamhet. Hans har ocks\u00e5 ett stort engagemang f\u00f6r ungdomarna inom f\u00f6reningen.\u00a0 <a class=\"read-more-link\" href=\"https:\/\/wp.kristdemokraterna.se\/ale\/vitsippspriset\/vitsippspriset-2020\/\">Read More<\/a><\/p>\n","protected":false},"author":23,"featured_media":0,"parent":15,"menu_order":21,"comment_status":"closed","ping_status":"closed","template":"","meta":{"_acf_changed":false,"footnotes":""},"class_list":["post-590","page","type-page","status-publish","hentry"],"acf":[],"yoast_head":"<!-- This site is optimized with the Yoast SEO plugin v27.3 - https:\/\/yoast.com\/product\/yoast-seo-wordpress\/ -->\n<title>Vitsippspriset 2020 - Ale<\/title>\n<meta name=\"robots\" content=\"index, follow, max-snippet:-1, max-image-preview:large, max-video-preview:-1\" \/>\n<link rel=\"canonical\" href=\"https:\/\/wp.kristdemokraterna.se\/ale\/vitsippspriset\/vitsippspriset-2020\/\" \/>\n<meta property=\"og:locale\" content=\"sv_SE\" \/>\n<meta property=\"og:type\" content=\"article\" \/>\n<meta property=\"og:title\" content=\"Vitsippspriset 2020 - Ale\" \/>\n<meta property=\"og:description\" content=\"Foto: Alekuriren Priset har Kristdemokraterna i Ale beslutat att tilldela Hans Ulriksson. Hans Ulriksson har i \u00f6ver 20 \u00e5r varit engagerad i N\u00f6dinge SK och dess verksamhet som styrelseledamot och ledare. Hans har haft flera olika uppdrag inom styrelsen och varit drivande i f\u00f6reningens Bingolotto-verksamhet. Hans har ocks\u00e5 ett stort engagemang f\u00f6r ungdomarna inom f\u00f6reningen.\u00a0 Read More\" \/>\n<meta property=\"og:url\" content=\"https:\/\/wp.kristdemokraterna.se\/ale\/vitsippspriset\/vitsippspriset-2020\/\" \/>\n<meta property=\"og:site_name\" content=\"Ale\" \/>\n<meta property=\"article:modified_time\" content=\"2021-02-25T08:05:03+00:00\" \/>\n<meta property=\"og:image\" content=\"http:\/\/wp.kristdemokraterna.se\/ale\/files\/2021\/02\/v2420-vitsippspriset-1-698x465-1.jpg\" \/>\n<meta name=\"twitter:card\" content=\"summary_large_image\" \/>\n<meta name=\"twitter:label1\" content=\"Ber\u00e4knad l\u00e4stid\" \/>\n\t<meta name=\"twitter:data1\" content=\"1 minut\" \/>\n<script type=\"application\/ld+json\" class=\"yoast-schema-graph\">{\"@context\":\"https:\\\/\\\/schema.org\",\"@graph\":[{\"@type\":\"WebPage\",\"@id\":\"https:\\\/\\\/wp.kristdemokraterna.se\\\/ale\\\/vitsippspriset\\\/vitsippspriset-2020\\\/\",\"url\":\"https:\\\/\\\/wp.kristdemokraterna.se\\\/ale\\\/vitsippspriset\\\/vitsippspriset-2020\\\/\",\"name\":\"Vitsippspriset 2020 - Ale\",\"isPartOf\":{\"@id\":\"https:\\\/\\\/wp.kristdemokraterna.se\\\/ale\\\/#website\"},\"primaryImageOfPage\":{\"@id\":\"https:\\\/\\\/wp.kristdemokraterna.se\\\/ale\\\/vitsippspriset\\\/vitsippspriset-2020\\\/#primaryimage\"},\"image\":{\"@id\":\"https:\\\/\\\/wp.kristdemokraterna.se\\\/ale\\\/vitsippspriset\\\/vitsippspriset-2020\\\/#primaryimage\"},\"thumbnailUrl\":\"http:\\\/\\\/wp.kristdemokraterna.se\\\/ale\\\/files\\\/2021\\\/02\\\/v2420-vitsippspriset-1-698x465-1.jpg\",\"datePublished\":\"2021-02-25T07:55:38+00:00\",\"dateModified\":\"2021-02-25T08:05:03+00:00\",\"breadcrumb\":{\"@id\":\"https:\\\/\\\/wp.kristdemokraterna.se\\\/ale\\\/vitsippspriset\\\/vitsippspriset-2020\\\/#breadcrumb\"},\"inLanguage\":\"sv-SE\",\"potentialAction\":[{\"@type\":\"ReadAction\",\"target\":[\"https:\\\/\\\/wp.kristdemokraterna.se\\\/ale\\\/vitsippspriset\\\/vitsippspriset-2020\\\/\"]}]},{\"@type\":\"ImageObject\",\"inLanguage\":\"sv-SE\",\"@id\":\"https:\\\/\\\/wp.kristdemokraterna.se\\\/ale\\\/vitsippspriset\\\/vitsippspriset-2020\\\/#primaryimage\",\"url\":\"https:\\\/\\\/wp.kristdemokraterna.se\\\/ale\\\/files\\\/2021\\\/02\\\/v2420-vitsippspriset-1-698x465-1.jpg\",\"contentUrl\":\"https:\\\/\\\/wp.kristdemokraterna.se\\\/ale\\\/files\\\/2021\\\/02\\\/v2420-vitsippspriset-1-698x465-1.jpg\",\"width\":698,\"height\":465},{\"@type\":\"BreadcrumbList\",\"@id\":\"https:\\\/\\\/wp.kristdemokraterna.se\\\/ale\\\/vitsippspriset\\\/vitsippspriset-2020\\\/#breadcrumb\",\"itemListElement\":[{\"@type\":\"ListItem\",\"position\":1,\"name\":\"Hem\",\"item\":\"https:\\\/\\\/wp.kristdemokraterna.se\\\/ale\\\/\"},{\"@type\":\"ListItem\",\"position\":2,\"name\":\"Vitsippspriset\",\"item\":\"https:\\\/\\\/wp.kristdemokraterna.se\\\/ale\\\/vitsippspriset\\\/\"},{\"@type\":\"ListItem\",\"position\":3,\"name\":\"Vitsippspriset 2020\"}]},{\"@type\":\"WebSite\",\"@id\":\"https:\\\/\\\/wp.kristdemokraterna.se\\\/ale\\\/#website\",\"url\":\"https:\\\/\\\/wp.kristdemokraterna.se\\\/ale\\\/\",\"name\":\"Ale\",\"description\":\"Ale\",\"inLanguage\":\"sv-SE\"}]}<\/script>\n<!-- \/ Yoast SEO plugin. -->","yoast_head_json":{"title":"Vitsippspriset 2020 - Ale","robots":{"index":"index","follow":"follow","max-snippet":"max-snippet:-1","max-image-preview":"max-image-preview:large","max-video-preview":"max-video-preview:-1"},"canonical":"https:\/\/wp.kristdemokraterna.se\/ale\/vitsippspriset\/vitsippspriset-2020\/","og_locale":"sv_SE","og_type":"article","og_title":"Vitsippspriset 2020 - Ale","og_description":"Foto: Alekuriren Priset har Kristdemokraterna i Ale beslutat att tilldela Hans Ulriksson. Hans Ulriksson har i \u00f6ver 20 \u00e5r varit engagerad i N\u00f6dinge SK och dess verksamhet som styrelseledamot och ledare. Hans har haft flera olika uppdrag inom styrelsen och varit drivande i f\u00f6reningens Bingolotto-verksamhet. Hans har ocks\u00e5 ett stort engagemang f\u00f6r ungdomarna inom f\u00f6reningen.\u00a0 Read More","og_url":"https:\/\/wp.kristdemokraterna.se\/ale\/vitsippspriset\/vitsippspriset-2020\/","og_site_name":"Ale","article_modified_time":"2021-02-25T08:05:03+00:00","og_image":[{"url":"http:\/\/wp.kristdemokraterna.se\/ale\/files\/2021\/02\/v2420-vitsippspriset-1-698x465-1.jpg","type":"","width":"","height":""}],"twitter_card":"summary_large_image","twitter_misc":{"Ber\u00e4knad l\u00e4stid":"1 minut"},"schema":{"@context":"https:\/\/schema.org","@graph":[{"@type":"WebPage","@id":"https:\/\/wp.kristdemokraterna.se\/ale\/vitsippspriset\/vitsippspriset-2020\/","url":"https:\/\/wp.kristdemokraterna.se\/ale\/vitsippspriset\/vitsippspriset-2020\/","name":"Vitsippspriset 2020 - Ale","isPartOf":{"@id":"https:\/\/wp.kristdemokraterna.se\/ale\/#website"},"primaryImageOfPage":{"@id":"https:\/\/wp.kristdemokraterna.se\/ale\/vitsippspriset\/vitsippspriset-2020\/#primaryimage"},"image":{"@id":"https:\/\/wp.kristdemokraterna.se\/ale\/vitsippspriset\/vitsippspriset-2020\/#primaryimage"},"thumbnailUrl":"http:\/\/wp.kristdemokraterna.se\/ale\/files\/2021\/02\/v2420-vitsippspriset-1-698x465-1.jpg","datePublished":"2021-02-25T07:55:38+00:00","dateModified":"2021-02-25T08:05:03+00:00","breadcrumb":{"@id":"https:\/\/wp.kristdemokraterna.se\/ale\/vitsippspriset\/vitsippspriset-2020\/#breadcrumb"},"inLanguage":"sv-SE","potentialAction":[{"@type":"ReadAction","target":["https:\/\/wp.kristdemokraterna.se\/ale\/vitsippspriset\/vitsippspriset-2020\/"]}]},{"@type":"ImageObject","inLanguage":"sv-SE","@id":"https:\/\/wp.kristdemokraterna.se\/ale\/vitsippspriset\/vitsippspriset-2020\/#primaryimage","url":"https:\/\/wp.kristdemokraterna.se\/ale\/files\/2021\/02\/v2420-vitsippspriset-1-698x465-1.jpg","contentUrl":"https:\/\/wp.kristdemokraterna.se\/ale\/files\/2021\/02\/v2420-vitsippspriset-1-698x465-1.jpg","width":698,"height":465},{"@type":"BreadcrumbList","@id":"https:\/\/wp.kristdemokraterna.se\/ale\/vitsippspriset\/vitsippspriset-2020\/#breadcrumb","itemListElement":[{"@type":"ListItem","position":1,"name":"Hem","item":"https:\/\/wp.kristdemokraterna.se\/ale\/"},{"@type":"ListItem","position":2,"name":"Vitsippspriset","item":"https:\/\/wp.kristdemokraterna.se\/ale\/vitsippspriset\/"},{"@type":"ListItem","position":3,"name":"Vitsippspriset 2020"}]},{"@type":"WebSite","@id":"https:\/\/wp.kristdemokraterna.se\/ale\/#website","url":"https:\/\/wp.kristdemokraterna.se\/ale\/","name":"Ale","description":"Ale","inLanguage":"sv-SE"}]}},"_links":{"self":[{"href":"https:\/\/wp.kristdemokraterna.se\/ale\/wp-json\/wp\/v2\/pages\/590","targetHints":{"allow":["GET"]}}],"collection":[{"href":"https:\/\/wp.kristdemokraterna.se\/ale\/wp-json\/wp\/v2\/pages"}],"about":[{"href":"https:\/\/wp.kristdemokraterna.se\/ale\/wp-json\/wp\/v2\/types\/page"}],"author":[{"embeddable":true,"href":"https:\/\/wp.kristdemokraterna.se\/ale\/wp-json\/wp\/v2\/users\/23"}],"replies":[{"embeddable":true,"href":"https:\/\/wp.kristdemokraterna.se\/ale\/wp-json\/wp\/v2\/comments?post=590"}],"version-history":[{"count":1,"href":"https:\/\/wp.kristdemokraterna.se\/ale\/wp-json\/wp\/v2\/pages\/590\/revisions"}],"predecessor-version":[{"id":592,"href":"https:\/\/wp.kristdemokraterna.se\/ale\/wp-json\/wp\/v2\/pages\/590\/revisions\/592"}],"up":[{"embeddable":true,"href":"https:\/\/wp.kristdemokraterna.se\/ale\/wp-json\/wp\/v2\/pages\/15"}],"wp:attachment":[{"href":"https:\/\/wp.kristdemokraterna.se\/ale\/wp-json\/wp\/v2\/media?parent=590"}],"curies":[{"name":"wp","href":"https:\/\/api.w.org\/{rel}","templated":true}]}}