{"id":62,"date":"2012-08-09T09:18:23","date_gmt":"2012-08-09T07:18:23","guid":{"rendered":"http:\/\/wp.kristdemokraterna.se\/ale\/?page_id=62"},"modified":"2021-02-25T09:01:52","modified_gmt":"2021-02-25T08:01:52","slug":"vitsippspriset-2008","status":"publish","type":"page","link":"https:\/\/wp.kristdemokraterna.se\/ale\/vitsippspriset\/vitsippspriset-2008\/","title":{"rendered":"Vitsippspriset 2008"},"content":{"rendered":"<div align=\"left\">\n<div id=\"attachment_63\" style=\"width: 1435px\" class=\"wp-caption aligncenter\"><a href=\"http:\/\/wp.kristdemokraterna.se\/ale\/files\/2012\/08\/Vitsippspriset2008.jpg\"><img loading=\"lazy\" decoding=\"async\" aria-describedby=\"caption-attachment-63\" class=\"size-full wp-image-63\" title=\"Vitsippspriset2008\" src=\"http:\/\/wp.kristdemokraterna.se\/ale\/files\/2012\/08\/Vitsippspriset2008.jpg\" alt=\"Shadrach\" width=\"1425\" height=\"868\" \/><\/a><p id=\"caption-attachment-63\" class=\"wp-caption-text\">Foto: Alekuriren<\/p><\/div>\n<p><strong>Vitsippspriset 2008 har Kristdemokraterna beslutat tilldela <\/strong><strong>Shadrach Odhiambo<\/strong><strong>.<\/strong><\/p>\n<\/div>\n<blockquote>\n<div align=\"left\">&#8221;Shadrach Odhiambo kom fr\u00e5n Uganda 1976 och har gjort karri\u00e4r inom boxningen. Fr\u00e4msta meriter \u00e4r fem SM-guld och VM-brons 1982.<\/div>\n<div align=\"left\">Efter boxningskarri\u00e4ren har han varit en mycket duktig tr\u00e4nare och ledare f\u00f6r ungdomar. Han bjuder p\u00e5 sin kunskap och erfarenhet, \u00e4r en god f\u00f6rebild, och jobbar mot f\u00f6rdomar. Shadrac var med och bildade M\u00e5ngkulturella f\u00f6reningen i Ale. D\u00e4r l\u00e4gger han ned mycket ideellt arbete f\u00f6r att f\u00e5 struliga ungdomar att f\u00e5 ordning p\u00e5 sina liv. Resultatet blev bl.a. en boxningsgala i Ale med \u201driktiga\u201d boxare. F\u00f6r dessa ideella insatser vill vi tilldela Shadrach Odhiambo \u00e5rets Vitsippspris.&#8221;<\/div>\n<div align=\"left\"><\/div>\n<\/blockquote>\n<p>&nbsp;<\/p>\n<div align=\"left\">L\u00e4s artikel fr\u00e5n Alekuriren h\u00e4r:<\/div>\n<div align=\"left\"><a href=\"http:\/\/wp.kristdemokraterna.se\/ale\/files\/2012\/08\/Vitsippspriset2008.pdf\">Vitsippspriset 2008<\/a><\/div>\n<div align=\"left\"><\/div>\n","protected":false},"excerpt":{"rendered":"<p>Vitsippspriset 2008 har Kristdemokraterna beslutat tilldela Shadrach Odhiambo. &#8221;Shadrach Odhiambo kom fr\u00e5n Uganda 1976 och har gjort karri\u00e4r inom boxningen. Fr\u00e4msta meriter \u00e4r fem SM-guld och VM-brons 1982. Efter boxningskarri\u00e4ren har han varit en mycket duktig tr\u00e4nare och ledare f\u00f6r ungdomar. Han bjuder p\u00e5 sin kunskap och erfarenhet, \u00e4r en god f\u00f6rebild, och jobbar mot <a class=\"read-more-link\" href=\"https:\/\/wp.kristdemokraterna.se\/ale\/vitsippspriset\/vitsippspriset-2008\/\">Read More<\/a><\/p>\n","protected":false},"author":23,"featured_media":0,"parent":15,"menu_order":12,"comment_status":"closed","ping_status":"closed","template":"","meta":{"_acf_changed":false,"footnotes":""},"class_list":["post-62","page","type-page","status-publish","hentry"],"acf":[],"yoast_head":"<!-- This site is optimized with the Yoast SEO plugin v27.4 - https:\/\/yoast.com\/product\/yoast-seo-wordpress\/ -->\n<title>Vitsippspriset 2008 - Ale<\/title>\n<meta name=\"robots\" content=\"index, follow, max-snippet:-1, max-image-preview:large, max-video-preview:-1\" \/>\n<link rel=\"canonical\" href=\"https:\/\/wp.kristdemokraterna.se\/ale\/vitsippspriset\/vitsippspriset-2008\/\" \/>\n<meta property=\"og:locale\" content=\"sv_SE\" \/>\n<meta property=\"og:type\" content=\"article\" \/>\n<meta property=\"og:title\" content=\"Vitsippspriset 2008 - Ale\" \/>\n<meta property=\"og:description\" content=\"Vitsippspriset 2008 har Kristdemokraterna beslutat tilldela Shadrach Odhiambo. &#8221;Shadrach Odhiambo kom fr\u00e5n Uganda 1976 och har gjort karri\u00e4r inom boxningen. Fr\u00e4msta meriter \u00e4r fem SM-guld och VM-brons 1982. Efter boxningskarri\u00e4ren har han varit en mycket duktig tr\u00e4nare och ledare f\u00f6r ungdomar. Han bjuder p\u00e5 sin kunskap och erfarenhet, \u00e4r en god f\u00f6rebild, och jobbar mot Read More\" \/>\n<meta property=\"og:url\" content=\"https:\/\/wp.kristdemokraterna.se\/ale\/vitsippspriset\/vitsippspriset-2008\/\" \/>\n<meta property=\"og:site_name\" content=\"Ale\" \/>\n<meta property=\"article:modified_time\" content=\"2021-02-25T08:01:52+00:00\" \/>\n<meta property=\"og:image\" content=\"http:\/\/wp.kristdemokraterna.se\/ale\/files\/2012\/08\/Vitsippspriset2008.jpg\" \/>\n<meta name=\"twitter:card\" content=\"summary_large_image\" \/>\n<meta name=\"twitter:label1\" content=\"Ber\u00e4knad l\u00e4stid\" \/>\n\t<meta name=\"twitter:data1\" content=\"1 minut\" \/>\n<script type=\"application\/ld+json\" class=\"yoast-schema-graph\">{\"@context\":\"https:\\\/\\\/schema.org\",\"@graph\":[{\"@type\":\"WebPage\",\"@id\":\"https:\\\/\\\/wp.kristdemokraterna.se\\\/ale\\\/vitsippspriset\\\/vitsippspriset-2008\\\/\",\"url\":\"https:\\\/\\\/wp.kristdemokraterna.se\\\/ale\\\/vitsippspriset\\\/vitsippspriset-2008\\\/\",\"name\":\"Vitsippspriset 2008 - Ale\",\"isPartOf\":{\"@id\":\"https:\\\/\\\/wp.kristdemokraterna.se\\\/ale\\\/#website\"},\"primaryImageOfPage\":{\"@id\":\"https:\\\/\\\/wp.kristdemokraterna.se\\\/ale\\\/vitsippspriset\\\/vitsippspriset-2008\\\/#primaryimage\"},\"image\":{\"@id\":\"https:\\\/\\\/wp.kristdemokraterna.se\\\/ale\\\/vitsippspriset\\\/vitsippspriset-2008\\\/#primaryimage\"},\"thumbnailUrl\":\"http:\\\/\\\/wp.kristdemokraterna.se\\\/ale\\\/files\\\/2012\\\/08\\\/Vitsippspriset2008.jpg\",\"datePublished\":\"2012-08-09T07:18:23+00:00\",\"dateModified\":\"2021-02-25T08:01:52+00:00\",\"breadcrumb\":{\"@id\":\"https:\\\/\\\/wp.kristdemokraterna.se\\\/ale\\\/vitsippspriset\\\/vitsippspriset-2008\\\/#breadcrumb\"},\"inLanguage\":\"sv-SE\",\"potentialAction\":[{\"@type\":\"ReadAction\",\"target\":[\"https:\\\/\\\/wp.kristdemokraterna.se\\\/ale\\\/vitsippspriset\\\/vitsippspriset-2008\\\/\"]}]},{\"@type\":\"ImageObject\",\"inLanguage\":\"sv-SE\",\"@id\":\"https:\\\/\\\/wp.kristdemokraterna.se\\\/ale\\\/vitsippspriset\\\/vitsippspriset-2008\\\/#primaryimage\",\"url\":\"http:\\\/\\\/wp.kristdemokraterna.se\\\/ale\\\/files\\\/2012\\\/08\\\/Vitsippspriset2008.jpg\",\"contentUrl\":\"http:\\\/\\\/wp.kristdemokraterna.se\\\/ale\\\/files\\\/2012\\\/08\\\/Vitsippspriset2008.jpg\"},{\"@type\":\"BreadcrumbList\",\"@id\":\"https:\\\/\\\/wp.kristdemokraterna.se\\\/ale\\\/vitsippspriset\\\/vitsippspriset-2008\\\/#breadcrumb\",\"itemListElement\":[{\"@type\":\"ListItem\",\"position\":1,\"name\":\"Hem\",\"item\":\"https:\\\/\\\/wp.kristdemokraterna.se\\\/ale\\\/\"},{\"@type\":\"ListItem\",\"position\":2,\"name\":\"Vitsippspriset\",\"item\":\"https:\\\/\\\/wp.kristdemokraterna.se\\\/ale\\\/vitsippspriset\\\/\"},{\"@type\":\"ListItem\",\"position\":3,\"name\":\"Vitsippspriset 2008\"}]},{\"@type\":\"WebSite\",\"@id\":\"https:\\\/\\\/wp.kristdemokraterna.se\\\/ale\\\/#website\",\"url\":\"https:\\\/\\\/wp.kristdemokraterna.se\\\/ale\\\/\",\"name\":\"Ale\",\"description\":\"Ale\",\"inLanguage\":\"sv-SE\"}]}<\/script>\n<!-- \/ Yoast SEO plugin. -->","yoast_head_json":{"title":"Vitsippspriset 2008 - Ale","robots":{"index":"index","follow":"follow","max-snippet":"max-snippet:-1","max-image-preview":"max-image-preview:large","max-video-preview":"max-video-preview:-1"},"canonical":"https:\/\/wp.kristdemokraterna.se\/ale\/vitsippspriset\/vitsippspriset-2008\/","og_locale":"sv_SE","og_type":"article","og_title":"Vitsippspriset 2008 - Ale","og_description":"Vitsippspriset 2008 har Kristdemokraterna beslutat tilldela Shadrach Odhiambo. &#8221;Shadrach Odhiambo kom fr\u00e5n Uganda 1976 och har gjort karri\u00e4r inom boxningen. Fr\u00e4msta meriter \u00e4r fem SM-guld och VM-brons 1982. Efter boxningskarri\u00e4ren har han varit en mycket duktig tr\u00e4nare och ledare f\u00f6r ungdomar. Han bjuder p\u00e5 sin kunskap och erfarenhet, \u00e4r en god f\u00f6rebild, och jobbar mot Read More","og_url":"https:\/\/wp.kristdemokraterna.se\/ale\/vitsippspriset\/vitsippspriset-2008\/","og_site_name":"Ale","article_modified_time":"2021-02-25T08:01:52+00:00","og_image":[{"url":"http:\/\/wp.kristdemokraterna.se\/ale\/files\/2012\/08\/Vitsippspriset2008.jpg","type":"","width":"","height":""}],"twitter_card":"summary_large_image","twitter_misc":{"Ber\u00e4knad l\u00e4stid":"1 minut"},"schema":{"@context":"https:\/\/schema.org","@graph":[{"@type":"WebPage","@id":"https:\/\/wp.kristdemokraterna.se\/ale\/vitsippspriset\/vitsippspriset-2008\/","url":"https:\/\/wp.kristdemokraterna.se\/ale\/vitsippspriset\/vitsippspriset-2008\/","name":"Vitsippspriset 2008 - Ale","isPartOf":{"@id":"https:\/\/wp.kristdemokraterna.se\/ale\/#website"},"primaryImageOfPage":{"@id":"https:\/\/wp.kristdemokraterna.se\/ale\/vitsippspriset\/vitsippspriset-2008\/#primaryimage"},"image":{"@id":"https:\/\/wp.kristdemokraterna.se\/ale\/vitsippspriset\/vitsippspriset-2008\/#primaryimage"},"thumbnailUrl":"http:\/\/wp.kristdemokraterna.se\/ale\/files\/2012\/08\/Vitsippspriset2008.jpg","datePublished":"2012-08-09T07:18:23+00:00","dateModified":"2021-02-25T08:01:52+00:00","breadcrumb":{"@id":"https:\/\/wp.kristdemokraterna.se\/ale\/vitsippspriset\/vitsippspriset-2008\/#breadcrumb"},"inLanguage":"sv-SE","potentialAction":[{"@type":"ReadAction","target":["https:\/\/wp.kristdemokraterna.se\/ale\/vitsippspriset\/vitsippspriset-2008\/"]}]},{"@type":"ImageObject","inLanguage":"sv-SE","@id":"https:\/\/wp.kristdemokraterna.se\/ale\/vitsippspriset\/vitsippspriset-2008\/#primaryimage","url":"http:\/\/wp.kristdemokraterna.se\/ale\/files\/2012\/08\/Vitsippspriset2008.jpg","contentUrl":"http:\/\/wp.kristdemokraterna.se\/ale\/files\/2012\/08\/Vitsippspriset2008.jpg"},{"@type":"BreadcrumbList","@id":"https:\/\/wp.kristdemokraterna.se\/ale\/vitsippspriset\/vitsippspriset-2008\/#breadcrumb","itemListElement":[{"@type":"ListItem","position":1,"name":"Hem","item":"https:\/\/wp.kristdemokraterna.se\/ale\/"},{"@type":"ListItem","position":2,"name":"Vitsippspriset","item":"https:\/\/wp.kristdemokraterna.se\/ale\/vitsippspriset\/"},{"@type":"ListItem","position":3,"name":"Vitsippspriset 2008"}]},{"@type":"WebSite","@id":"https:\/\/wp.kristdemokraterna.se\/ale\/#website","url":"https:\/\/wp.kristdemokraterna.se\/ale\/","name":"Ale","description":"Ale","inLanguage":"sv-SE"}]}},"_links":{"self":[{"href":"https:\/\/wp.kristdemokraterna.se\/ale\/wp-json\/wp\/v2\/pages\/62","targetHints":{"allow":["GET"]}}],"collection":[{"href":"https:\/\/wp.kristdemokraterna.se\/ale\/wp-json\/wp\/v2\/pages"}],"about":[{"href":"https:\/\/wp.kristdemokraterna.se\/ale\/wp-json\/wp\/v2\/types\/page"}],"author":[{"embeddable":true,"href":"https:\/\/wp.kristdemokraterna.se\/ale\/wp-json\/wp\/v2\/users\/23"}],"replies":[{"embeddable":true,"href":"https:\/\/wp.kristdemokraterna.se\/ale\/wp-json\/wp\/v2\/comments?post=62"}],"version-history":[{"count":5,"href":"https:\/\/wp.kristdemokraterna.se\/ale\/wp-json\/wp\/v2\/pages\/62\/revisions"}],"predecessor-version":[{"id":604,"href":"https:\/\/wp.kristdemokraterna.se\/ale\/wp-json\/wp\/v2\/pages\/62\/revisions\/604"}],"up":[{"embeddable":true,"href":"https:\/\/wp.kristdemokraterna.se\/ale\/wp-json\/wp\/v2\/pages\/15"}],"wp:attachment":[{"href":"https:\/\/wp.kristdemokraterna.se\/ale\/wp-json\/wp\/v2\/media?parent=62"}],"curies":[{"name":"wp","href":"https:\/\/api.w.org\/{rel}","templated":true}]}}