{"id":72,"date":"2012-08-09T10:06:14","date_gmt":"2012-08-09T08:06:14","guid":{"rendered":"http:\/\/wp.kristdemokraterna.se\/ale\/?page_id=72"},"modified":"2021-02-25T09:02:15","modified_gmt":"2021-02-25T08:02:15","slug":"vitsippspriset-2010","status":"publish","type":"page","link":"https:\/\/wp.kristdemokraterna.se\/ale\/vitsippspriset\/vitsippspriset-2010\/","title":{"rendered":"Vitsippspriset 2010"},"content":{"rendered":"<div align=\"left\">\n<div id=\"attachment_73\" style=\"width: 762px\" class=\"wp-caption aligncenter\"><a href=\"http:\/\/wp.kristdemokraterna.se\/ale\/files\/2012\/08\/Vitsippspriset2010.jpg\"><img loading=\"lazy\" decoding=\"async\" aria-describedby=\"caption-attachment-73\" class=\"size-full wp-image-73\" title=\"Vitsippspriset2010\" src=\"http:\/\/wp.kristdemokraterna.se\/ale\/files\/2012\/08\/Vitsippspriset2010.jpg\" alt=\"Prisutdelning\" width=\"752\" height=\"501\" \/><\/a><p id=\"caption-attachment-73\" class=\"wp-caption-text\">Foto: Alekuriren<\/p><\/div>\n<p><strong>Priset har Kristdemokraterna i Ale beslutat att tilldela Ale FUB med f\u00f6ljande motivering:<\/strong><\/p>\n<\/div>\n<blockquote>\n<div align=\"left\">&#8221;Med ordf\u00f6randen Tiina Johansson i spetsen och \u00f6vriga medlemmar bedrivs aktiviteter f\u00f6r barn, ungdomar och vuxna. Aktiviteter som bad, gympa, kultur, studiecirklar och kurser m.m listan med olika aktiviteter \u00e4r l\u00e5ng. Varje vecka bedrivs flera aktiviteter med m\u00e5let att skapa ett gott liv \u00e5t alla med funktionshinder i Ale. Vi vill uppm\u00e4rksamma denna ideella och f\u00f6red\u00f6mliga insats genom att tilldela 2010-\u00e5rs Vitsippspris till Ale FUB.&#8221;<\/div>\n<\/blockquote>\n<p>&nbsp;<\/p>\n<div align=\"left\"><\/div>\n<div align=\"left\"><a title=\"FUB i Ale\" href=\"http:\/\/www.ale.fub.se\/\" target=\"_blank\" rel=\"noopener\">L\u00e4s mer om Ale FUB h\u00e4r<\/a><\/div>\n<div align=\"left\"><\/div>\n<p>&nbsp;<\/p>\n<div align=\"left\">\n<div align=\"left\">L\u00e4s artikel fr\u00e5n Alekuriren h\u00e4r:<\/div>\n<div align=\"left\"><a href=\"http:\/\/wp.kristdemokraterna.se\/ale\/files\/2012\/08\/Vitsippspriset%202010.pdf\">Vitsippspriset 2010<\/a><\/div>\n<\/div>\n","protected":false},"excerpt":{"rendered":"<p>Priset har Kristdemokraterna i Ale beslutat att tilldela Ale FUB med f\u00f6ljande motivering: &#8221;Med ordf\u00f6randen Tiina Johansson i spetsen och \u00f6vriga medlemmar bedrivs aktiviteter f\u00f6r barn, ungdomar och vuxna. Aktiviteter som bad, gympa, kultur, studiecirklar och kurser m.m listan med olika aktiviteter \u00e4r l\u00e5ng. Varje vecka bedrivs flera aktiviteter med m\u00e5let att skapa ett gott <a class=\"read-more-link\" href=\"https:\/\/wp.kristdemokraterna.se\/ale\/vitsippspriset\/vitsippspriset-2010\/\">Read More<\/a><\/p>\n","protected":false},"author":23,"featured_media":0,"parent":15,"menu_order":14,"comment_status":"closed","ping_status":"closed","template":"","meta":{"_acf_changed":false,"footnotes":""},"class_list":["post-72","page","type-page","status-publish","hentry"],"acf":[],"yoast_head":"<!-- This site is optimized with the Yoast SEO plugin v27.4 - https:\/\/yoast.com\/product\/yoast-seo-wordpress\/ -->\n<title>Vitsippspriset 2010 - Ale<\/title>\n<meta name=\"robots\" content=\"index, follow, max-snippet:-1, max-image-preview:large, max-video-preview:-1\" \/>\n<link rel=\"canonical\" href=\"https:\/\/wp.kristdemokraterna.se\/ale\/vitsippspriset\/vitsippspriset-2010\/\" \/>\n<meta property=\"og:locale\" content=\"sv_SE\" \/>\n<meta property=\"og:type\" content=\"article\" \/>\n<meta property=\"og:title\" content=\"Vitsippspriset 2010 - Ale\" \/>\n<meta property=\"og:description\" content=\"Priset har Kristdemokraterna i Ale beslutat att tilldela Ale FUB med f\u00f6ljande motivering: &#8221;Med ordf\u00f6randen Tiina Johansson i spetsen och \u00f6vriga medlemmar bedrivs aktiviteter f\u00f6r barn, ungdomar och vuxna. Aktiviteter som bad, gympa, kultur, studiecirklar och kurser m.m listan med olika aktiviteter \u00e4r l\u00e5ng. Varje vecka bedrivs flera aktiviteter med m\u00e5let att skapa ett gott Read More\" \/>\n<meta property=\"og:url\" content=\"https:\/\/wp.kristdemokraterna.se\/ale\/vitsippspriset\/vitsippspriset-2010\/\" \/>\n<meta property=\"og:site_name\" content=\"Ale\" \/>\n<meta property=\"article:modified_time\" content=\"2021-02-25T08:02:15+00:00\" \/>\n<meta property=\"og:image\" content=\"http:\/\/wp.kristdemokraterna.se\/ale\/files\/2012\/08\/Vitsippspriset2010.jpg\" \/>\n<meta name=\"twitter:card\" content=\"summary_large_image\" \/>\n<meta name=\"twitter:label1\" content=\"Ber\u00e4knad l\u00e4stid\" \/>\n\t<meta name=\"twitter:data1\" content=\"1 minut\" \/>\n<script type=\"application\/ld+json\" class=\"yoast-schema-graph\">{\"@context\":\"https:\\\/\\\/schema.org\",\"@graph\":[{\"@type\":\"WebPage\",\"@id\":\"https:\\\/\\\/wp.kristdemokraterna.se\\\/ale\\\/vitsippspriset\\\/vitsippspriset-2010\\\/\",\"url\":\"https:\\\/\\\/wp.kristdemokraterna.se\\\/ale\\\/vitsippspriset\\\/vitsippspriset-2010\\\/\",\"name\":\"Vitsippspriset 2010 - Ale\",\"isPartOf\":{\"@id\":\"https:\\\/\\\/wp.kristdemokraterna.se\\\/ale\\\/#website\"},\"primaryImageOfPage\":{\"@id\":\"https:\\\/\\\/wp.kristdemokraterna.se\\\/ale\\\/vitsippspriset\\\/vitsippspriset-2010\\\/#primaryimage\"},\"image\":{\"@id\":\"https:\\\/\\\/wp.kristdemokraterna.se\\\/ale\\\/vitsippspriset\\\/vitsippspriset-2010\\\/#primaryimage\"},\"thumbnailUrl\":\"http:\\\/\\\/wp.kristdemokraterna.se\\\/ale\\\/files\\\/2012\\\/08\\\/Vitsippspriset2010.jpg\",\"datePublished\":\"2012-08-09T08:06:14+00:00\",\"dateModified\":\"2021-02-25T08:02:15+00:00\",\"breadcrumb\":{\"@id\":\"https:\\\/\\\/wp.kristdemokraterna.se\\\/ale\\\/vitsippspriset\\\/vitsippspriset-2010\\\/#breadcrumb\"},\"inLanguage\":\"sv-SE\",\"potentialAction\":[{\"@type\":\"ReadAction\",\"target\":[\"https:\\\/\\\/wp.kristdemokraterna.se\\\/ale\\\/vitsippspriset\\\/vitsippspriset-2010\\\/\"]}]},{\"@type\":\"ImageObject\",\"inLanguage\":\"sv-SE\",\"@id\":\"https:\\\/\\\/wp.kristdemokraterna.se\\\/ale\\\/vitsippspriset\\\/vitsippspriset-2010\\\/#primaryimage\",\"url\":\"http:\\\/\\\/wp.kristdemokraterna.se\\\/ale\\\/files\\\/2012\\\/08\\\/Vitsippspriset2010.jpg\",\"contentUrl\":\"http:\\\/\\\/wp.kristdemokraterna.se\\\/ale\\\/files\\\/2012\\\/08\\\/Vitsippspriset2010.jpg\"},{\"@type\":\"BreadcrumbList\",\"@id\":\"https:\\\/\\\/wp.kristdemokraterna.se\\\/ale\\\/vitsippspriset\\\/vitsippspriset-2010\\\/#breadcrumb\",\"itemListElement\":[{\"@type\":\"ListItem\",\"position\":1,\"name\":\"Hem\",\"item\":\"https:\\\/\\\/wp.kristdemokraterna.se\\\/ale\\\/\"},{\"@type\":\"ListItem\",\"position\":2,\"name\":\"Vitsippspriset\",\"item\":\"https:\\\/\\\/wp.kristdemokraterna.se\\\/ale\\\/vitsippspriset\\\/\"},{\"@type\":\"ListItem\",\"position\":3,\"name\":\"Vitsippspriset 2010\"}]},{\"@type\":\"WebSite\",\"@id\":\"https:\\\/\\\/wp.kristdemokraterna.se\\\/ale\\\/#website\",\"url\":\"https:\\\/\\\/wp.kristdemokraterna.se\\\/ale\\\/\",\"name\":\"Ale\",\"description\":\"Ale\",\"inLanguage\":\"sv-SE\"}]}<\/script>\n<!-- \/ Yoast SEO plugin. -->","yoast_head_json":{"title":"Vitsippspriset 2010 - Ale","robots":{"index":"index","follow":"follow","max-snippet":"max-snippet:-1","max-image-preview":"max-image-preview:large","max-video-preview":"max-video-preview:-1"},"canonical":"https:\/\/wp.kristdemokraterna.se\/ale\/vitsippspriset\/vitsippspriset-2010\/","og_locale":"sv_SE","og_type":"article","og_title":"Vitsippspriset 2010 - Ale","og_description":"Priset har Kristdemokraterna i Ale beslutat att tilldela Ale FUB med f\u00f6ljande motivering: &#8221;Med ordf\u00f6randen Tiina Johansson i spetsen och \u00f6vriga medlemmar bedrivs aktiviteter f\u00f6r barn, ungdomar och vuxna. Aktiviteter som bad, gympa, kultur, studiecirklar och kurser m.m listan med olika aktiviteter \u00e4r l\u00e5ng. Varje vecka bedrivs flera aktiviteter med m\u00e5let att skapa ett gott Read More","og_url":"https:\/\/wp.kristdemokraterna.se\/ale\/vitsippspriset\/vitsippspriset-2010\/","og_site_name":"Ale","article_modified_time":"2021-02-25T08:02:15+00:00","og_image":[{"url":"http:\/\/wp.kristdemokraterna.se\/ale\/files\/2012\/08\/Vitsippspriset2010.jpg","type":"","width":"","height":""}],"twitter_card":"summary_large_image","twitter_misc":{"Ber\u00e4knad l\u00e4stid":"1 minut"},"schema":{"@context":"https:\/\/schema.org","@graph":[{"@type":"WebPage","@id":"https:\/\/wp.kristdemokraterna.se\/ale\/vitsippspriset\/vitsippspriset-2010\/","url":"https:\/\/wp.kristdemokraterna.se\/ale\/vitsippspriset\/vitsippspriset-2010\/","name":"Vitsippspriset 2010 - Ale","isPartOf":{"@id":"https:\/\/wp.kristdemokraterna.se\/ale\/#website"},"primaryImageOfPage":{"@id":"https:\/\/wp.kristdemokraterna.se\/ale\/vitsippspriset\/vitsippspriset-2010\/#primaryimage"},"image":{"@id":"https:\/\/wp.kristdemokraterna.se\/ale\/vitsippspriset\/vitsippspriset-2010\/#primaryimage"},"thumbnailUrl":"http:\/\/wp.kristdemokraterna.se\/ale\/files\/2012\/08\/Vitsippspriset2010.jpg","datePublished":"2012-08-09T08:06:14+00:00","dateModified":"2021-02-25T08:02:15+00:00","breadcrumb":{"@id":"https:\/\/wp.kristdemokraterna.se\/ale\/vitsippspriset\/vitsippspriset-2010\/#breadcrumb"},"inLanguage":"sv-SE","potentialAction":[{"@type":"ReadAction","target":["https:\/\/wp.kristdemokraterna.se\/ale\/vitsippspriset\/vitsippspriset-2010\/"]}]},{"@type":"ImageObject","inLanguage":"sv-SE","@id":"https:\/\/wp.kristdemokraterna.se\/ale\/vitsippspriset\/vitsippspriset-2010\/#primaryimage","url":"http:\/\/wp.kristdemokraterna.se\/ale\/files\/2012\/08\/Vitsippspriset2010.jpg","contentUrl":"http:\/\/wp.kristdemokraterna.se\/ale\/files\/2012\/08\/Vitsippspriset2010.jpg"},{"@type":"BreadcrumbList","@id":"https:\/\/wp.kristdemokraterna.se\/ale\/vitsippspriset\/vitsippspriset-2010\/#breadcrumb","itemListElement":[{"@type":"ListItem","position":1,"name":"Hem","item":"https:\/\/wp.kristdemokraterna.se\/ale\/"},{"@type":"ListItem","position":2,"name":"Vitsippspriset","item":"https:\/\/wp.kristdemokraterna.se\/ale\/vitsippspriset\/"},{"@type":"ListItem","position":3,"name":"Vitsippspriset 2010"}]},{"@type":"WebSite","@id":"https:\/\/wp.kristdemokraterna.se\/ale\/#website","url":"https:\/\/wp.kristdemokraterna.se\/ale\/","name":"Ale","description":"Ale","inLanguage":"sv-SE"}]}},"_links":{"self":[{"href":"https:\/\/wp.kristdemokraterna.se\/ale\/wp-json\/wp\/v2\/pages\/72","targetHints":{"allow":["GET"]}}],"collection":[{"href":"https:\/\/wp.kristdemokraterna.se\/ale\/wp-json\/wp\/v2\/pages"}],"about":[{"href":"https:\/\/wp.kristdemokraterna.se\/ale\/wp-json\/wp\/v2\/types\/page"}],"author":[{"embeddable":true,"href":"https:\/\/wp.kristdemokraterna.se\/ale\/wp-json\/wp\/v2\/users\/23"}],"replies":[{"embeddable":true,"href":"https:\/\/wp.kristdemokraterna.se\/ale\/wp-json\/wp\/v2\/comments?post=72"}],"version-history":[{"count":4,"href":"https:\/\/wp.kristdemokraterna.se\/ale\/wp-json\/wp\/v2\/pages\/72\/revisions"}],"predecessor-version":[{"id":608,"href":"https:\/\/wp.kristdemokraterna.se\/ale\/wp-json\/wp\/v2\/pages\/72\/revisions\/608"}],"up":[{"embeddable":true,"href":"https:\/\/wp.kristdemokraterna.se\/ale\/wp-json\/wp\/v2\/pages\/15"}],"wp:attachment":[{"href":"https:\/\/wp.kristdemokraterna.se\/ale\/wp-json\/wp\/v2\/media?parent=72"}],"curies":[{"name":"wp","href":"https:\/\/api.w.org\/{rel}","templated":true}]}}