{"id":39,"date":"2013-02-19T13:14:06","date_gmt":"2013-02-19T12:14:06","guid":{"rendered":"http:\/\/wp.kristdemokraterna.se\/alvesta\/event\/kategorier\/"},"modified":"2022-04-08T14:42:40","modified_gmt":"2022-04-08T12:42:40","slug":"kategorier","status":"publish","type":"page","link":"https:\/\/wp.kristdemokraterna.se\/alvesta\/kategorier\/","title":{"rendered":"Event"},"content":{"rendered":"<p><img loading=\"lazy\" decoding=\"async\" class=\"alignnone size-medium wp-image-1236\" src=\"http:\/\/wp.kristdemokraterna.se\/alvesta\/files\/2021\/02\/20210215_19522414616-j-o-ch-300x225.jpg\" alt=\"\" width=\"300\" height=\"225\" srcset=\"https:\/\/wp.kristdemokraterna.se\/alvesta\/files\/2021\/02\/20210215_19522414616-j-o-ch-300x225.jpg 300w, https:\/\/wp.kristdemokraterna.se\/alvesta\/files\/2021\/02\/20210215_19522414616-j-o-ch-540x405.jpg 540w, https:\/\/wp.kristdemokraterna.se\/alvesta\/files\/2021\/02\/20210215_19522414616-j-o-ch-768x576.jpg 768w, https:\/\/wp.kristdemokraterna.se\/alvesta\/files\/2021\/02\/20210215_19522414616-j-o-ch-1536x1152.jpg 1536w, https:\/\/wp.kristdemokraterna.se\/alvesta\/files\/2021\/02\/20210215_19522414616-j-o-ch-2048x1536.jpg 2048w, https:\/\/wp.kristdemokraterna.se\/alvesta\/files\/2021\/02\/20210215_19522414616-j-o-ch-267x200.jpg 267w, https:\/\/wp.kristdemokraterna.se\/alvesta\/files\/2021\/02\/20210215_19522414616-j-o-ch-370x278.jpg 370w, https:\/\/wp.kristdemokraterna.se\/alvesta\/files\/2021\/02\/20210215_19522414616-j-o-ch-770x578.jpg 770w, https:\/\/wp.kristdemokraterna.se\/alvesta\/files\/2021\/02\/20210215_19522414616-j-o-ch-450x338.jpg 450w, https:\/\/wp.kristdemokraterna.se\/alvesta\/files\/2021\/02\/20210215_19522414616-j-o-ch-280x210.jpg 280w, https:\/\/wp.kristdemokraterna.se\/alvesta\/files\/2021\/02\/20210215_19522414616-j-o-ch-340x255.jpg 340w, https:\/\/wp.kristdemokraterna.se\/alvesta\/files\/2021\/02\/20210215_19522414616-j-o-ch-200x150.jpg 200w, https:\/\/wp.kristdemokraterna.se\/alvesta\/files\/2021\/02\/20210215_19522414616-j-o-ch-75x56.jpg 75w\" sizes=\"auto, (max-width: 300px) 100vw, 300px\" \/><\/p>\n<p><strong>Avg\u00e5ende Ordf\u00f6rande Christer Brincner l\u00e4mnar \u00f6ver klubban till nya Ordf\u00f6rande Jessica Johansson.<\/strong><\/p>\n<p><img loading=\"lazy\" decoding=\"async\" class=\"alignnone size-medium wp-image-1237\" src=\"http:\/\/wp.kristdemokraterna.se\/alvesta\/files\/2021\/02\/20210215_19510914617-avtackning-300x225.jpg\" alt=\"\" width=\"300\" height=\"225\" srcset=\"https:\/\/wp.kristdemokraterna.se\/alvesta\/files\/2021\/02\/20210215_19510914617-avtackning-300x225.jpg 300w, https:\/\/wp.kristdemokraterna.se\/alvesta\/files\/2021\/02\/20210215_19510914617-avtackning-540x405.jpg 540w, https:\/\/wp.kristdemokraterna.se\/alvesta\/files\/2021\/02\/20210215_19510914617-avtackning-768x576.jpg 768w, https:\/\/wp.kristdemokraterna.se\/alvesta\/files\/2021\/02\/20210215_19510914617-avtackning-1536x1152.jpg 1536w, https:\/\/wp.kristdemokraterna.se\/alvesta\/files\/2021\/02\/20210215_19510914617-avtackning-2048x1536.jpg 2048w, https:\/\/wp.kristdemokraterna.se\/alvesta\/files\/2021\/02\/20210215_19510914617-avtackning-267x200.jpg 267w, https:\/\/wp.kristdemokraterna.se\/alvesta\/files\/2021\/02\/20210215_19510914617-avtackning-370x278.jpg 370w, https:\/\/wp.kristdemokraterna.se\/alvesta\/files\/2021\/02\/20210215_19510914617-avtackning-770x578.jpg 770w, https:\/\/wp.kristdemokraterna.se\/alvesta\/files\/2021\/02\/20210215_19510914617-avtackning-450x338.jpg 450w, https:\/\/wp.kristdemokraterna.se\/alvesta\/files\/2021\/02\/20210215_19510914617-avtackning-280x210.jpg 280w, https:\/\/wp.kristdemokraterna.se\/alvesta\/files\/2021\/02\/20210215_19510914617-avtackning-340x255.jpg 340w, https:\/\/wp.kristdemokraterna.se\/alvesta\/files\/2021\/02\/20210215_19510914617-avtackning-200x150.jpg 200w, https:\/\/wp.kristdemokraterna.se\/alvesta\/files\/2021\/02\/20210215_19510914617-avtackning-75x56.jpg 75w\" sizes=\"auto, (max-width: 300px) 100vw, 300px\" \/><\/p>\n<p><strong>Christer Brincner (avg\u00e5ende Ordf\u00f6rande) avtackar f\u00f6ljande medlemmar som nu l\u00e4mnar styrelsen:<\/strong><\/p>\n<p><strong>Carl-Olof Olsson &#8211; Britt-Marie Olsson &#8211; Helena Antbacke.<\/strong><\/p>\n<p><strong>&#8212;&#8212;&#8212;&#8212;&#8212;&#8212;&#8212;&#8212;&#8212;&#8212;&#8212;&#8212;&#8212;&#8212;&#8212;&#8212;&#8212;&#8212;&#8212;&#8212;&#8212;&#8212;&#8212;&#8212;&#8212;-<\/strong><\/p>\n<p>&nbsp;<\/p>\n<p>&nbsp;<\/p>\n<p>&nbsp;<\/p>\n<p>&nbsp;<\/p>\n<p style=\"text-align: left\">\n","protected":false},"excerpt":{"rendered":"<p>Avg\u00e5ende Ordf\u00f6rande Christer Brincner l\u00e4mnar \u00f6ver klubban till nya Ordf\u00f6rande Jessica Johansson. Christer Brincner (avg\u00e5ende Ordf\u00f6rande) avtackar f\u00f6ljande medlemmar som nu l\u00e4mnar styrelsen: Carl-Olof Olsson &#8211; Britt-Marie Olsson &#8211; Helena Antbacke. &#8212;&#8212;&#8212;&#8212;&#8212;&#8212;&#8212;&#8212;&#8212;&#8212;&#8212;&#8212;&#8212;&#8212;&#8212;&#8212;&#8212;&#8212;&#8212;&#8212;&#8212;&#8212;&#8212;&#8212;&#8212;- &nbsp; &nbsp; &nbsp; &nbsp;<\/p>\n","protected":false},"author":444,"featured_media":0,"parent":0,"menu_order":3,"comment_status":"closed","ping_status":"closed","template":"","meta":{"_acf_changed":false,"footnotes":""},"class_list":["post-39","page","type-page","status-publish","hentry"],"acf":[],"yoast_head":"<!-- This site is optimized with the Yoast SEO plugin v27.3 - https:\/\/yoast.com\/product\/yoast-seo-wordpress\/ -->\n<title>Event - Kristdemokraterna Alvesta<\/title>\n<meta name=\"robots\" content=\"index, follow, max-snippet:-1, max-image-preview:large, max-video-preview:-1\" \/>\n<link rel=\"canonical\" href=\"https:\/\/wp.kristdemokraterna.se\/alvesta\/kategorier\/\" \/>\n<meta property=\"og:locale\" content=\"sv_SE\" \/>\n<meta property=\"og:type\" content=\"article\" \/>\n<meta property=\"og:title\" content=\"Event - Kristdemokraterna Alvesta\" \/>\n<meta property=\"og:description\" content=\"Avg\u00e5ende Ordf\u00f6rande Christer Brincner l\u00e4mnar \u00f6ver klubban till nya Ordf\u00f6rande Jessica Johansson. Christer Brincner (avg\u00e5ende Ordf\u00f6rande) avtackar f\u00f6ljande medlemmar som nu l\u00e4mnar styrelsen: Carl-Olof Olsson &#8211; Britt-Marie Olsson &#8211; Helena Antbacke. &#8212;&#8212;&#8212;&#8212;&#8212;&#8212;&#8212;&#8212;&#8212;&#8212;&#8212;&#8212;&#8212;&#8212;&#8212;&#8212;&#8212;&#8212;&#8212;&#8212;&#8212;&#8212;&#8212;&#8212;&#8212;- &nbsp; &nbsp; &nbsp; &nbsp;\" \/>\n<meta property=\"og:url\" content=\"https:\/\/wp.kristdemokraterna.se\/alvesta\/kategorier\/\" \/>\n<meta property=\"og:site_name\" content=\"Kristdemokraterna Alvesta\" \/>\n<meta property=\"article:modified_time\" content=\"2022-04-08T12:42:40+00:00\" \/>\n<meta property=\"og:image\" content=\"http:\/\/wp.kristdemokraterna.se\/alvesta\/files\/2021\/02\/20210215_19522414616-j-o-ch-300x225.jpg\" \/>\n<meta name=\"twitter:card\" content=\"summary_large_image\" \/>\n<meta name=\"twitter:label1\" content=\"Ber\u00e4knad l\u00e4stid\" \/>\n\t<meta name=\"twitter:data1\" content=\"1 minut\" \/>\n<script type=\"application\/ld+json\" class=\"yoast-schema-graph\">{\"@context\":\"https:\\\/\\\/schema.org\",\"@graph\":[{\"@type\":\"WebPage\",\"@id\":\"https:\\\/\\\/wp.kristdemokraterna.se\\\/alvesta\\\/kategorier\\\/\",\"url\":\"https:\\\/\\\/wp.kristdemokraterna.se\\\/alvesta\\\/kategorier\\\/\",\"name\":\"Event - Kristdemokraterna Alvesta\",\"isPartOf\":{\"@id\":\"https:\\\/\\\/wp.kristdemokraterna.se\\\/alvesta\\\/#website\"},\"primaryImageOfPage\":{\"@id\":\"https:\\\/\\\/wp.kristdemokraterna.se\\\/alvesta\\\/kategorier\\\/#primaryimage\"},\"image\":{\"@id\":\"https:\\\/\\\/wp.kristdemokraterna.se\\\/alvesta\\\/kategorier\\\/#primaryimage\"},\"thumbnailUrl\":\"http:\\\/\\\/wp.kristdemokraterna.se\\\/alvesta\\\/files\\\/2021\\\/02\\\/20210215_19522414616-j-o-ch-300x225.jpg\",\"datePublished\":\"2013-02-19T12:14:06+00:00\",\"dateModified\":\"2022-04-08T12:42:40+00:00\",\"breadcrumb\":{\"@id\":\"https:\\\/\\\/wp.kristdemokraterna.se\\\/alvesta\\\/kategorier\\\/#breadcrumb\"},\"inLanguage\":\"sv-SE\",\"potentialAction\":[{\"@type\":\"ReadAction\",\"target\":[\"https:\\\/\\\/wp.kristdemokraterna.se\\\/alvesta\\\/kategorier\\\/\"]}]},{\"@type\":\"ImageObject\",\"inLanguage\":\"sv-SE\",\"@id\":\"https:\\\/\\\/wp.kristdemokraterna.se\\\/alvesta\\\/kategorier\\\/#primaryimage\",\"url\":\"http:\\\/\\\/wp.kristdemokraterna.se\\\/alvesta\\\/files\\\/2021\\\/02\\\/20210215_19522414616-j-o-ch-300x225.jpg\",\"contentUrl\":\"http:\\\/\\\/wp.kristdemokraterna.se\\\/alvesta\\\/files\\\/2021\\\/02\\\/20210215_19522414616-j-o-ch-300x225.jpg\"},{\"@type\":\"BreadcrumbList\",\"@id\":\"https:\\\/\\\/wp.kristdemokraterna.se\\\/alvesta\\\/kategorier\\\/#breadcrumb\",\"itemListElement\":[{\"@type\":\"ListItem\",\"position\":1,\"name\":\"Hem\",\"item\":\"https:\\\/\\\/wp.kristdemokraterna.se\\\/alvesta\\\/\"},{\"@type\":\"ListItem\",\"position\":2,\"name\":\"Event\"}]},{\"@type\":\"WebSite\",\"@id\":\"https:\\\/\\\/wp.kristdemokraterna.se\\\/alvesta\\\/#website\",\"url\":\"https:\\\/\\\/wp.kristdemokraterna.se\\\/alvesta\\\/\",\"name\":\"Kristdemokraterna Alvesta\",\"description\":\"En till Kristdemokraterna webbplats\",\"inLanguage\":\"sv-SE\"}]}<\/script>\n<!-- \/ Yoast SEO plugin. -->","yoast_head_json":{"title":"Event - Kristdemokraterna Alvesta","robots":{"index":"index","follow":"follow","max-snippet":"max-snippet:-1","max-image-preview":"max-image-preview:large","max-video-preview":"max-video-preview:-1"},"canonical":"https:\/\/wp.kristdemokraterna.se\/alvesta\/kategorier\/","og_locale":"sv_SE","og_type":"article","og_title":"Event - Kristdemokraterna Alvesta","og_description":"Avg\u00e5ende Ordf\u00f6rande Christer Brincner l\u00e4mnar \u00f6ver klubban till nya Ordf\u00f6rande Jessica Johansson. Christer Brincner (avg\u00e5ende Ordf\u00f6rande) avtackar f\u00f6ljande medlemmar som nu l\u00e4mnar styrelsen: Carl-Olof Olsson &#8211; Britt-Marie Olsson &#8211; Helena Antbacke. &#8212;&#8212;&#8212;&#8212;&#8212;&#8212;&#8212;&#8212;&#8212;&#8212;&#8212;&#8212;&#8212;&#8212;&#8212;&#8212;&#8212;&#8212;&#8212;&#8212;&#8212;&#8212;&#8212;&#8212;&#8212;- &nbsp; &nbsp; &nbsp; &nbsp;","og_url":"https:\/\/wp.kristdemokraterna.se\/alvesta\/kategorier\/","og_site_name":"Kristdemokraterna Alvesta","article_modified_time":"2022-04-08T12:42:40+00:00","og_image":[{"url":"http:\/\/wp.kristdemokraterna.se\/alvesta\/files\/2021\/02\/20210215_19522414616-j-o-ch-300x225.jpg","type":"","width":"","height":""}],"twitter_card":"summary_large_image","twitter_misc":{"Ber\u00e4knad l\u00e4stid":"1 minut"},"schema":{"@context":"https:\/\/schema.org","@graph":[{"@type":"WebPage","@id":"https:\/\/wp.kristdemokraterna.se\/alvesta\/kategorier\/","url":"https:\/\/wp.kristdemokraterna.se\/alvesta\/kategorier\/","name":"Event - Kristdemokraterna Alvesta","isPartOf":{"@id":"https:\/\/wp.kristdemokraterna.se\/alvesta\/#website"},"primaryImageOfPage":{"@id":"https:\/\/wp.kristdemokraterna.se\/alvesta\/kategorier\/#primaryimage"},"image":{"@id":"https:\/\/wp.kristdemokraterna.se\/alvesta\/kategorier\/#primaryimage"},"thumbnailUrl":"http:\/\/wp.kristdemokraterna.se\/alvesta\/files\/2021\/02\/20210215_19522414616-j-o-ch-300x225.jpg","datePublished":"2013-02-19T12:14:06+00:00","dateModified":"2022-04-08T12:42:40+00:00","breadcrumb":{"@id":"https:\/\/wp.kristdemokraterna.se\/alvesta\/kategorier\/#breadcrumb"},"inLanguage":"sv-SE","potentialAction":[{"@type":"ReadAction","target":["https:\/\/wp.kristdemokraterna.se\/alvesta\/kategorier\/"]}]},{"@type":"ImageObject","inLanguage":"sv-SE","@id":"https:\/\/wp.kristdemokraterna.se\/alvesta\/kategorier\/#primaryimage","url":"http:\/\/wp.kristdemokraterna.se\/alvesta\/files\/2021\/02\/20210215_19522414616-j-o-ch-300x225.jpg","contentUrl":"http:\/\/wp.kristdemokraterna.se\/alvesta\/files\/2021\/02\/20210215_19522414616-j-o-ch-300x225.jpg"},{"@type":"BreadcrumbList","@id":"https:\/\/wp.kristdemokraterna.se\/alvesta\/kategorier\/#breadcrumb","itemListElement":[{"@type":"ListItem","position":1,"name":"Hem","item":"https:\/\/wp.kristdemokraterna.se\/alvesta\/"},{"@type":"ListItem","position":2,"name":"Event"}]},{"@type":"WebSite","@id":"https:\/\/wp.kristdemokraterna.se\/alvesta\/#website","url":"https:\/\/wp.kristdemokraterna.se\/alvesta\/","name":"Kristdemokraterna Alvesta","description":"En till Kristdemokraterna webbplats","inLanguage":"sv-SE"}]}},"_links":{"self":[{"href":"https:\/\/wp.kristdemokraterna.se\/alvesta\/wp-json\/wp\/v2\/pages\/39","targetHints":{"allow":["GET"]}}],"collection":[{"href":"https:\/\/wp.kristdemokraterna.se\/alvesta\/wp-json\/wp\/v2\/pages"}],"about":[{"href":"https:\/\/wp.kristdemokraterna.se\/alvesta\/wp-json\/wp\/v2\/types\/page"}],"author":[{"embeddable":true,"href":"https:\/\/wp.kristdemokraterna.se\/alvesta\/wp-json\/wp\/v2\/users\/444"}],"replies":[{"embeddable":true,"href":"https:\/\/wp.kristdemokraterna.se\/alvesta\/wp-json\/wp\/v2\/comments?post=39"}],"version-history":[{"count":52,"href":"https:\/\/wp.kristdemokraterna.se\/alvesta\/wp-json\/wp\/v2\/pages\/39\/revisions"}],"predecessor-version":[{"id":2495,"href":"https:\/\/wp.kristdemokraterna.se\/alvesta\/wp-json\/wp\/v2\/pages\/39\/revisions\/2495"}],"wp:attachment":[{"href":"https:\/\/wp.kristdemokraterna.se\/alvesta\/wp-json\/wp\/v2\/media?parent=39"}],"curies":[{"name":"wp","href":"https:\/\/api.w.org\/{rel}","templated":true}]}}