{"id":515,"date":"2020-09-02T14:24:03","date_gmt":"2020-09-02T12:24:03","guid":{"rendered":"http:\/\/wp.kristdemokraterna.se\/alvesta\/?page_id=515"},"modified":"2021-12-06T11:02:12","modified_gmt":"2021-12-06T10:02:12","slug":"insandare","status":"publish","type":"page","link":"https:\/\/wp.kristdemokraterna.se\/alvesta\/insandare\/","title":{"rendered":"Ins\u00e4ndare"},"content":{"rendered":"<div dir=\"auto\">\n<div class=\"o9v6fnle cxmmr5t8 oygrvhab hcukyx3x c1et5uql ii04i59q\">\n<div dir=\"auto\">\n<div class=\"Cell__Cell-jsYrZv iMeshw padded-desktop article-header-title article-element\">\n<h4>__________________________________________________________________<\/h4>\n<h4>Alvesta\u00a0 den 25 November 2020<\/h4>\n<h4><strong>F\u00f6r att l\u00e4sa Alliansens Budget f\u00f6r 2021 klicka p\u00e5 nedan l\u00e4nk:<\/strong><\/h4>\n<p><a href=\"http:\/\/wp.kristdemokraterna.se\/alvesta\/files\/2020\/11\/budget-2021-ver2.pdf\" target=\"_blank\" rel=\"noopener noreferrer\">Budget 2021 ver2<\/a><\/p>\n<\/div>\n<div class=\"Cell__Cell-jsYrZv iMeshw padded-desktop article-header-title article-element\">\n<h4>___________________________________________________________________<\/h4>\n<h4>Sm\u00e5landsposten den 25 November 2020<\/h4>\n<h1 class=\"component__headline\">Alvesta: Styret f\u00f6rlorar budgeten<\/h1>\n<p><em><strong>L\u00e4nk till denna sidan i SMP finns h\u00e4r:<\/strong><\/em> <a href=\"https:\/\/www.smp.se\/alvesta\/alvesta-styret-forlorar-budgeten-6d4faddf\" target=\"_blank\" rel=\"noopener noreferrer\">https:\/\/www.smp.se\/alvesta\/alvesta-styret-forlorar-budgeten-6d4faddf<\/a><\/p>\n<h4>___________________________________________________________________<\/h4>\n<h4>Kristdemokraterna Alvesta 2020-11-25<\/h4>\n<p>Idag den 24 Nov. 2020 var det kommunfullm\u00e4ktige i Alvesta kommun. Debatten varade i ca 5 timmar. Det var sp\u00e4nnande. 4 budgetar l\u00e4mnades in S C V, M KD och L, SD och Aa.<br \/>\nDen sista voteringen fick S C V 23 r\u00f6ster MP valde att avst\u00e5 sin r\u00f6st &#8211; M KD L SD och Aa fick 25 r\u00f6ster. Detta inneb\u00e4r att Alliansbudgeten best\u00e4mmer \u00f6ver ekonomin 2021. Vi i alliansen tar ansvar f\u00f6r Alvesta kommun. Mer information kommer efter hand p\u00e5 v\u00e5r hemsida.<\/p>\n<p><strong>Christer Brincner &#8211; Ordf\u00f6rande gruppledare f\u00f6r KD Kristdemokraterna i Alvesta<\/strong><\/p>\n<h4>___________________________________________________________________<\/h4>\n<\/div>\n<\/div>\n<div dir=\"auto\">\n<div class=\"Cell__Cell-jsYrZv iMeshw padded-desktop article-header-title article-element\">\n<h4><strong>Kristdemokraterna Alvesta 2020-11-21<\/strong><\/h4>\n<h4><em>Ett stort tack fr\u00e5n v\u00e5r Partiavdelningsordf\u00f6rande Christer Brincner\u00a0 KD Alvesta till samtliga medarbetare i Alvesta kommun under detta sv\u00e5ra \u00e5r med Covid 19.<\/em><\/h4>\n<p>Vill b\u00f6rja med att tacka samtliga medarbetare i Alvesta kommun. Ni har alla klivit fram i en tid av kris och utf\u00f6rt era arbetsuppgifter och gjort ett fantastiskt arbete i hanteringen av Covid 19 under mycket sv\u00e5ra och utmanande f\u00f6rh\u00e5llanden. Vi hoppas att 2021 ska bli ett b\u00e4ttre \u00e5r s\u00e5 vi kan b\u00f6rja \u00e5terg\u00e5 till mera normala f\u00f6rh\u00e5llande.<\/p>\n<p>Vi vill ocks\u00e5 tacka alla v\u00e5ra tj\u00e4nstem\u00e4n p\u00e5 kommunledningsf\u00f6rvaltningen och ekonomikontoret som har hj\u00e4lpt till att ta fram material till oss f\u00f6r v\u00e5rat budgetarbete. Vi tar ansvar i v\u00e5ran Allians budget, vi n\u00e5r 2 % i \u00f6verskott. Vi har stora investeringsbehov de kommande \u00e5ren i omsorgen och skolan. Vi vill \u00f6ronm\u00e4rka statsbidraget som \u00e4r p\u00e5 lite mer \u00e4n 8 miljoner till Omsorgen!<br \/>\nDet ska anv\u00e4ndas till att s\u00e4tta upp takskenor i alla l\u00e4genheter p\u00e5 \u00e4ldreboende i kommunen och till att anst\u00e4lla fler undersk\u00f6terskor f\u00f6r att vi ska kunna ta bort de delade turerna. Vi m\u00e5ste h\u00f6ja statusen f\u00f6r yrket Undersk\u00f6terska i Alvesta kommun.<\/p>\n<p>Vi \u00e4r positiva till den lokalf\u00f6rs\u00f6rjningsstrategi som tagits fram under 2020 f\u00f6r att m\u00f6ta behoven av lokaler i hela kommunen och idrottshall i Alvesta. Det har varit politisk l\u00e5sning i m\u00e5nga \u00e5r vilket har gjort att i m\u00e5nga skolor \u00e4r man tr\u00e5ngbodda. Ta bort moduler i Vislanda och bygg ut Vislandaskolan. Bygga ny f\u00f6rskola och skola i Grimsl\u00f6v.<\/p>\n<p>Kunskapsresultaten i grundskolan ska h\u00f6jas s\u00e5 att en h\u00f6gre andel av eleverna n\u00e5r beh\u00f6righet till gymnasiet och d\u00e4rmed ger m\u00f6jlighet att s\u00f6ka vidare. Till sist vi har stora m\u00f6jligheter i kommunen men \u00e4ven stora utmaningar. <strong><em>Det handlar om att prioritera, vi kan inte lova allt till alla, men det vi lovar ska vi h\u00e5lla<\/em><\/strong>. V\u00e5rt fokus \u00e4r att alltid f\u00e5 ut det mesta av varje skattekrona i alla l\u00e4gen.<\/p>\n<p><strong>MVH<\/strong><\/p>\n<p><strong>Christer Brincner\/Partiavdelningsordf\u00f6rande Kristdemokraterna i Alvesta kommun.<\/strong><\/p>\n<h4>___________________________________________________________________<\/h4>\n<h4>Sm\u00e5landsposten den 2020-11-21<\/h4>\n<h1 class=\"component__headline\">Alliansen \u201dr\u00e4ddar\u201d inte n\u00e4mnderna: \u201dSkickar vi in pengar f\u00f6rsvinner incitamentet att spara\u201d<\/h1>\n<\/div>\n<div class=\"Cell__Cell-jsYrZv iMeshw padded-desktop article-header-leadins article-element\">\n<div class=\"component__list__leadin\"><\/div>\n<\/div>\n<div>\n<div class=\"Cell__Cell-jsYrZv iMeshw article-content-element padded-desktop\">\n<p><em><strong>L\u00e4nk till denna sidan i SMP finns h\u00e4r:<\/strong><\/em> <a href=\"https:\/\/www.smp.se\/alvesta\/alliansen-raddar-inte-namnderna-skickar-vi-in-pengar-forsvinner-incitamentet-att-spara-00876e56\" target=\"_blank\" rel=\"noopener noreferrer\">https:\/\/www.smp.se\/alvesta\/alliansen-raddar-inte-namnderna-skickar-vi-in-pengar-forsvinner-incitamentet-att-spara-00876e56<\/a><\/p>\n<\/div>\n<\/div>\n<p>___________________________________________________________________<\/p>\n<\/div>\n<\/div>\n<\/div>\n<p><strong>Kristdemokraterna Alvesta 2020-10-02<\/strong><\/p>\n<div dir=\"auto\">\n<div class=\"o9v6fnle cxmmr5t8 oygrvhab hcukyx3x c1et5uql ii04i59q\">\n<div dir=\"auto\">\n<p>Det beh\u00f6vs fler cykelv\u00e4gar i Alvesta kommun f\u00f6r att alla som cyklar ska kunna ta sej fram p\u00e5 ett s\u00e4kert s\u00e4tt.<br \/>\nVi vill att cykelv\u00e4gar byggs mellan Alvesta till Hjortsberga Alvesta till Lekaryd Alvesta till Gemla mellan Vislanda och Grimsl\u00f6v. Tycker du som vi?<br \/>\nVar med och p\u00e5verka. <strong>Bli medlem i KD Kristdemokraterna nu!<\/strong><\/p>\n<p>___________________________________________________________________<\/p>\n<p><strong>Kristdemokraterna Alvesta 2020-09-30<\/strong><\/p>\n<p>Ig\u00e5r p\u00e5 kommunfullm\u00e4ktige behandlades v\u00e5r motion om att vi vill att krav s\u00e4tts p\u00e5 dem som f\u00e5r socialbidrag med en motprestation p\u00e5 20 timmar i veckan, genom att utf\u00f6ra enklare arbetsuppgifter inom kommunen eller f\u00f6reningar. Men den fick avslag med motiveringen att det redan g\u00f6rs, men enligt en ny studie framkommer att i Alvesta kommun lever flest p\u00e5 socialbidrag i hela Kronobergs l\u00e4n. Det \u00e4r anm\u00e4rkningsv\u00e4rt. Det visar att h\u00e4r finns mer att g\u00f6ra f\u00f6r att f\u00e5 ut dem i arbete och inte l\u00e5ta dem passiviseras. Det m\u00e5r alla bra av, \u00e4ven de som m\u00e5ste leva p\u00e5 socialbidrag.<\/p>\n<\/div>\n<p>___________________________________________________________________<\/p>\n<div dir=\"auto\">\n<p><strong>Ins\u00e4ndare i Sm\u00e5landsposten fr\u00e5n Kristdemokraterna i Alvesta \u2013 Christer Brincner.<\/strong><\/p>\n<p><strong>2020-08-15<\/strong><\/p>\n<p>Nu m\u00e5ste vi s\u00e4tta fart och hitta bra l\u00f6sningar f\u00f6r skolorna i Alvesta kommun. Alvesta kommun v\u00e4xer och fler elever ska ha en ska skolmilj\u00f6 att komma till. Vi i Kristdemokraterna i Alvesta vill att man bygger en nu skola p\u00e5 Sp\u00e5ningslanda omr\u00e5det. Barnen skall ha n\u00e4ra till skolan, en trygg v\u00e4g till skolan. Vi bes\u00f6kte Pr\u00e4st\u00e4ngsskolan i Alvesta och fick se s\u00e5 tr\u00e5ngbodda lokaler man har byggt till men det var tr\u00e5ngt f\u00f6r elever och l\u00e4rare. L\u00e4s\u00e5ret 2013 \u2013 2014 gick d\u00e4r 327 elever och l\u00e4s\u00e5ret 2019 \u2013 2020 gick d\u00e4r 444 elever \u2013 en \u00f6kning med 117 elever och de har en stor utmaning med lokalfr\u00e5gan. S\u00c5 h\u00e4r kan inte v\u00e5ra ungdomar ha det. Vi m\u00e5ste ocks\u00e5 t\u00e4nka p\u00e5 arbetsmilj\u00f6n f\u00f6r v\u00e5ra l\u00e4rare. Vi gjorde \u00e4ven ett bes\u00f6k p\u00e5 Gr\u00f6nkullaskolan d\u00e4r det fanns tomma lokaler som inte anv\u00e4nds. En resurs och kanske kan man f\u00f6rdela lokaler.<\/p>\n<p>Man har pratat mycket om utvecklingsskolor i Alvesta kommun s\u00e5 vi v\u00e4ntar p\u00e5<br \/>\nskolutredning \u2013 men det \u00e4r br\u00e5ttom.<\/p>\n<p>___________________________________________________________________<\/p>\n<\/div>\n<div dir=\"auto\"><strong>2020-03-09<\/strong><\/div>\n<div dir=\"auto\"><\/div>\n<\/div>\n<\/div>\n<div dir=\"auto\">\n<div class=\"kvgmc6g5 cxmmr5t8 oygrvhab hcukyx3x c1et5uql ii04i59q\">\n<div dir=\"auto\"><strong>IDAG FICK VI IN V\u00c5R INS\u00c4NDARE I SM\u00c5LANDSPOSTEN!<\/strong><\/div>\n<div dir=\"auto\">\n<p>Det beh\u00f6vs fler enkla jobb p\u00e5 svensk arbetsmarknad. En anledning till det \u00e4r att det kommit m\u00e5nga flyktingar till kommunen som endast g\u00e5tt n\u00e5gra f\u00e5 \u00e5r i skola eller aldrig g\u00e5tt i n\u00e5gon skola och \u00e4r analfabeter. N\u00e4r de f\u00e5tt uppeh\u00e5llstillst\u00e5nd i Sverige tar det d\u00e4rf\u00f6r mycket l\u00e5ng tid f\u00f6r dem att komma ut p\u00e5 arbetsmarknaden. D\u00e4rf\u00f6r vill Kristdemokraterna i Alvesta kommun inf\u00f6ra en ny anst\u00e4llningsform \u2013 introduktionsanst\u00e4llningar. En introduktionsanst\u00e4llning ska vara som en vanlig anst\u00e4llning med den skillnaden att ing\u00e5ngsl\u00f6nen f\u00e5r vara 75 procent av l\u00e4gsta l\u00f6n eller ing\u00e5ngsl\u00f6n enligt kollektivavtal. Detta bygger p\u00e5 att 25 procent av arbetstiden f\u00f6rv\u00e4ntas g\u00e5 \u00e5t till att praktiskt l\u00e4ra sig jobbet p\u00e5 jobbet. Introduktionsanst\u00e4llningar \u00e4r ingen arbetsmarknads\u00e5tg\u00e4rd.<\/p>\n<\/div>\n<div dir=\"auto\">\n<div dir=\"auto\">Vi i Kristdemokraterna i Alvesta \u00e4r starkt kritiska Hur man har behandlat de fastanst\u00e4llda l\u00e4karna p\u00e5 V\u00e5rdcentralen i Alvesta s\u00e5 de tvingats sluta.<\/div>\n<div dir=\"auto\">VI kr\u00e4ver att Region Kronoberg tar tag i detta.<\/div>\n<div dir=\"auto\">Vad var orsaken till att de slutade? Om det beror p\u00e5 samarbetssv\u00e5righeter fr\u00e5n chefen s\u00e5 \u00e4r det chefen som ska avg\u00e5, inte l\u00e4karna<\/div>\n<div dir=\"auto\">Den som \u00e4r i behov av v\u00e5rd ska kunna lita p\u00e5 att man f\u00e5r en trygg och s\u00e4ker v\u00e5rd av l\u00e4kare som man f\u00e5r tr\u00e4ffa kontinuerligt. Det f\u00e5r man inte av hyrl\u00e4kare.<\/div>\n<div dir=\"auto\">VI vill ocks\u00e5 att anst\u00e4llningsformen med hyrl\u00e4kare skall upph\u00f6ra och ge fastanst\u00e4llda l\u00e4kare en bra l\u00f6n ist\u00e4llet.<\/div>\n<div dir=\"auto\">G\u00d6R OM, G\u00d6R R\u00c4TT<\/div>\n<p><strong>Christer Brincner<\/strong><\/p>\n<\/div>\n<\/div>\n<div class=\"o9v6fnle cxmmr5t8 oygrvhab hcukyx3x c1et5uql ii04i59q\">\n<div dir=\"auto\">\n<p>___________________________________________________________________<\/p>\n<p><strong>2020-08-27<\/strong><\/p>\n<div dir=\"auto\">\n<p><strong>NU M\u00c5STE VI PRIORITERA PR\u00c4ST\u00c4NGSKOLAN.<\/strong> Nu \u00e4r det dags att satsa p\u00e5 barnen och l\u00e4rarnas arbetsmilj\u00f6 p\u00e5 Pr\u00e4st\u00e4ngskolan anser vi Kristdemokrater i Alvesta kommun. Vi var d\u00e4r i tidigt i v\u00e5ras och fick se s\u00e5 tr\u00e5ngbodda de \u00e4r b\u00e5de inomhus och ute p\u00e5 skolg\u00e5rden. Barnantalet har \u00f6kat med 125 barn p\u00e5 6 \u00e5r och nu till h\u00f6stterminen kommer ytterligare ca 25 barn att b\u00f6rja p\u00e5 skolan. Nu \u00e4r bristningsgr\u00e4nsen n\u00e5dd d\u00e4r. Det finns tomma skollokaler p\u00e5 Gr\u00f6nkullaskolan som snabbt kan g\u00f6ras i ordning till klassrum. P\u00e5 Stenlyckeskolan finns skollokaler som idag anv\u00e4nds av Omsorgsn\u00e4mnden. Varf\u00f6r ska den n\u00e4mnden finnas p\u00e5 en skola? V\u00e5rt f\u00f6rslag \u00e4r att flytta p\u00e5 Omsorgsn\u00e4mnden till andra lediga lokaler i samh\u00e4llet. P\u00e5 s\u00e5 s\u00e4tt kan fler klassrum frig\u00f6ras. Kanske \u00e5rskurs 6 kunde flytta ner fr\u00e5n Pr\u00e4st\u00e4ngskolan till Stenlyckeskolan! Men eftersom det byggs m\u00e5nga nya hus och l\u00e4genheter p\u00e5 \u00d6ster i Alvesta och ute vid Hanasl\u00f6vsomr\u00e5det, kommer inte detta att r\u00e4cka.<\/p>\n<p>Vi Kristdemokrater vill att en ny Grundskola byggs p\u00e5 Sp\u00e5ningslanda omg\u00e5ende. Det \u00e4r detta som b\u00f6r prioriteras inf\u00f6r kommande budget\u00e5r, anser vi inom Kristdemokraterna i Alvesta kommun.<\/p>\n<\/div>\n<div dir=\"auto\">\n<div class=\"o9v6fnle cxmmr5t8 oygrvhab hcukyx3x c1et5uql ii04i59q\">\n<div dir=\"auto\">\n<p>Det \u00e4r dags att satsa p\u00e5 barnen nu! Barnen \u00e4r v\u00e5r framtid!<\/p>\n<p>___________________________________________________________________<\/p>\n<\/div>\n<\/div>\n<\/div>\n<div dir=\"auto\">\n<div class=\"o9v6fnle cxmmr5t8 oygrvhab hcukyx3x c1et5uql ii04i59q\">\n<div dir=\"auto\">\n<p><strong>2019-02-24<\/strong><\/p>\n<\/div>\n<\/div>\n<\/div>\n<div dir=\"auto\">Strandpromenad runt sj\u00f6n Salen<\/div>\n<div dir=\"auto\">\n<div dir=\"auto\">Mitt i Alvesta Centrum ligger vackra sj\u00f6n Salen, tyv\u00e4rr \u00e4r den inte s\u00e5 tillg\u00e4nglig f\u00f6r de boende i Alvesta som den kunde vara p.g.a buskar och sly som skymmer sj\u00f6utsikten. V\u00e5rt f\u00f6rslag \u00e4r att ta bort all sly som v\u00e4xer p\u00e5 v\u00e4gen fr\u00e5n j\u00e4rnv\u00e4gsbron fram till reningsverket och g\u00f6ra den str\u00e4ckan till en vacker strandpromenad som sedan forts\u00e4tter \u00f6ver bron och upp mot klosteromr\u00e5det. D\u00e4rifr\u00e5n anl\u00e4gga en bro \u00f6ver sj\u00f6n Salen till andra sidan sj\u00f6n vid V\u00e4xj\u00f6v\u00e4gen. Fr\u00e5n bron g\u00f6ra en strandpromenad fram till nuvarande promenadstr\u00e5k vid V\u00e4xj\u00f6v\u00e4gen.<\/div>\n<\/div>\n<\/div>\n<\/div>\n<\/div>\n","protected":false},"excerpt":{"rendered":"<p>__________________________________________________________________ Alvesta\u00a0 den 25 November 2020 F\u00f6r att l\u00e4sa Alliansens Budget f\u00f6r 2021 klicka p\u00e5 nedan l\u00e4nk: Budget 2021 ver2 ___________________________________________________________________ Sm\u00e5landsposten den 25 November 2020 Alvesta: Styret f\u00f6rlorar budgeten L\u00e4nk till denna sidan i SMP finns h\u00e4r: https:\/\/www.smp.se\/alvesta\/alvesta-styret-forlorar-budgeten-6d4faddf ___________________________________________________________________ Kristdemokraterna Alvesta 2020-11-25 Idag den 24 Nov. 2020 var det kommunfullm\u00e4ktige i Alvesta kommun. Debatten <a class=\"read-more-link\" href=\"https:\/\/wp.kristdemokraterna.se\/alvesta\/insandare\/\">Read More<\/a><\/p>\n","protected":false},"author":444,"featured_media":0,"parent":0,"menu_order":0,"comment_status":"closed","ping_status":"closed","template":"","meta":{"_acf_changed":false,"footnotes":""},"class_list":["post-515","page","type-page","status-publish","hentry"],"acf":[],"yoast_head":"<!-- This site is optimized with the Yoast SEO plugin v27.3 - https:\/\/yoast.com\/product\/yoast-seo-wordpress\/ -->\n<title>Ins\u00e4ndare - Kristdemokraterna Alvesta<\/title>\n<meta name=\"robots\" content=\"index, follow, max-snippet:-1, max-image-preview:large, max-video-preview:-1\" \/>\n<link rel=\"canonical\" href=\"https:\/\/wp.kristdemokraterna.se\/alvesta\/insandare\/\" \/>\n<meta property=\"og:locale\" content=\"sv_SE\" \/>\n<meta property=\"og:type\" content=\"article\" \/>\n<meta property=\"og:title\" content=\"Ins\u00e4ndare - Kristdemokraterna Alvesta\" \/>\n<meta property=\"og:description\" content=\"__________________________________________________________________ Alvesta\u00a0 den 25 November 2020 F\u00f6r att l\u00e4sa Alliansens Budget f\u00f6r 2021 klicka p\u00e5 nedan l\u00e4nk: Budget 2021 ver2 ___________________________________________________________________ Sm\u00e5landsposten den 25 November 2020 Alvesta: Styret f\u00f6rlorar budgeten L\u00e4nk till denna sidan i SMP finns h\u00e4r: https:\/\/www.smp.se\/alvesta\/alvesta-styret-forlorar-budgeten-6d4faddf ___________________________________________________________________ Kristdemokraterna Alvesta 2020-11-25 Idag den 24 Nov. 2020 var det kommunfullm\u00e4ktige i Alvesta kommun. Debatten Read More\" \/>\n<meta property=\"og:url\" content=\"https:\/\/wp.kristdemokraterna.se\/alvesta\/insandare\/\" \/>\n<meta property=\"og:site_name\" content=\"Kristdemokraterna Alvesta\" \/>\n<meta property=\"article:modified_time\" content=\"2021-12-06T10:02:12+00:00\" \/>\n<meta name=\"twitter:card\" content=\"summary_large_image\" \/>\n<meta name=\"twitter:label1\" content=\"Ber\u00e4knad l\u00e4stid\" \/>\n\t<meta name=\"twitter:data1\" content=\"6 minuter\" \/>\n<script type=\"application\/ld+json\" class=\"yoast-schema-graph\">{\"@context\":\"https:\\\/\\\/schema.org\",\"@graph\":[{\"@type\":\"WebPage\",\"@id\":\"https:\\\/\\\/wp.kristdemokraterna.se\\\/alvesta\\\/insandare\\\/\",\"url\":\"https:\\\/\\\/wp.kristdemokraterna.se\\\/alvesta\\\/insandare\\\/\",\"name\":\"Ins\u00e4ndare - Kristdemokraterna Alvesta\",\"isPartOf\":{\"@id\":\"https:\\\/\\\/wp.kristdemokraterna.se\\\/alvesta\\\/#website\"},\"datePublished\":\"2020-09-02T12:24:03+00:00\",\"dateModified\":\"2021-12-06T10:02:12+00:00\",\"breadcrumb\":{\"@id\":\"https:\\\/\\\/wp.kristdemokraterna.se\\\/alvesta\\\/insandare\\\/#breadcrumb\"},\"inLanguage\":\"sv-SE\",\"potentialAction\":[{\"@type\":\"ReadAction\",\"target\":[\"https:\\\/\\\/wp.kristdemokraterna.se\\\/alvesta\\\/insandare\\\/\"]}]},{\"@type\":\"BreadcrumbList\",\"@id\":\"https:\\\/\\\/wp.kristdemokraterna.se\\\/alvesta\\\/insandare\\\/#breadcrumb\",\"itemListElement\":[{\"@type\":\"ListItem\",\"position\":1,\"name\":\"Hem\",\"item\":\"https:\\\/\\\/wp.kristdemokraterna.se\\\/alvesta\\\/\"},{\"@type\":\"ListItem\",\"position\":2,\"name\":\"Ins\u00e4ndare\"}]},{\"@type\":\"WebSite\",\"@id\":\"https:\\\/\\\/wp.kristdemokraterna.se\\\/alvesta\\\/#website\",\"url\":\"https:\\\/\\\/wp.kristdemokraterna.se\\\/alvesta\\\/\",\"name\":\"Kristdemokraterna Alvesta\",\"description\":\"En till Kristdemokraterna webbplats\",\"inLanguage\":\"sv-SE\"}]}<\/script>\n<!-- \/ Yoast SEO plugin. -->","yoast_head_json":{"title":"Ins\u00e4ndare - Kristdemokraterna Alvesta","robots":{"index":"index","follow":"follow","max-snippet":"max-snippet:-1","max-image-preview":"max-image-preview:large","max-video-preview":"max-video-preview:-1"},"canonical":"https:\/\/wp.kristdemokraterna.se\/alvesta\/insandare\/","og_locale":"sv_SE","og_type":"article","og_title":"Ins\u00e4ndare - Kristdemokraterna Alvesta","og_description":"__________________________________________________________________ Alvesta\u00a0 den 25 November 2020 F\u00f6r att l\u00e4sa Alliansens Budget f\u00f6r 2021 klicka p\u00e5 nedan l\u00e4nk: Budget 2021 ver2 ___________________________________________________________________ Sm\u00e5landsposten den 25 November 2020 Alvesta: Styret f\u00f6rlorar budgeten L\u00e4nk till denna sidan i SMP finns h\u00e4r: https:\/\/www.smp.se\/alvesta\/alvesta-styret-forlorar-budgeten-6d4faddf ___________________________________________________________________ Kristdemokraterna Alvesta 2020-11-25 Idag den 24 Nov. 2020 var det kommunfullm\u00e4ktige i Alvesta kommun. Debatten Read More","og_url":"https:\/\/wp.kristdemokraterna.se\/alvesta\/insandare\/","og_site_name":"Kristdemokraterna Alvesta","article_modified_time":"2021-12-06T10:02:12+00:00","twitter_card":"summary_large_image","twitter_misc":{"Ber\u00e4knad l\u00e4stid":"6 minuter"},"schema":{"@context":"https:\/\/schema.org","@graph":[{"@type":"WebPage","@id":"https:\/\/wp.kristdemokraterna.se\/alvesta\/insandare\/","url":"https:\/\/wp.kristdemokraterna.se\/alvesta\/insandare\/","name":"Ins\u00e4ndare - Kristdemokraterna Alvesta","isPartOf":{"@id":"https:\/\/wp.kristdemokraterna.se\/alvesta\/#website"},"datePublished":"2020-09-02T12:24:03+00:00","dateModified":"2021-12-06T10:02:12+00:00","breadcrumb":{"@id":"https:\/\/wp.kristdemokraterna.se\/alvesta\/insandare\/#breadcrumb"},"inLanguage":"sv-SE","potentialAction":[{"@type":"ReadAction","target":["https:\/\/wp.kristdemokraterna.se\/alvesta\/insandare\/"]}]},{"@type":"BreadcrumbList","@id":"https:\/\/wp.kristdemokraterna.se\/alvesta\/insandare\/#breadcrumb","itemListElement":[{"@type":"ListItem","position":1,"name":"Hem","item":"https:\/\/wp.kristdemokraterna.se\/alvesta\/"},{"@type":"ListItem","position":2,"name":"Ins\u00e4ndare"}]},{"@type":"WebSite","@id":"https:\/\/wp.kristdemokraterna.se\/alvesta\/#website","url":"https:\/\/wp.kristdemokraterna.se\/alvesta\/","name":"Kristdemokraterna Alvesta","description":"En till Kristdemokraterna webbplats","inLanguage":"sv-SE"}]}},"_links":{"self":[{"href":"https:\/\/wp.kristdemokraterna.se\/alvesta\/wp-json\/wp\/v2\/pages\/515","targetHints":{"allow":["GET"]}}],"collection":[{"href":"https:\/\/wp.kristdemokraterna.se\/alvesta\/wp-json\/wp\/v2\/pages"}],"about":[{"href":"https:\/\/wp.kristdemokraterna.se\/alvesta\/wp-json\/wp\/v2\/types\/page"}],"author":[{"embeddable":true,"href":"https:\/\/wp.kristdemokraterna.se\/alvesta\/wp-json\/wp\/v2\/users\/444"}],"replies":[{"embeddable":true,"href":"https:\/\/wp.kristdemokraterna.se\/alvesta\/wp-json\/wp\/v2\/comments?post=515"}],"version-history":[{"count":67,"href":"https:\/\/wp.kristdemokraterna.se\/alvesta\/wp-json\/wp\/v2\/pages\/515\/revisions"}],"predecessor-version":[{"id":2175,"href":"https:\/\/wp.kristdemokraterna.se\/alvesta\/wp-json\/wp\/v2\/pages\/515\/revisions\/2175"}],"wp:attachment":[{"href":"https:\/\/wp.kristdemokraterna.se\/alvesta\/wp-json\/wp\/v2\/media?parent=515"}],"curies":[{"name":"wp","href":"https:\/\/api.w.org\/{rel}","templated":true}]}}