{"id":8,"date":"2020-08-26T14:49:50","date_gmt":"2020-08-26T12:49:50","guid":{"rendered":"http:\/\/wp.kristdemokraterna.se\/alvesta\/?page_id=8"},"modified":"2023-08-02T19:41:48","modified_gmt":"2023-08-02T17:41:48","slug":"kontakta-oss","status":"publish","type":"page","link":"https:\/\/wp.kristdemokraterna.se\/alvesta\/kontakta-oss\/","title":{"rendered":"Styrelsen &#8211; Ledam\u00f6ter"},"content":{"rendered":"<h2 style=\"text-align: left\"><a href=\"https:\/\/kristdemokraterna.se\/om-oss\/foretradare\/lokalt\/locality\/?id=100370200&amp;level=4\" target=\"_blank\" rel=\"noopener\">Kontakta v\u00e5r partiavdelning i Alvesta<\/a> &#8211; <a href=\"https:\/\/kristdemokraterna.se\/engagera-dig\/bli-medlem\/\" target=\"_blank\" rel=\"noopener\">Bli medlem idag.<\/a><\/h2>\n<p>Postadress: KD Kristdemokraterna\/Jessica Johansson &#8211; Engagatan 6 &#8211; 342 34 Alvesta<br \/>\nTelefon: 070-5187585<br \/>\nE-post: jessica.johansson@kristdemokraterna.se<br \/>\nBli medlem i KD Kristdemokraterna: <a href=\"https:\/\/kristdemokraterna.se\/engagera-dig\/bli-medlem\/\" target=\"_blank\" rel=\"noopener noreferrer\">https:\/\/kristdemokraterna.se\/engagera-dig\/bli-medlem\/<\/a><\/p>\n<div dir=\"auto\"><strong>V\u00e5r styrelse:<\/strong><\/div>\n<p style=\"text-align: center\"><strong>Jessica Johansson<\/strong><br \/>\nOrdf\u00f6rande, Gruppledare &amp; Kampanjansvarig<br \/>\nPolitiska uppdrag:<br \/>\nLedamot Kommunfullm\u00e4ktige<br \/>\nLedamot Kommunstyrelsen (Kommunalr\u00e5d med ansvar f\u00f6r trygghet)<br \/>\nVice ordf\u00f6rande Alvesta Energi AB<br \/>\nErs\u00e4ttare Utbildningsn\u00e4mnden<br \/>\nErs\u00e4ttare Samh\u00e4llsbyggnadsn\u00e4mnden<br \/>\nErs\u00e4ttare Allbohus fastighets AB<br \/>\nSuppleant Alvesta kommunf\u00f6retag<\/p>\n<p style=\"margin: 0cm;text-align: center\"><strong>Bengt Carlsson<br \/>\n<\/strong>Vice ordf\u00f6rande<\/p>\n<p style=\"margin: 0cm;text-align: center\">Politiska uppdrag:<br \/>\nErs\u00e4ttare Kommunfullm\u00e4ktige<br \/>\nErs\u00e4ttare N\u00e4mnden f\u00f6r myndighetsut\u00f6vning<\/p>\n<p style=\"margin: 0cm;text-align: center\"><strong>Josefine Ljungqvist<\/strong><br \/>\nWebbansvarig<\/p>\n<p style=\"margin: 0cm;text-align: center\">Politiska uppdrag:<br \/>\nLedamot Kommunfullm\u00e4ktige<br \/>\nErs\u00e4ttare Kommunstyrelsen<br \/>\nVice ordf\u00f6rande Omsorgsn\u00e4mnden<br \/>\nLedamot Utbildningsn\u00e4mnden<br \/>\nErs\u00e4ttare Patientn\u00e4mnden (region)<\/p>\n<p style=\"text-align: center\"><strong>\u00c5ke Johansson<br \/>\n<\/strong>Sekreterare<br \/>\nPolitiska uppdrag:<br \/>\nLedamot Kommunfullm\u00e4ktige<br \/>\nLedamot N\u00e4mnden f\u00f6r arbete och l\u00e4rande<br \/>\nLedamot ARAB<br \/>\nN\u00e4mndeman<\/p>\n<p style=\"text-align: center\"><strong>Erik Haraldsson<br \/>\n<\/strong>Ledamot<br \/>\nPolitiska uppdrag:<br \/>\nErs\u00e4ttare Kommunfullm\u00e4ktige<br \/>\nLedamot Samh\u00e4llsbyggnadsn\u00e4mnden<\/p>\n<div class=\"o-grid__item u-2\/3@md-up\">\n<div class=\"o-section u-soft--top\">\n<div id=\"content\" class=\"u-3\/4@sm-up u-1\/1@md-up\">\n<p style=\"text-align: center\"><strong>G\u00f6ran Johansson<br \/>\n<\/strong>Ledamot<br \/>\nPolitiska uppdrag:<br \/>\nLedamot Alvesta Utveckling AB<\/p>\n<p style=\"text-align: center\"><strong>Christer Brinkner<br \/>\n<\/strong>Ledamot<br \/>\nPolitiska uppdrag:<br \/>\nErs\u00e4ttare Kultur &amp; Fritidsn\u00e4mnden<br \/>\nErs\u00e4ttare Omsorgsn\u00e4mnden<\/p>\n<\/div>\n<\/div>\n<\/div>\n","protected":false},"excerpt":{"rendered":"<p>Kontakta v\u00e5r partiavdelning i Alvesta &#8211; Bli medlem idag. Postadress: KD Kristdemokraterna\/Jessica Johansson &#8211; Engagatan 6 &#8211; 342 34 Alvesta Telefon: 070-5187585 E-post: jessica.johansson@kristdemokraterna.se Bli medlem i KD Kristdemokraterna: https:\/\/kristdemokraterna.se\/engagera-dig\/bli-medlem\/ V\u00e5r styrelse: Jessica Johansson Ordf\u00f6rande, Gruppledare &amp; Kampanjansvarig Politiska uppdrag: Ledamot Kommunfullm\u00e4ktige Ledamot Kommunstyrelsen (Kommunalr\u00e5d med ansvar f\u00f6r trygghet) Vice ordf\u00f6rande Alvesta Energi AB Ers\u00e4ttare <a class=\"read-more-link\" href=\"https:\/\/wp.kristdemokraterna.se\/alvesta\/kontakta-oss\/\">Read More<\/a><\/p>\n","protected":false},"author":443,"featured_media":0,"parent":0,"menu_order":1,"comment_status":"closed","ping_status":"closed","template":"","meta":{"_acf_changed":false,"footnotes":""},"class_list":["post-8","page","type-page","status-publish","hentry"],"acf":[],"yoast_head":"<!-- This site is optimized with the Yoast SEO plugin v27.4 - https:\/\/yoast.com\/product\/yoast-seo-wordpress\/ -->\n<title>Styrelsen - Ledam\u00f6ter - Kristdemokraterna Alvesta<\/title>\n<meta name=\"robots\" content=\"index, follow, max-snippet:-1, max-image-preview:large, max-video-preview:-1\" \/>\n<link rel=\"canonical\" href=\"https:\/\/wp.kristdemokraterna.se\/alvesta\/kontakta-oss\/\" \/>\n<meta property=\"og:locale\" content=\"sv_SE\" \/>\n<meta property=\"og:type\" content=\"article\" \/>\n<meta property=\"og:title\" content=\"Styrelsen - Ledam\u00f6ter - Kristdemokraterna Alvesta\" \/>\n<meta property=\"og:description\" content=\"Kontakta v\u00e5r partiavdelning i Alvesta &#8211; Bli medlem idag. Postadress: KD Kristdemokraterna\/Jessica Johansson &#8211; Engagatan 6 &#8211; 342 34 Alvesta Telefon: 070-5187585 E-post: jessica.johansson@kristdemokraterna.se Bli medlem i KD Kristdemokraterna: https:\/\/kristdemokraterna.se\/engagera-dig\/bli-medlem\/ V\u00e5r styrelse: Jessica Johansson Ordf\u00f6rande, Gruppledare &amp; Kampanjansvarig Politiska uppdrag: Ledamot Kommunfullm\u00e4ktige Ledamot Kommunstyrelsen (Kommunalr\u00e5d med ansvar f\u00f6r trygghet) Vice ordf\u00f6rande Alvesta Energi AB Ers\u00e4ttare Read More\" \/>\n<meta property=\"og:url\" content=\"https:\/\/wp.kristdemokraterna.se\/alvesta\/kontakta-oss\/\" \/>\n<meta property=\"og:site_name\" content=\"Kristdemokraterna Alvesta\" \/>\n<meta property=\"article:modified_time\" content=\"2023-08-02T17:41:48+00:00\" \/>\n<meta name=\"twitter:card\" content=\"summary_large_image\" \/>\n<meta name=\"twitter:label1\" content=\"Ber\u00e4knad l\u00e4stid\" \/>\n\t<meta name=\"twitter:data1\" content=\"1 minut\" \/>\n<script type=\"application\/ld+json\" class=\"yoast-schema-graph\">{\"@context\":\"https:\\\/\\\/schema.org\",\"@graph\":[{\"@type\":\"WebPage\",\"@id\":\"https:\\\/\\\/wp.kristdemokraterna.se\\\/alvesta\\\/kontakta-oss\\\/\",\"url\":\"https:\\\/\\\/wp.kristdemokraterna.se\\\/alvesta\\\/kontakta-oss\\\/\",\"name\":\"Styrelsen - Ledam\u00f6ter - Kristdemokraterna Alvesta\",\"isPartOf\":{\"@id\":\"https:\\\/\\\/wp.kristdemokraterna.se\\\/alvesta\\\/#website\"},\"datePublished\":\"2020-08-26T12:49:50+00:00\",\"dateModified\":\"2023-08-02T17:41:48+00:00\",\"breadcrumb\":{\"@id\":\"https:\\\/\\\/wp.kristdemokraterna.se\\\/alvesta\\\/kontakta-oss\\\/#breadcrumb\"},\"inLanguage\":\"sv-SE\",\"potentialAction\":[{\"@type\":\"ReadAction\",\"target\":[\"https:\\\/\\\/wp.kristdemokraterna.se\\\/alvesta\\\/kontakta-oss\\\/\"]}]},{\"@type\":\"BreadcrumbList\",\"@id\":\"https:\\\/\\\/wp.kristdemokraterna.se\\\/alvesta\\\/kontakta-oss\\\/#breadcrumb\",\"itemListElement\":[{\"@type\":\"ListItem\",\"position\":1,\"name\":\"Hem\",\"item\":\"https:\\\/\\\/wp.kristdemokraterna.se\\\/alvesta\\\/\"},{\"@type\":\"ListItem\",\"position\":2,\"name\":\"Styrelsen &#8211; Ledam\u00f6ter\"}]},{\"@type\":\"WebSite\",\"@id\":\"https:\\\/\\\/wp.kristdemokraterna.se\\\/alvesta\\\/#website\",\"url\":\"https:\\\/\\\/wp.kristdemokraterna.se\\\/alvesta\\\/\",\"name\":\"Kristdemokraterna Alvesta\",\"description\":\"En till Kristdemokraterna webbplats\",\"inLanguage\":\"sv-SE\"}]}<\/script>\n<!-- \/ Yoast SEO plugin. -->","yoast_head_json":{"title":"Styrelsen - Ledam\u00f6ter - Kristdemokraterna Alvesta","robots":{"index":"index","follow":"follow","max-snippet":"max-snippet:-1","max-image-preview":"max-image-preview:large","max-video-preview":"max-video-preview:-1"},"canonical":"https:\/\/wp.kristdemokraterna.se\/alvesta\/kontakta-oss\/","og_locale":"sv_SE","og_type":"article","og_title":"Styrelsen - Ledam\u00f6ter - Kristdemokraterna Alvesta","og_description":"Kontakta v\u00e5r partiavdelning i Alvesta &#8211; Bli medlem idag. Postadress: KD Kristdemokraterna\/Jessica Johansson &#8211; Engagatan 6 &#8211; 342 34 Alvesta Telefon: 070-5187585 E-post: jessica.johansson@kristdemokraterna.se Bli medlem i KD Kristdemokraterna: https:\/\/kristdemokraterna.se\/engagera-dig\/bli-medlem\/ V\u00e5r styrelse: Jessica Johansson Ordf\u00f6rande, Gruppledare &amp; Kampanjansvarig Politiska uppdrag: Ledamot Kommunfullm\u00e4ktige Ledamot Kommunstyrelsen (Kommunalr\u00e5d med ansvar f\u00f6r trygghet) Vice ordf\u00f6rande Alvesta Energi AB Ers\u00e4ttare Read More","og_url":"https:\/\/wp.kristdemokraterna.se\/alvesta\/kontakta-oss\/","og_site_name":"Kristdemokraterna Alvesta","article_modified_time":"2023-08-02T17:41:48+00:00","twitter_card":"summary_large_image","twitter_misc":{"Ber\u00e4knad l\u00e4stid":"1 minut"},"schema":{"@context":"https:\/\/schema.org","@graph":[{"@type":"WebPage","@id":"https:\/\/wp.kristdemokraterna.se\/alvesta\/kontakta-oss\/","url":"https:\/\/wp.kristdemokraterna.se\/alvesta\/kontakta-oss\/","name":"Styrelsen - Ledam\u00f6ter - Kristdemokraterna Alvesta","isPartOf":{"@id":"https:\/\/wp.kristdemokraterna.se\/alvesta\/#website"},"datePublished":"2020-08-26T12:49:50+00:00","dateModified":"2023-08-02T17:41:48+00:00","breadcrumb":{"@id":"https:\/\/wp.kristdemokraterna.se\/alvesta\/kontakta-oss\/#breadcrumb"},"inLanguage":"sv-SE","potentialAction":[{"@type":"ReadAction","target":["https:\/\/wp.kristdemokraterna.se\/alvesta\/kontakta-oss\/"]}]},{"@type":"BreadcrumbList","@id":"https:\/\/wp.kristdemokraterna.se\/alvesta\/kontakta-oss\/#breadcrumb","itemListElement":[{"@type":"ListItem","position":1,"name":"Hem","item":"https:\/\/wp.kristdemokraterna.se\/alvesta\/"},{"@type":"ListItem","position":2,"name":"Styrelsen &#8211; Ledam\u00f6ter"}]},{"@type":"WebSite","@id":"https:\/\/wp.kristdemokraterna.se\/alvesta\/#website","url":"https:\/\/wp.kristdemokraterna.se\/alvesta\/","name":"Kristdemokraterna Alvesta","description":"En till Kristdemokraterna webbplats","inLanguage":"sv-SE"}]}},"_links":{"self":[{"href":"https:\/\/wp.kristdemokraterna.se\/alvesta\/wp-json\/wp\/v2\/pages\/8","targetHints":{"allow":["GET"]}}],"collection":[{"href":"https:\/\/wp.kristdemokraterna.se\/alvesta\/wp-json\/wp\/v2\/pages"}],"about":[{"href":"https:\/\/wp.kristdemokraterna.se\/alvesta\/wp-json\/wp\/v2\/types\/page"}],"author":[{"embeddable":true,"href":"https:\/\/wp.kristdemokraterna.se\/alvesta\/wp-json\/wp\/v2\/users\/443"}],"replies":[{"embeddable":true,"href":"https:\/\/wp.kristdemokraterna.se\/alvesta\/wp-json\/wp\/v2\/comments?post=8"}],"version-history":[{"count":182,"href":"https:\/\/wp.kristdemokraterna.se\/alvesta\/wp-json\/wp\/v2\/pages\/8\/revisions"}],"predecessor-version":[{"id":2534,"href":"https:\/\/wp.kristdemokraterna.se\/alvesta\/wp-json\/wp\/v2\/pages\/8\/revisions\/2534"}],"wp:attachment":[{"href":"https:\/\/wp.kristdemokraterna.se\/alvesta\/wp-json\/wp\/v2\/media?parent=8"}],"curies":[{"name":"wp","href":"https:\/\/api.w.org\/{rel}","templated":true}]}}