{"id":121,"date":"2018-07-12T14:47:07","date_gmt":"2018-07-12T12:47:07","guid":{"rendered":"http:\/\/wp.kristdemokraterna.se\/alvkarleby\/?page_id=121"},"modified":"2022-06-09T13:18:42","modified_gmt":"2022-06-09T11:18:42","slug":"startsida","status":"publish","type":"page","link":"https:\/\/wp.kristdemokraterna.se\/alvkarleby\/","title":{"rendered":"Startsida"},"content":{"rendered":"<p>Bli medlem i Kristdemokraterna \u00c4lvkarleby!<\/p>\n<hr \/>\n<p>Distriktsordf\u00f6rande Mikael Oscarsson<\/p>\n","protected":false},"excerpt":{"rendered":"<p>Bli medlem i Kristdemokraterna \u00c4lvkarleby! Distriktsordf\u00f6rande Mikael Oscarsson<\/p>\n","protected":false},"author":569,"featured_media":0,"parent":0,"menu_order":0,"comment_status":"closed","ping_status":"closed","template":"index.php","meta":{"_acf_changed":false,"footnotes":""},"class_list":["post-121","page","type-page","status-publish","hentry"],"acf":[],"yoast_head":"<!-- This site is optimized with the Yoast SEO plugin v27.4 - https:\/\/yoast.com\/product\/yoast-seo-wordpress\/ -->\n<title>Startsida - \u00c4lvkarleby-Tierp<\/title>\n<meta name=\"robots\" content=\"index, follow, max-snippet:-1, max-image-preview:large, max-video-preview:-1\" \/>\n<link rel=\"canonical\" href=\"https:\/\/wp.kristdemokraterna.se\/alvkarleby\/\" \/>\n<meta property=\"og:locale\" content=\"sv_SE\" \/>\n<meta property=\"og:type\" content=\"article\" \/>\n<meta property=\"og:title\" content=\"Startsida - \u00c4lvkarleby-Tierp\" \/>\n<meta property=\"og:description\" content=\"Bli medlem i Kristdemokraterna \u00c4lvkarleby! Distriktsordf\u00f6rande Mikael Oscarsson\" \/>\n<meta property=\"og:url\" content=\"https:\/\/wp.kristdemokraterna.se\/alvkarleby\/\" \/>\n<meta property=\"og:site_name\" content=\"\u00c4lvkarleby-Tierp\" \/>\n<meta property=\"article:modified_time\" content=\"2022-06-09T11:18:42+00:00\" \/>\n<meta name=\"twitter:card\" content=\"summary_large_image\" \/>\n<meta name=\"twitter:label1\" content=\"Ber\u00e4knad l\u00e4stid\" \/>\n\t<meta name=\"twitter:data1\" content=\"1 minut\" \/>\n<script type=\"application\/ld+json\" class=\"yoast-schema-graph\">{\"@context\":\"https:\\\/\\\/schema.org\",\"@graph\":[{\"@type\":\"WebPage\",\"@id\":\"https:\\\/\\\/wp.kristdemokraterna.se\\\/alvkarleby\\\/\",\"url\":\"https:\\\/\\\/wp.kristdemokraterna.se\\\/alvkarleby\\\/\",\"name\":\"Startsida - \u00c4lvkarleby-Tierp\",\"isPartOf\":{\"@id\":\"https:\\\/\\\/wp.kristdemokraterna.se\\\/alvkarleby\\\/#website\"},\"datePublished\":\"2018-07-12T12:47:07+00:00\",\"dateModified\":\"2022-06-09T11:18:42+00:00\",\"breadcrumb\":{\"@id\":\"https:\\\/\\\/wp.kristdemokraterna.se\\\/alvkarleby\\\/#breadcrumb\"},\"inLanguage\":\"sv-SE\",\"potentialAction\":[{\"@type\":\"ReadAction\",\"target\":[\"https:\\\/\\\/wp.kristdemokraterna.se\\\/alvkarleby\\\/\"]}]},{\"@type\":\"BreadcrumbList\",\"@id\":\"https:\\\/\\\/wp.kristdemokraterna.se\\\/alvkarleby\\\/#breadcrumb\",\"itemListElement\":[{\"@type\":\"ListItem\",\"position\":1,\"name\":\"Hem\",\"item\":\"https:\\\/\\\/wp.kristdemokraterna.se\\\/alvkarleby\\\/\"},{\"@type\":\"ListItem\",\"position\":2,\"name\":\"Startsida\"}]},{\"@type\":\"WebSite\",\"@id\":\"https:\\\/\\\/wp.kristdemokraterna.se\\\/alvkarleby\\\/#website\",\"url\":\"https:\\\/\\\/wp.kristdemokraterna.se\\\/alvkarleby\\\/\",\"name\":\"\u00c4lvkarleby-Tierp\",\"description\":\"Familjens r\u00f6st i samh\u00e4llet!\",\"inLanguage\":\"sv-SE\"}]}<\/script>\n<!-- \/ Yoast SEO plugin. -->","yoast_head_json":{"title":"Startsida - \u00c4lvkarleby-Tierp","robots":{"index":"index","follow":"follow","max-snippet":"max-snippet:-1","max-image-preview":"max-image-preview:large","max-video-preview":"max-video-preview:-1"},"canonical":"https:\/\/wp.kristdemokraterna.se\/alvkarleby\/","og_locale":"sv_SE","og_type":"article","og_title":"Startsida - \u00c4lvkarleby-Tierp","og_description":"Bli medlem i Kristdemokraterna \u00c4lvkarleby! Distriktsordf\u00f6rande Mikael Oscarsson","og_url":"https:\/\/wp.kristdemokraterna.se\/alvkarleby\/","og_site_name":"\u00c4lvkarleby-Tierp","article_modified_time":"2022-06-09T11:18:42+00:00","twitter_card":"summary_large_image","twitter_misc":{"Ber\u00e4knad l\u00e4stid":"1 minut"},"schema":{"@context":"https:\/\/schema.org","@graph":[{"@type":"WebPage","@id":"https:\/\/wp.kristdemokraterna.se\/alvkarleby\/","url":"https:\/\/wp.kristdemokraterna.se\/alvkarleby\/","name":"Startsida - \u00c4lvkarleby-Tierp","isPartOf":{"@id":"https:\/\/wp.kristdemokraterna.se\/alvkarleby\/#website"},"datePublished":"2018-07-12T12:47:07+00:00","dateModified":"2022-06-09T11:18:42+00:00","breadcrumb":{"@id":"https:\/\/wp.kristdemokraterna.se\/alvkarleby\/#breadcrumb"},"inLanguage":"sv-SE","potentialAction":[{"@type":"ReadAction","target":["https:\/\/wp.kristdemokraterna.se\/alvkarleby\/"]}]},{"@type":"BreadcrumbList","@id":"https:\/\/wp.kristdemokraterna.se\/alvkarleby\/#breadcrumb","itemListElement":[{"@type":"ListItem","position":1,"name":"Hem","item":"https:\/\/wp.kristdemokraterna.se\/alvkarleby\/"},{"@type":"ListItem","position":2,"name":"Startsida"}]},{"@type":"WebSite","@id":"https:\/\/wp.kristdemokraterna.se\/alvkarleby\/#website","url":"https:\/\/wp.kristdemokraterna.se\/alvkarleby\/","name":"\u00c4lvkarleby-Tierp","description":"Familjens r\u00f6st i samh\u00e4llet!","inLanguage":"sv-SE"}]}},"_links":{"self":[{"href":"https:\/\/wp.kristdemokraterna.se\/alvkarleby\/wp-json\/wp\/v2\/pages\/121","targetHints":{"allow":["GET"]}}],"collection":[{"href":"https:\/\/wp.kristdemokraterna.se\/alvkarleby\/wp-json\/wp\/v2\/pages"}],"about":[{"href":"https:\/\/wp.kristdemokraterna.se\/alvkarleby\/wp-json\/wp\/v2\/types\/page"}],"author":[{"embeddable":true,"href":"https:\/\/wp.kristdemokraterna.se\/alvkarleby\/wp-json\/wp\/v2\/users\/569"}],"replies":[{"embeddable":true,"href":"https:\/\/wp.kristdemokraterna.se\/alvkarleby\/wp-json\/wp\/v2\/comments?post=121"}],"version-history":[{"count":12,"href":"https:\/\/wp.kristdemokraterna.se\/alvkarleby\/wp-json\/wp\/v2\/pages\/121\/revisions"}],"predecessor-version":[{"id":175,"href":"https:\/\/wp.kristdemokraterna.se\/alvkarleby\/wp-json\/wp\/v2\/pages\/121\/revisions\/175"}],"wp:attachment":[{"href":"https:\/\/wp.kristdemokraterna.se\/alvkarleby\/wp-json\/wp\/v2\/media?parent=121"}],"curies":[{"name":"wp","href":"https:\/\/api.w.org\/{rel}","templated":true}]}}