{"id":93,"date":"2015-02-11T14:01:05","date_gmt":"2015-02-11T13:01:05","guid":{"rendered":"http:\/\/wp.kristdemokraterna.se\/alvkarleby\/?page_id=93"},"modified":"2015-05-22T22:18:20","modified_gmt":"2015-05-22T20:18:20","slug":"debatt","status":"publish","type":"page","link":"https:\/\/wp.kristdemokraterna.se\/alvkarleby\/debatt\/","title":{"rendered":"Debatt"},"content":{"rendered":"<div class=\"entry-content\">\n<p>\u00c5rets Vitsippsprisvinnare\u00a0i Norduppland \u2013 Lars Gustafson<\/p>\n<p><strong>\u00a0<\/strong><strong>Kristdemokraterna i Norduppland gav \u00e5rets vitsippspris p\u00e5 Alla Hj\u00e4rtans Dag<\/strong><\/p>\n<p><strong>till Lars Gustafson, pr\u00e4st i Svenska kyrkan nybliven pension\u00e4r <\/strong><\/p>\n<p><strong>Lars har visat ovanlig stort samh\u00e4llsengagemang ut\u00f6ver sin pr\u00e4sttj\u00e4nst n\u00e4r det g\u00e4ller att m\u00f6ta m\u00e4nniskor i olika situationer och utifr\u00e5n deras behov. N\u00e4r migrationsverket s\u00f6kte bost\u00e4der f\u00f6r flyktingar i Marma tog han strid mot krafter som f\u00f6rs\u00f6kte upp motst\u00e5nd och r\u00e4dslor hos befolkningen i Marma <\/strong><\/p>\n<p><strong>Det \u00e4r Lars stora f\u00f6rm\u00e5ga att bjuda p\u00e5 sig sj\u00e4lv ut\u00f6ver det vanliga och visa m\u00e4nniskok\u00e4rlek som bidragit till att Kristdemokraterna tilldelar honom \u00e5rets vitsippspris.<\/strong><\/p>\n<p><a href=\"http:\/\/wp.kristdemokraterna.se\/alvkarleby\/files\/2015\/02\/lars.jpg\"><img loading=\"lazy\" decoding=\"async\" class=\"alignnone size-medium wp-image-111\" src=\"http:\/\/wp.kristdemokraterna.se\/alvkarleby\/files\/2015\/02\/lars-300x200.jpg\" alt=\"lars\" width=\"300\" height=\"200\" srcset=\"https:\/\/wp.kristdemokraterna.se\/alvkarleby\/files\/2015\/02\/lars-300x200.jpg 300w, https:\/\/wp.kristdemokraterna.se\/alvkarleby\/files\/2015\/02\/lars-540x360.jpg 540w, https:\/\/wp.kristdemokraterna.se\/alvkarleby\/files\/2015\/02\/lars-519x346.jpg 519w, https:\/\/wp.kristdemokraterna.se\/alvkarleby\/files\/2015\/02\/lars-168x112.jpg 168w\" sizes=\"auto, (max-width: 300px) 100vw, 300px\" \/><\/a><\/p>\n<p>&#8212;&#8212;&#8212;&#8212;&#8212;&#8212;&#8212;&#8212;&#8212;&#8212;&#8212;&#8212;&#8212;&#8212;&#8212;&#8212;&#8212;&#8212;&#8212;&#8212;&#8212;&#8212;&#8212;&#8212;&#8212;&#8212;&#8212;&#8212;&#8212;&#8212;&#8212;&#8212;&#8212;&#8212;&#8212;&#8212;&#8212;-<\/p>\n<p><strong>Ta tag i integrationen<\/strong><\/p>\n<p><strong>Senaste tiden har<\/strong> nya h\u00e4ndelser intr\u00e4ffat som bekr\u00e4ftar de problem som finns p\u00e5 integrationsomr\u00e5det. Arbetsl\u00f6shet, l\u00e5ngvarigt utanf\u00f6rskap och social utsatthet \u00e4r utmaningar som vi m\u00e5ste ta p\u00e5 allvar. \u00c5tg\u00e4rder f\u00f6r att f\u00f6rb\u00e4ttra integrationen f\u00e5r inte dr\u00f6ja.<\/p>\n<p>Trots tydliga problem har v\u00e4nsterregeringen inte agerat trots sex m\u00e5nader vid makten. F\u00f6rutom att skrota integrationsministerposten har f\u00e5 f\u00f6rslag presenterats och \u00e4nnu mindre kommit p\u00e5 plats. Regeringen har uttryckt att den vill f\u00f6rb\u00e4ttra utbildningen i svenska och valideringsprocessen f\u00f6r att underl\u00e4tta f\u00f6r fler att f\u00e5 jobb. Detta \u00e4r bra och \u00e5tg\u00e4rder som Kristdemokraterna efterfr\u00e5gat. Men det r\u00e4cker inte. Vi Kristdemokrater har presenterat flera f\u00f6rslag som vi uppmanar regeringen att utreda och genomf\u00f6ra. Det \u00e4r viktigt f\u00f6r de 4 287 asyls\u00f6kande i G\u00e4vleborgs l\u00e4n, men ocks\u00e5 f\u00f6r hela Sverige.<\/p>\n<p>H\u00e4r \u00e4r n\u00e5gra f\u00f6rslag:<\/p>\n<p>-Vi vill anpassa SFI till varje person. Beroende p\u00e5 f\u00f6rkunskaper och vilket jobb du vill s\u00f6ka beh\u00f6vs olika undervisning.<\/p>\n<p>&#8211; F\u00f6r\u00e4ldralediga ska kunna f\u00e5 barntillsyn under SFI-undervisningen.<\/p>\n<p>&#8211; Nyanl\u00e4nda ska f\u00e5 tj\u00e4na motsvarande 100 000 kronor per \u00e5r, i fem \u00e5r, utan att betala inkomstskatt. Samtidigt b\u00f6r etableringsers\u00e4ttningen s\u00e4nkas n\u00e5got. D\u00e5 blir det mer l\u00f6nsamt att b\u00f6rja arbeta direkt n\u00e4r man kommer till Sverige.<\/p>\n<p>&#8211; Inf\u00f6r tillf\u00e4lliga uppeh\u00e5llstillst\u00e5nd i tre \u00e5r i st\u00e4llet f\u00f6r permanenta som vi har i dag. Fler l\u00e4nder inom EU m\u00e5ste ta sitt ansvar f\u00f6r flyktingmottagande. Om samma regler g\u00e4ller i Sverige som i \u00f6vriga EU kan det bidra till en j\u00e4mnare f\u00f6rdelning. Den som f\u00e5r jobb eller har ett skyddsbehov efter tre \u00e5r, ska f\u00e5 ett permanent uppeh\u00e5llstillst\u00e5nd.<\/p>\n<p>-Vi f\u00f6resl\u00e5r tillf\u00e4lliga bygglov och statliga hyresgarantier f\u00f6r moderna modulbost\u00e4der f\u00f6r att fler bost\u00e4der ska byggas snabbare.<\/p>\n<p>&#8211; Ta bort lagen om eget boende, EBO, som har lett till tr\u00e5ngboddhet, flyttkaruseller och utanf\u00f6rskap. Detta skulle ge j\u00e4mnare spridning av asylans\u00f6kande i landet, vilket hj\u00e4lper nyanl\u00e4nda att komma in i samh\u00e4llet och ger kommunerna b\u00e4ttre f\u00f6ruts\u00e4ttningar att hj\u00e4lpa.<\/p>\n<p>Varje dag flyr m\u00e4nniskor undan krig och f\u00f6rf\u00f6ljelse. Kristdemokraterna st\u00e5r upp f\u00f6r en human migrationspolitik. Det st\u00e4ller oss inf\u00f6r stora utmaningar. Vi m\u00e5ste ha en integration som fungerar. Kristdemokraterna har lagt flera f\u00f6rslag f\u00f6r att invandrare snabbare ska komma i arbete, hitta en bostad och l\u00e4ra sig svenska. Kostnaden f\u00f6r invandringen minskar och v\u00e4lf\u00e4rden st\u00e4rks n\u00e4r fler arbetar och \u00e4r med och bidrar. V\u00e4nsterregeringens tomma svar p\u00e5 de utmaningar som Sverige st\u00e5r inf\u00f6r \u00e4r ett svek mot s\u00e5v\u00e4l m\u00e4nniskor som flyr undan krig och terror som alla de som oras \u00f6ver en d\u00e5lig fungerande integration.<\/p>\n<p>Lili Andr\u00e9, G\u00e4vle<\/p>\n<p>Marianne Nygren Skutsk\u00e4r<\/p>\n<p>Ingemar Karl\u00e9n Hofors<\/p>\n<p>Inf\u00f6rd i Arbetarbladet v 16<\/p>\n<p>&#8212;&#8212;&#8212;&#8212;&#8212;&#8212;&#8212;&#8212;&#8212;&#8212;&#8212;&#8212;&#8212;&#8212;&#8212;&#8212;&#8212;&#8212;&#8212;&#8212;&#8212;&#8212;&#8212;&#8212;&#8212;&#8212;&#8212;&#8212;&#8212;&#8212;&#8212;&#8212;&#8212;&#8212;&#8212;&#8212;&#8212;<\/p>\n<p><strong>Hur m\u00f6ter vi utmaningarna med flyktingmottagandet?<\/strong><\/p>\n<p>F\u00f6rra \u00e5ret s\u00f6kte \u00f6ver 80\u00a0000 m\u00e4nniskor asyl i Sverige. Prognoserna pekar upp\u00e5t. M\u00e4nniskor flyr fr\u00e5n krig och fruktansv\u00e4rda \u00f6vergrepp som vi knappt kan f\u00f6rest\u00e4lla oss. \u00a0Kristdemokraterna har l\u00e4nge k\u00e4mpat f\u00f6r en migrationspolitik som bygger p\u00e5 \u00f6ppenhet, som respekterar asylr\u00e4tten. Det kommer vi forts\u00e4tta med. Men \u00f6ppenhet och generositet beh\u00f6ver f\u00f6ljas av f\u00f6rslag p\u00e5 hur vi m\u00f6ter utmaningarna med flyktingmottagandet.<\/p>\n<p>D\u00e4rf\u00f6r f\u00f6resl\u00e5r vi att asyls\u00f6kande ska ges tillf\u00e4lliga uppeh\u00e5llstillst\u00e5nd i tre \u00e5r innan det sker en ny pr\u00f6vning och att asylans\u00f6kningar fr\u00e5n l\u00e4nder som kan betraktas som s\u00e4kra ska behandlas snabbare.\u00a0 Vi f\u00f6rsl\u00e5r ocks\u00e5 att nyanl\u00e4nda ska betala l\u00e4gre skatt under en \u00f6verg\u00e5ngsperiod samtidigt som etableringsers\u00e4ttningen s\u00e4nks.<\/p>\n<p>Snabbare v\u00e4gar till jobb \u00e4r viktigt f\u00f6r integrationen. Fler bost\u00e4der likas\u00e5. I st\u00e4llet f\u00f6r att som idag betala \u00f6verpriser till oseri\u00f6sa uthyrare vill vi att Migrationsverket och andra akt\u00f6rer ska kunna bygga modulbost\u00e4der. Vi vill att fler ska v\u00e4lja att bo i Migrationsverkets boende f\u00f6r att minska tr\u00e5ngboddheten och f\u00f6r satt f\u00e5 en b\u00e4ttre f\u00f6rdelning av flyktingmottagandet mellan kommunerna. D\u00e4rf\u00f6r vill vi skrota den s\u00e5 kallade EBO-lagen.<\/p>\n<p>Vi kristdemokrater t\u00e4nker \u00e5terkomma med fler f\u00f6rslag. B\u00e5de Sverige och de m\u00e4nniskor som flyr hit f\u00f6rtj\u00e4nar b\u00e4ttre \u00e4n politiker som h\u00e5ller fast vid gamla l\u00f6sningar som inte l\u00e4ngre fungerar.<\/p>\n<p>F\u00f6r Kd Norduppland<\/p>\n<p>Lars Svensk, ordf\u00f6rande\u00a0 S\u00f6derfors<\/p>\n<p>Marianne Nygren , Skutsk\u00e4r<\/p>\n<\/div>\n<footer class=\"entry-meta\"><\/footer>\n<p>&#8212;&#8212;&#8212;&#8212;&#8212;&#8212;&#8212;&#8212;&#8212;&#8212;&#8212;&#8212;&#8212;&#8212;&#8212;&#8212;&#8212;&#8212;&#8212;&#8212;&#8212;&#8212;&#8212;&#8212;&#8212;&#8212;&#8212;&#8212;&#8212;&#8212;&#8212;&#8212;&#8212;&#8212;&#8212;&#8212;&#8212;&#8212;&#8212;-<\/p>\n<p><strong>R\u00e4dda Rut<\/strong><\/p>\n<p>Hemarbete har varit l\u00e5gt v\u00e4rderat genom tiderna och betraktats som obetald kvinnosyssla. Tack och lov s\u00e5 \u00e4r det slut p\u00e5 detta syns\u00e4tt. Hemarbetet har f\u00e5tt ett pris genom RUT-reformen. Fr\u00e5n det att enbart personer med en tjock pl\u00e5nbok som kunnat betala hj\u00e4lp i hemmet har det v\u00e4xt fram tj\u00e4nstef\u00f6retag som utf\u00f6r de mest skiftande arbeten och antalet svarta tj\u00e4nster har minskat. F\u00f6r ett rimligt pris kan nu sm\u00e5barnsf\u00f6r\u00e4ldrar f\u00e5 hj\u00e4lp i hemmet och d\u00e4rmed mer tid f\u00f6r sina barn.<\/p>\n<p>Det \u00e4r m\u00e5nga familjer som har sv\u00e5rt att f\u00e5 livspusslet att g\u00e5 ihop. M\u00e5nga \u00e4ldre klarar sig l\u00e4ngre upp i \u00e5ldrarna utan hemtj\u00e4nst. Att sj\u00e4lv best\u00e4mma k\u00e4nns bra och man beh\u00f6ver inte vara beroende enbart av beviljade hemtj\u00e4nsttimmar.<\/p>\n<p>M\u00e5nga menar att det \u00e4r rika m\u00e4nniskor i Stockholm och storst\u00e4derna som anv\u00e4nder sig av RUT. Det st\u00e4mmer inte f\u00f6r \u00f6ver en halv miljon m\u00e4nniskor anv\u00e4nder sig av reformen. Vi kristdemokrater t\u00e4nker l\u00e5ta den f\u00e5 forts\u00e4tta och \u00e4ven utvidgas. RUT ska \u00e4ven kunna anv\u00e4ndas f\u00f6r tj\u00e4nster att som t.ex. hj\u00e4lpa en \u00e4ldre orolig person med att bes\u00f6ka l\u00e4kare eller av sm\u00e5barnsf\u00f6r\u00e4ldrar som beh\u00f6ver sova en natt.<\/p>\n<p>I Norrbotten t.ex. har antalet RUT-tj\u00e4nster \u00f6kat med 24 procent, i J\u00e4mtland med 20 procent och i Halland med 22 procent. I lilla Dorotea kommun har det \u00f6kat till 20 personer som anv\u00e4nder RUT-tj\u00e4nster mot 8 mellan 2011-2012.<\/p>\n<p>Vi kristdemokrater kommer forts\u00e4tta arbeta f\u00f6r att kvinnor ska f\u00e5 mer makt och valfrihet i vardagslivet. \u00a0En regering d\u00e4r Kristdemokraterna ing\u00e5r kommer arbeta f\u00f6r att \u00f6ka vardagsmakten, inte minska den.<\/p>\n<p>R\u00f6sta klokt och r\u00e4dda RUT-reformen!<\/p>\n<p>Marianne Nygren, kristdemokraterna<\/p>\n<p>F\u00f6rsta namn i kommunvalet \u00c4lvkarleby<\/p>\n<p>&nbsp;<\/p>\n<p>&nbsp;<\/p>\n<p>&nbsp;<\/p>\n","protected":false},"excerpt":{"rendered":"<p>\u00c5rets Vitsippsprisvinnare\u00a0i Norduppland \u2013 Lars Gustafson \u00a0Kristdemokraterna i Norduppland gav \u00e5rets vitsippspris p\u00e5 Alla Hj\u00e4rtans Dag till Lars Gustafson, pr\u00e4st i Svenska kyrkan nybliven pension\u00e4r Lars har visat ovanlig stort samh\u00e4llsengagemang ut\u00f6ver sin pr\u00e4sttj\u00e4nst n\u00e4r det g\u00e4ller att m\u00f6ta m\u00e4nniskor i olika situationer och utifr\u00e5n deras behov. N\u00e4r migrationsverket s\u00f6kte bost\u00e4der f\u00f6r flyktingar i Marma <a class=\"read-more-link\" href=\"https:\/\/wp.kristdemokraterna.se\/alvkarleby\/debatt\/\">Read More<\/a><\/p>\n","protected":false},"author":569,"featured_media":0,"parent":0,"menu_order":0,"comment_status":"closed","ping_status":"closed","template":"","meta":{"_acf_changed":false,"footnotes":""},"class_list":["post-93","page","type-page","status-publish","hentry"],"acf":[],"yoast_head":"<!-- This site is optimized with the Yoast SEO plugin v27.4 - https:\/\/yoast.com\/product\/yoast-seo-wordpress\/ -->\n<title>Debatt - \u00c4lvkarleby-Tierp<\/title>\n<meta name=\"robots\" content=\"index, follow, max-snippet:-1, max-image-preview:large, max-video-preview:-1\" \/>\n<link rel=\"canonical\" href=\"https:\/\/wp.kristdemokraterna.se\/alvkarleby\/debatt\/\" \/>\n<meta property=\"og:locale\" content=\"sv_SE\" \/>\n<meta property=\"og:type\" content=\"article\" \/>\n<meta property=\"og:title\" content=\"Debatt - \u00c4lvkarleby-Tierp\" \/>\n<meta property=\"og:description\" content=\"\u00c5rets Vitsippsprisvinnare\u00a0i Norduppland \u2013 Lars Gustafson \u00a0Kristdemokraterna i Norduppland gav \u00e5rets vitsippspris p\u00e5 Alla Hj\u00e4rtans Dag till Lars Gustafson, pr\u00e4st i Svenska kyrkan nybliven pension\u00e4r Lars har visat ovanlig stort samh\u00e4llsengagemang ut\u00f6ver sin pr\u00e4sttj\u00e4nst n\u00e4r det g\u00e4ller att m\u00f6ta m\u00e4nniskor i olika situationer och utifr\u00e5n deras behov. N\u00e4r migrationsverket s\u00f6kte bost\u00e4der f\u00f6r flyktingar i Marma Read More\" \/>\n<meta property=\"og:url\" content=\"https:\/\/wp.kristdemokraterna.se\/alvkarleby\/debatt\/\" \/>\n<meta property=\"og:site_name\" content=\"\u00c4lvkarleby-Tierp\" \/>\n<meta property=\"article:modified_time\" content=\"2015-05-22T20:18:20+00:00\" \/>\n<meta property=\"og:image\" content=\"http:\/\/wp.kristdemokraterna.se\/alvkarleby\/files\/2015\/02\/lars-300x200.jpg\" \/>\n<meta name=\"twitter:card\" content=\"summary_large_image\" \/>\n<meta name=\"twitter:label1\" content=\"Ber\u00e4knad l\u00e4stid\" \/>\n\t<meta name=\"twitter:data1\" content=\"6 minuter\" \/>\n<script type=\"application\/ld+json\" class=\"yoast-schema-graph\">{\"@context\":\"https:\\\/\\\/schema.org\",\"@graph\":[{\"@type\":\"WebPage\",\"@id\":\"https:\\\/\\\/wp.kristdemokraterna.se\\\/alvkarleby\\\/debatt\\\/\",\"url\":\"https:\\\/\\\/wp.kristdemokraterna.se\\\/alvkarleby\\\/debatt\\\/\",\"name\":\"Debatt - \u00c4lvkarleby-Tierp\",\"isPartOf\":{\"@id\":\"https:\\\/\\\/wp.kristdemokraterna.se\\\/alvkarleby\\\/#website\"},\"primaryImageOfPage\":{\"@id\":\"https:\\\/\\\/wp.kristdemokraterna.se\\\/alvkarleby\\\/debatt\\\/#primaryimage\"},\"image\":{\"@id\":\"https:\\\/\\\/wp.kristdemokraterna.se\\\/alvkarleby\\\/debatt\\\/#primaryimage\"},\"thumbnailUrl\":\"http:\\\/\\\/wp.kristdemokraterna.se\\\/alvkarleby\\\/files\\\/2015\\\/02\\\/lars-300x200.jpg\",\"datePublished\":\"2015-02-11T13:01:05+00:00\",\"dateModified\":\"2015-05-22T20:18:20+00:00\",\"breadcrumb\":{\"@id\":\"https:\\\/\\\/wp.kristdemokraterna.se\\\/alvkarleby\\\/debatt\\\/#breadcrumb\"},\"inLanguage\":\"sv-SE\",\"potentialAction\":[{\"@type\":\"ReadAction\",\"target\":[\"https:\\\/\\\/wp.kristdemokraterna.se\\\/alvkarleby\\\/debatt\\\/\"]}]},{\"@type\":\"ImageObject\",\"inLanguage\":\"sv-SE\",\"@id\":\"https:\\\/\\\/wp.kristdemokraterna.se\\\/alvkarleby\\\/debatt\\\/#primaryimage\",\"url\":\"http:\\\/\\\/wp.kristdemokraterna.se\\\/alvkarleby\\\/files\\\/2015\\\/02\\\/lars-300x200.jpg\",\"contentUrl\":\"http:\\\/\\\/wp.kristdemokraterna.se\\\/alvkarleby\\\/files\\\/2015\\\/02\\\/lars-300x200.jpg\"},{\"@type\":\"BreadcrumbList\",\"@id\":\"https:\\\/\\\/wp.kristdemokraterna.se\\\/alvkarleby\\\/debatt\\\/#breadcrumb\",\"itemListElement\":[{\"@type\":\"ListItem\",\"position\":1,\"name\":\"Hem\",\"item\":\"https:\\\/\\\/wp.kristdemokraterna.se\\\/alvkarleby\\\/\"},{\"@type\":\"ListItem\",\"position\":2,\"name\":\"Debatt\"}]},{\"@type\":\"WebSite\",\"@id\":\"https:\\\/\\\/wp.kristdemokraterna.se\\\/alvkarleby\\\/#website\",\"url\":\"https:\\\/\\\/wp.kristdemokraterna.se\\\/alvkarleby\\\/\",\"name\":\"\u00c4lvkarleby-Tierp\",\"description\":\"Familjens r\u00f6st i samh\u00e4llet!\",\"inLanguage\":\"sv-SE\"}]}<\/script>\n<!-- \/ Yoast SEO plugin. -->","yoast_head_json":{"title":"Debatt - \u00c4lvkarleby-Tierp","robots":{"index":"index","follow":"follow","max-snippet":"max-snippet:-1","max-image-preview":"max-image-preview:large","max-video-preview":"max-video-preview:-1"},"canonical":"https:\/\/wp.kristdemokraterna.se\/alvkarleby\/debatt\/","og_locale":"sv_SE","og_type":"article","og_title":"Debatt - \u00c4lvkarleby-Tierp","og_description":"\u00c5rets Vitsippsprisvinnare\u00a0i Norduppland \u2013 Lars Gustafson \u00a0Kristdemokraterna i Norduppland gav \u00e5rets vitsippspris p\u00e5 Alla Hj\u00e4rtans Dag till Lars Gustafson, pr\u00e4st i Svenska kyrkan nybliven pension\u00e4r Lars har visat ovanlig stort samh\u00e4llsengagemang ut\u00f6ver sin pr\u00e4sttj\u00e4nst n\u00e4r det g\u00e4ller att m\u00f6ta m\u00e4nniskor i olika situationer och utifr\u00e5n deras behov. N\u00e4r migrationsverket s\u00f6kte bost\u00e4der f\u00f6r flyktingar i Marma Read More","og_url":"https:\/\/wp.kristdemokraterna.se\/alvkarleby\/debatt\/","og_site_name":"\u00c4lvkarleby-Tierp","article_modified_time":"2015-05-22T20:18:20+00:00","og_image":[{"url":"http:\/\/wp.kristdemokraterna.se\/alvkarleby\/files\/2015\/02\/lars-300x200.jpg","type":"","width":"","height":""}],"twitter_card":"summary_large_image","twitter_misc":{"Ber\u00e4knad l\u00e4stid":"6 minuter"},"schema":{"@context":"https:\/\/schema.org","@graph":[{"@type":"WebPage","@id":"https:\/\/wp.kristdemokraterna.se\/alvkarleby\/debatt\/","url":"https:\/\/wp.kristdemokraterna.se\/alvkarleby\/debatt\/","name":"Debatt - \u00c4lvkarleby-Tierp","isPartOf":{"@id":"https:\/\/wp.kristdemokraterna.se\/alvkarleby\/#website"},"primaryImageOfPage":{"@id":"https:\/\/wp.kristdemokraterna.se\/alvkarleby\/debatt\/#primaryimage"},"image":{"@id":"https:\/\/wp.kristdemokraterna.se\/alvkarleby\/debatt\/#primaryimage"},"thumbnailUrl":"http:\/\/wp.kristdemokraterna.se\/alvkarleby\/files\/2015\/02\/lars-300x200.jpg","datePublished":"2015-02-11T13:01:05+00:00","dateModified":"2015-05-22T20:18:20+00:00","breadcrumb":{"@id":"https:\/\/wp.kristdemokraterna.se\/alvkarleby\/debatt\/#breadcrumb"},"inLanguage":"sv-SE","potentialAction":[{"@type":"ReadAction","target":["https:\/\/wp.kristdemokraterna.se\/alvkarleby\/debatt\/"]}]},{"@type":"ImageObject","inLanguage":"sv-SE","@id":"https:\/\/wp.kristdemokraterna.se\/alvkarleby\/debatt\/#primaryimage","url":"http:\/\/wp.kristdemokraterna.se\/alvkarleby\/files\/2015\/02\/lars-300x200.jpg","contentUrl":"http:\/\/wp.kristdemokraterna.se\/alvkarleby\/files\/2015\/02\/lars-300x200.jpg"},{"@type":"BreadcrumbList","@id":"https:\/\/wp.kristdemokraterna.se\/alvkarleby\/debatt\/#breadcrumb","itemListElement":[{"@type":"ListItem","position":1,"name":"Hem","item":"https:\/\/wp.kristdemokraterna.se\/alvkarleby\/"},{"@type":"ListItem","position":2,"name":"Debatt"}]},{"@type":"WebSite","@id":"https:\/\/wp.kristdemokraterna.se\/alvkarleby\/#website","url":"https:\/\/wp.kristdemokraterna.se\/alvkarleby\/","name":"\u00c4lvkarleby-Tierp","description":"Familjens r\u00f6st i samh\u00e4llet!","inLanguage":"sv-SE"}]}},"_links":{"self":[{"href":"https:\/\/wp.kristdemokraterna.se\/alvkarleby\/wp-json\/wp\/v2\/pages\/93","targetHints":{"allow":["GET"]}}],"collection":[{"href":"https:\/\/wp.kristdemokraterna.se\/alvkarleby\/wp-json\/wp\/v2\/pages"}],"about":[{"href":"https:\/\/wp.kristdemokraterna.se\/alvkarleby\/wp-json\/wp\/v2\/types\/page"}],"author":[{"embeddable":true,"href":"https:\/\/wp.kristdemokraterna.se\/alvkarleby\/wp-json\/wp\/v2\/users\/569"}],"replies":[{"embeddable":true,"href":"https:\/\/wp.kristdemokraterna.se\/alvkarleby\/wp-json\/wp\/v2\/comments?post=93"}],"version-history":[{"count":6,"href":"https:\/\/wp.kristdemokraterna.se\/alvkarleby\/wp-json\/wp\/v2\/pages\/93\/revisions"}],"predecessor-version":[{"id":107,"href":"https:\/\/wp.kristdemokraterna.se\/alvkarleby\/wp-json\/wp\/v2\/pages\/93\/revisions\/107"}],"wp:attachment":[{"href":"https:\/\/wp.kristdemokraterna.se\/alvkarleby\/wp-json\/wp\/v2\/media?parent=93"}],"curies":[{"name":"wp","href":"https:\/\/api.w.org\/{rel}","templated":true}]}}