{"id":101,"date":"2016-05-24T10:52:24","date_gmt":"2016-05-24T08:52:24","guid":{"rendered":"http:\/\/wp.kristdemokraterna.se\/alvsbyn\/?page_id=101"},"modified":"2025-09-17T17:10:38","modified_gmt":"2025-09-17T15:10:38","slug":"for-skolelever","status":"publish","type":"page","link":"https:\/\/wp.kristdemokraterna.se\/alvsbyn\/var-politik\/for-skolelever\/","title":{"rendered":"F\u00f6r skolelever"},"content":{"rendered":"<p>H\u00e4r hittar du som elev bra information om vad vi kristdemokrater tycker \u00e4r viktigt. V\u00e5rt m\u00e5l \u00e4r ett samh\u00e4lle d\u00e4r frihet f\u00f6renas med omsorg om de svaga.<\/p>\n<h2>\u00c4lvsbyns kommun<\/h2>\n<p>Om du vill veta mer om vad vi tycker i \u00c4lvsbyns kommun g\u00e5 in p\u00e5 sidan:<\/p>\n<p><a href=\"https:\/\/wp.kristdemokraterna.se\/alvsbyn\/var-politik\/i-kommunen\/\">wp.kristdemokraterna.se\/alvsbyn\/var-politik\/i-kommunen\/<\/a><\/p>\n<h2>Region Norrbotten<\/h2>\n<p>Om du vill veta mer om vad vi tycker i Region Norrbotten g\u00e5 in p\u00e5 KD Norrbottens sida:<\/p>\n<p><a href=\"https:\/\/wp.kristdemokraterna.se\/norrbotten\/\">wp.kristdemokraterna.se\/norrbotten<\/a><\/p>\n<h2>Sverige<\/h2>\n<p>Om du vill veta mer om vad vi tycker i Sverige g\u00e5 in p\u00e5 kristdemokraternas webbplats f\u00f6r skolelever:<\/p>\n<p><a href=\"https:\/\/kristdemokraterna.se\/ovrigt\/skolarbete\">kristdemokraterna.se\/ovrigt\/skolarbete<\/a><\/p>\n<p>&nbsp;<\/p>\n","protected":false},"excerpt":{"rendered":"<p>H\u00e4r hittar du som elev bra information om vad vi kristdemokrater tycker \u00e4r viktigt. V\u00e5rt m\u00e5l \u00e4r ett samh\u00e4lle d\u00e4r frihet f\u00f6renas med omsorg om de svaga. \u00c4lvsbyns kommun Om du vill veta mer om vad vi tycker i \u00c4lvsbyns kommun g\u00e5 in p\u00e5 sidan: wp.kristdemokraterna.se\/alvsbyn\/var-politik\/i-kommunen\/ Region Norrbotten Om du vill veta mer om vad <a class=\"read-more-link\" href=\"https:\/\/wp.kristdemokraterna.se\/alvsbyn\/var-politik\/for-skolelever\/\">Read More<\/a><\/p>\n","protected":false},"author":754,"featured_media":0,"parent":37,"menu_order":0,"comment_status":"closed","ping_status":"closed","template":"","meta":{"_acf_changed":false,"footnotes":""},"class_list":["post-101","page","type-page","status-publish","hentry"],"acf":[],"yoast_head":"<!-- This site is optimized with the Yoast SEO plugin v27.3 - https:\/\/yoast.com\/product\/yoast-seo-wordpress\/ -->\n<title>F\u00f6r skolelever - KD i \u00c4lvsbyns kommun<\/title>\n<meta name=\"robots\" content=\"index, follow, max-snippet:-1, max-image-preview:large, max-video-preview:-1\" \/>\n<link rel=\"canonical\" href=\"https:\/\/wp.kristdemokraterna.se\/alvsbyn\/var-politik\/for-skolelever\/\" \/>\n<meta property=\"og:locale\" content=\"sv_SE\" \/>\n<meta property=\"og:type\" content=\"article\" \/>\n<meta property=\"og:title\" content=\"F\u00f6r skolelever - KD i \u00c4lvsbyns kommun\" \/>\n<meta property=\"og:description\" content=\"H\u00e4r hittar du som elev bra information om vad vi kristdemokrater tycker \u00e4r viktigt. V\u00e5rt m\u00e5l \u00e4r ett samh\u00e4lle d\u00e4r frihet f\u00f6renas med omsorg om de svaga. \u00c4lvsbyns kommun Om du vill veta mer om vad vi tycker i \u00c4lvsbyns kommun g\u00e5 in p\u00e5 sidan: wp.kristdemokraterna.se\/alvsbyn\/var-politik\/i-kommunen\/ Region Norrbotten Om du vill veta mer om vad Read More\" \/>\n<meta property=\"og:url\" content=\"https:\/\/wp.kristdemokraterna.se\/alvsbyn\/var-politik\/for-skolelever\/\" \/>\n<meta property=\"og:site_name\" content=\"KD i \u00c4lvsbyns kommun\" \/>\n<meta property=\"article:modified_time\" content=\"2025-09-17T15:10:38+00:00\" \/>\n<meta name=\"twitter:card\" content=\"summary_large_image\" \/>\n<meta name=\"twitter:label1\" content=\"Ber\u00e4knad l\u00e4stid\" \/>\n\t<meta name=\"twitter:data1\" content=\"1 minut\" \/>\n<script type=\"application\/ld+json\" class=\"yoast-schema-graph\">{\"@context\":\"https:\\\/\\\/schema.org\",\"@graph\":[{\"@type\":\"WebPage\",\"@id\":\"https:\\\/\\\/wp.kristdemokraterna.se\\\/alvsbyn\\\/var-politik\\\/for-skolelever\\\/\",\"url\":\"https:\\\/\\\/wp.kristdemokraterna.se\\\/alvsbyn\\\/var-politik\\\/for-skolelever\\\/\",\"name\":\"F\u00f6r skolelever - KD i \u00c4lvsbyns kommun\",\"isPartOf\":{\"@id\":\"https:\\\/\\\/wp.kristdemokraterna.se\\\/alvsbyn\\\/#website\"},\"datePublished\":\"2016-05-24T08:52:24+00:00\",\"dateModified\":\"2025-09-17T15:10:38+00:00\",\"breadcrumb\":{\"@id\":\"https:\\\/\\\/wp.kristdemokraterna.se\\\/alvsbyn\\\/var-politik\\\/for-skolelever\\\/#breadcrumb\"},\"inLanguage\":\"sv-SE\",\"potentialAction\":[{\"@type\":\"ReadAction\",\"target\":[\"https:\\\/\\\/wp.kristdemokraterna.se\\\/alvsbyn\\\/var-politik\\\/for-skolelever\\\/\"]}]},{\"@type\":\"BreadcrumbList\",\"@id\":\"https:\\\/\\\/wp.kristdemokraterna.se\\\/alvsbyn\\\/var-politik\\\/for-skolelever\\\/#breadcrumb\",\"itemListElement\":[{\"@type\":\"ListItem\",\"position\":1,\"name\":\"Hem\",\"item\":\"https:\\\/\\\/wp.kristdemokraterna.se\\\/alvsbyn\\\/\"},{\"@type\":\"ListItem\",\"position\":2,\"name\":\"V\u00e5r politik\",\"item\":\"https:\\\/\\\/wp.kristdemokraterna.se\\\/alvsbyn\\\/var-politik\\\/\"},{\"@type\":\"ListItem\",\"position\":3,\"name\":\"F\u00f6r skolelever\"}]},{\"@type\":\"WebSite\",\"@id\":\"https:\\\/\\\/wp.kristdemokraterna.se\\\/alvsbyn\\\/#website\",\"url\":\"https:\\\/\\\/wp.kristdemokraterna.se\\\/alvsbyn\\\/\",\"name\":\"KD i \u00c4lvsbyns kommun\",\"description\":\"Vi jobbar f\u00f6r trygghet och valfrihet.\",\"publisher\":{\"@id\":\"https:\\\/\\\/wp.kristdemokraterna.se\\\/alvsbyn\\\/#organization\"},\"inLanguage\":\"sv-SE\"},{\"@type\":\"Organization\",\"@id\":\"https:\\\/\\\/wp.kristdemokraterna.se\\\/alvsbyn\\\/#organization\",\"name\":\"Kristdemokraterna i \u00c4lvsbyns kommun\",\"url\":\"https:\\\/\\\/wp.kristdemokraterna.se\\\/alvsbyn\\\/\",\"logo\":{\"@type\":\"ImageObject\",\"inLanguage\":\"sv-SE\",\"@id\":\"https:\\\/\\\/wp.kristdemokraterna.se\\\/alvsbyn\\\/#\\\/schema\\\/logo\\\/image\\\/\",\"url\":\"https:\\\/\\\/wp.kristdemokraterna.se\\\/alvsbyn\\\/files\\\/2020\\\/03\\\/kd_standard_cmyk.jpg\",\"contentUrl\":\"https:\\\/\\\/wp.kristdemokraterna.se\\\/alvsbyn\\\/files\\\/2020\\\/03\\\/kd_standard_cmyk.jpg\",\"width\":754,\"height\":698,\"caption\":\"Kristdemokraterna i \u00c4lvsbyns kommun\"},\"image\":{\"@id\":\"https:\\\/\\\/wp.kristdemokraterna.se\\\/alvsbyn\\\/#\\\/schema\\\/logo\\\/image\\\/\"}}]}<\/script>\n<!-- \/ Yoast SEO plugin. -->","yoast_head_json":{"title":"F\u00f6r skolelever - KD i \u00c4lvsbyns kommun","robots":{"index":"index","follow":"follow","max-snippet":"max-snippet:-1","max-image-preview":"max-image-preview:large","max-video-preview":"max-video-preview:-1"},"canonical":"https:\/\/wp.kristdemokraterna.se\/alvsbyn\/var-politik\/for-skolelever\/","og_locale":"sv_SE","og_type":"article","og_title":"F\u00f6r skolelever - KD i \u00c4lvsbyns kommun","og_description":"H\u00e4r hittar du som elev bra information om vad vi kristdemokrater tycker \u00e4r viktigt. V\u00e5rt m\u00e5l \u00e4r ett samh\u00e4lle d\u00e4r frihet f\u00f6renas med omsorg om de svaga. \u00c4lvsbyns kommun Om du vill veta mer om vad vi tycker i \u00c4lvsbyns kommun g\u00e5 in p\u00e5 sidan: wp.kristdemokraterna.se\/alvsbyn\/var-politik\/i-kommunen\/ Region Norrbotten Om du vill veta mer om vad Read More","og_url":"https:\/\/wp.kristdemokraterna.se\/alvsbyn\/var-politik\/for-skolelever\/","og_site_name":"KD i \u00c4lvsbyns kommun","article_modified_time":"2025-09-17T15:10:38+00:00","twitter_card":"summary_large_image","twitter_misc":{"Ber\u00e4knad l\u00e4stid":"1 minut"},"schema":{"@context":"https:\/\/schema.org","@graph":[{"@type":"WebPage","@id":"https:\/\/wp.kristdemokraterna.se\/alvsbyn\/var-politik\/for-skolelever\/","url":"https:\/\/wp.kristdemokraterna.se\/alvsbyn\/var-politik\/for-skolelever\/","name":"F\u00f6r skolelever - KD i \u00c4lvsbyns kommun","isPartOf":{"@id":"https:\/\/wp.kristdemokraterna.se\/alvsbyn\/#website"},"datePublished":"2016-05-24T08:52:24+00:00","dateModified":"2025-09-17T15:10:38+00:00","breadcrumb":{"@id":"https:\/\/wp.kristdemokraterna.se\/alvsbyn\/var-politik\/for-skolelever\/#breadcrumb"},"inLanguage":"sv-SE","potentialAction":[{"@type":"ReadAction","target":["https:\/\/wp.kristdemokraterna.se\/alvsbyn\/var-politik\/for-skolelever\/"]}]},{"@type":"BreadcrumbList","@id":"https:\/\/wp.kristdemokraterna.se\/alvsbyn\/var-politik\/for-skolelever\/#breadcrumb","itemListElement":[{"@type":"ListItem","position":1,"name":"Hem","item":"https:\/\/wp.kristdemokraterna.se\/alvsbyn\/"},{"@type":"ListItem","position":2,"name":"V\u00e5r politik","item":"https:\/\/wp.kristdemokraterna.se\/alvsbyn\/var-politik\/"},{"@type":"ListItem","position":3,"name":"F\u00f6r skolelever"}]},{"@type":"WebSite","@id":"https:\/\/wp.kristdemokraterna.se\/alvsbyn\/#website","url":"https:\/\/wp.kristdemokraterna.se\/alvsbyn\/","name":"KD i \u00c4lvsbyns kommun","description":"Vi jobbar f\u00f6r trygghet och valfrihet.","publisher":{"@id":"https:\/\/wp.kristdemokraterna.se\/alvsbyn\/#organization"},"inLanguage":"sv-SE"},{"@type":"Organization","@id":"https:\/\/wp.kristdemokraterna.se\/alvsbyn\/#organization","name":"Kristdemokraterna i \u00c4lvsbyns kommun","url":"https:\/\/wp.kristdemokraterna.se\/alvsbyn\/","logo":{"@type":"ImageObject","inLanguage":"sv-SE","@id":"https:\/\/wp.kristdemokraterna.se\/alvsbyn\/#\/schema\/logo\/image\/","url":"https:\/\/wp.kristdemokraterna.se\/alvsbyn\/files\/2020\/03\/kd_standard_cmyk.jpg","contentUrl":"https:\/\/wp.kristdemokraterna.se\/alvsbyn\/files\/2020\/03\/kd_standard_cmyk.jpg","width":754,"height":698,"caption":"Kristdemokraterna i \u00c4lvsbyns kommun"},"image":{"@id":"https:\/\/wp.kristdemokraterna.se\/alvsbyn\/#\/schema\/logo\/image\/"}}]}},"_links":{"self":[{"href":"https:\/\/wp.kristdemokraterna.se\/alvsbyn\/wp-json\/wp\/v2\/pages\/101","targetHints":{"allow":["GET"]}}],"collection":[{"href":"https:\/\/wp.kristdemokraterna.se\/alvsbyn\/wp-json\/wp\/v2\/pages"}],"about":[{"href":"https:\/\/wp.kristdemokraterna.se\/alvsbyn\/wp-json\/wp\/v2\/types\/page"}],"author":[{"embeddable":true,"href":"https:\/\/wp.kristdemokraterna.se\/alvsbyn\/wp-json\/wp\/v2\/users\/754"}],"replies":[{"embeddable":true,"href":"https:\/\/wp.kristdemokraterna.se\/alvsbyn\/wp-json\/wp\/v2\/comments?post=101"}],"version-history":[{"count":6,"href":"https:\/\/wp.kristdemokraterna.se\/alvsbyn\/wp-json\/wp\/v2\/pages\/101\/revisions"}],"predecessor-version":[{"id":750,"href":"https:\/\/wp.kristdemokraterna.se\/alvsbyn\/wp-json\/wp\/v2\/pages\/101\/revisions\/750"}],"up":[{"embeddable":true,"href":"https:\/\/wp.kristdemokraterna.se\/alvsbyn\/wp-json\/wp\/v2\/pages\/37"}],"wp:attachment":[{"href":"https:\/\/wp.kristdemokraterna.se\/alvsbyn\/wp-json\/wp\/v2\/media?parent=101"}],"curies":[{"name":"wp","href":"https:\/\/api.w.org\/{rel}","templated":true}]}}