{"id":2,"date":"2014-04-04T11:34:08","date_gmt":"2014-04-04T09:34:08","guid":{"rendered":"http:\/\/wp.kristdemokraterna.se\/lokalavdelningsmall20140404\/?page_id=2"},"modified":"2025-09-17T17:24:57","modified_gmt":"2025-09-17T15:24:57","slug":"fortroendevalda","status":"publish","type":"page","link":"https:\/\/wp.kristdemokraterna.se\/alvsbyn\/om-oss\/fortroendevalda\/","title":{"rendered":"F\u00f6rtroendevalda"},"content":{"rendered":"<p>Mandatperiod 2023-2026<\/p>\n<h2>Kommunfullm\u00e4ktige<\/h2>\n<p>Peter Lundberg<br \/>\nRobert Andersson<br \/>\nAnna-Karin Selstr\u00f6m, ers\u00e4ttare<br \/>\nTina Andersson, ers\u00e4ttare<\/p>\n<h2>Kommunstyrelse<\/h2>\n<p>Peter Lundberg<br \/>\nNils Sundstr\u00f6m, ers\u00e4ttare<\/p>\n<h2>Allm\u00e4nna utskottet\/Budgetberedningen<\/h2>\n<p>Peter Lundberg<\/p>\n<h2>Utbildningsutskottet<\/h2>\n<p>Peter Lundberg<\/p>\n<h2>\u00c4lvsbyns kommunf\u00f6retag<\/h2>\n<p>Peter Lundberg<\/p>\n<h2>\u00c4lvsbyns fastigheter<\/h2>\n<p>Nils Sundstr\u00f6m, ers\u00e4ttare<\/p>\n<h2>\u00d6verf\u00f6rmyndarn\u00e4mnd Pite\u00e5 &amp; \u00c4lvsbyn<\/h2>\n<p>Robert Andersson, vice ordf\u00f6rande<\/p>\n<h2>Gemensam r\u00e4ddningsn\u00e4mnd Pite\u00e5 &amp; \u00c4lvsbyn<\/h2>\n<p>Robert Andersson, vice ordf\u00f6rande<\/p>\n<p>&nbsp;<\/p>\n","protected":false},"excerpt":{"rendered":"<p>Mandatperiod 2023-2026 Kommunfullm\u00e4ktige Peter Lundberg Robert Andersson Anna-Karin Selstr\u00f6m, ers\u00e4ttare Tina Andersson, ers\u00e4ttare Kommunstyrelse Peter Lundberg Nils Sundstr\u00f6m, ers\u00e4ttare Allm\u00e4nna utskottet\/Budgetberedningen Peter Lundberg Utbildningsutskottet Peter Lundberg \u00c4lvsbyns kommunf\u00f6retag Peter Lundberg \u00c4lvsbyns fastigheter Nils Sundstr\u00f6m, ers\u00e4ttare \u00d6verf\u00f6rmyndarn\u00e4mnd Pite\u00e5 &amp; \u00c4lvsbyn Robert Andersson, vice ordf\u00f6rande Gemensam r\u00e4ddningsn\u00e4mnd Pite\u00e5 &amp; \u00c4lvsbyn Robert Andersson, vice ordf\u00f6rande &nbsp;<\/p>\n","protected":false},"author":754,"featured_media":0,"parent":89,"menu_order":0,"comment_status":"closed","ping_status":"closed","template":"","meta":{"_acf_changed":false,"footnotes":""},"class_list":["post-2","page","type-page","status-publish","hentry"],"acf":[],"yoast_head":"<!-- This site is optimized with the Yoast SEO plugin v27.4 - https:\/\/yoast.com\/product\/yoast-seo-wordpress\/ -->\n<title>F\u00f6rtroendevalda - KD i \u00c4lvsbyns kommun<\/title>\n<meta name=\"robots\" content=\"index, follow, max-snippet:-1, max-image-preview:large, max-video-preview:-1\" \/>\n<link rel=\"canonical\" href=\"https:\/\/wp.kristdemokraterna.se\/alvsbyn\/om-oss\/fortroendevalda\/\" \/>\n<meta property=\"og:locale\" content=\"sv_SE\" \/>\n<meta property=\"og:type\" content=\"article\" \/>\n<meta property=\"og:title\" content=\"F\u00f6rtroendevalda - KD i \u00c4lvsbyns kommun\" \/>\n<meta property=\"og:description\" content=\"Mandatperiod 2023-2026 Kommunfullm\u00e4ktige Peter Lundberg Robert Andersson Anna-Karin Selstr\u00f6m, ers\u00e4ttare Tina Andersson, ers\u00e4ttare Kommunstyrelse Peter Lundberg Nils Sundstr\u00f6m, ers\u00e4ttare Allm\u00e4nna utskottet\/Budgetberedningen Peter Lundberg Utbildningsutskottet Peter Lundberg \u00c4lvsbyns kommunf\u00f6retag Peter Lundberg \u00c4lvsbyns fastigheter Nils Sundstr\u00f6m, ers\u00e4ttare \u00d6verf\u00f6rmyndarn\u00e4mnd Pite\u00e5 &amp; \u00c4lvsbyn Robert Andersson, vice ordf\u00f6rande Gemensam r\u00e4ddningsn\u00e4mnd Pite\u00e5 &amp; \u00c4lvsbyn Robert Andersson, vice ordf\u00f6rande &nbsp;\" \/>\n<meta property=\"og:url\" content=\"https:\/\/wp.kristdemokraterna.se\/alvsbyn\/om-oss\/fortroendevalda\/\" \/>\n<meta property=\"og:site_name\" content=\"KD i \u00c4lvsbyns kommun\" \/>\n<meta property=\"article:modified_time\" content=\"2025-09-17T15:24:57+00:00\" \/>\n<meta name=\"twitter:card\" content=\"summary_large_image\" \/>\n<meta name=\"twitter:label1\" content=\"Ber\u00e4knad l\u00e4stid\" \/>\n\t<meta name=\"twitter:data1\" content=\"1 minut\" \/>\n<script type=\"application\/ld+json\" class=\"yoast-schema-graph\">{\"@context\":\"https:\\\/\\\/schema.org\",\"@graph\":[{\"@type\":\"WebPage\",\"@id\":\"https:\\\/\\\/wp.kristdemokraterna.se\\\/alvsbyn\\\/om-oss\\\/fortroendevalda\\\/\",\"url\":\"https:\\\/\\\/wp.kristdemokraterna.se\\\/alvsbyn\\\/om-oss\\\/fortroendevalda\\\/\",\"name\":\"F\u00f6rtroendevalda - KD i \u00c4lvsbyns kommun\",\"isPartOf\":{\"@id\":\"https:\\\/\\\/wp.kristdemokraterna.se\\\/alvsbyn\\\/#website\"},\"datePublished\":\"2014-04-04T09:34:08+00:00\",\"dateModified\":\"2025-09-17T15:24:57+00:00\",\"breadcrumb\":{\"@id\":\"https:\\\/\\\/wp.kristdemokraterna.se\\\/alvsbyn\\\/om-oss\\\/fortroendevalda\\\/#breadcrumb\"},\"inLanguage\":\"sv-SE\",\"potentialAction\":[{\"@type\":\"ReadAction\",\"target\":[\"https:\\\/\\\/wp.kristdemokraterna.se\\\/alvsbyn\\\/om-oss\\\/fortroendevalda\\\/\"]}]},{\"@type\":\"BreadcrumbList\",\"@id\":\"https:\\\/\\\/wp.kristdemokraterna.se\\\/alvsbyn\\\/om-oss\\\/fortroendevalda\\\/#breadcrumb\",\"itemListElement\":[{\"@type\":\"ListItem\",\"position\":1,\"name\":\"Hem\",\"item\":\"https:\\\/\\\/wp.kristdemokraterna.se\\\/alvsbyn\\\/\"},{\"@type\":\"ListItem\",\"position\":2,\"name\":\"Om oss\",\"item\":\"https:\\\/\\\/wp.kristdemokraterna.se\\\/alvsbyn\\\/om-oss\\\/\"},{\"@type\":\"ListItem\",\"position\":3,\"name\":\"F\u00f6rtroendevalda\"}]},{\"@type\":\"WebSite\",\"@id\":\"https:\\\/\\\/wp.kristdemokraterna.se\\\/alvsbyn\\\/#website\",\"url\":\"https:\\\/\\\/wp.kristdemokraterna.se\\\/alvsbyn\\\/\",\"name\":\"KD i \u00c4lvsbyns kommun\",\"description\":\"Vi jobbar f\u00f6r trygghet och valfrihet.\",\"publisher\":{\"@id\":\"https:\\\/\\\/wp.kristdemokraterna.se\\\/alvsbyn\\\/#organization\"},\"inLanguage\":\"sv-SE\"},{\"@type\":\"Organization\",\"@id\":\"https:\\\/\\\/wp.kristdemokraterna.se\\\/alvsbyn\\\/#organization\",\"name\":\"Kristdemokraterna i \u00c4lvsbyns kommun\",\"url\":\"https:\\\/\\\/wp.kristdemokraterna.se\\\/alvsbyn\\\/\",\"logo\":{\"@type\":\"ImageObject\",\"inLanguage\":\"sv-SE\",\"@id\":\"https:\\\/\\\/wp.kristdemokraterna.se\\\/alvsbyn\\\/#\\\/schema\\\/logo\\\/image\\\/\",\"url\":\"https:\\\/\\\/wp.kristdemokraterna.se\\\/alvsbyn\\\/files\\\/2020\\\/03\\\/kd_standard_cmyk.jpg\",\"contentUrl\":\"https:\\\/\\\/wp.kristdemokraterna.se\\\/alvsbyn\\\/files\\\/2020\\\/03\\\/kd_standard_cmyk.jpg\",\"width\":754,\"height\":698,\"caption\":\"Kristdemokraterna i \u00c4lvsbyns kommun\"},\"image\":{\"@id\":\"https:\\\/\\\/wp.kristdemokraterna.se\\\/alvsbyn\\\/#\\\/schema\\\/logo\\\/image\\\/\"}}]}<\/script>\n<!-- \/ Yoast SEO plugin. -->","yoast_head_json":{"title":"F\u00f6rtroendevalda - KD i \u00c4lvsbyns kommun","robots":{"index":"index","follow":"follow","max-snippet":"max-snippet:-1","max-image-preview":"max-image-preview:large","max-video-preview":"max-video-preview:-1"},"canonical":"https:\/\/wp.kristdemokraterna.se\/alvsbyn\/om-oss\/fortroendevalda\/","og_locale":"sv_SE","og_type":"article","og_title":"F\u00f6rtroendevalda - KD i \u00c4lvsbyns kommun","og_description":"Mandatperiod 2023-2026 Kommunfullm\u00e4ktige Peter Lundberg Robert Andersson Anna-Karin Selstr\u00f6m, ers\u00e4ttare Tina Andersson, ers\u00e4ttare Kommunstyrelse Peter Lundberg Nils Sundstr\u00f6m, ers\u00e4ttare Allm\u00e4nna utskottet\/Budgetberedningen Peter Lundberg Utbildningsutskottet Peter Lundberg \u00c4lvsbyns kommunf\u00f6retag Peter Lundberg \u00c4lvsbyns fastigheter Nils Sundstr\u00f6m, ers\u00e4ttare \u00d6verf\u00f6rmyndarn\u00e4mnd Pite\u00e5 &amp; \u00c4lvsbyn Robert Andersson, vice ordf\u00f6rande Gemensam r\u00e4ddningsn\u00e4mnd Pite\u00e5 &amp; \u00c4lvsbyn Robert Andersson, vice ordf\u00f6rande &nbsp;","og_url":"https:\/\/wp.kristdemokraterna.se\/alvsbyn\/om-oss\/fortroendevalda\/","og_site_name":"KD i \u00c4lvsbyns kommun","article_modified_time":"2025-09-17T15:24:57+00:00","twitter_card":"summary_large_image","twitter_misc":{"Ber\u00e4knad l\u00e4stid":"1 minut"},"schema":{"@context":"https:\/\/schema.org","@graph":[{"@type":"WebPage","@id":"https:\/\/wp.kristdemokraterna.se\/alvsbyn\/om-oss\/fortroendevalda\/","url":"https:\/\/wp.kristdemokraterna.se\/alvsbyn\/om-oss\/fortroendevalda\/","name":"F\u00f6rtroendevalda - KD i \u00c4lvsbyns kommun","isPartOf":{"@id":"https:\/\/wp.kristdemokraterna.se\/alvsbyn\/#website"},"datePublished":"2014-04-04T09:34:08+00:00","dateModified":"2025-09-17T15:24:57+00:00","breadcrumb":{"@id":"https:\/\/wp.kristdemokraterna.se\/alvsbyn\/om-oss\/fortroendevalda\/#breadcrumb"},"inLanguage":"sv-SE","potentialAction":[{"@type":"ReadAction","target":["https:\/\/wp.kristdemokraterna.se\/alvsbyn\/om-oss\/fortroendevalda\/"]}]},{"@type":"BreadcrumbList","@id":"https:\/\/wp.kristdemokraterna.se\/alvsbyn\/om-oss\/fortroendevalda\/#breadcrumb","itemListElement":[{"@type":"ListItem","position":1,"name":"Hem","item":"https:\/\/wp.kristdemokraterna.se\/alvsbyn\/"},{"@type":"ListItem","position":2,"name":"Om oss","item":"https:\/\/wp.kristdemokraterna.se\/alvsbyn\/om-oss\/"},{"@type":"ListItem","position":3,"name":"F\u00f6rtroendevalda"}]},{"@type":"WebSite","@id":"https:\/\/wp.kristdemokraterna.se\/alvsbyn\/#website","url":"https:\/\/wp.kristdemokraterna.se\/alvsbyn\/","name":"KD i \u00c4lvsbyns kommun","description":"Vi jobbar f\u00f6r trygghet och valfrihet.","publisher":{"@id":"https:\/\/wp.kristdemokraterna.se\/alvsbyn\/#organization"},"inLanguage":"sv-SE"},{"@type":"Organization","@id":"https:\/\/wp.kristdemokraterna.se\/alvsbyn\/#organization","name":"Kristdemokraterna i \u00c4lvsbyns kommun","url":"https:\/\/wp.kristdemokraterna.se\/alvsbyn\/","logo":{"@type":"ImageObject","inLanguage":"sv-SE","@id":"https:\/\/wp.kristdemokraterna.se\/alvsbyn\/#\/schema\/logo\/image\/","url":"https:\/\/wp.kristdemokraterna.se\/alvsbyn\/files\/2020\/03\/kd_standard_cmyk.jpg","contentUrl":"https:\/\/wp.kristdemokraterna.se\/alvsbyn\/files\/2020\/03\/kd_standard_cmyk.jpg","width":754,"height":698,"caption":"Kristdemokraterna i \u00c4lvsbyns kommun"},"image":{"@id":"https:\/\/wp.kristdemokraterna.se\/alvsbyn\/#\/schema\/logo\/image\/"}}]}},"_links":{"self":[{"href":"https:\/\/wp.kristdemokraterna.se\/alvsbyn\/wp-json\/wp\/v2\/pages\/2","targetHints":{"allow":["GET"]}}],"collection":[{"href":"https:\/\/wp.kristdemokraterna.se\/alvsbyn\/wp-json\/wp\/v2\/pages"}],"about":[{"href":"https:\/\/wp.kristdemokraterna.se\/alvsbyn\/wp-json\/wp\/v2\/types\/page"}],"author":[{"embeddable":true,"href":"https:\/\/wp.kristdemokraterna.se\/alvsbyn\/wp-json\/wp\/v2\/users\/754"}],"replies":[{"embeddable":true,"href":"https:\/\/wp.kristdemokraterna.se\/alvsbyn\/wp-json\/wp\/v2\/comments?post=2"}],"version-history":[{"count":21,"href":"https:\/\/wp.kristdemokraterna.se\/alvsbyn\/wp-json\/wp\/v2\/pages\/2\/revisions"}],"predecessor-version":[{"id":751,"href":"https:\/\/wp.kristdemokraterna.se\/alvsbyn\/wp-json\/wp\/v2\/pages\/2\/revisions\/751"}],"up":[{"embeddable":true,"href":"https:\/\/wp.kristdemokraterna.se\/alvsbyn\/wp-json\/wp\/v2\/pages\/89"}],"wp:attachment":[{"href":"https:\/\/wp.kristdemokraterna.se\/alvsbyn\/wp-json\/wp\/v2\/media?parent=2"}],"curies":[{"name":"wp","href":"https:\/\/api.w.org\/{rel}","templated":true}]}}