{"id":23,"date":"2016-04-27T11:17:19","date_gmt":"2016-04-27T09:17:19","guid":{"rendered":"http:\/\/wp.kristdemokraterna.se\/alvsbyn\/?page_id=23"},"modified":"2025-09-17T17:28:54","modified_gmt":"2025-09-17T15:28:54","slug":"blimedlem","status":"publish","type":"page","link":"https:\/\/wp.kristdemokraterna.se\/alvsbyn\/var-politik\/blimedlem\/","title":{"rendered":"Bli medlem"},"content":{"rendered":"<h2><em>Valfrihet och trygghet i Kristdemokraternas \u00c4lvsbyns kommun.\u00a0<\/em><\/h2>\n<p>Vill du engagera dig i politiken f\u00f6r Kristdemokraterna i \u00c4lvsbyns kommun?<\/p>\n<p>\u2026 eller bara bli medlem i Kristdemokraterna?<\/p>\n<p>L\u00e4s mer om Kristdemokraternas avdelning i \u00c4lvsbyns kommun i huvudmenyerna Nyheter, V\u00e5r politik och Om oss.<\/p>\n<p>H\u00f6r av dej. Du beh\u00f6vs!!!<\/p>\n<p>F\u00f6r att bli medlem g\u00e5 in p\u00e5 Kristdemokraterna riks sida<\/p>\n<p><a href=\"https:\/\/kristdemokraterna.se\/engagera-dig\/ansok-om-medlemskap-i-kristdemokraterna\">https:\/\/kristdemokraterna.se\/engagera-dig\/ansok-om-medlemskap-i-kristdemokraterna<\/a><\/p>\n<p>&nbsp;<\/p>\n","protected":false},"excerpt":{"rendered":"<p>Valfrihet och trygghet i Kristdemokraternas \u00c4lvsbyns kommun.\u00a0 Vill du engagera dig i politiken f\u00f6r Kristdemokraterna i \u00c4lvsbyns kommun? \u2026 eller bara bli medlem i Kristdemokraterna? L\u00e4s mer om Kristdemokraternas avdelning i \u00c4lvsbyns kommun i huvudmenyerna Nyheter, V\u00e5r politik och Om oss. H\u00f6r av dej. Du beh\u00f6vs!!! F\u00f6r att bli medlem g\u00e5 in p\u00e5 Kristdemokraterna riks <a class=\"read-more-link\" href=\"https:\/\/wp.kristdemokraterna.se\/alvsbyn\/var-politik\/blimedlem\/\">Read More<\/a><\/p>\n","protected":false},"author":754,"featured_media":0,"parent":37,"menu_order":0,"comment_status":"closed","ping_status":"closed","template":"","meta":{"_acf_changed":false,"footnotes":""},"class_list":["post-23","page","type-page","status-publish","hentry"],"acf":[],"yoast_head":"<!-- This site is optimized with the Yoast SEO plugin v27.4 - https:\/\/yoast.com\/product\/yoast-seo-wordpress\/ -->\n<title>Bli medlem - KD i \u00c4lvsbyns kommun<\/title>\n<meta name=\"robots\" content=\"index, follow, max-snippet:-1, max-image-preview:large, max-video-preview:-1\" \/>\n<link rel=\"canonical\" href=\"https:\/\/wp.kristdemokraterna.se\/alvsbyn\/var-politik\/blimedlem\/\" \/>\n<meta property=\"og:locale\" content=\"sv_SE\" \/>\n<meta property=\"og:type\" content=\"article\" \/>\n<meta property=\"og:title\" content=\"Bli medlem - KD i \u00c4lvsbyns kommun\" \/>\n<meta property=\"og:description\" content=\"Valfrihet och trygghet i Kristdemokraternas \u00c4lvsbyns kommun.\u00a0 Vill du engagera dig i politiken f\u00f6r Kristdemokraterna i \u00c4lvsbyns kommun? \u2026 eller bara bli medlem i Kristdemokraterna? L\u00e4s mer om Kristdemokraternas avdelning i \u00c4lvsbyns kommun i huvudmenyerna Nyheter, V\u00e5r politik och Om oss. H\u00f6r av dej. Du beh\u00f6vs!!! F\u00f6r att bli medlem g\u00e5 in p\u00e5 Kristdemokraterna riks Read More\" \/>\n<meta property=\"og:url\" content=\"https:\/\/wp.kristdemokraterna.se\/alvsbyn\/var-politik\/blimedlem\/\" \/>\n<meta property=\"og:site_name\" content=\"KD i \u00c4lvsbyns kommun\" \/>\n<meta property=\"article:modified_time\" content=\"2025-09-17T15:28:54+00:00\" \/>\n<meta name=\"twitter:card\" content=\"summary_large_image\" \/>\n<meta name=\"twitter:label1\" content=\"Ber\u00e4knad l\u00e4stid\" \/>\n\t<meta name=\"twitter:data1\" content=\"1 minut\" \/>\n<script type=\"application\/ld+json\" class=\"yoast-schema-graph\">{\"@context\":\"https:\\\/\\\/schema.org\",\"@graph\":[{\"@type\":\"WebPage\",\"@id\":\"https:\\\/\\\/wp.kristdemokraterna.se\\\/alvsbyn\\\/var-politik\\\/blimedlem\\\/\",\"url\":\"https:\\\/\\\/wp.kristdemokraterna.se\\\/alvsbyn\\\/var-politik\\\/blimedlem\\\/\",\"name\":\"Bli medlem - KD i \u00c4lvsbyns kommun\",\"isPartOf\":{\"@id\":\"https:\\\/\\\/wp.kristdemokraterna.se\\\/alvsbyn\\\/#website\"},\"datePublished\":\"2016-04-27T09:17:19+00:00\",\"dateModified\":\"2025-09-17T15:28:54+00:00\",\"breadcrumb\":{\"@id\":\"https:\\\/\\\/wp.kristdemokraterna.se\\\/alvsbyn\\\/var-politik\\\/blimedlem\\\/#breadcrumb\"},\"inLanguage\":\"sv-SE\",\"potentialAction\":[{\"@type\":\"ReadAction\",\"target\":[\"https:\\\/\\\/wp.kristdemokraterna.se\\\/alvsbyn\\\/var-politik\\\/blimedlem\\\/\"]}]},{\"@type\":\"BreadcrumbList\",\"@id\":\"https:\\\/\\\/wp.kristdemokraterna.se\\\/alvsbyn\\\/var-politik\\\/blimedlem\\\/#breadcrumb\",\"itemListElement\":[{\"@type\":\"ListItem\",\"position\":1,\"name\":\"Hem\",\"item\":\"https:\\\/\\\/wp.kristdemokraterna.se\\\/alvsbyn\\\/\"},{\"@type\":\"ListItem\",\"position\":2,\"name\":\"V\u00e5r politik\",\"item\":\"https:\\\/\\\/wp.kristdemokraterna.se\\\/alvsbyn\\\/var-politik\\\/\"},{\"@type\":\"ListItem\",\"position\":3,\"name\":\"Bli medlem\"}]},{\"@type\":\"WebSite\",\"@id\":\"https:\\\/\\\/wp.kristdemokraterna.se\\\/alvsbyn\\\/#website\",\"url\":\"https:\\\/\\\/wp.kristdemokraterna.se\\\/alvsbyn\\\/\",\"name\":\"KD i \u00c4lvsbyns kommun\",\"description\":\"Vi jobbar f\u00f6r trygghet och valfrihet.\",\"publisher\":{\"@id\":\"https:\\\/\\\/wp.kristdemokraterna.se\\\/alvsbyn\\\/#organization\"},\"inLanguage\":\"sv-SE\"},{\"@type\":\"Organization\",\"@id\":\"https:\\\/\\\/wp.kristdemokraterna.se\\\/alvsbyn\\\/#organization\",\"name\":\"Kristdemokraterna i \u00c4lvsbyns kommun\",\"url\":\"https:\\\/\\\/wp.kristdemokraterna.se\\\/alvsbyn\\\/\",\"logo\":{\"@type\":\"ImageObject\",\"inLanguage\":\"sv-SE\",\"@id\":\"https:\\\/\\\/wp.kristdemokraterna.se\\\/alvsbyn\\\/#\\\/schema\\\/logo\\\/image\\\/\",\"url\":\"https:\\\/\\\/wp.kristdemokraterna.se\\\/alvsbyn\\\/files\\\/2020\\\/03\\\/kd_standard_cmyk.jpg\",\"contentUrl\":\"https:\\\/\\\/wp.kristdemokraterna.se\\\/alvsbyn\\\/files\\\/2020\\\/03\\\/kd_standard_cmyk.jpg\",\"width\":754,\"height\":698,\"caption\":\"Kristdemokraterna i \u00c4lvsbyns kommun\"},\"image\":{\"@id\":\"https:\\\/\\\/wp.kristdemokraterna.se\\\/alvsbyn\\\/#\\\/schema\\\/logo\\\/image\\\/\"}}]}<\/script>\n<!-- \/ Yoast SEO plugin. -->","yoast_head_json":{"title":"Bli medlem - KD i \u00c4lvsbyns kommun","robots":{"index":"index","follow":"follow","max-snippet":"max-snippet:-1","max-image-preview":"max-image-preview:large","max-video-preview":"max-video-preview:-1"},"canonical":"https:\/\/wp.kristdemokraterna.se\/alvsbyn\/var-politik\/blimedlem\/","og_locale":"sv_SE","og_type":"article","og_title":"Bli medlem - KD i \u00c4lvsbyns kommun","og_description":"Valfrihet och trygghet i Kristdemokraternas \u00c4lvsbyns kommun.\u00a0 Vill du engagera dig i politiken f\u00f6r Kristdemokraterna i \u00c4lvsbyns kommun? \u2026 eller bara bli medlem i Kristdemokraterna? L\u00e4s mer om Kristdemokraternas avdelning i \u00c4lvsbyns kommun i huvudmenyerna Nyheter, V\u00e5r politik och Om oss. H\u00f6r av dej. Du beh\u00f6vs!!! F\u00f6r att bli medlem g\u00e5 in p\u00e5 Kristdemokraterna riks Read More","og_url":"https:\/\/wp.kristdemokraterna.se\/alvsbyn\/var-politik\/blimedlem\/","og_site_name":"KD i \u00c4lvsbyns kommun","article_modified_time":"2025-09-17T15:28:54+00:00","twitter_card":"summary_large_image","twitter_misc":{"Ber\u00e4knad l\u00e4stid":"1 minut"},"schema":{"@context":"https:\/\/schema.org","@graph":[{"@type":"WebPage","@id":"https:\/\/wp.kristdemokraterna.se\/alvsbyn\/var-politik\/blimedlem\/","url":"https:\/\/wp.kristdemokraterna.se\/alvsbyn\/var-politik\/blimedlem\/","name":"Bli medlem - KD i \u00c4lvsbyns kommun","isPartOf":{"@id":"https:\/\/wp.kristdemokraterna.se\/alvsbyn\/#website"},"datePublished":"2016-04-27T09:17:19+00:00","dateModified":"2025-09-17T15:28:54+00:00","breadcrumb":{"@id":"https:\/\/wp.kristdemokraterna.se\/alvsbyn\/var-politik\/blimedlem\/#breadcrumb"},"inLanguage":"sv-SE","potentialAction":[{"@type":"ReadAction","target":["https:\/\/wp.kristdemokraterna.se\/alvsbyn\/var-politik\/blimedlem\/"]}]},{"@type":"BreadcrumbList","@id":"https:\/\/wp.kristdemokraterna.se\/alvsbyn\/var-politik\/blimedlem\/#breadcrumb","itemListElement":[{"@type":"ListItem","position":1,"name":"Hem","item":"https:\/\/wp.kristdemokraterna.se\/alvsbyn\/"},{"@type":"ListItem","position":2,"name":"V\u00e5r politik","item":"https:\/\/wp.kristdemokraterna.se\/alvsbyn\/var-politik\/"},{"@type":"ListItem","position":3,"name":"Bli medlem"}]},{"@type":"WebSite","@id":"https:\/\/wp.kristdemokraterna.se\/alvsbyn\/#website","url":"https:\/\/wp.kristdemokraterna.se\/alvsbyn\/","name":"KD i \u00c4lvsbyns kommun","description":"Vi jobbar f\u00f6r trygghet och valfrihet.","publisher":{"@id":"https:\/\/wp.kristdemokraterna.se\/alvsbyn\/#organization"},"inLanguage":"sv-SE"},{"@type":"Organization","@id":"https:\/\/wp.kristdemokraterna.se\/alvsbyn\/#organization","name":"Kristdemokraterna i \u00c4lvsbyns kommun","url":"https:\/\/wp.kristdemokraterna.se\/alvsbyn\/","logo":{"@type":"ImageObject","inLanguage":"sv-SE","@id":"https:\/\/wp.kristdemokraterna.se\/alvsbyn\/#\/schema\/logo\/image\/","url":"https:\/\/wp.kristdemokraterna.se\/alvsbyn\/files\/2020\/03\/kd_standard_cmyk.jpg","contentUrl":"https:\/\/wp.kristdemokraterna.se\/alvsbyn\/files\/2020\/03\/kd_standard_cmyk.jpg","width":754,"height":698,"caption":"Kristdemokraterna i \u00c4lvsbyns kommun"},"image":{"@id":"https:\/\/wp.kristdemokraterna.se\/alvsbyn\/#\/schema\/logo\/image\/"}}]}},"_links":{"self":[{"href":"https:\/\/wp.kristdemokraterna.se\/alvsbyn\/wp-json\/wp\/v2\/pages\/23","targetHints":{"allow":["GET"]}}],"collection":[{"href":"https:\/\/wp.kristdemokraterna.se\/alvsbyn\/wp-json\/wp\/v2\/pages"}],"about":[{"href":"https:\/\/wp.kristdemokraterna.se\/alvsbyn\/wp-json\/wp\/v2\/types\/page"}],"author":[{"embeddable":true,"href":"https:\/\/wp.kristdemokraterna.se\/alvsbyn\/wp-json\/wp\/v2\/users\/754"}],"replies":[{"embeddable":true,"href":"https:\/\/wp.kristdemokraterna.se\/alvsbyn\/wp-json\/wp\/v2\/comments?post=23"}],"version-history":[{"count":16,"href":"https:\/\/wp.kristdemokraterna.se\/alvsbyn\/wp-json\/wp\/v2\/pages\/23\/revisions"}],"predecessor-version":[{"id":753,"href":"https:\/\/wp.kristdemokraterna.se\/alvsbyn\/wp-json\/wp\/v2\/pages\/23\/revisions\/753"}],"up":[{"embeddable":true,"href":"https:\/\/wp.kristdemokraterna.se\/alvsbyn\/wp-json\/wp\/v2\/pages\/37"}],"wp:attachment":[{"href":"https:\/\/wp.kristdemokraterna.se\/alvsbyn\/wp-json\/wp\/v2\/media?parent=23"}],"curies":[{"name":"wp","href":"https:\/\/api.w.org\/{rel}","templated":true}]}}