{"id":40,"date":"2016-04-27T13:56:45","date_gmt":"2016-04-27T11:56:45","guid":{"rendered":"http:\/\/wp.kristdemokraterna.se\/alvsbyn\/?page_id=40"},"modified":"2025-10-06T14:50:15","modified_gmt":"2025-10-06T12:50:15","slug":"i-kommunen","status":"publish","type":"page","link":"https:\/\/wp.kristdemokraterna.se\/alvsbyn\/var-politik\/i-kommunen\/","title":{"rendered":"I kommunen"},"content":{"rendered":"<blockquote><p>V\u00e5ra h\u00f6gst prioriterade fr\u00e5gor i \u00c4lvsbyns kommun \u00e4r; de \u00e4ldre, f\u00f6retagande, trygghet, barn och familj.<\/p>\n<p><strong>DE \u00c4LDRE<\/strong><br \/>\nVi ska kunna lita p\u00e5 att \u00e4ldreomsorgen finns d\u00e4r n\u00e4r vi beh\u00f6ver den. Alla \u00e4ldre ska ha r\u00e4tt till ett anpassat boende. Vi s\u00e4ger Ja till att bygga ett nytt \u00e4ldreboende\/trygghetsboende. Vi m\u00e5ste v\u00e4rna de \u00e4ldres r\u00e4tt att best\u00e4mma \u00f6ver sitt eget liv s\u00e5 l\u00e5ngt det \u00e4r m\u00f6jligt. De har erfarenhet och kunskap som ska tas tillvara. Vi vill utveckla kvaliteten i \u00e4ldreomsorgen bland annat genom att f\u00f6rst\u00e4rka bemanningen, ta bort delade turer och f\u00f6rb\u00e4ttra maten och m\u00e5ltidssituationen. Vi vill ocks\u00e5 inf\u00f6ra enklare tj\u00e4nster f\u00f6r att avlasta f\u00f6r undersk\u00f6terskor och f\u00e5 fler h\u00e4nder inom \u00e4ldreomsorgen och skapa guldkant f\u00f6r de \u00e4ldre.<\/p>\n<p><strong>F\u00d6RETAGANDE<\/strong><br \/>\nDet privata n\u00e4ringslivet och entrepren\u00f6rskapet \u00e4r grunden f\u00f6r v\u00e5r v\u00e4lf\u00e4rd. Nya jobb kan inte kommenderas fram av politiker. De skapas n\u00e4r enskilda m\u00e4nniskor finner det m\u00f6dan v\u00e4rt att starta eller utveckla ett f\u00f6retag. Kristdemokraterna i \u00c4lvsbyns kommun vill att vi ska bli den b\u00e4sta och f\u00f6rdelaktigaste kommunen i Norrbotten att starta, \u00e4ga och driva f\u00f6retag i. Detta \u00e4r v\u00e4ldigt viktigt f\u00f6r oss utifr\u00e5n flera perspektiv. F\u00f6retagen och de jobb de skapar l\u00e4gger grunden till att vi kan ha en bra v\u00e5rd, skola och omsorg i kommunen. D\u00e4rf\u00f6r vill vi bland annat skapa Norrbottens l\u00e4gsta kommunala avgifter f\u00f6r f\u00f6retagare. Vi vill ocks\u00e5 systematiskt locka hit fler f\u00f6retag genom att inr\u00e4tta en tj\u00e4nst som etableringss\u00e4ljare.<\/p>\n<p><strong>TRYGGHET<\/strong><br \/>\nVi vill ha fler poliser i kommunen och i Sverige. Trygghet \u00e4r ocks\u00e5 s\u00e5 mycket mer \u00e4n poliser. Vi vill exempelvis \u00f6ka det f\u00f6rebyggande arbetet bland unga, f\u00f6rbjuda b\u00f6neutrop och motverka v\u00e5ldsbejakande islamism i \u00c4lvsbyns kommun. Religion ska vara en frihet inget tv\u00e5ng.<\/p>\n<p><strong>BARN OCH FAMILJ<\/strong><br \/>\nVi v\u00e4rnar byaskolorna. Vi vill inf\u00f6ra resursklasser f\u00f6r elever som inte fungerar i normal skolsituation eller \u00e4r hemmak\u00e4mpare (hemmasittare). Vi vill att det ska finnas barnsk\u00f6tare inom barnomsorgen. Vi vill f\u00f6rb\u00e4ttra f\u00f6r barn och familjer genom att minska barngruppernas storlek i f\u00f6rskolan och p\u00e5 fritids och \u00f6ka familjers valfrihet att v\u00e4lja barnomsorg i egen, kommunal eller privat regi.<\/p>\n<p><strong>L\u00e4s mer p\u00e5 v\u00e5ra nyhetssidor<\/strong><\/p>\n<p><a href=\"https:\/\/wp.kristdemokraterna.se\/alvsbyn\/kategorier\/nyheter\/\">https:\/\/wp.kristdemokraterna.se\/alvsbyn\/kategorier\/nyheter\/<\/a><\/p><\/blockquote>\n","protected":false},"excerpt":{"rendered":"<p>V\u00e5ra h\u00f6gst prioriterade fr\u00e5gor i \u00c4lvsbyns kommun \u00e4r; de \u00e4ldre, f\u00f6retagande, trygghet, barn och familj. DE \u00c4LDRE Vi ska kunna lita p\u00e5 att \u00e4ldreomsorgen finns d\u00e4r n\u00e4r vi beh\u00f6ver den. Alla \u00e4ldre ska ha r\u00e4tt till ett anpassat boende. Vi s\u00e4ger Ja till att bygga ett nytt \u00e4ldreboende\/trygghetsboende. Vi m\u00e5ste v\u00e4rna de \u00e4ldres r\u00e4tt att <a class=\"read-more-link\" href=\"https:\/\/wp.kristdemokraterna.se\/alvsbyn\/var-politik\/i-kommunen\/\">Read More<\/a><\/p>\n","protected":false},"author":754,"featured_media":0,"parent":37,"menu_order":0,"comment_status":"closed","ping_status":"closed","template":"","meta":{"_acf_changed":false,"footnotes":""},"class_list":["post-40","page","type-page","status-publish","hentry"],"acf":[],"yoast_head":"<!-- This site is optimized with the Yoast SEO plugin v27.4 - https:\/\/yoast.com\/product\/yoast-seo-wordpress\/ -->\n<title>I kommunen - KD i \u00c4lvsbyns kommun<\/title>\n<meta name=\"robots\" content=\"index, follow, max-snippet:-1, max-image-preview:large, max-video-preview:-1\" \/>\n<link rel=\"canonical\" href=\"https:\/\/wp.kristdemokraterna.se\/alvsbyn\/var-politik\/i-kommunen\/\" \/>\n<meta property=\"og:locale\" content=\"sv_SE\" \/>\n<meta property=\"og:type\" content=\"article\" \/>\n<meta property=\"og:title\" content=\"I kommunen - KD i \u00c4lvsbyns kommun\" \/>\n<meta property=\"og:description\" content=\"V\u00e5ra h\u00f6gst prioriterade fr\u00e5gor i \u00c4lvsbyns kommun \u00e4r; de \u00e4ldre, f\u00f6retagande, trygghet, barn och familj. DE \u00c4LDRE Vi ska kunna lita p\u00e5 att \u00e4ldreomsorgen finns d\u00e4r n\u00e4r vi beh\u00f6ver den. Alla \u00e4ldre ska ha r\u00e4tt till ett anpassat boende. Vi s\u00e4ger Ja till att bygga ett nytt \u00e4ldreboende\/trygghetsboende. Vi m\u00e5ste v\u00e4rna de \u00e4ldres r\u00e4tt att Read More\" \/>\n<meta property=\"og:url\" content=\"https:\/\/wp.kristdemokraterna.se\/alvsbyn\/var-politik\/i-kommunen\/\" \/>\n<meta property=\"og:site_name\" content=\"KD i \u00c4lvsbyns kommun\" \/>\n<meta property=\"article:modified_time\" content=\"2025-10-06T12:50:15+00:00\" \/>\n<meta name=\"twitter:card\" content=\"summary_large_image\" \/>\n<script type=\"application\/ld+json\" class=\"yoast-schema-graph\">{\"@context\":\"https:\\\/\\\/schema.org\",\"@graph\":[{\"@type\":\"WebPage\",\"@id\":\"https:\\\/\\\/wp.kristdemokraterna.se\\\/alvsbyn\\\/var-politik\\\/i-kommunen\\\/\",\"url\":\"https:\\\/\\\/wp.kristdemokraterna.se\\\/alvsbyn\\\/var-politik\\\/i-kommunen\\\/\",\"name\":\"I kommunen - KD i \u00c4lvsbyns kommun\",\"isPartOf\":{\"@id\":\"https:\\\/\\\/wp.kristdemokraterna.se\\\/alvsbyn\\\/#website\"},\"datePublished\":\"2016-04-27T11:56:45+00:00\",\"dateModified\":\"2025-10-06T12:50:15+00:00\",\"breadcrumb\":{\"@id\":\"https:\\\/\\\/wp.kristdemokraterna.se\\\/alvsbyn\\\/var-politik\\\/i-kommunen\\\/#breadcrumb\"},\"inLanguage\":\"sv-SE\",\"potentialAction\":[{\"@type\":\"ReadAction\",\"target\":[\"https:\\\/\\\/wp.kristdemokraterna.se\\\/alvsbyn\\\/var-politik\\\/i-kommunen\\\/\"]}]},{\"@type\":\"BreadcrumbList\",\"@id\":\"https:\\\/\\\/wp.kristdemokraterna.se\\\/alvsbyn\\\/var-politik\\\/i-kommunen\\\/#breadcrumb\",\"itemListElement\":[{\"@type\":\"ListItem\",\"position\":1,\"name\":\"Hem\",\"item\":\"https:\\\/\\\/wp.kristdemokraterna.se\\\/alvsbyn\\\/\"},{\"@type\":\"ListItem\",\"position\":2,\"name\":\"V\u00e5r politik\",\"item\":\"https:\\\/\\\/wp.kristdemokraterna.se\\\/alvsbyn\\\/var-politik\\\/\"},{\"@type\":\"ListItem\",\"position\":3,\"name\":\"I kommunen\"}]},{\"@type\":\"WebSite\",\"@id\":\"https:\\\/\\\/wp.kristdemokraterna.se\\\/alvsbyn\\\/#website\",\"url\":\"https:\\\/\\\/wp.kristdemokraterna.se\\\/alvsbyn\\\/\",\"name\":\"KD i \u00c4lvsbyns kommun\",\"description\":\"Vi jobbar f\u00f6r trygghet och valfrihet.\",\"publisher\":{\"@id\":\"https:\\\/\\\/wp.kristdemokraterna.se\\\/alvsbyn\\\/#organization\"},\"inLanguage\":\"sv-SE\"},{\"@type\":\"Organization\",\"@id\":\"https:\\\/\\\/wp.kristdemokraterna.se\\\/alvsbyn\\\/#organization\",\"name\":\"Kristdemokraterna i \u00c4lvsbyns kommun\",\"url\":\"https:\\\/\\\/wp.kristdemokraterna.se\\\/alvsbyn\\\/\",\"logo\":{\"@type\":\"ImageObject\",\"inLanguage\":\"sv-SE\",\"@id\":\"https:\\\/\\\/wp.kristdemokraterna.se\\\/alvsbyn\\\/#\\\/schema\\\/logo\\\/image\\\/\",\"url\":\"https:\\\/\\\/wp.kristdemokraterna.se\\\/alvsbyn\\\/files\\\/2020\\\/03\\\/kd_standard_cmyk.jpg\",\"contentUrl\":\"https:\\\/\\\/wp.kristdemokraterna.se\\\/alvsbyn\\\/files\\\/2020\\\/03\\\/kd_standard_cmyk.jpg\",\"width\":754,\"height\":698,\"caption\":\"Kristdemokraterna i \u00c4lvsbyns kommun\"},\"image\":{\"@id\":\"https:\\\/\\\/wp.kristdemokraterna.se\\\/alvsbyn\\\/#\\\/schema\\\/logo\\\/image\\\/\"}}]}<\/script>\n<!-- \/ Yoast SEO plugin. -->","yoast_head_json":{"title":"I kommunen - KD i \u00c4lvsbyns kommun","robots":{"index":"index","follow":"follow","max-snippet":"max-snippet:-1","max-image-preview":"max-image-preview:large","max-video-preview":"max-video-preview:-1"},"canonical":"https:\/\/wp.kristdemokraterna.se\/alvsbyn\/var-politik\/i-kommunen\/","og_locale":"sv_SE","og_type":"article","og_title":"I kommunen - KD i \u00c4lvsbyns kommun","og_description":"V\u00e5ra h\u00f6gst prioriterade fr\u00e5gor i \u00c4lvsbyns kommun \u00e4r; de \u00e4ldre, f\u00f6retagande, trygghet, barn och familj. DE \u00c4LDRE Vi ska kunna lita p\u00e5 att \u00e4ldreomsorgen finns d\u00e4r n\u00e4r vi beh\u00f6ver den. Alla \u00e4ldre ska ha r\u00e4tt till ett anpassat boende. Vi s\u00e4ger Ja till att bygga ett nytt \u00e4ldreboende\/trygghetsboende. Vi m\u00e5ste v\u00e4rna de \u00e4ldres r\u00e4tt att Read More","og_url":"https:\/\/wp.kristdemokraterna.se\/alvsbyn\/var-politik\/i-kommunen\/","og_site_name":"KD i \u00c4lvsbyns kommun","article_modified_time":"2025-10-06T12:50:15+00:00","twitter_card":"summary_large_image","schema":{"@context":"https:\/\/schema.org","@graph":[{"@type":"WebPage","@id":"https:\/\/wp.kristdemokraterna.se\/alvsbyn\/var-politik\/i-kommunen\/","url":"https:\/\/wp.kristdemokraterna.se\/alvsbyn\/var-politik\/i-kommunen\/","name":"I kommunen - KD i \u00c4lvsbyns kommun","isPartOf":{"@id":"https:\/\/wp.kristdemokraterna.se\/alvsbyn\/#website"},"datePublished":"2016-04-27T11:56:45+00:00","dateModified":"2025-10-06T12:50:15+00:00","breadcrumb":{"@id":"https:\/\/wp.kristdemokraterna.se\/alvsbyn\/var-politik\/i-kommunen\/#breadcrumb"},"inLanguage":"sv-SE","potentialAction":[{"@type":"ReadAction","target":["https:\/\/wp.kristdemokraterna.se\/alvsbyn\/var-politik\/i-kommunen\/"]}]},{"@type":"BreadcrumbList","@id":"https:\/\/wp.kristdemokraterna.se\/alvsbyn\/var-politik\/i-kommunen\/#breadcrumb","itemListElement":[{"@type":"ListItem","position":1,"name":"Hem","item":"https:\/\/wp.kristdemokraterna.se\/alvsbyn\/"},{"@type":"ListItem","position":2,"name":"V\u00e5r politik","item":"https:\/\/wp.kristdemokraterna.se\/alvsbyn\/var-politik\/"},{"@type":"ListItem","position":3,"name":"I kommunen"}]},{"@type":"WebSite","@id":"https:\/\/wp.kristdemokraterna.se\/alvsbyn\/#website","url":"https:\/\/wp.kristdemokraterna.se\/alvsbyn\/","name":"KD i \u00c4lvsbyns kommun","description":"Vi jobbar f\u00f6r trygghet och valfrihet.","publisher":{"@id":"https:\/\/wp.kristdemokraterna.se\/alvsbyn\/#organization"},"inLanguage":"sv-SE"},{"@type":"Organization","@id":"https:\/\/wp.kristdemokraterna.se\/alvsbyn\/#organization","name":"Kristdemokraterna i \u00c4lvsbyns kommun","url":"https:\/\/wp.kristdemokraterna.se\/alvsbyn\/","logo":{"@type":"ImageObject","inLanguage":"sv-SE","@id":"https:\/\/wp.kristdemokraterna.se\/alvsbyn\/#\/schema\/logo\/image\/","url":"https:\/\/wp.kristdemokraterna.se\/alvsbyn\/files\/2020\/03\/kd_standard_cmyk.jpg","contentUrl":"https:\/\/wp.kristdemokraterna.se\/alvsbyn\/files\/2020\/03\/kd_standard_cmyk.jpg","width":754,"height":698,"caption":"Kristdemokraterna i \u00c4lvsbyns kommun"},"image":{"@id":"https:\/\/wp.kristdemokraterna.se\/alvsbyn\/#\/schema\/logo\/image\/"}}]}},"_links":{"self":[{"href":"https:\/\/wp.kristdemokraterna.se\/alvsbyn\/wp-json\/wp\/v2\/pages\/40","targetHints":{"allow":["GET"]}}],"collection":[{"href":"https:\/\/wp.kristdemokraterna.se\/alvsbyn\/wp-json\/wp\/v2\/pages"}],"about":[{"href":"https:\/\/wp.kristdemokraterna.se\/alvsbyn\/wp-json\/wp\/v2\/types\/page"}],"author":[{"embeddable":true,"href":"https:\/\/wp.kristdemokraterna.se\/alvsbyn\/wp-json\/wp\/v2\/users\/754"}],"replies":[{"embeddable":true,"href":"https:\/\/wp.kristdemokraterna.se\/alvsbyn\/wp-json\/wp\/v2\/comments?post=40"}],"version-history":[{"count":11,"href":"https:\/\/wp.kristdemokraterna.se\/alvsbyn\/wp-json\/wp\/v2\/pages\/40\/revisions"}],"predecessor-version":[{"id":754,"href":"https:\/\/wp.kristdemokraterna.se\/alvsbyn\/wp-json\/wp\/v2\/pages\/40\/revisions\/754"}],"up":[{"embeddable":true,"href":"https:\/\/wp.kristdemokraterna.se\/alvsbyn\/wp-json\/wp\/v2\/pages\/37"}],"wp:attachment":[{"href":"https:\/\/wp.kristdemokraterna.se\/alvsbyn\/wp-json\/wp\/v2\/media?parent=40"}],"curies":[{"name":"wp","href":"https:\/\/api.w.org\/{rel}","templated":true}]}}