{"id":668,"date":"2022-09-03T15:27:07","date_gmt":"2022-09-03T13:27:07","guid":{"rendered":"https:\/\/wp.kristdemokraterna.se\/alvsbyn\/?page_id=668"},"modified":"2025-09-17T17:05:42","modified_gmt":"2025-09-17T15:05:42","slug":"i-sverige","status":"publish","type":"page","link":"https:\/\/wp.kristdemokraterna.se\/alvsbyn\/var-politik\/i-sverige\/","title":{"rendered":"I Sverige"},"content":{"rendered":"<p>Om du vill veta mer om v\u00e5r politik i Sverige g\u00e5 in p\u00e5 KD riks sida:<\/p>\n<p><a href=\"https:\/\/kristdemokraterna.se\/var-politik\">kristdemokraterna.se\/var-politik<\/a><\/p>\n","protected":false},"excerpt":{"rendered":"<p>Om du vill veta mer om v\u00e5r politik i Sverige g\u00e5 in p\u00e5 KD riks sida: kristdemokraterna.se\/var-politik<\/p>\n","protected":false},"author":802,"featured_media":0,"parent":37,"menu_order":0,"comment_status":"closed","ping_status":"closed","template":"","meta":{"_acf_changed":false,"footnotes":""},"class_list":["post-668","page","type-page","status-publish","hentry"],"acf":[],"yoast_head":"<!-- This site is optimized with the Yoast SEO plugin v27.3 - https:\/\/yoast.com\/product\/yoast-seo-wordpress\/ -->\n<title>I Sverige - KD i \u00c4lvsbyns kommun<\/title>\n<meta name=\"robots\" content=\"index, follow, max-snippet:-1, max-image-preview:large, max-video-preview:-1\" \/>\n<link rel=\"canonical\" href=\"https:\/\/wp.kristdemokraterna.se\/alvsbyn\/var-politik\/i-sverige\/\" \/>\n<meta property=\"og:locale\" content=\"sv_SE\" \/>\n<meta property=\"og:type\" content=\"article\" \/>\n<meta property=\"og:title\" content=\"I Sverige - KD i \u00c4lvsbyns kommun\" \/>\n<meta property=\"og:description\" content=\"Om du vill veta mer om v\u00e5r politik i Sverige g\u00e5 in p\u00e5 KD riks sida: kristdemokraterna.se\/var-politik\" \/>\n<meta property=\"og:url\" content=\"https:\/\/wp.kristdemokraterna.se\/alvsbyn\/var-politik\/i-sverige\/\" \/>\n<meta property=\"og:site_name\" content=\"KD i \u00c4lvsbyns kommun\" \/>\n<meta property=\"article:modified_time\" content=\"2025-09-17T15:05:42+00:00\" \/>\n<meta name=\"twitter:card\" content=\"summary_large_image\" \/>\n<meta name=\"twitter:label1\" content=\"Ber\u00e4knad l\u00e4stid\" \/>\n\t<meta name=\"twitter:data1\" content=\"1 minut\" \/>\n<script type=\"application\/ld+json\" class=\"yoast-schema-graph\">{\"@context\":\"https:\\\/\\\/schema.org\",\"@graph\":[{\"@type\":\"WebPage\",\"@id\":\"https:\\\/\\\/wp.kristdemokraterna.se\\\/alvsbyn\\\/var-politik\\\/i-sverige\\\/\",\"url\":\"https:\\\/\\\/wp.kristdemokraterna.se\\\/alvsbyn\\\/var-politik\\\/i-sverige\\\/\",\"name\":\"I Sverige - KD i \u00c4lvsbyns kommun\",\"isPartOf\":{\"@id\":\"https:\\\/\\\/wp.kristdemokraterna.se\\\/alvsbyn\\\/#website\"},\"datePublished\":\"2022-09-03T13:27:07+00:00\",\"dateModified\":\"2025-09-17T15:05:42+00:00\",\"breadcrumb\":{\"@id\":\"https:\\\/\\\/wp.kristdemokraterna.se\\\/alvsbyn\\\/var-politik\\\/i-sverige\\\/#breadcrumb\"},\"inLanguage\":\"sv-SE\",\"potentialAction\":[{\"@type\":\"ReadAction\",\"target\":[\"https:\\\/\\\/wp.kristdemokraterna.se\\\/alvsbyn\\\/var-politik\\\/i-sverige\\\/\"]}]},{\"@type\":\"BreadcrumbList\",\"@id\":\"https:\\\/\\\/wp.kristdemokraterna.se\\\/alvsbyn\\\/var-politik\\\/i-sverige\\\/#breadcrumb\",\"itemListElement\":[{\"@type\":\"ListItem\",\"position\":1,\"name\":\"Hem\",\"item\":\"https:\\\/\\\/wp.kristdemokraterna.se\\\/alvsbyn\\\/\"},{\"@type\":\"ListItem\",\"position\":2,\"name\":\"V\u00e5r politik\",\"item\":\"https:\\\/\\\/wp.kristdemokraterna.se\\\/alvsbyn\\\/var-politik\\\/\"},{\"@type\":\"ListItem\",\"position\":3,\"name\":\"I Sverige\"}]},{\"@type\":\"WebSite\",\"@id\":\"https:\\\/\\\/wp.kristdemokraterna.se\\\/alvsbyn\\\/#website\",\"url\":\"https:\\\/\\\/wp.kristdemokraterna.se\\\/alvsbyn\\\/\",\"name\":\"KD i \u00c4lvsbyns kommun\",\"description\":\"Vi jobbar f\u00f6r trygghet och valfrihet.\",\"publisher\":{\"@id\":\"https:\\\/\\\/wp.kristdemokraterna.se\\\/alvsbyn\\\/#organization\"},\"inLanguage\":\"sv-SE\"},{\"@type\":\"Organization\",\"@id\":\"https:\\\/\\\/wp.kristdemokraterna.se\\\/alvsbyn\\\/#organization\",\"name\":\"Kristdemokraterna i \u00c4lvsbyns kommun\",\"url\":\"https:\\\/\\\/wp.kristdemokraterna.se\\\/alvsbyn\\\/\",\"logo\":{\"@type\":\"ImageObject\",\"inLanguage\":\"sv-SE\",\"@id\":\"https:\\\/\\\/wp.kristdemokraterna.se\\\/alvsbyn\\\/#\\\/schema\\\/logo\\\/image\\\/\",\"url\":\"https:\\\/\\\/wp.kristdemokraterna.se\\\/alvsbyn\\\/files\\\/2020\\\/03\\\/kd_standard_cmyk.jpg\",\"contentUrl\":\"https:\\\/\\\/wp.kristdemokraterna.se\\\/alvsbyn\\\/files\\\/2020\\\/03\\\/kd_standard_cmyk.jpg\",\"width\":754,\"height\":698,\"caption\":\"Kristdemokraterna i \u00c4lvsbyns kommun\"},\"image\":{\"@id\":\"https:\\\/\\\/wp.kristdemokraterna.se\\\/alvsbyn\\\/#\\\/schema\\\/logo\\\/image\\\/\"}}]}<\/script>\n<!-- \/ Yoast SEO plugin. -->","yoast_head_json":{"title":"I Sverige - KD i \u00c4lvsbyns kommun","robots":{"index":"index","follow":"follow","max-snippet":"max-snippet:-1","max-image-preview":"max-image-preview:large","max-video-preview":"max-video-preview:-1"},"canonical":"https:\/\/wp.kristdemokraterna.se\/alvsbyn\/var-politik\/i-sverige\/","og_locale":"sv_SE","og_type":"article","og_title":"I Sverige - KD i \u00c4lvsbyns kommun","og_description":"Om du vill veta mer om v\u00e5r politik i Sverige g\u00e5 in p\u00e5 KD riks sida: kristdemokraterna.se\/var-politik","og_url":"https:\/\/wp.kristdemokraterna.se\/alvsbyn\/var-politik\/i-sverige\/","og_site_name":"KD i \u00c4lvsbyns kommun","article_modified_time":"2025-09-17T15:05:42+00:00","twitter_card":"summary_large_image","twitter_misc":{"Ber\u00e4knad l\u00e4stid":"1 minut"},"schema":{"@context":"https:\/\/schema.org","@graph":[{"@type":"WebPage","@id":"https:\/\/wp.kristdemokraterna.se\/alvsbyn\/var-politik\/i-sverige\/","url":"https:\/\/wp.kristdemokraterna.se\/alvsbyn\/var-politik\/i-sverige\/","name":"I Sverige - KD i \u00c4lvsbyns kommun","isPartOf":{"@id":"https:\/\/wp.kristdemokraterna.se\/alvsbyn\/#website"},"datePublished":"2022-09-03T13:27:07+00:00","dateModified":"2025-09-17T15:05:42+00:00","breadcrumb":{"@id":"https:\/\/wp.kristdemokraterna.se\/alvsbyn\/var-politik\/i-sverige\/#breadcrumb"},"inLanguage":"sv-SE","potentialAction":[{"@type":"ReadAction","target":["https:\/\/wp.kristdemokraterna.se\/alvsbyn\/var-politik\/i-sverige\/"]}]},{"@type":"BreadcrumbList","@id":"https:\/\/wp.kristdemokraterna.se\/alvsbyn\/var-politik\/i-sverige\/#breadcrumb","itemListElement":[{"@type":"ListItem","position":1,"name":"Hem","item":"https:\/\/wp.kristdemokraterna.se\/alvsbyn\/"},{"@type":"ListItem","position":2,"name":"V\u00e5r politik","item":"https:\/\/wp.kristdemokraterna.se\/alvsbyn\/var-politik\/"},{"@type":"ListItem","position":3,"name":"I Sverige"}]},{"@type":"WebSite","@id":"https:\/\/wp.kristdemokraterna.se\/alvsbyn\/#website","url":"https:\/\/wp.kristdemokraterna.se\/alvsbyn\/","name":"KD i \u00c4lvsbyns kommun","description":"Vi jobbar f\u00f6r trygghet och valfrihet.","publisher":{"@id":"https:\/\/wp.kristdemokraterna.se\/alvsbyn\/#organization"},"inLanguage":"sv-SE"},{"@type":"Organization","@id":"https:\/\/wp.kristdemokraterna.se\/alvsbyn\/#organization","name":"Kristdemokraterna i \u00c4lvsbyns kommun","url":"https:\/\/wp.kristdemokraterna.se\/alvsbyn\/","logo":{"@type":"ImageObject","inLanguage":"sv-SE","@id":"https:\/\/wp.kristdemokraterna.se\/alvsbyn\/#\/schema\/logo\/image\/","url":"https:\/\/wp.kristdemokraterna.se\/alvsbyn\/files\/2020\/03\/kd_standard_cmyk.jpg","contentUrl":"https:\/\/wp.kristdemokraterna.se\/alvsbyn\/files\/2020\/03\/kd_standard_cmyk.jpg","width":754,"height":698,"caption":"Kristdemokraterna i \u00c4lvsbyns kommun"},"image":{"@id":"https:\/\/wp.kristdemokraterna.se\/alvsbyn\/#\/schema\/logo\/image\/"}}]}},"_links":{"self":[{"href":"https:\/\/wp.kristdemokraterna.se\/alvsbyn\/wp-json\/wp\/v2\/pages\/668","targetHints":{"allow":["GET"]}}],"collection":[{"href":"https:\/\/wp.kristdemokraterna.se\/alvsbyn\/wp-json\/wp\/v2\/pages"}],"about":[{"href":"https:\/\/wp.kristdemokraterna.se\/alvsbyn\/wp-json\/wp\/v2\/types\/page"}],"author":[{"embeddable":true,"href":"https:\/\/wp.kristdemokraterna.se\/alvsbyn\/wp-json\/wp\/v2\/users\/802"}],"replies":[{"embeddable":true,"href":"https:\/\/wp.kristdemokraterna.se\/alvsbyn\/wp-json\/wp\/v2\/comments?post=668"}],"version-history":[{"count":2,"href":"https:\/\/wp.kristdemokraterna.se\/alvsbyn\/wp-json\/wp\/v2\/pages\/668\/revisions"}],"predecessor-version":[{"id":749,"href":"https:\/\/wp.kristdemokraterna.se\/alvsbyn\/wp-json\/wp\/v2\/pages\/668\/revisions\/749"}],"up":[{"embeddable":true,"href":"https:\/\/wp.kristdemokraterna.se\/alvsbyn\/wp-json\/wp\/v2\/pages\/37"}],"wp:attachment":[{"href":"https:\/\/wp.kristdemokraterna.se\/alvsbyn\/wp-json\/wp\/v2\/media?parent=668"}],"curies":[{"name":"wp","href":"https:\/\/api.w.org\/{rel}","templated":true}]}}