{"id":89,"date":"2016-05-24T10:43:11","date_gmt":"2016-05-24T08:43:11","guid":{"rendered":"http:\/\/wp.kristdemokraterna.se\/alvsbyn\/?page_id=89"},"modified":"2022-09-03T12:46:12","modified_gmt":"2022-09-03T10:46:12","slug":"om-oss","status":"publish","type":"page","link":"https:\/\/wp.kristdemokraterna.se\/alvsbyn\/om-oss\/","title":{"rendered":"Om oss"},"content":{"rendered":"<h2>Kristdemokraterna i \u00c4lvsbyns kommun:<\/h2>\n<p><b>\u00d6rat mot marken<\/b><\/p>\n<p><span style=\"font-weight: 400\">Kristdemokraternas styrka \u00e4r att vi alltid har ett stort hj\u00e4rta f\u00f6r v\u00e5ra medborgare. Vi \u00e4r stolta \u00f6ver att vi \u00e4r en folkr\u00f6relse p\u00e5 gr\u00e4srotsniv\u00e5 med \u00f6rat mot marken och verkligen lyssnar p\u00e5 de faktiska behoven som finns.<\/span><\/p>\n<p><span style=\"font-weight: 400\">Som det alltid varit s\u00e5 \u00e4r familjen och de svaga i samh\u00e4llet hj\u00e4rtefr\u00e5gor f\u00f6r oss kristdemokrater. F\u00f6r oss \u00e4r det ocks\u00e5 viktigt att f\u00e5 till en effektivare anv\u00e4ndning av skattemedel. Vi vill jobba mer med att finna och ta l\u00e4rdom av de som \u00e4r b\u00e4ttre \u00e4n oss.<\/span><\/p>\n<p>L\u00e4s mer om Kristdemokraternas avdelning i \u00c4lvsbyns kommun i huvudmenyerna Nyheter, V\u00e5r politik och Om oss.<\/p>\n<h2><strong>Kristdemokraterna i Sverige:<\/strong><\/h2>\n<p>&#8211; Ca 25 000 medlemmar<br \/>\n&#8211; 26 distrikt. Ett distrikt omfattar oftast ett l\u00e4n.<br \/>\n&#8211; 22 riksdagsledam\u00f6ter. Riksdagen best\u00e5r totalt av 349 ledam\u00f6ter.<br \/>\n&#8211; I partiet finns ocks\u00e5 ett kvinnof\u00f6rbund, ett ungdomsf\u00f6rbund, ett studentf\u00f6rbund och ett\u00a0seniorf\u00f6rbund.<\/p>\n<h2><strong>Ytterligare statistik och information:<\/strong><\/h2>\n<p>&#8211; Kristdemokraterna i Sverige bildades 1964.<\/p>\n<p>&#8211; Alf Svensson var partiledare mellan \u00e5ren 1973-2004.<br \/>\n&#8211; G\u00f6ran H\u00e4gglund valdes till partiledare 3 april 2004.<br \/>\n&#8211; Ebba Busch Thor valdes till partiledare den 25 april 2015.<\/p>\n<p>&#8211; I riksdagsvalet 2018 fick Kristdemokraterna 6,3 % av r\u00f6sterna.<\/p>\n<p>Kristdemokraterna kom in i Riksdagen f\u00f6r f\u00f6rsta g\u00e5ngen 1985. D\u00e5 var partiledaren Alf Svensson ensam riksdagsledamot f\u00f6r Kristdemokraterna.\u00a01991 &#8211; 1994 satt Kristdemokraterna i regeringen tillsammans med Moderaterna, Folkpartiet och Centern.\u00a0Mandatperioderna 2006-2010 och 2010-2014 hade Kristdemokraterna regeringsmakten tillsammans med Moderaterna, Folkpartiet och Centern under namnet Alliansen. Under mandatperioden 2010-2014 var\u00a0G\u00f6ran H\u00e4gglund socialminister med ansvar f\u00f6r bland annat familjepolitik. Maria Larsson\u00a0\u00e4ldre- och folkh\u00e4lsominister och Stefan Attefall\u00a0Civil- och bostadsminister.<\/p>\n<p>Kristdemokraterna \u00e4r representerat i EU-parlamentet av Sara Skyttedal och David Lega.<\/p>\n","protected":false},"excerpt":{"rendered":"<p>Kristdemokraterna i \u00c4lvsbyns kommun: \u00d6rat mot marken Kristdemokraternas styrka \u00e4r att vi alltid har ett stort hj\u00e4rta f\u00f6r v\u00e5ra medborgare. Vi \u00e4r stolta \u00f6ver att vi \u00e4r en folkr\u00f6relse p\u00e5 gr\u00e4srotsniv\u00e5 med \u00f6rat mot marken och verkligen lyssnar p\u00e5 de faktiska behoven som finns. Som det alltid varit s\u00e5 \u00e4r familjen och de svaga i <a class=\"read-more-link\" href=\"https:\/\/wp.kristdemokraterna.se\/alvsbyn\/om-oss\/\">Read More<\/a><\/p>\n","protected":false},"author":754,"featured_media":0,"parent":0,"menu_order":0,"comment_status":"closed","ping_status":"closed","template":"","meta":{"_acf_changed":false,"footnotes":""},"class_list":["post-89","page","type-page","status-publish","hentry"],"acf":[],"yoast_head":"<!-- This site is optimized with the Yoast SEO plugin v27.3 - https:\/\/yoast.com\/product\/yoast-seo-wordpress\/ -->\n<title>Om oss - KD i \u00c4lvsbyns kommun<\/title>\n<meta name=\"robots\" content=\"index, follow, max-snippet:-1, max-image-preview:large, max-video-preview:-1\" \/>\n<link rel=\"canonical\" href=\"https:\/\/wp.kristdemokraterna.se\/alvsbyn\/om-oss\/\" \/>\n<meta property=\"og:locale\" content=\"sv_SE\" \/>\n<meta property=\"og:type\" content=\"article\" \/>\n<meta property=\"og:title\" content=\"Om oss - KD i \u00c4lvsbyns kommun\" \/>\n<meta property=\"og:description\" content=\"Kristdemokraterna i \u00c4lvsbyns kommun: \u00d6rat mot marken Kristdemokraternas styrka \u00e4r att vi alltid har ett stort hj\u00e4rta f\u00f6r v\u00e5ra medborgare. Vi \u00e4r stolta \u00f6ver att vi \u00e4r en folkr\u00f6relse p\u00e5 gr\u00e4srotsniv\u00e5 med \u00f6rat mot marken och verkligen lyssnar p\u00e5 de faktiska behoven som finns. Som det alltid varit s\u00e5 \u00e4r familjen och de svaga i Read More\" \/>\n<meta property=\"og:url\" content=\"https:\/\/wp.kristdemokraterna.se\/alvsbyn\/om-oss\/\" \/>\n<meta property=\"og:site_name\" content=\"KD i \u00c4lvsbyns kommun\" \/>\n<meta property=\"article:modified_time\" content=\"2022-09-03T10:46:12+00:00\" \/>\n<meta name=\"twitter:card\" content=\"summary_large_image\" \/>\n<meta name=\"twitter:label1\" content=\"Ber\u00e4knad l\u00e4stid\" \/>\n\t<meta name=\"twitter:data1\" content=\"1 minut\" \/>\n<script type=\"application\/ld+json\" class=\"yoast-schema-graph\">{\"@context\":\"https:\\\/\\\/schema.org\",\"@graph\":[{\"@type\":\"WebPage\",\"@id\":\"https:\\\/\\\/wp.kristdemokraterna.se\\\/alvsbyn\\\/om-oss\\\/\",\"url\":\"https:\\\/\\\/wp.kristdemokraterna.se\\\/alvsbyn\\\/om-oss\\\/\",\"name\":\"Om oss - KD i \u00c4lvsbyns kommun\",\"isPartOf\":{\"@id\":\"https:\\\/\\\/wp.kristdemokraterna.se\\\/alvsbyn\\\/#website\"},\"datePublished\":\"2016-05-24T08:43:11+00:00\",\"dateModified\":\"2022-09-03T10:46:12+00:00\",\"breadcrumb\":{\"@id\":\"https:\\\/\\\/wp.kristdemokraterna.se\\\/alvsbyn\\\/om-oss\\\/#breadcrumb\"},\"inLanguage\":\"sv-SE\",\"potentialAction\":[{\"@type\":\"ReadAction\",\"target\":[\"https:\\\/\\\/wp.kristdemokraterna.se\\\/alvsbyn\\\/om-oss\\\/\"]}]},{\"@type\":\"BreadcrumbList\",\"@id\":\"https:\\\/\\\/wp.kristdemokraterna.se\\\/alvsbyn\\\/om-oss\\\/#breadcrumb\",\"itemListElement\":[{\"@type\":\"ListItem\",\"position\":1,\"name\":\"Hem\",\"item\":\"https:\\\/\\\/wp.kristdemokraterna.se\\\/alvsbyn\\\/\"},{\"@type\":\"ListItem\",\"position\":2,\"name\":\"Om oss\"}]},{\"@type\":\"WebSite\",\"@id\":\"https:\\\/\\\/wp.kristdemokraterna.se\\\/alvsbyn\\\/#website\",\"url\":\"https:\\\/\\\/wp.kristdemokraterna.se\\\/alvsbyn\\\/\",\"name\":\"KD i \u00c4lvsbyns kommun\",\"description\":\"Vi jobbar f\u00f6r trygghet och valfrihet.\",\"publisher\":{\"@id\":\"https:\\\/\\\/wp.kristdemokraterna.se\\\/alvsbyn\\\/#organization\"},\"inLanguage\":\"sv-SE\"},{\"@type\":\"Organization\",\"@id\":\"https:\\\/\\\/wp.kristdemokraterna.se\\\/alvsbyn\\\/#organization\",\"name\":\"Kristdemokraterna i \u00c4lvsbyns kommun\",\"url\":\"https:\\\/\\\/wp.kristdemokraterna.se\\\/alvsbyn\\\/\",\"logo\":{\"@type\":\"ImageObject\",\"inLanguage\":\"sv-SE\",\"@id\":\"https:\\\/\\\/wp.kristdemokraterna.se\\\/alvsbyn\\\/#\\\/schema\\\/logo\\\/image\\\/\",\"url\":\"https:\\\/\\\/wp.kristdemokraterna.se\\\/alvsbyn\\\/files\\\/2020\\\/03\\\/kd_standard_cmyk.jpg\",\"contentUrl\":\"https:\\\/\\\/wp.kristdemokraterna.se\\\/alvsbyn\\\/files\\\/2020\\\/03\\\/kd_standard_cmyk.jpg\",\"width\":754,\"height\":698,\"caption\":\"Kristdemokraterna i \u00c4lvsbyns kommun\"},\"image\":{\"@id\":\"https:\\\/\\\/wp.kristdemokraterna.se\\\/alvsbyn\\\/#\\\/schema\\\/logo\\\/image\\\/\"}}]}<\/script>\n<!-- \/ Yoast SEO plugin. -->","yoast_head_json":{"title":"Om oss - KD i \u00c4lvsbyns kommun","robots":{"index":"index","follow":"follow","max-snippet":"max-snippet:-1","max-image-preview":"max-image-preview:large","max-video-preview":"max-video-preview:-1"},"canonical":"https:\/\/wp.kristdemokraterna.se\/alvsbyn\/om-oss\/","og_locale":"sv_SE","og_type":"article","og_title":"Om oss - KD i \u00c4lvsbyns kommun","og_description":"Kristdemokraterna i \u00c4lvsbyns kommun: \u00d6rat mot marken Kristdemokraternas styrka \u00e4r att vi alltid har ett stort hj\u00e4rta f\u00f6r v\u00e5ra medborgare. Vi \u00e4r stolta \u00f6ver att vi \u00e4r en folkr\u00f6relse p\u00e5 gr\u00e4srotsniv\u00e5 med \u00f6rat mot marken och verkligen lyssnar p\u00e5 de faktiska behoven som finns. Som det alltid varit s\u00e5 \u00e4r familjen och de svaga i Read More","og_url":"https:\/\/wp.kristdemokraterna.se\/alvsbyn\/om-oss\/","og_site_name":"KD i \u00c4lvsbyns kommun","article_modified_time":"2022-09-03T10:46:12+00:00","twitter_card":"summary_large_image","twitter_misc":{"Ber\u00e4knad l\u00e4stid":"1 minut"},"schema":{"@context":"https:\/\/schema.org","@graph":[{"@type":"WebPage","@id":"https:\/\/wp.kristdemokraterna.se\/alvsbyn\/om-oss\/","url":"https:\/\/wp.kristdemokraterna.se\/alvsbyn\/om-oss\/","name":"Om oss - KD i \u00c4lvsbyns kommun","isPartOf":{"@id":"https:\/\/wp.kristdemokraterna.se\/alvsbyn\/#website"},"datePublished":"2016-05-24T08:43:11+00:00","dateModified":"2022-09-03T10:46:12+00:00","breadcrumb":{"@id":"https:\/\/wp.kristdemokraterna.se\/alvsbyn\/om-oss\/#breadcrumb"},"inLanguage":"sv-SE","potentialAction":[{"@type":"ReadAction","target":["https:\/\/wp.kristdemokraterna.se\/alvsbyn\/om-oss\/"]}]},{"@type":"BreadcrumbList","@id":"https:\/\/wp.kristdemokraterna.se\/alvsbyn\/om-oss\/#breadcrumb","itemListElement":[{"@type":"ListItem","position":1,"name":"Hem","item":"https:\/\/wp.kristdemokraterna.se\/alvsbyn\/"},{"@type":"ListItem","position":2,"name":"Om oss"}]},{"@type":"WebSite","@id":"https:\/\/wp.kristdemokraterna.se\/alvsbyn\/#website","url":"https:\/\/wp.kristdemokraterna.se\/alvsbyn\/","name":"KD i \u00c4lvsbyns kommun","description":"Vi jobbar f\u00f6r trygghet och valfrihet.","publisher":{"@id":"https:\/\/wp.kristdemokraterna.se\/alvsbyn\/#organization"},"inLanguage":"sv-SE"},{"@type":"Organization","@id":"https:\/\/wp.kristdemokraterna.se\/alvsbyn\/#organization","name":"Kristdemokraterna i \u00c4lvsbyns kommun","url":"https:\/\/wp.kristdemokraterna.se\/alvsbyn\/","logo":{"@type":"ImageObject","inLanguage":"sv-SE","@id":"https:\/\/wp.kristdemokraterna.se\/alvsbyn\/#\/schema\/logo\/image\/","url":"https:\/\/wp.kristdemokraterna.se\/alvsbyn\/files\/2020\/03\/kd_standard_cmyk.jpg","contentUrl":"https:\/\/wp.kristdemokraterna.se\/alvsbyn\/files\/2020\/03\/kd_standard_cmyk.jpg","width":754,"height":698,"caption":"Kristdemokraterna i \u00c4lvsbyns kommun"},"image":{"@id":"https:\/\/wp.kristdemokraterna.se\/alvsbyn\/#\/schema\/logo\/image\/"}}]}},"_links":{"self":[{"href":"https:\/\/wp.kristdemokraterna.se\/alvsbyn\/wp-json\/wp\/v2\/pages\/89","targetHints":{"allow":["GET"]}}],"collection":[{"href":"https:\/\/wp.kristdemokraterna.se\/alvsbyn\/wp-json\/wp\/v2\/pages"}],"about":[{"href":"https:\/\/wp.kristdemokraterna.se\/alvsbyn\/wp-json\/wp\/v2\/types\/page"}],"author":[{"embeddable":true,"href":"https:\/\/wp.kristdemokraterna.se\/alvsbyn\/wp-json\/wp\/v2\/users\/754"}],"replies":[{"embeddable":true,"href":"https:\/\/wp.kristdemokraterna.se\/alvsbyn\/wp-json\/wp\/v2\/comments?post=89"}],"version-history":[{"count":11,"href":"https:\/\/wp.kristdemokraterna.se\/alvsbyn\/wp-json\/wp\/v2\/pages\/89\/revisions"}],"predecessor-version":[{"id":658,"href":"https:\/\/wp.kristdemokraterna.se\/alvsbyn\/wp-json\/wp\/v2\/pages\/89\/revisions\/658"}],"wp:attachment":[{"href":"https:\/\/wp.kristdemokraterna.se\/alvsbyn\/wp-json\/wp\/v2\/media?parent=89"}],"curies":[{"name":"wp","href":"https:\/\/api.w.org\/{rel}","templated":true}]}}