{"id":342,"date":"2017-11-30T15:21:10","date_gmt":"2017-11-30T14:21:10","guid":{"rendered":"http:\/\/wp.kristdemokraterna.se\/aneby\/?page_id=342"},"modified":"2020-09-18T14:00:16","modified_gmt":"2020-09-18T12:00:16","slug":"i-var-kommun","status":"publish","type":"page","link":"https:\/\/wp.kristdemokraterna.se\/aneby\/i-var-kommun\/","title":{"rendered":"Vad vill vi i v\u00e5r kommun"},"content":{"rendered":"<p>Kristdemokraterna i Aneby arbetar f\u00f6r:<\/p>\n<p>att Aneby \u00e4r en kommun\u00a0 d\u00e4r alla ges goda f\u00f6ruts\u00e4ttningar f\u00f6r ett gott<\/p>\n<p>liv.<\/p>\n<p>Kommunen ska i alla beslut ha ett tydligt barnperspektiv.<\/p>\n<p>Familjecentralen \u00e4r en naturlig m\u00f6tesplats och den ska utvecklas i samverkan med Region J\u00f6nk\u00f6pings l\u00e4n<\/p>\n<p>och civilsamh\u00e4llet.<\/p>\n<p>Inom skolan m\u00e5ste nolltolerans f\u00f6r kr\u00e4nkande behandling r\u00e5da.<\/p>\n<p>En \u00f6kad synlig polisn\u00e4rvaro m\u00e5ste till och samarbetet mellan polis och kommunen<\/p>\n<p>ska utvecklas f\u00f6r ett tryggt Aneby.<\/p>\n<p>F\u00f6rskola och skola i Aneby ska h\u00e5lla en h\u00f6g kvalitet i hela kommunen.<\/p>\n<p>Alla barn ska f\u00e5 f\u00f6ruts\u00e4ttningar f\u00f6r att klara de uppsatta m\u00e5len f\u00f6r beh\u00f6righet till gymnasiet.<\/p>\n<p>Det beh\u00f6vs mer personal som kan arbeta med de barn som beh\u00f6ver extra st\u00f6d f\u00f6r att klara vardagen eller som lider av psykisk oh\u00e4lsa.<\/p>\n<p>N\u00e4r behov uppst\u00e5r ska tillg\u00e5ng finnas till den boendeform man beh\u00f6ver och \u00f6nskar.<\/p>\n<p>Kristdemokraterna kommer att jobba f\u00f6r att nya och ombyggda s\u00e4rskilda boenden<\/p>\n<p>och att trygghetsboenden byggs f\u00f6r att m\u00f6ta de behov som kommer.<\/p>\n<p>Med \u00f6kande behov kommer ocks\u00e5 behov av f\u00f6r\u00e4ndringar i bemanning och behov av att ny teknik<\/p>\n<p>anv\u00e4nds.<\/p>\n<p>Ett v\u00e4l fungerande n\u00e4ringsliv \u00e4r en f\u00f6ruts\u00e4ttning f\u00f6r kommunens utveckling.<\/p>\n<p>Kommunen beh\u00f6ver satsa mer p\u00e5 att f\u00e5 fler f\u00f6retag att etablera sig i Aneby. D\u00e4rf\u00f6r anser vi att det \u00e4r<\/p>\n<p>n\u00f6dv\u00e4ndigt med ytterligare en resurs som n\u00e4ringslivssekreterare. B\u00e5de f\u00f6r att locka<\/p>\n<p>fler f\u00f6retag till v\u00e5r kommun och f\u00f6r att st\u00f6dja det befintliga n\u00e4ringslivets utveckling.<\/p>\n<p>Kommunen m\u00e5ste vid sina upphandlingar st\u00e4lla krav p\u00e5 ett s\u00e5dant s\u00e4tt att det fr\u00e4mjar<\/p>\n<p>de nationella milj\u00f6m\u00e5len och d\u00e4rmed ocks\u00e5 den lokala livsmedelsproduktionen.<\/p>\n<p>Aneby har ett starkt f\u00f6reningsliv som det \u00e4r viktigt att forts\u00e4tta v\u00e4rna och st\u00f6dja. Hur<\/p>\n<p>st\u00f6det b\u00e4st ska utvecklas beh\u00f6ver arbetas fram i dialog med f\u00f6reningslivet<\/p>\n","protected":false},"excerpt":{"rendered":"<p>Kristdemokraterna i Aneby arbetar f\u00f6r: att Aneby \u00e4r en kommun\u00a0 d\u00e4r alla ges goda f\u00f6ruts\u00e4ttningar f\u00f6r ett gott liv. Kommunen ska i alla beslut ha ett tydligt barnperspektiv. Familjecentralen \u00e4r en naturlig m\u00f6tesplats och den ska utvecklas i samverkan med Region J\u00f6nk\u00f6pings l\u00e4n och civilsamh\u00e4llet. Inom skolan m\u00e5ste nolltolerans f\u00f6r kr\u00e4nkande behandling r\u00e5da. En \u00f6kad <a class=\"read-more-link\" href=\"https:\/\/wp.kristdemokraterna.se\/aneby\/i-var-kommun\/\">L\u00e4s mer<\/a><\/p>\n","protected":false},"author":487,"featured_media":0,"parent":0,"menu_order":0,"comment_status":"closed","ping_status":"closed","template":"page.php","meta":{"_acf_changed":false,"footnotes":""},"class_list":["post-342","page","type-page","status-publish","hentry"],"acf":[],"yoast_head":"<!-- This site is optimized with the Yoast SEO plugin v27.3 - https:\/\/yoast.com\/product\/yoast-seo-wordpress\/ -->\n<title>Vad vill vi i v\u00e5r kommun - Kristdemokraterna i Aneby<\/title>\n<meta name=\"robots\" content=\"index, follow, max-snippet:-1, max-image-preview:large, max-video-preview:-1\" \/>\n<link rel=\"canonical\" href=\"https:\/\/wp.kristdemokraterna.se\/aneby\/i-var-kommun\/\" \/>\n<meta property=\"og:locale\" content=\"sv_SE\" \/>\n<meta property=\"og:type\" content=\"article\" \/>\n<meta property=\"og:title\" content=\"Vad vill vi i v\u00e5r kommun - Kristdemokraterna i Aneby\" \/>\n<meta property=\"og:description\" content=\"Kristdemokraterna i Aneby arbetar f\u00f6r: att Aneby \u00e4r en kommun\u00a0 d\u00e4r alla ges goda f\u00f6ruts\u00e4ttningar f\u00f6r ett gott liv. Kommunen ska i alla beslut ha ett tydligt barnperspektiv. Familjecentralen \u00e4r en naturlig m\u00f6tesplats och den ska utvecklas i samverkan med Region J\u00f6nk\u00f6pings l\u00e4n och civilsamh\u00e4llet. Inom skolan m\u00e5ste nolltolerans f\u00f6r kr\u00e4nkande behandling r\u00e5da. En \u00f6kad L\u00e4s mer\" \/>\n<meta property=\"og:url\" content=\"https:\/\/wp.kristdemokraterna.se\/aneby\/i-var-kommun\/\" \/>\n<meta property=\"og:site_name\" content=\"Kristdemokraterna i Aneby\" \/>\n<meta property=\"article:modified_time\" content=\"2020-09-18T12:00:16+00:00\" \/>\n<meta name=\"twitter:card\" content=\"summary_large_image\" \/>\n<meta name=\"twitter:label1\" content=\"Ber\u00e4knad l\u00e4stid\" \/>\n\t<meta name=\"twitter:data1\" content=\"2 minuter\" \/>\n<script type=\"application\/ld+json\" class=\"yoast-schema-graph\">{\"@context\":\"https:\\\/\\\/schema.org\",\"@graph\":[{\"@type\":\"WebPage\",\"@id\":\"https:\\\/\\\/wp.kristdemokraterna.se\\\/aneby\\\/i-var-kommun\\\/\",\"url\":\"https:\\\/\\\/wp.kristdemokraterna.se\\\/aneby\\\/i-var-kommun\\\/\",\"name\":\"Vad vill vi i v\u00e5r kommun - Kristdemokraterna i Aneby\",\"isPartOf\":{\"@id\":\"https:\\\/\\\/wp.kristdemokraterna.se\\\/aneby\\\/#website\"},\"datePublished\":\"2017-11-30T14:21:10+00:00\",\"dateModified\":\"2020-09-18T12:00:16+00:00\",\"breadcrumb\":{\"@id\":\"https:\\\/\\\/wp.kristdemokraterna.se\\\/aneby\\\/i-var-kommun\\\/#breadcrumb\"},\"inLanguage\":\"sv-SE\",\"potentialAction\":[{\"@type\":\"ReadAction\",\"target\":[\"https:\\\/\\\/wp.kristdemokraterna.se\\\/aneby\\\/i-var-kommun\\\/\"]}]},{\"@type\":\"BreadcrumbList\",\"@id\":\"https:\\\/\\\/wp.kristdemokraterna.se\\\/aneby\\\/i-var-kommun\\\/#breadcrumb\",\"itemListElement\":[{\"@type\":\"ListItem\",\"position\":1,\"name\":\"Hem\",\"item\":\"https:\\\/\\\/wp.kristdemokraterna.se\\\/aneby\\\/\"},{\"@type\":\"ListItem\",\"position\":2,\"name\":\"Vad vill vi i v\u00e5r kommun\"}]},{\"@type\":\"WebSite\",\"@id\":\"https:\\\/\\\/wp.kristdemokraterna.se\\\/aneby\\\/#website\",\"url\":\"https:\\\/\\\/wp.kristdemokraterna.se\\\/aneby\\\/\",\"name\":\"Kristdemokraterna i Aneby\",\"description\":\"En till Kristdemokraterna webbplats\",\"inLanguage\":\"sv-SE\"}]}<\/script>\n<!-- \/ Yoast SEO plugin. -->","yoast_head_json":{"title":"Vad vill vi i v\u00e5r kommun - Kristdemokraterna i Aneby","robots":{"index":"index","follow":"follow","max-snippet":"max-snippet:-1","max-image-preview":"max-image-preview:large","max-video-preview":"max-video-preview:-1"},"canonical":"https:\/\/wp.kristdemokraterna.se\/aneby\/i-var-kommun\/","og_locale":"sv_SE","og_type":"article","og_title":"Vad vill vi i v\u00e5r kommun - Kristdemokraterna i Aneby","og_description":"Kristdemokraterna i Aneby arbetar f\u00f6r: att Aneby \u00e4r en kommun\u00a0 d\u00e4r alla ges goda f\u00f6ruts\u00e4ttningar f\u00f6r ett gott liv. Kommunen ska i alla beslut ha ett tydligt barnperspektiv. Familjecentralen \u00e4r en naturlig m\u00f6tesplats och den ska utvecklas i samverkan med Region J\u00f6nk\u00f6pings l\u00e4n och civilsamh\u00e4llet. Inom skolan m\u00e5ste nolltolerans f\u00f6r kr\u00e4nkande behandling r\u00e5da. En \u00f6kad L\u00e4s mer","og_url":"https:\/\/wp.kristdemokraterna.se\/aneby\/i-var-kommun\/","og_site_name":"Kristdemokraterna i Aneby","article_modified_time":"2020-09-18T12:00:16+00:00","twitter_card":"summary_large_image","twitter_misc":{"Ber\u00e4knad l\u00e4stid":"2 minuter"},"schema":{"@context":"https:\/\/schema.org","@graph":[{"@type":"WebPage","@id":"https:\/\/wp.kristdemokraterna.se\/aneby\/i-var-kommun\/","url":"https:\/\/wp.kristdemokraterna.se\/aneby\/i-var-kommun\/","name":"Vad vill vi i v\u00e5r kommun - Kristdemokraterna i Aneby","isPartOf":{"@id":"https:\/\/wp.kristdemokraterna.se\/aneby\/#website"},"datePublished":"2017-11-30T14:21:10+00:00","dateModified":"2020-09-18T12:00:16+00:00","breadcrumb":{"@id":"https:\/\/wp.kristdemokraterna.se\/aneby\/i-var-kommun\/#breadcrumb"},"inLanguage":"sv-SE","potentialAction":[{"@type":"ReadAction","target":["https:\/\/wp.kristdemokraterna.se\/aneby\/i-var-kommun\/"]}]},{"@type":"BreadcrumbList","@id":"https:\/\/wp.kristdemokraterna.se\/aneby\/i-var-kommun\/#breadcrumb","itemListElement":[{"@type":"ListItem","position":1,"name":"Hem","item":"https:\/\/wp.kristdemokraterna.se\/aneby\/"},{"@type":"ListItem","position":2,"name":"Vad vill vi i v\u00e5r kommun"}]},{"@type":"WebSite","@id":"https:\/\/wp.kristdemokraterna.se\/aneby\/#website","url":"https:\/\/wp.kristdemokraterna.se\/aneby\/","name":"Kristdemokraterna i Aneby","description":"En till Kristdemokraterna webbplats","inLanguage":"sv-SE"}]}},"_links":{"self":[{"href":"https:\/\/wp.kristdemokraterna.se\/aneby\/wp-json\/wp\/v2\/pages\/342","targetHints":{"allow":["GET"]}}],"collection":[{"href":"https:\/\/wp.kristdemokraterna.se\/aneby\/wp-json\/wp\/v2\/pages"}],"about":[{"href":"https:\/\/wp.kristdemokraterna.se\/aneby\/wp-json\/wp\/v2\/types\/page"}],"author":[{"embeddable":true,"href":"https:\/\/wp.kristdemokraterna.se\/aneby\/wp-json\/wp\/v2\/users\/487"}],"replies":[{"embeddable":true,"href":"https:\/\/wp.kristdemokraterna.se\/aneby\/wp-json\/wp\/v2\/comments?post=342"}],"version-history":[{"count":4,"href":"https:\/\/wp.kristdemokraterna.se\/aneby\/wp-json\/wp\/v2\/pages\/342\/revisions"}],"predecessor-version":[{"id":516,"href":"https:\/\/wp.kristdemokraterna.se\/aneby\/wp-json\/wp\/v2\/pages\/342\/revisions\/516"}],"wp:attachment":[{"href":"https:\/\/wp.kristdemokraterna.se\/aneby\/wp-json\/wp\/v2\/media?parent=342"}],"curies":[{"name":"wp","href":"https:\/\/api.w.org\/{rel}","templated":true}]}}