{"id":342,"date":"2017-11-30T15:21:10","date_gmt":"2017-11-30T14:21:10","guid":{"rendered":"http:\/\/wp.kristdemokraterna.se\/angelholm\/?page_id=342"},"modified":"2020-10-28T14:46:32","modified_gmt":"2020-10-28T13:46:32","slug":"i-var-kommun","status":"publish","type":"page","link":"https:\/\/wp.kristdemokraterna.se\/angelholm\/i-var-kommun\/","title":{"rendered":"DETTA VILL KD I \u00c4NGELHOLMS KOMMUN"},"content":{"rendered":"<h2><strong>Omsorg och \u00e4ldre<\/strong><\/h2>\n<p><strong>Det ska vara v\u00e4rdigt, meningsfullt och tryggt att \u00e5ldras i \u00c4ngelholms kommun<\/strong>. \u00c4ldres erfarenhet och vilja till delaktighet ska tillvaratas. Man ska kunna lita p\u00e5 v\u00e5rden och omsorgen den dag man beh\u00f6ver den. M\u00e5let f\u00f6r allt st\u00f6d ska vara att uppr\u00e4tth\u00e5lla den enskildes v\u00e4rdighet, k\u00e4nsla av sammanhang, meningsfullhet och m\u00f6jlighet att v\u00e4lja.<strong>\u00a0<\/strong><\/p>\n<ul>\n<li><strong>R\u00e4tt till \u00e4ldreboende fr\u00e5n 85 \u00e5r utan bist\u00e5ndsbed\u00f6mning<\/strong><\/li>\n<li><strong>Olika boendeformer, g\u00e4rna profilboende<\/strong><\/li>\n<li><strong>Vissa timmar hemtj\u00e4nst utan bist\u00e5ndsbed\u00f6mning fr\u00e5n 75 \u00e5r<\/strong><\/li>\n<li><strong>Stimulera aktivt pension\u00e4rsliv. Viktigt med m\u00f6tesplatser och tr\u00e4ffpunkter, v\u00e4ntj\u00e4nst och m\u00e5ltidsv\u00e4n, m\u00f6ten mellan generationer i \u201dallaktivitetshus\u201d.<\/strong><\/li>\n<li><strong>Trivsam och igenk\u00e4nnande utemilj\u00f6 vid \u00e4ldreboenden.<\/strong><\/li>\n<li><strong>Beh\u00e5ll \u201dH\u00e4lsostad\u201d-projektet<br \/>\n<\/strong><\/li>\n<\/ul>\n<h2><strong><br \/>\nFunk<\/strong><strong>tionsneds\u00e4ttning<\/strong><\/h2>\n<p><strong><br \/>\n<\/strong><strong>Det ska vara stimulerande och sj\u00e4lvst\u00e4ndigt att leva i \u00c4ngelholm \u00e4ven om man har en funktionsneds\u00e4ttning\u00a0<\/strong>M\u00e5let med allt st\u00f6d ska vara att frig\u00f6ra de egna resurserna f\u00f6r att leva ett sj\u00e4lvst\u00e4ndigt och meningsfullt liv och att ta bort hinder i den offentliga milj\u00f6n. M\u00f6jligheten att f\u00e5 assistans f\u00e5r inte besk\u00e4ras.<\/p>\n<ul>\n<li><strong>St\u00f6d f\u00f6r ett sj\u00e4lvst\u00e4ndigt liv med assistans.<\/strong><\/li>\n<li><strong>Fler anpassade bost\u00e4der.<\/strong><\/li>\n<li><strong>St\u00f6tta fritidsverksamheter, typ HiK Kick-off , Spiran<\/strong><\/li>\n<li><strong>\u00c4ndam\u00e5lsenliga lokaler f\u00f6r daglig verksamhet<\/strong><\/li>\n<li><strong>Utveckla anst\u00e4llnings- och praktikplatsm\u00f6jligheter.<\/strong><\/li>\n<\/ul>\n<h2><\/h2>\n<p>&nbsp;<\/p>\n<h2><strong>Kultur, fritid och integration<\/strong><\/h2>\n<p><strong>Det ska vara roligt och stimulerande att bo i \u00c4ngelholm oavsett bakgrund och<\/strong>\u00a0<strong>\u00e5lder<\/strong>.<\/p>\n<p>Kultur och idrott \u00e4r enande krafter mellan kulturella, etniska, religi\u00f6sa och \u00e5ldersgr\u00e4nser. \u00c4ngelholm ska st\u00e4rka ett rikt och varierat kultur och idrottsliv.<\/p>\n<ul>\n<li><strong>St\u00f6tta f\u00f6reningsliv och ideella organisationer inom kultur, kreativt skapande och idrott.<\/strong><\/li>\n<li><strong>Utveckla biblioteket till kulturhus<\/strong><\/li>\n<li><strong>Skapa offentliga och mobila m\u00f6tes och aktivitetsplatser f\u00f6r m\u00f6ten mellan generationer, etniska och kulturella gr\u00e4nser, i kransorterna<\/strong><\/li>\n<li><strong>Integrationsprojekt tillsammans med civilsamh\u00e4llet som t.ex. spr\u00e5kcafe, matlagningskurs, idrottsevenemang och byalag.!<br \/>\n<\/strong><\/li>\n<\/ul>\n<h2><\/h2>\n<h2><strong>Barn,\u00a0familj\u00a0och skola<\/strong><\/h2>\n<p><strong>Det ska vara utvecklande och tryggt att vara familj och barn i \u00c4ngelholm.<\/strong>\u00a0Familjen \u00e4r samh\u00e4llets viktigaste gemenskapen och beh\u00f6vs f\u00f6r att m\u00e4nniskor ska v\u00e4xa och m\u00e5 bra. F\u00f6r\u00e4ldrar ska veta att samh\u00e4llet vill g\u00f6ra allt f\u00f6r att st\u00f6tta i deras viktiga uppgift. F\u00f6rskolan \u00e4r barnets arbetsplats och ska utformas utifr\u00e5n barns behov och f\u00f6ruts\u00e4ttningar. Skolan ska vara en v\u00e4xtplats, stimulerande och trygg f\u00f6r b\u00e5de elever och l\u00e4rare. Fysisk aktivitet och lek under skoldagen \u00e4r viktig f\u00f6r trygghet och studieresultat.<\/p>\n<ul>\n<li><strong>Begr\u00e4nsa barngruppernas storlek och se \u00f6ver vistelsetiden i f\u00f6rskolan<\/strong><\/li>\n<li><strong>Utveckla och lyfta fram Pedagogisk omsorg (= dagmammor)<\/strong><\/li>\n<li><strong>St\u00f6d och utbildning till f\u00f6r\u00e4ldrar<\/strong><\/li>\n<li><strong>V\u00e4rna och ut\u00f6ka familjecentralerna<\/strong><\/li>\n<li><strong>Arbetsro i klassrummet \u2013 flera speciall\u00e4rare<\/strong><\/li>\n<li><strong>Arbeta mot psykisk oh\u00e4lsa \u00a0genom st\u00e4rkt elevh\u00e4lsa<\/strong><\/li>\n<li><strong>Inf\u00f6r barnomsorgspeng<\/strong><\/li>\n<li><strong>Tidigt st\u00f6d till elever med s\u00e4rskilda behov och st\u00f6d till s\u00e4rbeg\u00e5vade<\/strong><\/li>\n<li><strong>Rastaktiviteter och fler vuxna p\u00e5 skolg\u00e5rden<\/strong><\/li>\n<li><strong>Bygga idrottshall i Hj\u00e4rnarp\u00a0-NU!<\/strong><\/li>\n<\/ul>\n<h2><\/h2>\n<h2><strong>Social utsatthet\u00a0<\/strong><\/h2>\n<p><strong>\u00a0<\/strong><strong>Det ska vara v\u00e4rdigt att leva i \u00c4ngelholm oavsett vem jag \u00e4r.<\/strong>\u00a0 Att p\u00e5 olika s\u00e4tt leva i en social utsatthet inneb\u00e4r att man \u00e4r s\u00e4rskilt s\u00e5rbar och kan beh\u00f6va samh\u00e4llets st\u00f6d n\u00e4r det brister och stimulans att ta tillvara de positiva krafter som finns hos varje person.<\/p>\n<ul>\n<li><strong><b>Drog och alkoholf\u00f6rebyggande verksamhet.<\/b><\/strong><\/li>\n<li><strong>Motverka heml\u00f6sheten och vr\u00e4kning med \u201dBostad f\u00f6rst\u201d-konceptet.\u00a0<\/strong><\/li>\n<li><strong>\u00d6ppna ett korttidsboende f\u00f6r akut heml\u00f6shet<\/strong><\/li>\n<\/ul>\n<h2><\/h2>\n<h2><strong>Arbete och kommunal ekonomi<\/strong><\/h2>\n<p><strong>Det ska vara lockande att bo och arbeta i \u00c4ngelholm.<\/strong>\u00a0God kommunal ekonomi, ett fungerande n\u00e4ringsliv och fler personer i arbete \u00e4r en f\u00f6ruts\u00e4ttning f\u00f6r v\u00e4l fungerande samh\u00e4lle och god v\u00e4lf\u00e4rd.<\/p>\n<ul>\n<li><strong>Fler bost\u00e4der beh\u00f6vs f\u00f6r \u00f6kad inflyttning. Styrning och effektivisering av kommunala verksamheter kr\u00e4vs f\u00f6r att kunna h\u00e5lla en fortsatt l\u00e5g skattesats\u00a0<\/strong><\/li>\n<li><strong>Skapa goda f\u00f6ruts\u00e4ttningar f\u00f6r f\u00f6retagsetableringar\u00a0<\/strong><\/li>\n<li><strong>Minskad byr\u00e5krati f\u00f6r sm\u00e5f\u00f6retagare\u00a0<\/strong><\/li>\n<li><strong>Bygga mera och enkelt\u00a0<\/strong><\/li>\n<li><strong>L\u00e4gsta m\u00f6jliga skatt, med bibeh\u00e5llen kvalitet.<\/strong><\/li>\n<\/ul>\n<h2><\/h2>\n<h2><strong>H\u00e5llbar utveckling, trivsel och trygghet i hela \u00c4ngelholm\u00a0<\/strong><\/h2>\n<p><strong>Det ska vara h\u00e4lsosamt, trevligt och tryggt att bo i \u00c4ngelholm.\u00a0<\/strong>Den goda kommunen planeras f\u00f6r l\u00e5ngsiktig kvalitet och h\u00e5llbarhet \u2013 ekonomiskt, socialt och milj\u00f6m\u00e4ssigt. Blandad bebyggelse med bost\u00e4der, arbetsplatser och kommersiella akt\u00f6rer skapar m\u00e5ngfald , folkliv och m\u00f6tesplatser vilket ger trygghetsk\u00e4nsla. Gr\u00f6na innerg\u00e5rdar och parker planeras f\u00f6r att ge m\u00f6tesplatser. Tillvarata m\u00f6jligheterna till rekreation i \u00c4ngelholms fantastiska sj\u00f6 och skogsomr\u00e5den och underbara strand genom \u00f6kad tillg\u00e4nglighet.\u00a0L\u00e5g energif\u00f6rbrukning och sunda material ska efterstr\u00e4vas. Bostadsplanering synkroniseras med trafikplanering f\u00f6r goda m\u00f6jligheter till g\u00e5ng-, cykel-,och kollektivtrafik.<\/p>\n<ul>\n<li><strong>Sammanbundna cykelv\u00e4gar i t\u00e4tort och mellan byar.\u00a0<\/strong><\/li>\n<li><strong>Fler laddstolpar f\u00f6r el- bilar\u00a0<\/strong><\/li>\n<li><strong>Busslinje till H\u00f6ja-Starby\u00a0<\/strong><\/li>\n<li><strong>H\u00e4lsofr\u00e4mjande n\u00e4rmilj\u00f6 t.ex. gr\u00f6na tak och innerg\u00e5rdar och sociala m\u00f6tesplatser\u00a0<\/strong><\/li>\n<li><strong>Bevara den goda \u00e5kerjorden.\u00a0<\/strong><\/li>\n<li><strong>\u00d6ka m\u00e4ngden n\u00e4rodlat och ekologiskt i kommunens k\u00f6k.\u00a0<\/strong><\/li>\n<li><strong>Verka f\u00f6r ett Marint center etableras\u00a0<\/strong><\/li>\n<li><strong>Bevara J\u00e4rnv\u00e4gsparken som gr\u00f6n lunga.\u00a0<\/strong><\/li>\n<li><strong>Avlasta trafiken i centrum och underl\u00e4tta f\u00f6r utveckling av\u00a0 Stationsomr\u00e5det och Parallelltrapetsen genom milj\u00f6m\u00e4ssigt och ekonomiskt b\u00e4sta l\u00f6sning. Bygga v\u00e4gen mellan Havsbadsv\u00e4gen och Kulltorp v\u00e4ster om j\u00e4rnv\u00e4gen..\u00a0<\/strong><\/li>\n<li><strong>Marknadsf\u00f6ra Hallands\u00e5sens och V\u00e4stersj\u00f6omr\u00e5dets natursk\u00f6na milj\u00f6.\u00a0<\/strong><\/li>\n<li><strong>\u00d6kade energibesparande och energialstrande \u00e5tg\u00e4rder\u00a0<\/strong><\/li>\n<li><strong>Kommunala poliser i st\u00e4llet f\u00f6r ordningsvakter\u00a0<\/strong><\/li>\n<\/ul>\n","protected":false},"excerpt":{"rendered":"<p>Omsorg och \u00e4ldre Det ska vara v\u00e4rdigt, meningsfullt och tryggt att \u00e5ldras i \u00c4ngelholms kommun. \u00c4ldres erfarenhet och vilja till delaktighet ska tillvaratas. Man ska kunna lita p\u00e5 v\u00e5rden och omsorgen den dag man beh\u00f6ver den. M\u00e5let f\u00f6r allt st\u00f6d ska vara att uppr\u00e4tth\u00e5lla den enskildes v\u00e4rdighet, k\u00e4nsla av sammanhang, meningsfullhet och m\u00f6jlighet att v\u00e4lja.\u00a0 <a class=\"read-more-link\" href=\"https:\/\/wp.kristdemokraterna.se\/angelholm\/i-var-kommun\/\">L\u00e4s mer<\/a><\/p>\n","protected":false},"author":900,"featured_media":0,"parent":0,"menu_order":0,"comment_status":"closed","ping_status":"closed","template":"page.php","meta":{"_acf_changed":false,"footnotes":""},"class_list":["post-342","page","type-page","status-publish","hentry"],"acf":[],"yoast_head":"<!-- This site is optimized with the Yoast SEO plugin v27.3 - https:\/\/yoast.com\/product\/yoast-seo-wordpress\/ -->\n<title>DETTA VILL KD I \u00c4NGELHOLMS KOMMUN - Kristdemokraterna | \u00c4ngelholm<\/title>\n<meta name=\"robots\" content=\"index, follow, max-snippet:-1, max-image-preview:large, max-video-preview:-1\" \/>\n<link rel=\"canonical\" href=\"https:\/\/wp.kristdemokraterna.se\/angelholm\/i-var-kommun\/\" \/>\n<meta property=\"og:locale\" content=\"sv_SE\" \/>\n<meta property=\"og:type\" content=\"article\" \/>\n<meta property=\"og:title\" content=\"DETTA VILL KD I \u00c4NGELHOLMS KOMMUN - Kristdemokraterna | \u00c4ngelholm\" \/>\n<meta property=\"og:description\" content=\"Omsorg och \u00e4ldre Det ska vara v\u00e4rdigt, meningsfullt och tryggt att \u00e5ldras i \u00c4ngelholms kommun. \u00c4ldres erfarenhet och vilja till delaktighet ska tillvaratas. Man ska kunna lita p\u00e5 v\u00e5rden och omsorgen den dag man beh\u00f6ver den. M\u00e5let f\u00f6r allt st\u00f6d ska vara att uppr\u00e4tth\u00e5lla den enskildes v\u00e4rdighet, k\u00e4nsla av sammanhang, meningsfullhet och m\u00f6jlighet att v\u00e4lja.\u00a0 L\u00e4s mer\" \/>\n<meta property=\"og:url\" content=\"https:\/\/wp.kristdemokraterna.se\/angelholm\/i-var-kommun\/\" \/>\n<meta property=\"og:site_name\" content=\"Kristdemokraterna | \u00c4ngelholm\" \/>\n<meta property=\"article:modified_time\" content=\"2020-10-28T13:46:32+00:00\" \/>\n<meta name=\"twitter:card\" content=\"summary_large_image\" \/>\n<meta name=\"twitter:label1\" content=\"Ber\u00e4knad l\u00e4stid\" \/>\n\t<meta name=\"twitter:data1\" content=\"5 minuter\" \/>\n<script type=\"application\/ld+json\" class=\"yoast-schema-graph\">{\"@context\":\"https:\\\/\\\/schema.org\",\"@graph\":[{\"@type\":\"WebPage\",\"@id\":\"https:\\\/\\\/wp.kristdemokraterna.se\\\/angelholm\\\/i-var-kommun\\\/\",\"url\":\"https:\\\/\\\/wp.kristdemokraterna.se\\\/angelholm\\\/i-var-kommun\\\/\",\"name\":\"DETTA VILL KD I \u00c4NGELHOLMS KOMMUN - Kristdemokraterna | \u00c4ngelholm\",\"isPartOf\":{\"@id\":\"https:\\\/\\\/wp.kristdemokraterna.se\\\/angelholm\\\/#website\"},\"datePublished\":\"2017-11-30T14:21:10+00:00\",\"dateModified\":\"2020-10-28T13:46:32+00:00\",\"breadcrumb\":{\"@id\":\"https:\\\/\\\/wp.kristdemokraterna.se\\\/angelholm\\\/i-var-kommun\\\/#breadcrumb\"},\"inLanguage\":\"sv-SE\",\"potentialAction\":[{\"@type\":\"ReadAction\",\"target\":[\"https:\\\/\\\/wp.kristdemokraterna.se\\\/angelholm\\\/i-var-kommun\\\/\"]}]},{\"@type\":\"BreadcrumbList\",\"@id\":\"https:\\\/\\\/wp.kristdemokraterna.se\\\/angelholm\\\/i-var-kommun\\\/#breadcrumb\",\"itemListElement\":[{\"@type\":\"ListItem\",\"position\":1,\"name\":\"Hem\",\"item\":\"https:\\\/\\\/wp.kristdemokraterna.se\\\/angelholm\\\/\"},{\"@type\":\"ListItem\",\"position\":2,\"name\":\"DETTA VILL KD I \u00c4NGELHOLMS KOMMUN\"}]},{\"@type\":\"WebSite\",\"@id\":\"https:\\\/\\\/wp.kristdemokraterna.se\\\/angelholm\\\/#website\",\"url\":\"https:\\\/\\\/wp.kristdemokraterna.se\\\/angelholm\\\/\",\"name\":\"Kristdemokraterna | \u00c4ngelholm\",\"description\":\"Kristdemokraterna i \u00c4ngelholms webbplats\",\"inLanguage\":\"sv-SE\"}]}<\/script>\n<!-- \/ Yoast SEO plugin. -->","yoast_head_json":{"title":"DETTA VILL KD I \u00c4NGELHOLMS KOMMUN - Kristdemokraterna | \u00c4ngelholm","robots":{"index":"index","follow":"follow","max-snippet":"max-snippet:-1","max-image-preview":"max-image-preview:large","max-video-preview":"max-video-preview:-1"},"canonical":"https:\/\/wp.kristdemokraterna.se\/angelholm\/i-var-kommun\/","og_locale":"sv_SE","og_type":"article","og_title":"DETTA VILL KD I \u00c4NGELHOLMS KOMMUN - Kristdemokraterna | \u00c4ngelholm","og_description":"Omsorg och \u00e4ldre Det ska vara v\u00e4rdigt, meningsfullt och tryggt att \u00e5ldras i \u00c4ngelholms kommun. \u00c4ldres erfarenhet och vilja till delaktighet ska tillvaratas. Man ska kunna lita p\u00e5 v\u00e5rden och omsorgen den dag man beh\u00f6ver den. M\u00e5let f\u00f6r allt st\u00f6d ska vara att uppr\u00e4tth\u00e5lla den enskildes v\u00e4rdighet, k\u00e4nsla av sammanhang, meningsfullhet och m\u00f6jlighet att v\u00e4lja.\u00a0 L\u00e4s mer","og_url":"https:\/\/wp.kristdemokraterna.se\/angelholm\/i-var-kommun\/","og_site_name":"Kristdemokraterna | \u00c4ngelholm","article_modified_time":"2020-10-28T13:46:32+00:00","twitter_card":"summary_large_image","twitter_misc":{"Ber\u00e4knad l\u00e4stid":"5 minuter"},"schema":{"@context":"https:\/\/schema.org","@graph":[{"@type":"WebPage","@id":"https:\/\/wp.kristdemokraterna.se\/angelholm\/i-var-kommun\/","url":"https:\/\/wp.kristdemokraterna.se\/angelholm\/i-var-kommun\/","name":"DETTA VILL KD I \u00c4NGELHOLMS KOMMUN - Kristdemokraterna | \u00c4ngelholm","isPartOf":{"@id":"https:\/\/wp.kristdemokraterna.se\/angelholm\/#website"},"datePublished":"2017-11-30T14:21:10+00:00","dateModified":"2020-10-28T13:46:32+00:00","breadcrumb":{"@id":"https:\/\/wp.kristdemokraterna.se\/angelholm\/i-var-kommun\/#breadcrumb"},"inLanguage":"sv-SE","potentialAction":[{"@type":"ReadAction","target":["https:\/\/wp.kristdemokraterna.se\/angelholm\/i-var-kommun\/"]}]},{"@type":"BreadcrumbList","@id":"https:\/\/wp.kristdemokraterna.se\/angelholm\/i-var-kommun\/#breadcrumb","itemListElement":[{"@type":"ListItem","position":1,"name":"Hem","item":"https:\/\/wp.kristdemokraterna.se\/angelholm\/"},{"@type":"ListItem","position":2,"name":"DETTA VILL KD I \u00c4NGELHOLMS KOMMUN"}]},{"@type":"WebSite","@id":"https:\/\/wp.kristdemokraterna.se\/angelholm\/#website","url":"https:\/\/wp.kristdemokraterna.se\/angelholm\/","name":"Kristdemokraterna | \u00c4ngelholm","description":"Kristdemokraterna i \u00c4ngelholms webbplats","inLanguage":"sv-SE"}]}},"_links":{"self":[{"href":"https:\/\/wp.kristdemokraterna.se\/angelholm\/wp-json\/wp\/v2\/pages\/342","targetHints":{"allow":["GET"]}}],"collection":[{"href":"https:\/\/wp.kristdemokraterna.se\/angelholm\/wp-json\/wp\/v2\/pages"}],"about":[{"href":"https:\/\/wp.kristdemokraterna.se\/angelholm\/wp-json\/wp\/v2\/types\/page"}],"author":[{"embeddable":true,"href":"https:\/\/wp.kristdemokraterna.se\/angelholm\/wp-json\/wp\/v2\/users\/900"}],"replies":[{"embeddable":true,"href":"https:\/\/wp.kristdemokraterna.se\/angelholm\/wp-json\/wp\/v2\/comments?post=342"}],"version-history":[{"count":4,"href":"https:\/\/wp.kristdemokraterna.se\/angelholm\/wp-json\/wp\/v2\/pages\/342\/revisions"}],"predecessor-version":[{"id":548,"href":"https:\/\/wp.kristdemokraterna.se\/angelholm\/wp-json\/wp\/v2\/pages\/342\/revisions\/548"}],"wp:attachment":[{"href":"https:\/\/wp.kristdemokraterna.se\/angelholm\/wp-json\/wp\/v2\/media?parent=342"}],"curies":[{"name":"wp","href":"https:\/\/api.w.org\/{rel}","templated":true}]}}