{"id":352,"date":"2017-12-01T09:56:02","date_gmt":"2017-12-01T08:56:02","guid":{"rendered":"http:\/\/wp.kristdemokraterna.se\/angelholm\/?page_id=352"},"modified":"2024-02-16T15:12:11","modified_gmt":"2024-02-16T14:12:11","slug":"kontakta-oss","status":"publish","type":"page","link":"https:\/\/wp.kristdemokraterna.se\/angelholm\/kontakta-oss\/","title":{"rendered":"Kontakta oss!"},"content":{"rendered":"<p>Partiavdelningsstyrelsen<\/p>\n<p><strong>Alexandra Nilsson<\/strong><br \/>\nPartiavdelningsstyrelse ledamot ordf\u00f6rande<br \/>\n<a href=\"mailto:nilsson.m.alexandra@gmail.com\">nilsson.m.alexandra@gmail.com<\/a><br \/>\nPostadress:Gamla \u00d6rkelljungav\u00e4gen 23, 26633 Munka-ljungby<br \/>\nTelefon: 073-2049000<\/p>\n<p><strong>Linda Persson<\/strong><br \/>\nPartiavdelningsstyrelse ledamot 1:e vice ordf\u00f6rande<br \/>\n<a href=\"mailto:linda.persson@pol.engelholm.se\">linda.persson@pol.engelholm.se<\/a><br \/>\nTelefon: 073-0853670<\/p>\n<p><strong>Lennart Engstr\u00f6m<\/strong><br \/>\nPartiavdelningsstyrelse ledamot ers\u00e4ttare\/kass\u00f6r<br \/>\nTelefon: 072-0638598<\/p>\n<p><strong>Petra Oddson<\/strong><br \/>\nPartiavdelningsstyrelse ledamot\/sekreterare<br \/>\npetra.oddson@kristdemokraterna.se<\/p>\n<p><strong>Peter Storgaard\u00a0<\/strong><br \/>\nPartiavdelningsstyrelse ledamot<\/p>\n<p><strong>Jan-Eric Andersson<\/strong><br \/>\nPartiavdelningsstyrelse ledamot<\/p>\n<p><strong>Bo G\u00f6ransson<\/strong><br \/>\nPartiavdelningsstyrelse ledamot<\/p>\n<p><strong>Martina Wallin<\/strong><br \/>\nPartiavdelningsstyrelse ledamot<\/p>\n<p><strong>Gunilla Hildestrand<\/strong><br \/>\nPartiavdelningsstyrelse ers\u00e4ttare<\/p>\n<p><strong>Katarina Nilsson<\/strong><br \/>\nPartiavdelningsstyrelse adjungerad KDK<\/p>\n<p><strong>Yngve Angros<\/strong><br \/>\nPartiavdelningsstyrelse adjungerad KDS<\/p>\n<p>&nbsp;<\/p>\n<p>&nbsp;<\/p>\n<p>&nbsp;<\/p>\n","protected":false},"excerpt":{"rendered":"<p>Partiavdelningsstyrelsen Alexandra Nilsson Partiavdelningsstyrelse ledamot ordf\u00f6rande nilsson.m.alexandra@gmail.com Postadress:Gamla \u00d6rkelljungav\u00e4gen 23, 26633 Munka-ljungby Telefon: 073-2049000 Linda Persson Partiavdelningsstyrelse ledamot 1:e vice ordf\u00f6rande linda.persson@pol.engelholm.se Telefon: 073-0853670 Lennart Engstr\u00f6m Partiavdelningsstyrelse ledamot ers\u00e4ttare\/kass\u00f6r Telefon: 072-0638598 Petra Oddson Partiavdelningsstyrelse ledamot\/sekreterare petra.oddson@kristdemokraterna.se Peter Storgaard\u00a0 Partiavdelningsstyrelse ledamot Jan-Eric Andersson Partiavdelningsstyrelse ledamot Bo G\u00f6ransson Partiavdelningsstyrelse ledamot Martina Wallin Partiavdelningsstyrelse ledamot Gunilla Hildestrand Partiavdelningsstyrelse <a class=\"read-more-link\" href=\"https:\/\/wp.kristdemokraterna.se\/angelholm\/kontakta-oss\/\">L\u00e4s mer<\/a><\/p>\n","protected":false},"author":900,"featured_media":0,"parent":0,"menu_order":0,"comment_status":"closed","ping_status":"closed","template":"page.php","meta":{"_acf_changed":false,"footnotes":""},"class_list":["post-352","page","type-page","status-publish","hentry"],"acf":[],"yoast_head":"<!-- This site is optimized with the Yoast SEO plugin v27.4 - https:\/\/yoast.com\/product\/yoast-seo-wordpress\/ -->\n<title>Kontakta oss! - Kristdemokraterna | \u00c4ngelholm<\/title>\n<meta name=\"robots\" content=\"index, follow, max-snippet:-1, max-image-preview:large, max-video-preview:-1\" \/>\n<link rel=\"canonical\" href=\"https:\/\/wp.kristdemokraterna.se\/angelholm\/kontakta-oss\/\" \/>\n<meta property=\"og:locale\" content=\"sv_SE\" \/>\n<meta property=\"og:type\" content=\"article\" \/>\n<meta property=\"og:title\" content=\"Kontakta oss! - Kristdemokraterna | \u00c4ngelholm\" \/>\n<meta property=\"og:description\" content=\"Partiavdelningsstyrelsen Alexandra Nilsson Partiavdelningsstyrelse ledamot ordf\u00f6rande nilsson.m.alexandra@gmail.com Postadress:Gamla \u00d6rkelljungav\u00e4gen 23, 26633 Munka-ljungby Telefon: 073-2049000 Linda Persson Partiavdelningsstyrelse ledamot 1:e vice ordf\u00f6rande linda.persson@pol.engelholm.se Telefon: 073-0853670 Lennart Engstr\u00f6m Partiavdelningsstyrelse ledamot ers\u00e4ttare\/kass\u00f6r Telefon: 072-0638598 Petra Oddson Partiavdelningsstyrelse ledamot\/sekreterare petra.oddson@kristdemokraterna.se Peter Storgaard\u00a0 Partiavdelningsstyrelse ledamot Jan-Eric Andersson Partiavdelningsstyrelse ledamot Bo G\u00f6ransson Partiavdelningsstyrelse ledamot Martina Wallin Partiavdelningsstyrelse ledamot Gunilla Hildestrand Partiavdelningsstyrelse L\u00e4s mer\" \/>\n<meta property=\"og:url\" content=\"https:\/\/wp.kristdemokraterna.se\/angelholm\/kontakta-oss\/\" \/>\n<meta property=\"og:site_name\" content=\"Kristdemokraterna | \u00c4ngelholm\" \/>\n<meta property=\"article:modified_time\" content=\"2024-02-16T14:12:11+00:00\" \/>\n<meta name=\"twitter:card\" content=\"summary_large_image\" \/>\n<meta name=\"twitter:label1\" content=\"Ber\u00e4knad l\u00e4stid\" \/>\n\t<meta name=\"twitter:data1\" content=\"1 minut\" \/>\n<script type=\"application\/ld+json\" class=\"yoast-schema-graph\">{\"@context\":\"https:\\\/\\\/schema.org\",\"@graph\":[{\"@type\":\"WebPage\",\"@id\":\"https:\\\/\\\/wp.kristdemokraterna.se\\\/angelholm\\\/kontakta-oss\\\/\",\"url\":\"https:\\\/\\\/wp.kristdemokraterna.se\\\/angelholm\\\/kontakta-oss\\\/\",\"name\":\"Kontakta oss! - Kristdemokraterna | \u00c4ngelholm\",\"isPartOf\":{\"@id\":\"https:\\\/\\\/wp.kristdemokraterna.se\\\/angelholm\\\/#website\"},\"datePublished\":\"2017-12-01T08:56:02+00:00\",\"dateModified\":\"2024-02-16T14:12:11+00:00\",\"breadcrumb\":{\"@id\":\"https:\\\/\\\/wp.kristdemokraterna.se\\\/angelholm\\\/kontakta-oss\\\/#breadcrumb\"},\"inLanguage\":\"sv-SE\",\"potentialAction\":[{\"@type\":\"ReadAction\",\"target\":[\"https:\\\/\\\/wp.kristdemokraterna.se\\\/angelholm\\\/kontakta-oss\\\/\"]}]},{\"@type\":\"BreadcrumbList\",\"@id\":\"https:\\\/\\\/wp.kristdemokraterna.se\\\/angelholm\\\/kontakta-oss\\\/#breadcrumb\",\"itemListElement\":[{\"@type\":\"ListItem\",\"position\":1,\"name\":\"Hem\",\"item\":\"https:\\\/\\\/wp.kristdemokraterna.se\\\/angelholm\\\/\"},{\"@type\":\"ListItem\",\"position\":2,\"name\":\"Kontakta oss!\"}]},{\"@type\":\"WebSite\",\"@id\":\"https:\\\/\\\/wp.kristdemokraterna.se\\\/angelholm\\\/#website\",\"url\":\"https:\\\/\\\/wp.kristdemokraterna.se\\\/angelholm\\\/\",\"name\":\"Kristdemokraterna | \u00c4ngelholm\",\"description\":\"Kristdemokraterna i \u00c4ngelholms webbplats\",\"inLanguage\":\"sv-SE\"}]}<\/script>\n<!-- \/ Yoast SEO plugin. -->","yoast_head_json":{"title":"Kontakta oss! - Kristdemokraterna | \u00c4ngelholm","robots":{"index":"index","follow":"follow","max-snippet":"max-snippet:-1","max-image-preview":"max-image-preview:large","max-video-preview":"max-video-preview:-1"},"canonical":"https:\/\/wp.kristdemokraterna.se\/angelholm\/kontakta-oss\/","og_locale":"sv_SE","og_type":"article","og_title":"Kontakta oss! - Kristdemokraterna | \u00c4ngelholm","og_description":"Partiavdelningsstyrelsen Alexandra Nilsson Partiavdelningsstyrelse ledamot ordf\u00f6rande nilsson.m.alexandra@gmail.com Postadress:Gamla \u00d6rkelljungav\u00e4gen 23, 26633 Munka-ljungby Telefon: 073-2049000 Linda Persson Partiavdelningsstyrelse ledamot 1:e vice ordf\u00f6rande linda.persson@pol.engelholm.se Telefon: 073-0853670 Lennart Engstr\u00f6m Partiavdelningsstyrelse ledamot ers\u00e4ttare\/kass\u00f6r Telefon: 072-0638598 Petra Oddson Partiavdelningsstyrelse ledamot\/sekreterare petra.oddson@kristdemokraterna.se Peter Storgaard\u00a0 Partiavdelningsstyrelse ledamot Jan-Eric Andersson Partiavdelningsstyrelse ledamot Bo G\u00f6ransson Partiavdelningsstyrelse ledamot Martina Wallin Partiavdelningsstyrelse ledamot Gunilla Hildestrand Partiavdelningsstyrelse L\u00e4s mer","og_url":"https:\/\/wp.kristdemokraterna.se\/angelholm\/kontakta-oss\/","og_site_name":"Kristdemokraterna | \u00c4ngelholm","article_modified_time":"2024-02-16T14:12:11+00:00","twitter_card":"summary_large_image","twitter_misc":{"Ber\u00e4knad l\u00e4stid":"1 minut"},"schema":{"@context":"https:\/\/schema.org","@graph":[{"@type":"WebPage","@id":"https:\/\/wp.kristdemokraterna.se\/angelholm\/kontakta-oss\/","url":"https:\/\/wp.kristdemokraterna.se\/angelholm\/kontakta-oss\/","name":"Kontakta oss! - Kristdemokraterna | \u00c4ngelholm","isPartOf":{"@id":"https:\/\/wp.kristdemokraterna.se\/angelholm\/#website"},"datePublished":"2017-12-01T08:56:02+00:00","dateModified":"2024-02-16T14:12:11+00:00","breadcrumb":{"@id":"https:\/\/wp.kristdemokraterna.se\/angelholm\/kontakta-oss\/#breadcrumb"},"inLanguage":"sv-SE","potentialAction":[{"@type":"ReadAction","target":["https:\/\/wp.kristdemokraterna.se\/angelholm\/kontakta-oss\/"]}]},{"@type":"BreadcrumbList","@id":"https:\/\/wp.kristdemokraterna.se\/angelholm\/kontakta-oss\/#breadcrumb","itemListElement":[{"@type":"ListItem","position":1,"name":"Hem","item":"https:\/\/wp.kristdemokraterna.se\/angelholm\/"},{"@type":"ListItem","position":2,"name":"Kontakta oss!"}]},{"@type":"WebSite","@id":"https:\/\/wp.kristdemokraterna.se\/angelholm\/#website","url":"https:\/\/wp.kristdemokraterna.se\/angelholm\/","name":"Kristdemokraterna | \u00c4ngelholm","description":"Kristdemokraterna i \u00c4ngelholms webbplats","inLanguage":"sv-SE"}]}},"_links":{"self":[{"href":"https:\/\/wp.kristdemokraterna.se\/angelholm\/wp-json\/wp\/v2\/pages\/352","targetHints":{"allow":["GET"]}}],"collection":[{"href":"https:\/\/wp.kristdemokraterna.se\/angelholm\/wp-json\/wp\/v2\/pages"}],"about":[{"href":"https:\/\/wp.kristdemokraterna.se\/angelholm\/wp-json\/wp\/v2\/types\/page"}],"author":[{"embeddable":true,"href":"https:\/\/wp.kristdemokraterna.se\/angelholm\/wp-json\/wp\/v2\/users\/900"}],"replies":[{"embeddable":true,"href":"https:\/\/wp.kristdemokraterna.se\/angelholm\/wp-json\/wp\/v2\/comments?post=352"}],"version-history":[{"count":12,"href":"https:\/\/wp.kristdemokraterna.se\/angelholm\/wp-json\/wp\/v2\/pages\/352\/revisions"}],"predecessor-version":[{"id":928,"href":"https:\/\/wp.kristdemokraterna.se\/angelholm\/wp-json\/wp\/v2\/pages\/352\/revisions\/928"}],"wp:attachment":[{"href":"https:\/\/wp.kristdemokraterna.se\/angelholm\/wp-json\/wp\/v2\/media?parent=352"}],"curies":[{"name":"wp","href":"https:\/\/api.w.org\/{rel}","templated":true}]}}