{"id":918,"date":"2022-08-02T14:06:39","date_gmt":"2022-08-02T12:06:39","guid":{"rendered":"https:\/\/wp.kristdemokraterna.se\/angelholm\/?page_id=918"},"modified":"2022-08-02T14:06:39","modified_gmt":"2022-08-02T12:06:39","slug":"valsedel-2022","status":"publish","type":"page","link":"https:\/\/wp.kristdemokraterna.se\/angelholm\/valsedel-2022\/","title":{"rendered":"Valsedel 2022"},"content":{"rendered":"<p class=\"valsedel__valtyp\">VAL TILL KOMMUNFULLM\u00c4KTIGE<\/p>\n<p><img decoding=\"async\" class=\"valsedel__symbol\" src=\"https:\/\/data.val.se\/assets\/partisymboler\/68_valen2022.png\" alt=\"Kristdemokraterna - Partisymbol\" \/><\/p>\n<p class=\"valsedel__text\">Du kan personr\u00f6sta genom att s\u00e4tta ett kryss f\u00f6r den kandidat du helst vill ska bli vald. Du kan inte personr\u00f6sta p\u00e5 fler \u00e4n en eller n\u00e5gon annan kandidat \u00e4n dem som st\u00e5r nedan.<\/p>\n<ol class=\"valsedel__lista\">\n<li class=\"\">Linda Persson, 50 \u00e5r, Ekonomiassistent, G\u00e5narp<\/li>\n<li class=\"\">Jan-Eric Andersson, 53 \u00e5r, Konsult, Munka-Ljungby<\/li>\n<li class=\"\">Petra Oddson, 44 \u00e5r, F\u00f6rsamlingspedagog, Hj\u00e4rnarp<\/li>\n<li class=\"\">Lars Rask, 60 \u00e5r, Handledare daglig verksamhet, \u00c4ngelholm<\/li>\n<li class=\"\">Alexandra Nilsson, 34 \u00e5r, Skolsamordnare, Munka-Ljungby<\/li>\n<li class=\"\">Lennart Engstr\u00f6m, 75 \u00e5r, Agronom, T\u00e5starp<\/li>\n<li class=\"\">Cynthia Andersson, 42 \u00e5r, Ingenj\u00f6r, Munka-Ljungby<\/li>\n<li class=\"\">Peter Storgaard, 39 \u00e5r, Polis, Haradal<\/li>\n<li class=\"\">Martina Cherven, 51 \u00e5r, H\u00e4lsocoach, Munka-Ljungby<\/li>\n<li class=\"\">Jan-Olof J\u00f6nsson, 74 \u00e5r, Pension\u00e4r, Nyhem<\/li>\n<li class=\"\">Gunilla Hildestrand, 78 \u00e5r, Pension\u00e4r, Centrum<\/li>\n<li class=\"\">Bosse G\u00f6ransson, 66 \u00e5r, Konsult, Skepparkroken<\/li>\n<li class=\"\">Katarina Nilsson, 74 \u00e5r, Pension\u00e4r, Havsbaden<\/li>\n<li class=\"\">Nicklas Oddson, 46 \u00e5r, Produktionschef, Hj\u00e4rnarp<\/li>\n<li class=\"\">Fredrik Sj\u00f6h, 39 \u00e5r, Fris\u00f6r, Vejbystrand<\/li>\n<li class=\"\">Eva Bendroth, 58 \u00e5r, Groddodlare, Munka-Ljungby<\/li>\n<li class=\"\">Carl Einarsson, 54 \u00e5r, S\u00e4ljare, H\u00f6ja<\/li>\n<li class=\"\">Hans Larsson, 77 \u00e5r, L\u00e4kare, Vejbystrand<\/li>\n<li class=\"\">Torbj\u00f6rn Hallenheim, 53 \u00e5r, Egenf\u00f6retagare, Luntertun<\/li>\n<li class=\"\">Kristina Henriksson, 51 \u00e5r, Optikerassistent, Luntertun<\/li>\n<li class=\"\">Per-Anders Svedberg, 74 \u00e5r, Pension\u00e4r, Centrum<\/li>\n<li class=\"\">Daniel Nilsson, 42 \u00e5r, Byggm\u00e4stare, Munka-Ljungby<\/li>\n<li class=\"\">Josefine Bendroth, 28 \u00e5r, Marknadsf\u00f6ring, Munka-Ljungby<\/li>\n<li class=\"\">Lennart Albertsson, 60 \u00e5r, Civilekonom, Centrum<\/li>\n<li class=\"\">Yngve Agnros, 81 \u00e5r, Tr\u00e4dg\u00e5rdsm\u00e4stare, Stavershult<\/li>\n<li class=\"\">Emmely Persson, 29 \u00e5r, Fotograf, Centrum<\/li>\n<\/ol>\n","protected":false},"excerpt":{"rendered":"<p>VAL TILL KOMMUNFULLM\u00c4KTIGE Du kan personr\u00f6sta genom att s\u00e4tta ett kryss f\u00f6r den kandidat du helst vill ska bli vald. Du kan inte personr\u00f6sta p\u00e5 fler \u00e4n en eller n\u00e5gon annan kandidat \u00e4n dem som st\u00e5r nedan. Linda Persson, 50 \u00e5r, Ekonomiassistent, G\u00e5narp Jan-Eric Andersson, 53 \u00e5r, Konsult, Munka-Ljungby Petra Oddson, 44 \u00e5r, F\u00f6rsamlingspedagog, Hj\u00e4rnarp <a class=\"read-more-link\" href=\"https:\/\/wp.kristdemokraterna.se\/angelholm\/valsedel-2022\/\">L\u00e4s mer<\/a><\/p>\n","protected":false},"author":901,"featured_media":0,"parent":0,"menu_order":0,"comment_status":"closed","ping_status":"closed","template":"","meta":{"_acf_changed":false,"footnotes":""},"class_list":["post-918","page","type-page","status-publish","hentry"],"acf":[],"yoast_head":"<!-- This site is optimized with the Yoast SEO plugin v27.3 - https:\/\/yoast.com\/product\/yoast-seo-wordpress\/ -->\n<title>Valsedel 2022 - Kristdemokraterna | \u00c4ngelholm<\/title>\n<meta name=\"robots\" content=\"index, follow, max-snippet:-1, max-image-preview:large, max-video-preview:-1\" \/>\n<link rel=\"canonical\" href=\"https:\/\/wp.kristdemokraterna.se\/angelholm\/valsedel-2022\/\" \/>\n<meta property=\"og:locale\" content=\"sv_SE\" \/>\n<meta property=\"og:type\" content=\"article\" \/>\n<meta property=\"og:title\" content=\"Valsedel 2022 - Kristdemokraterna | \u00c4ngelholm\" \/>\n<meta property=\"og:description\" content=\"VAL TILL KOMMUNFULLM\u00c4KTIGE Du kan personr\u00f6sta genom att s\u00e4tta ett kryss f\u00f6r den kandidat du helst vill ska bli vald. Du kan inte personr\u00f6sta p\u00e5 fler \u00e4n en eller n\u00e5gon annan kandidat \u00e4n dem som st\u00e5r nedan. Linda Persson, 50 \u00e5r, Ekonomiassistent, G\u00e5narp Jan-Eric Andersson, 53 \u00e5r, Konsult, Munka-Ljungby Petra Oddson, 44 \u00e5r, F\u00f6rsamlingspedagog, Hj\u00e4rnarp L\u00e4s mer\" \/>\n<meta property=\"og:url\" content=\"https:\/\/wp.kristdemokraterna.se\/angelholm\/valsedel-2022\/\" \/>\n<meta property=\"og:site_name\" content=\"Kristdemokraterna | \u00c4ngelholm\" \/>\n<meta property=\"og:image\" content=\"https:\/\/data.val.se\/assets\/partisymboler\/68_valen2022.png\" \/>\n<meta name=\"twitter:card\" content=\"summary_large_image\" \/>\n<meta name=\"twitter:label1\" content=\"Ber\u00e4knad l\u00e4stid\" \/>\n\t<meta name=\"twitter:data1\" content=\"2 minuter\" \/>\n<script type=\"application\/ld+json\" class=\"yoast-schema-graph\">{\"@context\":\"https:\\\/\\\/schema.org\",\"@graph\":[{\"@type\":\"WebPage\",\"@id\":\"https:\\\/\\\/wp.kristdemokraterna.se\\\/angelholm\\\/valsedel-2022\\\/\",\"url\":\"https:\\\/\\\/wp.kristdemokraterna.se\\\/angelholm\\\/valsedel-2022\\\/\",\"name\":\"Valsedel 2022 - Kristdemokraterna | \u00c4ngelholm\",\"isPartOf\":{\"@id\":\"https:\\\/\\\/wp.kristdemokraterna.se\\\/angelholm\\\/#website\"},\"primaryImageOfPage\":{\"@id\":\"https:\\\/\\\/wp.kristdemokraterna.se\\\/angelholm\\\/valsedel-2022\\\/#primaryimage\"},\"image\":{\"@id\":\"https:\\\/\\\/wp.kristdemokraterna.se\\\/angelholm\\\/valsedel-2022\\\/#primaryimage\"},\"thumbnailUrl\":\"https:\\\/\\\/data.val.se\\\/assets\\\/partisymboler\\\/68_valen2022.png\",\"datePublished\":\"2022-08-02T12:06:39+00:00\",\"breadcrumb\":{\"@id\":\"https:\\\/\\\/wp.kristdemokraterna.se\\\/angelholm\\\/valsedel-2022\\\/#breadcrumb\"},\"inLanguage\":\"sv-SE\",\"potentialAction\":[{\"@type\":\"ReadAction\",\"target\":[\"https:\\\/\\\/wp.kristdemokraterna.se\\\/angelholm\\\/valsedel-2022\\\/\"]}]},{\"@type\":\"ImageObject\",\"inLanguage\":\"sv-SE\",\"@id\":\"https:\\\/\\\/wp.kristdemokraterna.se\\\/angelholm\\\/valsedel-2022\\\/#primaryimage\",\"url\":\"https:\\\/\\\/data.val.se\\\/assets\\\/partisymboler\\\/68_valen2022.png\",\"contentUrl\":\"https:\\\/\\\/data.val.se\\\/assets\\\/partisymboler\\\/68_valen2022.png\"},{\"@type\":\"BreadcrumbList\",\"@id\":\"https:\\\/\\\/wp.kristdemokraterna.se\\\/angelholm\\\/valsedel-2022\\\/#breadcrumb\",\"itemListElement\":[{\"@type\":\"ListItem\",\"position\":1,\"name\":\"Hem\",\"item\":\"https:\\\/\\\/wp.kristdemokraterna.se\\\/angelholm\\\/\"},{\"@type\":\"ListItem\",\"position\":2,\"name\":\"Valsedel 2022\"}]},{\"@type\":\"WebSite\",\"@id\":\"https:\\\/\\\/wp.kristdemokraterna.se\\\/angelholm\\\/#website\",\"url\":\"https:\\\/\\\/wp.kristdemokraterna.se\\\/angelholm\\\/\",\"name\":\"Kristdemokraterna | \u00c4ngelholm\",\"description\":\"Kristdemokraterna i \u00c4ngelholms webbplats\",\"inLanguage\":\"sv-SE\"}]}<\/script>\n<!-- \/ Yoast SEO plugin. -->","yoast_head_json":{"title":"Valsedel 2022 - Kristdemokraterna | \u00c4ngelholm","robots":{"index":"index","follow":"follow","max-snippet":"max-snippet:-1","max-image-preview":"max-image-preview:large","max-video-preview":"max-video-preview:-1"},"canonical":"https:\/\/wp.kristdemokraterna.se\/angelholm\/valsedel-2022\/","og_locale":"sv_SE","og_type":"article","og_title":"Valsedel 2022 - Kristdemokraterna | \u00c4ngelholm","og_description":"VAL TILL KOMMUNFULLM\u00c4KTIGE Du kan personr\u00f6sta genom att s\u00e4tta ett kryss f\u00f6r den kandidat du helst vill ska bli vald. Du kan inte personr\u00f6sta p\u00e5 fler \u00e4n en eller n\u00e5gon annan kandidat \u00e4n dem som st\u00e5r nedan. Linda Persson, 50 \u00e5r, Ekonomiassistent, G\u00e5narp Jan-Eric Andersson, 53 \u00e5r, Konsult, Munka-Ljungby Petra Oddson, 44 \u00e5r, F\u00f6rsamlingspedagog, Hj\u00e4rnarp L\u00e4s mer","og_url":"https:\/\/wp.kristdemokraterna.se\/angelholm\/valsedel-2022\/","og_site_name":"Kristdemokraterna | \u00c4ngelholm","og_image":[{"url":"https:\/\/data.val.se\/assets\/partisymboler\/68_valen2022.png","type":"","width":"","height":""}],"twitter_card":"summary_large_image","twitter_misc":{"Ber\u00e4knad l\u00e4stid":"2 minuter"},"schema":{"@context":"https:\/\/schema.org","@graph":[{"@type":"WebPage","@id":"https:\/\/wp.kristdemokraterna.se\/angelholm\/valsedel-2022\/","url":"https:\/\/wp.kristdemokraterna.se\/angelholm\/valsedel-2022\/","name":"Valsedel 2022 - Kristdemokraterna | \u00c4ngelholm","isPartOf":{"@id":"https:\/\/wp.kristdemokraterna.se\/angelholm\/#website"},"primaryImageOfPage":{"@id":"https:\/\/wp.kristdemokraterna.se\/angelholm\/valsedel-2022\/#primaryimage"},"image":{"@id":"https:\/\/wp.kristdemokraterna.se\/angelholm\/valsedel-2022\/#primaryimage"},"thumbnailUrl":"https:\/\/data.val.se\/assets\/partisymboler\/68_valen2022.png","datePublished":"2022-08-02T12:06:39+00:00","breadcrumb":{"@id":"https:\/\/wp.kristdemokraterna.se\/angelholm\/valsedel-2022\/#breadcrumb"},"inLanguage":"sv-SE","potentialAction":[{"@type":"ReadAction","target":["https:\/\/wp.kristdemokraterna.se\/angelholm\/valsedel-2022\/"]}]},{"@type":"ImageObject","inLanguage":"sv-SE","@id":"https:\/\/wp.kristdemokraterna.se\/angelholm\/valsedel-2022\/#primaryimage","url":"https:\/\/data.val.se\/assets\/partisymboler\/68_valen2022.png","contentUrl":"https:\/\/data.val.se\/assets\/partisymboler\/68_valen2022.png"},{"@type":"BreadcrumbList","@id":"https:\/\/wp.kristdemokraterna.se\/angelholm\/valsedel-2022\/#breadcrumb","itemListElement":[{"@type":"ListItem","position":1,"name":"Hem","item":"https:\/\/wp.kristdemokraterna.se\/angelholm\/"},{"@type":"ListItem","position":2,"name":"Valsedel 2022"}]},{"@type":"WebSite","@id":"https:\/\/wp.kristdemokraterna.se\/angelholm\/#website","url":"https:\/\/wp.kristdemokraterna.se\/angelholm\/","name":"Kristdemokraterna | \u00c4ngelholm","description":"Kristdemokraterna i \u00c4ngelholms webbplats","inLanguage":"sv-SE"}]}},"_links":{"self":[{"href":"https:\/\/wp.kristdemokraterna.se\/angelholm\/wp-json\/wp\/v2\/pages\/918","targetHints":{"allow":["GET"]}}],"collection":[{"href":"https:\/\/wp.kristdemokraterna.se\/angelholm\/wp-json\/wp\/v2\/pages"}],"about":[{"href":"https:\/\/wp.kristdemokraterna.se\/angelholm\/wp-json\/wp\/v2\/types\/page"}],"author":[{"embeddable":true,"href":"https:\/\/wp.kristdemokraterna.se\/angelholm\/wp-json\/wp\/v2\/users\/901"}],"replies":[{"embeddable":true,"href":"https:\/\/wp.kristdemokraterna.se\/angelholm\/wp-json\/wp\/v2\/comments?post=918"}],"version-history":[{"count":1,"href":"https:\/\/wp.kristdemokraterna.se\/angelholm\/wp-json\/wp\/v2\/pages\/918\/revisions"}],"predecessor-version":[{"id":919,"href":"https:\/\/wp.kristdemokraterna.se\/angelholm\/wp-json\/wp\/v2\/pages\/918\/revisions\/919"}],"wp:attachment":[{"href":"https:\/\/wp.kristdemokraterna.se\/angelholm\/wp-json\/wp\/v2\/media?parent=918"}],"curies":[{"name":"wp","href":"https:\/\/api.w.org\/{rel}","templated":true}]}}