{"id":1702,"date":"2024-01-18T01:03:23","date_gmt":"2024-01-18T00:03:23","guid":{"rendered":"https:\/\/wp.kristdemokraterna.se\/koping\/?page_id=1702"},"modified":"2025-08-18T10:13:29","modified_gmt":"2025-08-18T08:13:29","slug":"kd-kopings-styrelse","status":"publish","type":"page","link":"https:\/\/wp.kristdemokraterna.se\/arboga\/var-lokalavdelning\/kd-kopings-styrelse\/","title":{"rendered":"KD Arboga styrelse"},"content":{"rendered":"<p><a href=\"https:\/\/wp.kristdemokraterna.se\/arboga\/files\/2025\/08\/krisat.jpg\"><img loading=\"lazy\" decoding=\"async\" class=\"alignnone size-medium wp-image-2717\" src=\"https:\/\/wp.kristdemokraterna.se\/arboga\/files\/2025\/08\/krisat-206x300.jpg\" alt=\"\" width=\"206\" height=\"300\" srcset=\"https:\/\/wp.kristdemokraterna.se\/arboga\/files\/2025\/08\/krisat-206x300.jpg 206w, https:\/\/wp.kristdemokraterna.se\/arboga\/files\/2025\/08\/krisat-138x200.jpg 138w, https:\/\/wp.kristdemokraterna.se\/arboga\/files\/2025\/08\/krisat-39x56.jpg 39w, https:\/\/wp.kristdemokraterna.se\/arboga\/files\/2025\/08\/krisat.jpg 220w\" sizes=\"auto, (max-width: 206px) 100vw, 206px\" \/><\/a><\/p>\n<p><strong>Partiavdelningsordf\u00f6rande<\/strong><br \/>\nAnnika Krisat<br \/>\n070-383 00 75<br \/>\nkrisatannika@gmail.com<\/p>\n<p><a href=\"https:\/\/wp.kristdemokraterna.se\/arboga\/files\/2025\/08\/skarmbild-2025-08-18-100558.png\"><img loading=\"lazy\" decoding=\"async\" class=\"alignnone size-medium wp-image-2726\" src=\"https:\/\/wp.kristdemokraterna.se\/arboga\/files\/2025\/08\/skarmbild-2025-08-18-100558-219x300.png\" alt=\"\" width=\"219\" height=\"300\" srcset=\"https:\/\/wp.kristdemokraterna.se\/arboga\/files\/2025\/08\/skarmbild-2025-08-18-100558-219x300.png 219w, https:\/\/wp.kristdemokraterna.se\/arboga\/files\/2025\/08\/skarmbild-2025-08-18-100558-146x200.png 146w, https:\/\/wp.kristdemokraterna.se\/arboga\/files\/2025\/08\/skarmbild-2025-08-18-100558-280x383.png 280w, https:\/\/wp.kristdemokraterna.se\/arboga\/files\/2025\/08\/skarmbild-2025-08-18-100558-340x466.png 340w, https:\/\/wp.kristdemokraterna.se\/arboga\/files\/2025\/08\/skarmbild-2025-08-18-100558-41x56.png 41w, https:\/\/wp.kristdemokraterna.se\/arboga\/files\/2025\/08\/skarmbild-2025-08-18-100558.png 368w\" sizes=\"auto, (max-width: 219px) 100vw, 219px\" \/><\/a><br \/>\n<strong>1: vice Partiavdelningsordf\u00f6rande<\/strong><br \/>\nLubna Alnawakeel<br \/>\n070-030 20 21<br \/>\nalnawakeel982@gmail.com<\/p>\n<p><a href=\"https:\/\/wp.kristdemokraterna.se\/arboga\/files\/2025\/08\/skarmbild-2025-08-18-100646.png\"><img loading=\"lazy\" decoding=\"async\" class=\"alignnone size-medium wp-image-2728\" src=\"https:\/\/wp.kristdemokraterna.se\/arboga\/files\/2025\/08\/skarmbild-2025-08-18-100646-211x300.png\" alt=\"\" width=\"211\" height=\"300\" srcset=\"https:\/\/wp.kristdemokraterna.se\/arboga\/files\/2025\/08\/skarmbild-2025-08-18-100646-211x300.png 211w, https:\/\/wp.kristdemokraterna.se\/arboga\/files\/2025\/08\/skarmbild-2025-08-18-100646-141x200.png 141w, https:\/\/wp.kristdemokraterna.se\/arboga\/files\/2025\/08\/skarmbild-2025-08-18-100646-280x397.png 280w, https:\/\/wp.kristdemokraterna.se\/arboga\/files\/2025\/08\/skarmbild-2025-08-18-100646-340x483.png 340w, https:\/\/wp.kristdemokraterna.se\/arboga\/files\/2025\/08\/skarmbild-2025-08-18-100646-39x56.png 39w, https:\/\/wp.kristdemokraterna.se\/arboga\/files\/2025\/08\/skarmbild-2025-08-18-100646.png 360w\" sizes=\"auto, (max-width: 211px) 100vw, 211px\" \/><\/a><br \/>\n<strong>2: vice Partiavdelningsordf\u00f6rande<\/strong><br \/>\nRahaf Ramdo<br \/>\n072-936 70 37<br \/>\nrhfmjd@gmail.com<\/p>\n<p><a href=\"https:\/\/wp.kristdemokraterna.se\/arboga\/files\/2025\/08\/skarmbild-2025-08-18-100633.png\"><img loading=\"lazy\" decoding=\"async\" class=\"alignnone size-medium wp-image-2727\" src=\"https:\/\/wp.kristdemokraterna.se\/arboga\/files\/2025\/08\/skarmbild-2025-08-18-100633-209x300.png\" alt=\"\" width=\"209\" height=\"300\" srcset=\"https:\/\/wp.kristdemokraterna.se\/arboga\/files\/2025\/08\/skarmbild-2025-08-18-100633-209x300.png 209w, https:\/\/wp.kristdemokraterna.se\/arboga\/files\/2025\/08\/skarmbild-2025-08-18-100633-139x200.png 139w, https:\/\/wp.kristdemokraterna.se\/arboga\/files\/2025\/08\/skarmbild-2025-08-18-100633-280x402.png 280w, https:\/\/wp.kristdemokraterna.se\/arboga\/files\/2025\/08\/skarmbild-2025-08-18-100633-340x488.png 340w, https:\/\/wp.kristdemokraterna.se\/arboga\/files\/2025\/08\/skarmbild-2025-08-18-100633-39x56.png 39w, https:\/\/wp.kristdemokraterna.se\/arboga\/files\/2025\/08\/skarmbild-2025-08-18-100633.png 364w\" sizes=\"auto, (max-width: 209px) 100vw, 209px\" \/><\/a><br \/>\n<strong>Partiavdelningskass\u00f6r<\/strong><br \/>\nKjell Wendin<br \/>\n073-544 32 81<br \/>\nkjell.wendin@gmail.com<\/p>\n<p><em>(Bild kommer snart)<\/em><strong><br \/>\nPartiavdelningsledamot<\/strong><br \/>\nAnneli Eriksson<br \/>\n0589-35 18 23<br \/>\narboga_annelie@hotmail.com<\/p>\n","protected":false},"excerpt":{"rendered":"<p>Partiavdelningsordf\u00f6rande Annika Krisat 070-383 00 75 krisatannika@gmail.com 1: vice Partiavdelningsordf\u00f6rande Lubna Alnawakeel 070-030 20 21 alnawakeel982@gmail.com 2: vice Partiavdelningsordf\u00f6rande Rahaf Ramdo 072-936 70 37 rhfmjd@gmail.com Partiavdelningskass\u00f6r Kjell Wendin 073-544 32 81 kjell.wendin@gmail.com (Bild kommer snart) Partiavdelningsledamot Anneli Eriksson 0589-35 18 23 arboga_annelie@hotmail.com<\/p>\n","protected":false},"author":444,"featured_media":714,"parent":8,"menu_order":0,"comment_status":"closed","ping_status":"closed","template":"page.php","meta":{"_acf_changed":false,"footnotes":""},"class_list":["post-1702","page","type-page","status-publish","hentry"],"acf":[],"yoast_head":"<!-- This site is optimized with the Yoast SEO plugin v27.4 - https:\/\/yoast.com\/product\/yoast-seo-wordpress\/ -->\n<title>KD Arboga styrelse - Kristdemokraterna | Arboga<\/title>\n<meta name=\"robots\" content=\"index, follow, max-snippet:-1, max-image-preview:large, max-video-preview:-1\" \/>\n<link rel=\"canonical\" href=\"https:\/\/wp.kristdemokraterna.se\/arboga\/var-lokalavdelning\/kd-kopings-styrelse\/\" \/>\n<meta property=\"og:locale\" content=\"sv_SE\" \/>\n<meta property=\"og:type\" content=\"article\" \/>\n<meta property=\"og:title\" content=\"KD Arboga styrelse - Kristdemokraterna | Arboga\" \/>\n<meta property=\"og:description\" content=\"Partiavdelningsordf\u00f6rande Annika Krisat 070-383 00 75 krisatannika@gmail.com 1: vice Partiavdelningsordf\u00f6rande Lubna Alnawakeel 070-030 20 21 alnawakeel982@gmail.com 2: vice Partiavdelningsordf\u00f6rande Rahaf Ramdo 072-936 70 37 rhfmjd@gmail.com Partiavdelningskass\u00f6r Kjell Wendin 073-544 32 81 kjell.wendin@gmail.com (Bild kommer snart) Partiavdelningsledamot Anneli Eriksson 0589-35 18 23 arboga_annelie@hotmail.com\" \/>\n<meta property=\"og:url\" content=\"https:\/\/wp.kristdemokraterna.se\/arboga\/var-lokalavdelning\/kd-kopings-styrelse\/\" \/>\n<meta property=\"og:site_name\" content=\"Kristdemokraterna | Arboga\" \/>\n<meta property=\"article:modified_time\" content=\"2025-08-18T08:13:29+00:00\" \/>\n<meta property=\"og:image\" content=\"https:\/\/wp.kristdemokraterna.se\/arboga\/files\/2025\/08\/krisat.jpg\" \/>\n\t<meta property=\"og:image:width\" content=\"220\" \/>\n\t<meta property=\"og:image:height\" content=\"320\" \/>\n\t<meta property=\"og:image:type\" content=\"image\/jpeg\" \/>\n<meta name=\"twitter:card\" content=\"summary_large_image\" \/>\n<meta name=\"twitter:label1\" content=\"Ber\u00e4knad l\u00e4stid\" \/>\n\t<meta name=\"twitter:data1\" content=\"2 minuter\" \/>\n<script type=\"application\/ld+json\" class=\"yoast-schema-graph\">{\"@context\":\"https:\\\/\\\/schema.org\",\"@graph\":[{\"@type\":\"WebPage\",\"@id\":\"https:\\\/\\\/wp.kristdemokraterna.se\\\/arboga\\\/var-lokalavdelning\\\/kd-kopings-styrelse\\\/\",\"url\":\"https:\\\/\\\/wp.kristdemokraterna.se\\\/arboga\\\/var-lokalavdelning\\\/kd-kopings-styrelse\\\/\",\"name\":\"KD Arboga styrelse - Kristdemokraterna | Arboga\",\"isPartOf\":{\"@id\":\"https:\\\/\\\/wp.kristdemokraterna.se\\\/arboga\\\/#website\"},\"primaryImageOfPage\":{\"@id\":\"https:\\\/\\\/wp.kristdemokraterna.se\\\/arboga\\\/var-lokalavdelning\\\/kd-kopings-styrelse\\\/#primaryimage\"},\"image\":{\"@id\":\"https:\\\/\\\/wp.kristdemokraterna.se\\\/arboga\\\/var-lokalavdelning\\\/kd-kopings-styrelse\\\/#primaryimage\"},\"thumbnailUrl\":\"\",\"datePublished\":\"2024-01-18T00:03:23+00:00\",\"dateModified\":\"2025-08-18T08:13:29+00:00\",\"breadcrumb\":{\"@id\":\"https:\\\/\\\/wp.kristdemokraterna.se\\\/arboga\\\/var-lokalavdelning\\\/kd-kopings-styrelse\\\/#breadcrumb\"},\"inLanguage\":\"sv-SE\",\"potentialAction\":[{\"@type\":\"ReadAction\",\"target\":[\"https:\\\/\\\/wp.kristdemokraterna.se\\\/arboga\\\/var-lokalavdelning\\\/kd-kopings-styrelse\\\/\"]}]},{\"@type\":\"ImageObject\",\"inLanguage\":\"sv-SE\",\"@id\":\"https:\\\/\\\/wp.kristdemokraterna.se\\\/arboga\\\/var-lokalavdelning\\\/kd-kopings-styrelse\\\/#primaryimage\",\"url\":\"\",\"contentUrl\":\"\"},{\"@type\":\"BreadcrumbList\",\"@id\":\"https:\\\/\\\/wp.kristdemokraterna.se\\\/arboga\\\/var-lokalavdelning\\\/kd-kopings-styrelse\\\/#breadcrumb\",\"itemListElement\":[{\"@type\":\"ListItem\",\"position\":1,\"name\":\"Hem\",\"item\":\"https:\\\/\\\/wp.kristdemokraterna.se\\\/arboga\\\/\"},{\"@type\":\"ListItem\",\"position\":2,\"name\":\"V\u00e5r partiavdelning\",\"item\":\"https:\\\/\\\/wp.kristdemokraterna.se\\\/arboga\\\/var-lokalavdelning\\\/\"},{\"@type\":\"ListItem\",\"position\":3,\"name\":\"KD Arboga styrelse\"}]},{\"@type\":\"WebSite\",\"@id\":\"https:\\\/\\\/wp.kristdemokraterna.se\\\/arboga\\\/#website\",\"url\":\"https:\\\/\\\/wp.kristdemokraterna.se\\\/arboga\\\/\",\"name\":\"Kristdemokraterna | Arboga\",\"description\":\"En till Kristdemokraterna webbplats\",\"inLanguage\":\"sv-SE\"}]}<\/script>\n<!-- \/ Yoast SEO plugin. -->","yoast_head_json":{"title":"KD Arboga styrelse - Kristdemokraterna | Arboga","robots":{"index":"index","follow":"follow","max-snippet":"max-snippet:-1","max-image-preview":"max-image-preview:large","max-video-preview":"max-video-preview:-1"},"canonical":"https:\/\/wp.kristdemokraterna.se\/arboga\/var-lokalavdelning\/kd-kopings-styrelse\/","og_locale":"sv_SE","og_type":"article","og_title":"KD Arboga styrelse - Kristdemokraterna | Arboga","og_description":"Partiavdelningsordf\u00f6rande Annika Krisat 070-383 00 75 krisatannika@gmail.com 1: vice Partiavdelningsordf\u00f6rande Lubna Alnawakeel 070-030 20 21 alnawakeel982@gmail.com 2: vice Partiavdelningsordf\u00f6rande Rahaf Ramdo 072-936 70 37 rhfmjd@gmail.com Partiavdelningskass\u00f6r Kjell Wendin 073-544 32 81 kjell.wendin@gmail.com (Bild kommer snart) Partiavdelningsledamot Anneli Eriksson 0589-35 18 23 arboga_annelie@hotmail.com","og_url":"https:\/\/wp.kristdemokraterna.se\/arboga\/var-lokalavdelning\/kd-kopings-styrelse\/","og_site_name":"Kristdemokraterna | Arboga","article_modified_time":"2025-08-18T08:13:29+00:00","og_image":[{"width":220,"height":320,"url":"https:\/\/wp.kristdemokraterna.se\/arboga\/files\/2025\/08\/krisat.jpg","type":"image\/jpeg"}],"twitter_card":"summary_large_image","twitter_misc":{"Ber\u00e4knad l\u00e4stid":"2 minuter"},"schema":{"@context":"https:\/\/schema.org","@graph":[{"@type":"WebPage","@id":"https:\/\/wp.kristdemokraterna.se\/arboga\/var-lokalavdelning\/kd-kopings-styrelse\/","url":"https:\/\/wp.kristdemokraterna.se\/arboga\/var-lokalavdelning\/kd-kopings-styrelse\/","name":"KD Arboga styrelse - Kristdemokraterna | Arboga","isPartOf":{"@id":"https:\/\/wp.kristdemokraterna.se\/arboga\/#website"},"primaryImageOfPage":{"@id":"https:\/\/wp.kristdemokraterna.se\/arboga\/var-lokalavdelning\/kd-kopings-styrelse\/#primaryimage"},"image":{"@id":"https:\/\/wp.kristdemokraterna.se\/arboga\/var-lokalavdelning\/kd-kopings-styrelse\/#primaryimage"},"thumbnailUrl":"","datePublished":"2024-01-18T00:03:23+00:00","dateModified":"2025-08-18T08:13:29+00:00","breadcrumb":{"@id":"https:\/\/wp.kristdemokraterna.se\/arboga\/var-lokalavdelning\/kd-kopings-styrelse\/#breadcrumb"},"inLanguage":"sv-SE","potentialAction":[{"@type":"ReadAction","target":["https:\/\/wp.kristdemokraterna.se\/arboga\/var-lokalavdelning\/kd-kopings-styrelse\/"]}]},{"@type":"ImageObject","inLanguage":"sv-SE","@id":"https:\/\/wp.kristdemokraterna.se\/arboga\/var-lokalavdelning\/kd-kopings-styrelse\/#primaryimage","url":"","contentUrl":""},{"@type":"BreadcrumbList","@id":"https:\/\/wp.kristdemokraterna.se\/arboga\/var-lokalavdelning\/kd-kopings-styrelse\/#breadcrumb","itemListElement":[{"@type":"ListItem","position":1,"name":"Hem","item":"https:\/\/wp.kristdemokraterna.se\/arboga\/"},{"@type":"ListItem","position":2,"name":"V\u00e5r partiavdelning","item":"https:\/\/wp.kristdemokraterna.se\/arboga\/var-lokalavdelning\/"},{"@type":"ListItem","position":3,"name":"KD Arboga styrelse"}]},{"@type":"WebSite","@id":"https:\/\/wp.kristdemokraterna.se\/arboga\/#website","url":"https:\/\/wp.kristdemokraterna.se\/arboga\/","name":"Kristdemokraterna | Arboga","description":"En till Kristdemokraterna webbplats","inLanguage":"sv-SE"}]}},"_links":{"self":[{"href":"https:\/\/wp.kristdemokraterna.se\/arboga\/wp-json\/wp\/v2\/pages\/1702","targetHints":{"allow":["GET"]}}],"collection":[{"href":"https:\/\/wp.kristdemokraterna.se\/arboga\/wp-json\/wp\/v2\/pages"}],"about":[{"href":"https:\/\/wp.kristdemokraterna.se\/arboga\/wp-json\/wp\/v2\/types\/page"}],"author":[{"embeddable":true,"href":"https:\/\/wp.kristdemokraterna.se\/arboga\/wp-json\/wp\/v2\/users\/444"}],"replies":[{"embeddable":true,"href":"https:\/\/wp.kristdemokraterna.se\/arboga\/wp-json\/wp\/v2\/comments?post=1702"}],"version-history":[{"count":16,"href":"https:\/\/wp.kristdemokraterna.se\/arboga\/wp-json\/wp\/v2\/pages\/1702\/revisions"}],"predecessor-version":[{"id":2729,"href":"https:\/\/wp.kristdemokraterna.se\/arboga\/wp-json\/wp\/v2\/pages\/1702\/revisions\/2729"}],"up":[{"embeddable":true,"href":"https:\/\/wp.kristdemokraterna.se\/arboga\/wp-json\/wp\/v2\/pages\/8"}],"wp:featuredmedia":[{"embeddable":true,"href":"https:\/\/wp.kristdemokraterna.se\/arboga\/wp-json\/"}],"wp:attachment":[{"href":"https:\/\/wp.kristdemokraterna.se\/arboga\/wp-json\/wp\/v2\/media?parent=1702"}],"curies":[{"name":"wp","href":"https:\/\/api.w.org\/{rel}","templated":true}]}}