{"id":1808,"date":"2024-01-18T10:56:47","date_gmt":"2024-01-18T09:56:47","guid":{"rendered":"https:\/\/wp.kristdemokraterna.se\/koping\/?page_id=1808"},"modified":"2024-03-12T15:43:44","modified_gmt":"2024-03-12T14:43:44","slug":"vara-forslag-2022-2025","status":"publish","type":"page","link":"https:\/\/wp.kristdemokraterna.se\/arboga\/swisha-var-valfond\/vara-forslag-2022-2025\/","title":{"rendered":"V\u00e5r politik f\u00f6r ett b\u00e4ttre Arboga"},"content":{"rendered":"<p><strong>En v\u00e4lsk\u00f6tt kommun<\/strong><br \/>\nArboga \u00e4r och ska f\u00f6rbli en v\u00e4lsk\u00f6tt kommun. Det betyder ordning och reda, god<br \/>\nekonomi och hush\u00e5llning med v\u00e5ra resurser.<br \/>\nArboga ska bli ett f\u00f6red\u00f6me som f\u00f6rvaltar och v\u00e5rdar sin kultur f\u00f6r efterv\u00e4rlden.<br \/>\nStadsmilj\u00f6n i centrum och milj\u00f6n p\u00e5 landsbygden ska bevaras. Vi vill g\u00f6ra v\u00e5r<br \/>\nstadsk\u00e4rna mer attraktiv och tillg\u00e4nglig samt fr\u00e4mja handel och turism. Vi v\u00e4rnar<br \/>\nom och utvecklar Arbogas viktiga bes\u00f6ksm\u00e5l.<br \/>\nArboga kommun ska vara en bra arbetsgivare som ger personalen stort eget<br \/>\nansvar och uppmuntrar nya initiativ och utveckling. Vi anser att kommunens<br \/>\ngemensamma v\u00e4rdegrund PUMI kommer skapa b\u00e4ttre styrbarhet, \u00f6kad<br \/>\neffektivitet och st\u00e4rkt identitet. PUMI st\u00e5r f\u00f6r en f\u00f6rkortning av orden;<br \/>\nprofessionella, uth\u00e5lliga, modiga och innovativa.<\/p>\n","protected":false},"excerpt":{"rendered":"<p>En v\u00e4lsk\u00f6tt kommun Arboga \u00e4r och ska f\u00f6rbli en v\u00e4lsk\u00f6tt kommun. Det betyder ordning och reda, god ekonomi och hush\u00e5llning med v\u00e5ra resurser. Arboga ska bli ett f\u00f6red\u00f6me som f\u00f6rvaltar och v\u00e5rdar sin kultur f\u00f6r efterv\u00e4rlden. Stadsmilj\u00f6n i centrum och milj\u00f6n p\u00e5 landsbygden ska bevaras. Vi vill g\u00f6ra v\u00e5r stadsk\u00e4rna mer attraktiv och tillg\u00e4nglig samt <a class=\"read-more-link\" href=\"https:\/\/wp.kristdemokraterna.se\/arboga\/swisha-var-valfond\/vara-forslag-2022-2025\/\">L\u00e4s mer<\/a><\/p>\n","protected":false},"author":444,"featured_media":714,"parent":391,"menu_order":1,"comment_status":"closed","ping_status":"closed","template":"page.php","meta":{"_acf_changed":false,"footnotes":""},"class_list":["post-1808","page","type-page","status-publish","hentry"],"acf":[],"yoast_head":"<!-- This site is optimized with the Yoast SEO plugin v27.4 - https:\/\/yoast.com\/product\/yoast-seo-wordpress\/ -->\n<title>V\u00e5r politik f\u00f6r ett b\u00e4ttre Arboga - Kristdemokraterna | Arboga<\/title>\n<meta name=\"robots\" content=\"index, follow, max-snippet:-1, max-image-preview:large, max-video-preview:-1\" \/>\n<link rel=\"canonical\" href=\"https:\/\/wp.kristdemokraterna.se\/arboga\/swisha-var-valfond\/vara-forslag-2022-2025\/\" \/>\n<meta property=\"og:locale\" content=\"sv_SE\" \/>\n<meta property=\"og:type\" content=\"article\" \/>\n<meta property=\"og:title\" content=\"V\u00e5r politik f\u00f6r ett b\u00e4ttre Arboga - Kristdemokraterna | Arboga\" \/>\n<meta property=\"og:description\" content=\"En v\u00e4lsk\u00f6tt kommun Arboga \u00e4r och ska f\u00f6rbli en v\u00e4lsk\u00f6tt kommun. Det betyder ordning och reda, god ekonomi och hush\u00e5llning med v\u00e5ra resurser. Arboga ska bli ett f\u00f6red\u00f6me som f\u00f6rvaltar och v\u00e5rdar sin kultur f\u00f6r efterv\u00e4rlden. Stadsmilj\u00f6n i centrum och milj\u00f6n p\u00e5 landsbygden ska bevaras. Vi vill g\u00f6ra v\u00e5r stadsk\u00e4rna mer attraktiv och tillg\u00e4nglig samt L\u00e4s mer\" \/>\n<meta property=\"og:url\" content=\"https:\/\/wp.kristdemokraterna.se\/arboga\/swisha-var-valfond\/vara-forslag-2022-2025\/\" \/>\n<meta property=\"og:site_name\" content=\"Kristdemokraterna | Arboga\" \/>\n<meta property=\"article:modified_time\" content=\"2024-03-12T14:43:44+00:00\" \/>\n<meta name=\"twitter:card\" content=\"summary_large_image\" \/>\n<meta name=\"twitter:label1\" content=\"Ber\u00e4knad l\u00e4stid\" \/>\n\t<meta name=\"twitter:data1\" content=\"1 minut\" \/>\n<script type=\"application\/ld+json\" class=\"yoast-schema-graph\">{\"@context\":\"https:\\\/\\\/schema.org\",\"@graph\":[{\"@type\":\"WebPage\",\"@id\":\"https:\\\/\\\/wp.kristdemokraterna.se\\\/arboga\\\/swisha-var-valfond\\\/vara-forslag-2022-2025\\\/\",\"url\":\"https:\\\/\\\/wp.kristdemokraterna.se\\\/arboga\\\/swisha-var-valfond\\\/vara-forslag-2022-2025\\\/\",\"name\":\"V\u00e5r politik f\u00f6r ett b\u00e4ttre Arboga - Kristdemokraterna | Arboga\",\"isPartOf\":{\"@id\":\"https:\\\/\\\/wp.kristdemokraterna.se\\\/arboga\\\/#website\"},\"primaryImageOfPage\":{\"@id\":\"https:\\\/\\\/wp.kristdemokraterna.se\\\/arboga\\\/swisha-var-valfond\\\/vara-forslag-2022-2025\\\/#primaryimage\"},\"image\":{\"@id\":\"https:\\\/\\\/wp.kristdemokraterna.se\\\/arboga\\\/swisha-var-valfond\\\/vara-forslag-2022-2025\\\/#primaryimage\"},\"thumbnailUrl\":\"\",\"datePublished\":\"2024-01-18T09:56:47+00:00\",\"dateModified\":\"2024-03-12T14:43:44+00:00\",\"breadcrumb\":{\"@id\":\"https:\\\/\\\/wp.kristdemokraterna.se\\\/arboga\\\/swisha-var-valfond\\\/vara-forslag-2022-2025\\\/#breadcrumb\"},\"inLanguage\":\"sv-SE\",\"potentialAction\":[{\"@type\":\"ReadAction\",\"target\":[\"https:\\\/\\\/wp.kristdemokraterna.se\\\/arboga\\\/swisha-var-valfond\\\/vara-forslag-2022-2025\\\/\"]}]},{\"@type\":\"ImageObject\",\"inLanguage\":\"sv-SE\",\"@id\":\"https:\\\/\\\/wp.kristdemokraterna.se\\\/arboga\\\/swisha-var-valfond\\\/vara-forslag-2022-2025\\\/#primaryimage\",\"url\":\"\",\"contentUrl\":\"\"},{\"@type\":\"BreadcrumbList\",\"@id\":\"https:\\\/\\\/wp.kristdemokraterna.se\\\/arboga\\\/swisha-var-valfond\\\/vara-forslag-2022-2025\\\/#breadcrumb\",\"itemListElement\":[{\"@type\":\"ListItem\",\"position\":1,\"name\":\"Hem\",\"item\":\"https:\\\/\\\/wp.kristdemokraterna.se\\\/arboga\\\/\"},{\"@type\":\"ListItem\",\"position\":2,\"name\":\"V\u00e5r kommunpolitik\",\"item\":\"https:\\\/\\\/wp.kristdemokraterna.se\\\/arboga\\\/swisha-var-valfond\\\/\"},{\"@type\":\"ListItem\",\"position\":3,\"name\":\"V\u00e5r politik f\u00f6r ett b\u00e4ttre Arboga\"}]},{\"@type\":\"WebSite\",\"@id\":\"https:\\\/\\\/wp.kristdemokraterna.se\\\/arboga\\\/#website\",\"url\":\"https:\\\/\\\/wp.kristdemokraterna.se\\\/arboga\\\/\",\"name\":\"Kristdemokraterna | Arboga\",\"description\":\"En till Kristdemokraterna webbplats\",\"inLanguage\":\"sv-SE\"}]}<\/script>\n<!-- \/ Yoast SEO plugin. -->","yoast_head_json":{"title":"V\u00e5r politik f\u00f6r ett b\u00e4ttre Arboga - Kristdemokraterna | Arboga","robots":{"index":"index","follow":"follow","max-snippet":"max-snippet:-1","max-image-preview":"max-image-preview:large","max-video-preview":"max-video-preview:-1"},"canonical":"https:\/\/wp.kristdemokraterna.se\/arboga\/swisha-var-valfond\/vara-forslag-2022-2025\/","og_locale":"sv_SE","og_type":"article","og_title":"V\u00e5r politik f\u00f6r ett b\u00e4ttre Arboga - Kristdemokraterna | Arboga","og_description":"En v\u00e4lsk\u00f6tt kommun Arboga \u00e4r och ska f\u00f6rbli en v\u00e4lsk\u00f6tt kommun. Det betyder ordning och reda, god ekonomi och hush\u00e5llning med v\u00e5ra resurser. Arboga ska bli ett f\u00f6red\u00f6me som f\u00f6rvaltar och v\u00e5rdar sin kultur f\u00f6r efterv\u00e4rlden. Stadsmilj\u00f6n i centrum och milj\u00f6n p\u00e5 landsbygden ska bevaras. Vi vill g\u00f6ra v\u00e5r stadsk\u00e4rna mer attraktiv och tillg\u00e4nglig samt L\u00e4s mer","og_url":"https:\/\/wp.kristdemokraterna.se\/arboga\/swisha-var-valfond\/vara-forslag-2022-2025\/","og_site_name":"Kristdemokraterna | Arboga","article_modified_time":"2024-03-12T14:43:44+00:00","twitter_card":"summary_large_image","twitter_misc":{"Ber\u00e4knad l\u00e4stid":"1 minut"},"schema":{"@context":"https:\/\/schema.org","@graph":[{"@type":"WebPage","@id":"https:\/\/wp.kristdemokraterna.se\/arboga\/swisha-var-valfond\/vara-forslag-2022-2025\/","url":"https:\/\/wp.kristdemokraterna.se\/arboga\/swisha-var-valfond\/vara-forslag-2022-2025\/","name":"V\u00e5r politik f\u00f6r ett b\u00e4ttre Arboga - Kristdemokraterna | Arboga","isPartOf":{"@id":"https:\/\/wp.kristdemokraterna.se\/arboga\/#website"},"primaryImageOfPage":{"@id":"https:\/\/wp.kristdemokraterna.se\/arboga\/swisha-var-valfond\/vara-forslag-2022-2025\/#primaryimage"},"image":{"@id":"https:\/\/wp.kristdemokraterna.se\/arboga\/swisha-var-valfond\/vara-forslag-2022-2025\/#primaryimage"},"thumbnailUrl":"","datePublished":"2024-01-18T09:56:47+00:00","dateModified":"2024-03-12T14:43:44+00:00","breadcrumb":{"@id":"https:\/\/wp.kristdemokraterna.se\/arboga\/swisha-var-valfond\/vara-forslag-2022-2025\/#breadcrumb"},"inLanguage":"sv-SE","potentialAction":[{"@type":"ReadAction","target":["https:\/\/wp.kristdemokraterna.se\/arboga\/swisha-var-valfond\/vara-forslag-2022-2025\/"]}]},{"@type":"ImageObject","inLanguage":"sv-SE","@id":"https:\/\/wp.kristdemokraterna.se\/arboga\/swisha-var-valfond\/vara-forslag-2022-2025\/#primaryimage","url":"","contentUrl":""},{"@type":"BreadcrumbList","@id":"https:\/\/wp.kristdemokraterna.se\/arboga\/swisha-var-valfond\/vara-forslag-2022-2025\/#breadcrumb","itemListElement":[{"@type":"ListItem","position":1,"name":"Hem","item":"https:\/\/wp.kristdemokraterna.se\/arboga\/"},{"@type":"ListItem","position":2,"name":"V\u00e5r kommunpolitik","item":"https:\/\/wp.kristdemokraterna.se\/arboga\/swisha-var-valfond\/"},{"@type":"ListItem","position":3,"name":"V\u00e5r politik f\u00f6r ett b\u00e4ttre Arboga"}]},{"@type":"WebSite","@id":"https:\/\/wp.kristdemokraterna.se\/arboga\/#website","url":"https:\/\/wp.kristdemokraterna.se\/arboga\/","name":"Kristdemokraterna | Arboga","description":"En till Kristdemokraterna webbplats","inLanguage":"sv-SE"}]}},"_links":{"self":[{"href":"https:\/\/wp.kristdemokraterna.se\/arboga\/wp-json\/wp\/v2\/pages\/1808","targetHints":{"allow":["GET"]}}],"collection":[{"href":"https:\/\/wp.kristdemokraterna.se\/arboga\/wp-json\/wp\/v2\/pages"}],"about":[{"href":"https:\/\/wp.kristdemokraterna.se\/arboga\/wp-json\/wp\/v2\/types\/page"}],"author":[{"embeddable":true,"href":"https:\/\/wp.kristdemokraterna.se\/arboga\/wp-json\/wp\/v2\/users\/444"}],"replies":[{"embeddable":true,"href":"https:\/\/wp.kristdemokraterna.se\/arboga\/wp-json\/wp\/v2\/comments?post=1808"}],"version-history":[{"count":1,"href":"https:\/\/wp.kristdemokraterna.se\/arboga\/wp-json\/wp\/v2\/pages\/1808\/revisions"}],"predecessor-version":[{"id":2510,"href":"https:\/\/wp.kristdemokraterna.se\/arboga\/wp-json\/wp\/v2\/pages\/1808\/revisions\/2510"}],"up":[{"embeddable":true,"href":"https:\/\/wp.kristdemokraterna.se\/arboga\/wp-json\/wp\/v2\/pages\/391"}],"wp:featuredmedia":[{"embeddable":true,"href":"https:\/\/wp.kristdemokraterna.se\/arboga\/wp-json\/"}],"wp:attachment":[{"href":"https:\/\/wp.kristdemokraterna.se\/arboga\/wp-json\/wp\/v2\/media?parent=1808"}],"curies":[{"name":"wp","href":"https:\/\/api.w.org\/{rel}","templated":true}]}}