{"id":1811,"date":"2024-01-18T10:59:05","date_gmt":"2024-01-18T09:59:05","guid":{"rendered":"https:\/\/wp.kristdemokraterna.se\/koping\/?page_id=1811"},"modified":"2024-03-12T15:44:18","modified_gmt":"2024-03-12T14:44:18","slug":"fria-och-trygga-familjer","status":"publish","type":"page","link":"https:\/\/wp.kristdemokraterna.se\/arboga\/swisha-var-valfond\/fria-och-trygga-familjer\/","title":{"rendered":"Tryggheten p\u00e5 gator och torg"},"content":{"rendered":"<p>Alla Arbogabor ska k\u00e4nna sig trygga och inte bli utsatta f\u00f6r brott, vare sig i<br \/>\nhemmet eller p\u00e5 gator och torg. I samarbete med polis, f\u00f6reningar och n\u00e4ringsliv<br \/>\nvill vi \u00f6ka tryggheten i Arboga.<\/p>\n","protected":false},"excerpt":{"rendered":"<p>Alla Arbogabor ska k\u00e4nna sig trygga och inte bli utsatta f\u00f6r brott, vare sig i hemmet eller p\u00e5 gator och torg. I samarbete med polis, f\u00f6reningar och n\u00e4ringsliv vill vi \u00f6ka tryggheten i Arboga.<\/p>\n","protected":false},"author":444,"featured_media":714,"parent":391,"menu_order":2,"comment_status":"closed","ping_status":"closed","template":"page.php","meta":{"_acf_changed":false,"footnotes":""},"class_list":["post-1811","page","type-page","status-publish","hentry"],"acf":[],"yoast_head":"<!-- This site is optimized with the Yoast SEO plugin v27.4 - https:\/\/yoast.com\/product\/yoast-seo-wordpress\/ -->\n<title>Tryggheten p\u00e5 gator och torg - Kristdemokraterna | Arboga<\/title>\n<meta name=\"robots\" content=\"index, follow, max-snippet:-1, max-image-preview:large, max-video-preview:-1\" \/>\n<link rel=\"canonical\" href=\"https:\/\/wp.kristdemokraterna.se\/arboga\/swisha-var-valfond\/fria-och-trygga-familjer\/\" \/>\n<meta property=\"og:locale\" content=\"sv_SE\" \/>\n<meta property=\"og:type\" content=\"article\" \/>\n<meta property=\"og:title\" content=\"Tryggheten p\u00e5 gator och torg - Kristdemokraterna | Arboga\" \/>\n<meta property=\"og:description\" content=\"Alla Arbogabor ska k\u00e4nna sig trygga och inte bli utsatta f\u00f6r brott, vare sig i hemmet eller p\u00e5 gator och torg. I samarbete med polis, f\u00f6reningar och n\u00e4ringsliv vill vi \u00f6ka tryggheten i Arboga.\" \/>\n<meta property=\"og:url\" content=\"https:\/\/wp.kristdemokraterna.se\/arboga\/swisha-var-valfond\/fria-och-trygga-familjer\/\" \/>\n<meta property=\"og:site_name\" content=\"Kristdemokraterna | Arboga\" \/>\n<meta property=\"article:modified_time\" content=\"2024-03-12T14:44:18+00:00\" \/>\n<meta name=\"twitter:card\" content=\"summary_large_image\" \/>\n<meta name=\"twitter:label1\" content=\"Ber\u00e4knad l\u00e4stid\" \/>\n\t<meta name=\"twitter:data1\" content=\"1 minut\" \/>\n<script type=\"application\/ld+json\" class=\"yoast-schema-graph\">{\"@context\":\"https:\\\/\\\/schema.org\",\"@graph\":[{\"@type\":\"WebPage\",\"@id\":\"https:\\\/\\\/wp.kristdemokraterna.se\\\/arboga\\\/swisha-var-valfond\\\/fria-och-trygga-familjer\\\/\",\"url\":\"https:\\\/\\\/wp.kristdemokraterna.se\\\/arboga\\\/swisha-var-valfond\\\/fria-och-trygga-familjer\\\/\",\"name\":\"Tryggheten p\u00e5 gator och torg - Kristdemokraterna | Arboga\",\"isPartOf\":{\"@id\":\"https:\\\/\\\/wp.kristdemokraterna.se\\\/arboga\\\/#website\"},\"primaryImageOfPage\":{\"@id\":\"https:\\\/\\\/wp.kristdemokraterna.se\\\/arboga\\\/swisha-var-valfond\\\/fria-och-trygga-familjer\\\/#primaryimage\"},\"image\":{\"@id\":\"https:\\\/\\\/wp.kristdemokraterna.se\\\/arboga\\\/swisha-var-valfond\\\/fria-och-trygga-familjer\\\/#primaryimage\"},\"thumbnailUrl\":\"\",\"datePublished\":\"2024-01-18T09:59:05+00:00\",\"dateModified\":\"2024-03-12T14:44:18+00:00\",\"breadcrumb\":{\"@id\":\"https:\\\/\\\/wp.kristdemokraterna.se\\\/arboga\\\/swisha-var-valfond\\\/fria-och-trygga-familjer\\\/#breadcrumb\"},\"inLanguage\":\"sv-SE\",\"potentialAction\":[{\"@type\":\"ReadAction\",\"target\":[\"https:\\\/\\\/wp.kristdemokraterna.se\\\/arboga\\\/swisha-var-valfond\\\/fria-och-trygga-familjer\\\/\"]}]},{\"@type\":\"ImageObject\",\"inLanguage\":\"sv-SE\",\"@id\":\"https:\\\/\\\/wp.kristdemokraterna.se\\\/arboga\\\/swisha-var-valfond\\\/fria-och-trygga-familjer\\\/#primaryimage\",\"url\":\"\",\"contentUrl\":\"\"},{\"@type\":\"BreadcrumbList\",\"@id\":\"https:\\\/\\\/wp.kristdemokraterna.se\\\/arboga\\\/swisha-var-valfond\\\/fria-och-trygga-familjer\\\/#breadcrumb\",\"itemListElement\":[{\"@type\":\"ListItem\",\"position\":1,\"name\":\"Hem\",\"item\":\"https:\\\/\\\/wp.kristdemokraterna.se\\\/arboga\\\/\"},{\"@type\":\"ListItem\",\"position\":2,\"name\":\"V\u00e5r kommunpolitik\",\"item\":\"https:\\\/\\\/wp.kristdemokraterna.se\\\/arboga\\\/swisha-var-valfond\\\/\"},{\"@type\":\"ListItem\",\"position\":3,\"name\":\"Tryggheten p\u00e5 gator och torg\"}]},{\"@type\":\"WebSite\",\"@id\":\"https:\\\/\\\/wp.kristdemokraterna.se\\\/arboga\\\/#website\",\"url\":\"https:\\\/\\\/wp.kristdemokraterna.se\\\/arboga\\\/\",\"name\":\"Kristdemokraterna | Arboga\",\"description\":\"En till Kristdemokraterna webbplats\",\"inLanguage\":\"sv-SE\"}]}<\/script>\n<!-- \/ Yoast SEO plugin. -->","yoast_head_json":{"title":"Tryggheten p\u00e5 gator och torg - Kristdemokraterna | Arboga","robots":{"index":"index","follow":"follow","max-snippet":"max-snippet:-1","max-image-preview":"max-image-preview:large","max-video-preview":"max-video-preview:-1"},"canonical":"https:\/\/wp.kristdemokraterna.se\/arboga\/swisha-var-valfond\/fria-och-trygga-familjer\/","og_locale":"sv_SE","og_type":"article","og_title":"Tryggheten p\u00e5 gator och torg - Kristdemokraterna | Arboga","og_description":"Alla Arbogabor ska k\u00e4nna sig trygga och inte bli utsatta f\u00f6r brott, vare sig i hemmet eller p\u00e5 gator och torg. I samarbete med polis, f\u00f6reningar och n\u00e4ringsliv vill vi \u00f6ka tryggheten i Arboga.","og_url":"https:\/\/wp.kristdemokraterna.se\/arboga\/swisha-var-valfond\/fria-och-trygga-familjer\/","og_site_name":"Kristdemokraterna | Arboga","article_modified_time":"2024-03-12T14:44:18+00:00","twitter_card":"summary_large_image","twitter_misc":{"Ber\u00e4knad l\u00e4stid":"1 minut"},"schema":{"@context":"https:\/\/schema.org","@graph":[{"@type":"WebPage","@id":"https:\/\/wp.kristdemokraterna.se\/arboga\/swisha-var-valfond\/fria-och-trygga-familjer\/","url":"https:\/\/wp.kristdemokraterna.se\/arboga\/swisha-var-valfond\/fria-och-trygga-familjer\/","name":"Tryggheten p\u00e5 gator och torg - Kristdemokraterna | Arboga","isPartOf":{"@id":"https:\/\/wp.kristdemokraterna.se\/arboga\/#website"},"primaryImageOfPage":{"@id":"https:\/\/wp.kristdemokraterna.se\/arboga\/swisha-var-valfond\/fria-och-trygga-familjer\/#primaryimage"},"image":{"@id":"https:\/\/wp.kristdemokraterna.se\/arboga\/swisha-var-valfond\/fria-och-trygga-familjer\/#primaryimage"},"thumbnailUrl":"","datePublished":"2024-01-18T09:59:05+00:00","dateModified":"2024-03-12T14:44:18+00:00","breadcrumb":{"@id":"https:\/\/wp.kristdemokraterna.se\/arboga\/swisha-var-valfond\/fria-och-trygga-familjer\/#breadcrumb"},"inLanguage":"sv-SE","potentialAction":[{"@type":"ReadAction","target":["https:\/\/wp.kristdemokraterna.se\/arboga\/swisha-var-valfond\/fria-och-trygga-familjer\/"]}]},{"@type":"ImageObject","inLanguage":"sv-SE","@id":"https:\/\/wp.kristdemokraterna.se\/arboga\/swisha-var-valfond\/fria-och-trygga-familjer\/#primaryimage","url":"","contentUrl":""},{"@type":"BreadcrumbList","@id":"https:\/\/wp.kristdemokraterna.se\/arboga\/swisha-var-valfond\/fria-och-trygga-familjer\/#breadcrumb","itemListElement":[{"@type":"ListItem","position":1,"name":"Hem","item":"https:\/\/wp.kristdemokraterna.se\/arboga\/"},{"@type":"ListItem","position":2,"name":"V\u00e5r kommunpolitik","item":"https:\/\/wp.kristdemokraterna.se\/arboga\/swisha-var-valfond\/"},{"@type":"ListItem","position":3,"name":"Tryggheten p\u00e5 gator och torg"}]},{"@type":"WebSite","@id":"https:\/\/wp.kristdemokraterna.se\/arboga\/#website","url":"https:\/\/wp.kristdemokraterna.se\/arboga\/","name":"Kristdemokraterna | Arboga","description":"En till Kristdemokraterna webbplats","inLanguage":"sv-SE"}]}},"_links":{"self":[{"href":"https:\/\/wp.kristdemokraterna.se\/arboga\/wp-json\/wp\/v2\/pages\/1811","targetHints":{"allow":["GET"]}}],"collection":[{"href":"https:\/\/wp.kristdemokraterna.se\/arboga\/wp-json\/wp\/v2\/pages"}],"about":[{"href":"https:\/\/wp.kristdemokraterna.se\/arboga\/wp-json\/wp\/v2\/types\/page"}],"author":[{"embeddable":true,"href":"https:\/\/wp.kristdemokraterna.se\/arboga\/wp-json\/wp\/v2\/users\/444"}],"replies":[{"embeddable":true,"href":"https:\/\/wp.kristdemokraterna.se\/arboga\/wp-json\/wp\/v2\/comments?post=1811"}],"version-history":[{"count":1,"href":"https:\/\/wp.kristdemokraterna.se\/arboga\/wp-json\/wp\/v2\/pages\/1811\/revisions"}],"predecessor-version":[{"id":2512,"href":"https:\/\/wp.kristdemokraterna.se\/arboga\/wp-json\/wp\/v2\/pages\/1811\/revisions\/2512"}],"up":[{"embeddable":true,"href":"https:\/\/wp.kristdemokraterna.se\/arboga\/wp-json\/wp\/v2\/pages\/391"}],"wp:featuredmedia":[{"embeddable":true,"href":"https:\/\/wp.kristdemokraterna.se\/arboga\/wp-json\/"}],"wp:attachment":[{"href":"https:\/\/wp.kristdemokraterna.se\/arboga\/wp-json\/wp\/v2\/media?parent=1811"}],"curies":[{"name":"wp","href":"https:\/\/api.w.org\/{rel}","templated":true}]}}