{"id":1816,"date":"2024-01-18T11:02:58","date_gmt":"2024-01-18T10:02:58","guid":{"rendered":"https:\/\/wp.kristdemokraterna.se\/koping\/?page_id=1816"},"modified":"2024-03-12T15:45:51","modified_gmt":"2024-03-12T14:45:51","slug":"jobb-naringsliv-och-bostader","status":"publish","type":"page","link":"https:\/\/wp.kristdemokraterna.se\/arboga\/swisha-var-valfond\/jobb-naringsliv-och-bostader\/","title":{"rendered":"Kunskapsfokus i skolan"},"content":{"rendered":"<p>V\u00e5r skola ska pr\u00e4glas av kunskap, arbetsro och trygghet. Hur det g\u00e5r i skolan har<br \/>\nstor betydelse f\u00f6r unga m\u00e4nniskors m\u00f6jlighet att etablera sig p\u00e5<br \/>\narbetsmarknaden, f\u00f6r att bygga ett sj\u00e4lvst\u00e4ndigt liv.<br \/>\nViktiga fr\u00e5gor f\u00f6r l\u00e4rarna \u00e4r m\u00f6jlighet till kompetensutveckling, en bra<br \/>\narbetsmilj\u00f6 och l\u00f6neutveckling. Gott ledarskap \u00e4r en viktig f\u00f6ruts\u00e4ttning f\u00f6r att<br \/>\nl\u00e4rarna ska kunna g\u00f6ra ett bra arbete.<\/p>\n","protected":false},"excerpt":{"rendered":"<p>V\u00e5r skola ska pr\u00e4glas av kunskap, arbetsro och trygghet. Hur det g\u00e5r i skolan har stor betydelse f\u00f6r unga m\u00e4nniskors m\u00f6jlighet att etablera sig p\u00e5 arbetsmarknaden, f\u00f6r att bygga ett sj\u00e4lvst\u00e4ndigt liv. Viktiga fr\u00e5gor f\u00f6r l\u00e4rarna \u00e4r m\u00f6jlighet till kompetensutveckling, en bra arbetsmilj\u00f6 och l\u00f6neutveckling. Gott ledarskap \u00e4r en viktig f\u00f6ruts\u00e4ttning f\u00f6r att l\u00e4rarna ska <a class=\"read-more-link\" href=\"https:\/\/wp.kristdemokraterna.se\/arboga\/swisha-var-valfond\/jobb-naringsliv-och-bostader\/\">L\u00e4s mer<\/a><\/p>\n","protected":false},"author":444,"featured_media":714,"parent":391,"menu_order":4,"comment_status":"closed","ping_status":"closed","template":"page.php","meta":{"_acf_changed":false,"footnotes":""},"class_list":["post-1816","page","type-page","status-publish","hentry"],"acf":[],"yoast_head":"<!-- This site is optimized with the Yoast SEO plugin v27.3 - https:\/\/yoast.com\/product\/yoast-seo-wordpress\/ -->\n<title>Kunskapsfokus i skolan - Kristdemokraterna | Arboga<\/title>\n<meta name=\"robots\" content=\"index, follow, max-snippet:-1, max-image-preview:large, max-video-preview:-1\" \/>\n<link rel=\"canonical\" href=\"https:\/\/wp.kristdemokraterna.se\/arboga\/swisha-var-valfond\/jobb-naringsliv-och-bostader\/\" \/>\n<meta property=\"og:locale\" content=\"sv_SE\" \/>\n<meta property=\"og:type\" content=\"article\" \/>\n<meta property=\"og:title\" content=\"Kunskapsfokus i skolan - Kristdemokraterna | Arboga\" \/>\n<meta property=\"og:description\" content=\"V\u00e5r skola ska pr\u00e4glas av kunskap, arbetsro och trygghet. Hur det g\u00e5r i skolan har stor betydelse f\u00f6r unga m\u00e4nniskors m\u00f6jlighet att etablera sig p\u00e5 arbetsmarknaden, f\u00f6r att bygga ett sj\u00e4lvst\u00e4ndigt liv. Viktiga fr\u00e5gor f\u00f6r l\u00e4rarna \u00e4r m\u00f6jlighet till kompetensutveckling, en bra arbetsmilj\u00f6 och l\u00f6neutveckling. Gott ledarskap \u00e4r en viktig f\u00f6ruts\u00e4ttning f\u00f6r att l\u00e4rarna ska L\u00e4s mer\" \/>\n<meta property=\"og:url\" content=\"https:\/\/wp.kristdemokraterna.se\/arboga\/swisha-var-valfond\/jobb-naringsliv-och-bostader\/\" \/>\n<meta property=\"og:site_name\" content=\"Kristdemokraterna | Arboga\" \/>\n<meta property=\"article:modified_time\" content=\"2024-03-12T14:45:51+00:00\" \/>\n<meta name=\"twitter:card\" content=\"summary_large_image\" \/>\n<meta name=\"twitter:label1\" content=\"Ber\u00e4knad l\u00e4stid\" \/>\n\t<meta name=\"twitter:data1\" content=\"1 minut\" \/>\n<script type=\"application\/ld+json\" class=\"yoast-schema-graph\">{\"@context\":\"https:\\\/\\\/schema.org\",\"@graph\":[{\"@type\":\"WebPage\",\"@id\":\"https:\\\/\\\/wp.kristdemokraterna.se\\\/arboga\\\/swisha-var-valfond\\\/jobb-naringsliv-och-bostader\\\/\",\"url\":\"https:\\\/\\\/wp.kristdemokraterna.se\\\/arboga\\\/swisha-var-valfond\\\/jobb-naringsliv-och-bostader\\\/\",\"name\":\"Kunskapsfokus i skolan - Kristdemokraterna | Arboga\",\"isPartOf\":{\"@id\":\"https:\\\/\\\/wp.kristdemokraterna.se\\\/arboga\\\/#website\"},\"primaryImageOfPage\":{\"@id\":\"https:\\\/\\\/wp.kristdemokraterna.se\\\/arboga\\\/swisha-var-valfond\\\/jobb-naringsliv-och-bostader\\\/#primaryimage\"},\"image\":{\"@id\":\"https:\\\/\\\/wp.kristdemokraterna.se\\\/arboga\\\/swisha-var-valfond\\\/jobb-naringsliv-och-bostader\\\/#primaryimage\"},\"thumbnailUrl\":\"\",\"datePublished\":\"2024-01-18T10:02:58+00:00\",\"dateModified\":\"2024-03-12T14:45:51+00:00\",\"breadcrumb\":{\"@id\":\"https:\\\/\\\/wp.kristdemokraterna.se\\\/arboga\\\/swisha-var-valfond\\\/jobb-naringsliv-och-bostader\\\/#breadcrumb\"},\"inLanguage\":\"sv-SE\",\"potentialAction\":[{\"@type\":\"ReadAction\",\"target\":[\"https:\\\/\\\/wp.kristdemokraterna.se\\\/arboga\\\/swisha-var-valfond\\\/jobb-naringsliv-och-bostader\\\/\"]}]},{\"@type\":\"ImageObject\",\"inLanguage\":\"sv-SE\",\"@id\":\"https:\\\/\\\/wp.kristdemokraterna.se\\\/arboga\\\/swisha-var-valfond\\\/jobb-naringsliv-och-bostader\\\/#primaryimage\",\"url\":\"\",\"contentUrl\":\"\"},{\"@type\":\"BreadcrumbList\",\"@id\":\"https:\\\/\\\/wp.kristdemokraterna.se\\\/arboga\\\/swisha-var-valfond\\\/jobb-naringsliv-och-bostader\\\/#breadcrumb\",\"itemListElement\":[{\"@type\":\"ListItem\",\"position\":1,\"name\":\"Hem\",\"item\":\"https:\\\/\\\/wp.kristdemokraterna.se\\\/arboga\\\/\"},{\"@type\":\"ListItem\",\"position\":2,\"name\":\"V\u00e5r kommunpolitik\",\"item\":\"https:\\\/\\\/wp.kristdemokraterna.se\\\/arboga\\\/swisha-var-valfond\\\/\"},{\"@type\":\"ListItem\",\"position\":3,\"name\":\"Kunskapsfokus i skolan\"}]},{\"@type\":\"WebSite\",\"@id\":\"https:\\\/\\\/wp.kristdemokraterna.se\\\/arboga\\\/#website\",\"url\":\"https:\\\/\\\/wp.kristdemokraterna.se\\\/arboga\\\/\",\"name\":\"Kristdemokraterna | Arboga\",\"description\":\"En till Kristdemokraterna webbplats\",\"inLanguage\":\"sv-SE\"}]}<\/script>\n<!-- \/ Yoast SEO plugin. -->","yoast_head_json":{"title":"Kunskapsfokus i skolan - Kristdemokraterna | Arboga","robots":{"index":"index","follow":"follow","max-snippet":"max-snippet:-1","max-image-preview":"max-image-preview:large","max-video-preview":"max-video-preview:-1"},"canonical":"https:\/\/wp.kristdemokraterna.se\/arboga\/swisha-var-valfond\/jobb-naringsliv-och-bostader\/","og_locale":"sv_SE","og_type":"article","og_title":"Kunskapsfokus i skolan - Kristdemokraterna | Arboga","og_description":"V\u00e5r skola ska pr\u00e4glas av kunskap, arbetsro och trygghet. Hur det g\u00e5r i skolan har stor betydelse f\u00f6r unga m\u00e4nniskors m\u00f6jlighet att etablera sig p\u00e5 arbetsmarknaden, f\u00f6r att bygga ett sj\u00e4lvst\u00e4ndigt liv. Viktiga fr\u00e5gor f\u00f6r l\u00e4rarna \u00e4r m\u00f6jlighet till kompetensutveckling, en bra arbetsmilj\u00f6 och l\u00f6neutveckling. Gott ledarskap \u00e4r en viktig f\u00f6ruts\u00e4ttning f\u00f6r att l\u00e4rarna ska L\u00e4s mer","og_url":"https:\/\/wp.kristdemokraterna.se\/arboga\/swisha-var-valfond\/jobb-naringsliv-och-bostader\/","og_site_name":"Kristdemokraterna | Arboga","article_modified_time":"2024-03-12T14:45:51+00:00","twitter_card":"summary_large_image","twitter_misc":{"Ber\u00e4knad l\u00e4stid":"1 minut"},"schema":{"@context":"https:\/\/schema.org","@graph":[{"@type":"WebPage","@id":"https:\/\/wp.kristdemokraterna.se\/arboga\/swisha-var-valfond\/jobb-naringsliv-och-bostader\/","url":"https:\/\/wp.kristdemokraterna.se\/arboga\/swisha-var-valfond\/jobb-naringsliv-och-bostader\/","name":"Kunskapsfokus i skolan - Kristdemokraterna | Arboga","isPartOf":{"@id":"https:\/\/wp.kristdemokraterna.se\/arboga\/#website"},"primaryImageOfPage":{"@id":"https:\/\/wp.kristdemokraterna.se\/arboga\/swisha-var-valfond\/jobb-naringsliv-och-bostader\/#primaryimage"},"image":{"@id":"https:\/\/wp.kristdemokraterna.se\/arboga\/swisha-var-valfond\/jobb-naringsliv-och-bostader\/#primaryimage"},"thumbnailUrl":"","datePublished":"2024-01-18T10:02:58+00:00","dateModified":"2024-03-12T14:45:51+00:00","breadcrumb":{"@id":"https:\/\/wp.kristdemokraterna.se\/arboga\/swisha-var-valfond\/jobb-naringsliv-och-bostader\/#breadcrumb"},"inLanguage":"sv-SE","potentialAction":[{"@type":"ReadAction","target":["https:\/\/wp.kristdemokraterna.se\/arboga\/swisha-var-valfond\/jobb-naringsliv-och-bostader\/"]}]},{"@type":"ImageObject","inLanguage":"sv-SE","@id":"https:\/\/wp.kristdemokraterna.se\/arboga\/swisha-var-valfond\/jobb-naringsliv-och-bostader\/#primaryimage","url":"","contentUrl":""},{"@type":"BreadcrumbList","@id":"https:\/\/wp.kristdemokraterna.se\/arboga\/swisha-var-valfond\/jobb-naringsliv-och-bostader\/#breadcrumb","itemListElement":[{"@type":"ListItem","position":1,"name":"Hem","item":"https:\/\/wp.kristdemokraterna.se\/arboga\/"},{"@type":"ListItem","position":2,"name":"V\u00e5r kommunpolitik","item":"https:\/\/wp.kristdemokraterna.se\/arboga\/swisha-var-valfond\/"},{"@type":"ListItem","position":3,"name":"Kunskapsfokus i skolan"}]},{"@type":"WebSite","@id":"https:\/\/wp.kristdemokraterna.se\/arboga\/#website","url":"https:\/\/wp.kristdemokraterna.se\/arboga\/","name":"Kristdemokraterna | Arboga","description":"En till Kristdemokraterna webbplats","inLanguage":"sv-SE"}]}},"_links":{"self":[{"href":"https:\/\/wp.kristdemokraterna.se\/arboga\/wp-json\/wp\/v2\/pages\/1816","targetHints":{"allow":["GET"]}}],"collection":[{"href":"https:\/\/wp.kristdemokraterna.se\/arboga\/wp-json\/wp\/v2\/pages"}],"about":[{"href":"https:\/\/wp.kristdemokraterna.se\/arboga\/wp-json\/wp\/v2\/types\/page"}],"author":[{"embeddable":true,"href":"https:\/\/wp.kristdemokraterna.se\/arboga\/wp-json\/wp\/v2\/users\/444"}],"replies":[{"embeddable":true,"href":"https:\/\/wp.kristdemokraterna.se\/arboga\/wp-json\/wp\/v2\/comments?post=1816"}],"version-history":[{"count":1,"href":"https:\/\/wp.kristdemokraterna.se\/arboga\/wp-json\/wp\/v2\/pages\/1816\/revisions"}],"predecessor-version":[{"id":2515,"href":"https:\/\/wp.kristdemokraterna.se\/arboga\/wp-json\/wp\/v2\/pages\/1816\/revisions\/2515"}],"up":[{"embeddable":true,"href":"https:\/\/wp.kristdemokraterna.se\/arboga\/wp-json\/wp\/v2\/pages\/391"}],"wp:featuredmedia":[{"embeddable":true,"href":"https:\/\/wp.kristdemokraterna.se\/arboga\/wp-json\/"}],"wp:attachment":[{"href":"https:\/\/wp.kristdemokraterna.se\/arboga\/wp-json\/wp\/v2\/media?parent=1816"}],"curies":[{"name":"wp","href":"https:\/\/api.w.org\/{rel}","templated":true}]}}