{"id":1820,"date":"2024-01-18T11:04:40","date_gmt":"2024-01-18T10:04:40","guid":{"rendered":"https:\/\/wp.kristdemokraterna.se\/koping\/?page_id=1820"},"modified":"2024-03-12T15:46:25","modified_gmt":"2024-03-12T14:46:25","slug":"trygghet-och-sakerhet","status":"publish","type":"page","link":"https:\/\/wp.kristdemokraterna.se\/arboga\/swisha-var-valfond\/trygghet-och-sakerhet\/","title":{"rendered":"Omsorg n\u00e4r den egna kraften inte r\u00e4cker till"},"content":{"rendered":"<p>Vi ska forts\u00e4tta att st\u00e4rka inflytandet f\u00f6r alla \u00e4ldre och personer med<br \/>\nfunktionsneds\u00e4ttning. Vi vill inf\u00f6ra ett boendeval som ger r\u00e4tt att v\u00e4lja vilket<br \/>\nboende man ska flytta till. F\u00f6r oss \u00e4r det en sj\u00e4lvklarhet att det \u00e4r boendet som<br \/>\nska anpassas efter den \u00e4ldre eller personen med funktionsneds\u00e4ttning. Det ska<br \/>\nalltid finnas en parboendegaranti.<\/p>\n<p>Samh\u00e4llets skyddsn\u00e4t ska ge trygghet och st\u00f6d till m\u00e4nniskor som av olika<br \/>\nanledningar har hamnat i en situation de inte klarar av utan hj\u00e4lp. V\u00e5r politik<br \/>\nsyftar till att ge den hj\u00e4lpen och samtidigt skapa trygghetssystem som<br \/>\nuppmuntrar och st\u00f6ttar m\u00e4nniskor att, utifr\u00e5n sina egna f\u00f6ruts\u00e4ttningar, kunna<br \/>\nklara sig sj\u00e4lva och \u00e5terg\u00e5 i arbete. M\u00e5let \u00e4r livskvalitet f\u00f6r alla.<br \/>\nVi ska ge f\u00f6ruts\u00e4ttningar f\u00f6r en god arbetsmilj\u00f6 f\u00f6r v\u00e5ra anst\u00e4llda inom v\u00e5rden.<br \/>\nArbetet med att st\u00e4rka kompetensutvecklingen f\u00f6r medarbetare \u00e4r viktig f\u00f6r att<br \/>\nst\u00e4rka kompetensf\u00f6rs\u00f6rjningen och \u00f6ka kvalit\u00e9n inom v\u00e5rden.<\/p>\n","protected":false},"excerpt":{"rendered":"<p>Vi ska forts\u00e4tta att st\u00e4rka inflytandet f\u00f6r alla \u00e4ldre och personer med funktionsneds\u00e4ttning. Vi vill inf\u00f6ra ett boendeval som ger r\u00e4tt att v\u00e4lja vilket boende man ska flytta till. F\u00f6r oss \u00e4r det en sj\u00e4lvklarhet att det \u00e4r boendet som ska anpassas efter den \u00e4ldre eller personen med funktionsneds\u00e4ttning. Det ska alltid finnas en parboendegaranti. <a class=\"read-more-link\" href=\"https:\/\/wp.kristdemokraterna.se\/arboga\/swisha-var-valfond\/trygghet-och-sakerhet\/\">L\u00e4s mer<\/a><\/p>\n","protected":false},"author":444,"featured_media":714,"parent":391,"menu_order":5,"comment_status":"closed","ping_status":"closed","template":"page.php","meta":{"_acf_changed":false,"footnotes":""},"class_list":["post-1820","page","type-page","status-publish","hentry"],"acf":[],"yoast_head":"<!-- This site is optimized with the Yoast SEO plugin v27.4 - https:\/\/yoast.com\/product\/yoast-seo-wordpress\/ -->\n<title>Omsorg n\u00e4r den egna kraften inte r\u00e4cker till - Kristdemokraterna | Arboga<\/title>\n<meta name=\"robots\" content=\"index, follow, max-snippet:-1, max-image-preview:large, max-video-preview:-1\" \/>\n<link rel=\"canonical\" href=\"https:\/\/wp.kristdemokraterna.se\/arboga\/swisha-var-valfond\/trygghet-och-sakerhet\/\" \/>\n<meta property=\"og:locale\" content=\"sv_SE\" \/>\n<meta property=\"og:type\" content=\"article\" \/>\n<meta property=\"og:title\" content=\"Omsorg n\u00e4r den egna kraften inte r\u00e4cker till - Kristdemokraterna | Arboga\" \/>\n<meta property=\"og:description\" content=\"Vi ska forts\u00e4tta att st\u00e4rka inflytandet f\u00f6r alla \u00e4ldre och personer med funktionsneds\u00e4ttning. Vi vill inf\u00f6ra ett boendeval som ger r\u00e4tt att v\u00e4lja vilket boende man ska flytta till. F\u00f6r oss \u00e4r det en sj\u00e4lvklarhet att det \u00e4r boendet som ska anpassas efter den \u00e4ldre eller personen med funktionsneds\u00e4ttning. Det ska alltid finnas en parboendegaranti. L\u00e4s mer\" \/>\n<meta property=\"og:url\" content=\"https:\/\/wp.kristdemokraterna.se\/arboga\/swisha-var-valfond\/trygghet-och-sakerhet\/\" \/>\n<meta property=\"og:site_name\" content=\"Kristdemokraterna | Arboga\" \/>\n<meta property=\"article:modified_time\" content=\"2024-03-12T14:46:25+00:00\" \/>\n<meta name=\"twitter:card\" content=\"summary_large_image\" \/>\n<meta name=\"twitter:label1\" content=\"Ber\u00e4knad l\u00e4stid\" \/>\n\t<meta name=\"twitter:data1\" content=\"1 minut\" \/>\n<script type=\"application\/ld+json\" class=\"yoast-schema-graph\">{\"@context\":\"https:\\\/\\\/schema.org\",\"@graph\":[{\"@type\":\"WebPage\",\"@id\":\"https:\\\/\\\/wp.kristdemokraterna.se\\\/arboga\\\/swisha-var-valfond\\\/trygghet-och-sakerhet\\\/\",\"url\":\"https:\\\/\\\/wp.kristdemokraterna.se\\\/arboga\\\/swisha-var-valfond\\\/trygghet-och-sakerhet\\\/\",\"name\":\"Omsorg n\u00e4r den egna kraften inte r\u00e4cker till - Kristdemokraterna | Arboga\",\"isPartOf\":{\"@id\":\"https:\\\/\\\/wp.kristdemokraterna.se\\\/arboga\\\/#website\"},\"primaryImageOfPage\":{\"@id\":\"https:\\\/\\\/wp.kristdemokraterna.se\\\/arboga\\\/swisha-var-valfond\\\/trygghet-och-sakerhet\\\/#primaryimage\"},\"image\":{\"@id\":\"https:\\\/\\\/wp.kristdemokraterna.se\\\/arboga\\\/swisha-var-valfond\\\/trygghet-och-sakerhet\\\/#primaryimage\"},\"thumbnailUrl\":\"\",\"datePublished\":\"2024-01-18T10:04:40+00:00\",\"dateModified\":\"2024-03-12T14:46:25+00:00\",\"breadcrumb\":{\"@id\":\"https:\\\/\\\/wp.kristdemokraterna.se\\\/arboga\\\/swisha-var-valfond\\\/trygghet-och-sakerhet\\\/#breadcrumb\"},\"inLanguage\":\"sv-SE\",\"potentialAction\":[{\"@type\":\"ReadAction\",\"target\":[\"https:\\\/\\\/wp.kristdemokraterna.se\\\/arboga\\\/swisha-var-valfond\\\/trygghet-och-sakerhet\\\/\"]}]},{\"@type\":\"ImageObject\",\"inLanguage\":\"sv-SE\",\"@id\":\"https:\\\/\\\/wp.kristdemokraterna.se\\\/arboga\\\/swisha-var-valfond\\\/trygghet-och-sakerhet\\\/#primaryimage\",\"url\":\"\",\"contentUrl\":\"\"},{\"@type\":\"BreadcrumbList\",\"@id\":\"https:\\\/\\\/wp.kristdemokraterna.se\\\/arboga\\\/swisha-var-valfond\\\/trygghet-och-sakerhet\\\/#breadcrumb\",\"itemListElement\":[{\"@type\":\"ListItem\",\"position\":1,\"name\":\"Hem\",\"item\":\"https:\\\/\\\/wp.kristdemokraterna.se\\\/arboga\\\/\"},{\"@type\":\"ListItem\",\"position\":2,\"name\":\"V\u00e5r kommunpolitik\",\"item\":\"https:\\\/\\\/wp.kristdemokraterna.se\\\/arboga\\\/swisha-var-valfond\\\/\"},{\"@type\":\"ListItem\",\"position\":3,\"name\":\"Omsorg n\u00e4r den egna kraften inte r\u00e4cker till\"}]},{\"@type\":\"WebSite\",\"@id\":\"https:\\\/\\\/wp.kristdemokraterna.se\\\/arboga\\\/#website\",\"url\":\"https:\\\/\\\/wp.kristdemokraterna.se\\\/arboga\\\/\",\"name\":\"Kristdemokraterna | Arboga\",\"description\":\"En till Kristdemokraterna webbplats\",\"inLanguage\":\"sv-SE\"}]}<\/script>\n<!-- \/ Yoast SEO plugin. -->","yoast_head_json":{"title":"Omsorg n\u00e4r den egna kraften inte r\u00e4cker till - Kristdemokraterna | Arboga","robots":{"index":"index","follow":"follow","max-snippet":"max-snippet:-1","max-image-preview":"max-image-preview:large","max-video-preview":"max-video-preview:-1"},"canonical":"https:\/\/wp.kristdemokraterna.se\/arboga\/swisha-var-valfond\/trygghet-och-sakerhet\/","og_locale":"sv_SE","og_type":"article","og_title":"Omsorg n\u00e4r den egna kraften inte r\u00e4cker till - Kristdemokraterna | Arboga","og_description":"Vi ska forts\u00e4tta att st\u00e4rka inflytandet f\u00f6r alla \u00e4ldre och personer med funktionsneds\u00e4ttning. Vi vill inf\u00f6ra ett boendeval som ger r\u00e4tt att v\u00e4lja vilket boende man ska flytta till. F\u00f6r oss \u00e4r det en sj\u00e4lvklarhet att det \u00e4r boendet som ska anpassas efter den \u00e4ldre eller personen med funktionsneds\u00e4ttning. Det ska alltid finnas en parboendegaranti. L\u00e4s mer","og_url":"https:\/\/wp.kristdemokraterna.se\/arboga\/swisha-var-valfond\/trygghet-och-sakerhet\/","og_site_name":"Kristdemokraterna | Arboga","article_modified_time":"2024-03-12T14:46:25+00:00","twitter_card":"summary_large_image","twitter_misc":{"Ber\u00e4knad l\u00e4stid":"1 minut"},"schema":{"@context":"https:\/\/schema.org","@graph":[{"@type":"WebPage","@id":"https:\/\/wp.kristdemokraterna.se\/arboga\/swisha-var-valfond\/trygghet-och-sakerhet\/","url":"https:\/\/wp.kristdemokraterna.se\/arboga\/swisha-var-valfond\/trygghet-och-sakerhet\/","name":"Omsorg n\u00e4r den egna kraften inte r\u00e4cker till - Kristdemokraterna | Arboga","isPartOf":{"@id":"https:\/\/wp.kristdemokraterna.se\/arboga\/#website"},"primaryImageOfPage":{"@id":"https:\/\/wp.kristdemokraterna.se\/arboga\/swisha-var-valfond\/trygghet-och-sakerhet\/#primaryimage"},"image":{"@id":"https:\/\/wp.kristdemokraterna.se\/arboga\/swisha-var-valfond\/trygghet-och-sakerhet\/#primaryimage"},"thumbnailUrl":"","datePublished":"2024-01-18T10:04:40+00:00","dateModified":"2024-03-12T14:46:25+00:00","breadcrumb":{"@id":"https:\/\/wp.kristdemokraterna.se\/arboga\/swisha-var-valfond\/trygghet-och-sakerhet\/#breadcrumb"},"inLanguage":"sv-SE","potentialAction":[{"@type":"ReadAction","target":["https:\/\/wp.kristdemokraterna.se\/arboga\/swisha-var-valfond\/trygghet-och-sakerhet\/"]}]},{"@type":"ImageObject","inLanguage":"sv-SE","@id":"https:\/\/wp.kristdemokraterna.se\/arboga\/swisha-var-valfond\/trygghet-och-sakerhet\/#primaryimage","url":"","contentUrl":""},{"@type":"BreadcrumbList","@id":"https:\/\/wp.kristdemokraterna.se\/arboga\/swisha-var-valfond\/trygghet-och-sakerhet\/#breadcrumb","itemListElement":[{"@type":"ListItem","position":1,"name":"Hem","item":"https:\/\/wp.kristdemokraterna.se\/arboga\/"},{"@type":"ListItem","position":2,"name":"V\u00e5r kommunpolitik","item":"https:\/\/wp.kristdemokraterna.se\/arboga\/swisha-var-valfond\/"},{"@type":"ListItem","position":3,"name":"Omsorg n\u00e4r den egna kraften inte r\u00e4cker till"}]},{"@type":"WebSite","@id":"https:\/\/wp.kristdemokraterna.se\/arboga\/#website","url":"https:\/\/wp.kristdemokraterna.se\/arboga\/","name":"Kristdemokraterna | Arboga","description":"En till Kristdemokraterna webbplats","inLanguage":"sv-SE"}]}},"_links":{"self":[{"href":"https:\/\/wp.kristdemokraterna.se\/arboga\/wp-json\/wp\/v2\/pages\/1820","targetHints":{"allow":["GET"]}}],"collection":[{"href":"https:\/\/wp.kristdemokraterna.se\/arboga\/wp-json\/wp\/v2\/pages"}],"about":[{"href":"https:\/\/wp.kristdemokraterna.se\/arboga\/wp-json\/wp\/v2\/types\/page"}],"author":[{"embeddable":true,"href":"https:\/\/wp.kristdemokraterna.se\/arboga\/wp-json\/wp\/v2\/users\/444"}],"replies":[{"embeddable":true,"href":"https:\/\/wp.kristdemokraterna.se\/arboga\/wp-json\/wp\/v2\/comments?post=1820"}],"version-history":[{"count":1,"href":"https:\/\/wp.kristdemokraterna.se\/arboga\/wp-json\/wp\/v2\/pages\/1820\/revisions"}],"predecessor-version":[{"id":2518,"href":"https:\/\/wp.kristdemokraterna.se\/arboga\/wp-json\/wp\/v2\/pages\/1820\/revisions\/2518"}],"up":[{"embeddable":true,"href":"https:\/\/wp.kristdemokraterna.se\/arboga\/wp-json\/wp\/v2\/pages\/391"}],"wp:featuredmedia":[{"embeddable":true,"href":"https:\/\/wp.kristdemokraterna.se\/arboga\/wp-json\/"}],"wp:attachment":[{"href":"https:\/\/wp.kristdemokraterna.se\/arboga\/wp-json\/wp\/v2\/media?parent=1820"}],"curies":[{"name":"wp","href":"https:\/\/api.w.org\/{rel}","templated":true}]}}