{"id":1822,"date":"2024-01-18T11:05:39","date_gmt":"2024-01-18T10:05:39","guid":{"rendered":"https:\/\/wp.kristdemokraterna.se\/koping\/?page_id=1822"},"modified":"2024-03-12T15:47:01","modified_gmt":"2024-03-12T14:47:01","slug":"barnomsorg","status":"publish","type":"page","link":"https:\/\/wp.kristdemokraterna.se\/arboga\/swisha-var-valfond\/barnomsorg\/","title":{"rendered":"Fritids- och kulturliv"},"content":{"rendered":"<p>Ett rikt fritids- och kulturliv \u00e4r viktigt f\u00f6r b\u00e5de barn, unga och \u00e4ldre. Investeringar<br \/>\np\u00e5 fritids- och kulturomr\u00e5det bidrar till en mer attraktiv kommun f\u00f6r boende,<br \/>\nn\u00e4ringsliv och bes\u00f6ksn\u00e4ring och viktiga faktorer f\u00f6r en god livsmilj\u00f6.<\/p>\n","protected":false},"excerpt":{"rendered":"<p>Ett rikt fritids- och kulturliv \u00e4r viktigt f\u00f6r b\u00e5de barn, unga och \u00e4ldre. Investeringar p\u00e5 fritids- och kulturomr\u00e5det bidrar till en mer attraktiv kommun f\u00f6r boende, n\u00e4ringsliv och bes\u00f6ksn\u00e4ring och viktiga faktorer f\u00f6r en god livsmilj\u00f6.<\/p>\n","protected":false},"author":444,"featured_media":714,"parent":391,"menu_order":6,"comment_status":"closed","ping_status":"closed","template":"page.php","meta":{"_acf_changed":false,"footnotes":""},"class_list":["post-1822","page","type-page","status-publish","hentry"],"acf":[],"yoast_head":"<!-- This site is optimized with the Yoast SEO plugin v27.4 - https:\/\/yoast.com\/product\/yoast-seo-wordpress\/ -->\n<title>Fritids- och kulturliv - Kristdemokraterna | Arboga<\/title>\n<meta name=\"robots\" content=\"index, follow, max-snippet:-1, max-image-preview:large, max-video-preview:-1\" \/>\n<link rel=\"canonical\" href=\"https:\/\/wp.kristdemokraterna.se\/arboga\/swisha-var-valfond\/barnomsorg\/\" \/>\n<meta property=\"og:locale\" content=\"sv_SE\" \/>\n<meta property=\"og:type\" content=\"article\" \/>\n<meta property=\"og:title\" content=\"Fritids- och kulturliv - Kristdemokraterna | Arboga\" \/>\n<meta property=\"og:description\" content=\"Ett rikt fritids- och kulturliv \u00e4r viktigt f\u00f6r b\u00e5de barn, unga och \u00e4ldre. Investeringar p\u00e5 fritids- och kulturomr\u00e5det bidrar till en mer attraktiv kommun f\u00f6r boende, n\u00e4ringsliv och bes\u00f6ksn\u00e4ring och viktiga faktorer f\u00f6r en god livsmilj\u00f6.\" \/>\n<meta property=\"og:url\" content=\"https:\/\/wp.kristdemokraterna.se\/arboga\/swisha-var-valfond\/barnomsorg\/\" \/>\n<meta property=\"og:site_name\" content=\"Kristdemokraterna | Arboga\" \/>\n<meta property=\"article:modified_time\" content=\"2024-03-12T14:47:01+00:00\" \/>\n<meta name=\"twitter:card\" content=\"summary_large_image\" \/>\n<meta name=\"twitter:label1\" content=\"Ber\u00e4knad l\u00e4stid\" \/>\n\t<meta name=\"twitter:data1\" content=\"1 minut\" \/>\n<script type=\"application\/ld+json\" class=\"yoast-schema-graph\">{\"@context\":\"https:\\\/\\\/schema.org\",\"@graph\":[{\"@type\":\"WebPage\",\"@id\":\"https:\\\/\\\/wp.kristdemokraterna.se\\\/arboga\\\/swisha-var-valfond\\\/barnomsorg\\\/\",\"url\":\"https:\\\/\\\/wp.kristdemokraterna.se\\\/arboga\\\/swisha-var-valfond\\\/barnomsorg\\\/\",\"name\":\"Fritids- och kulturliv - Kristdemokraterna | Arboga\",\"isPartOf\":{\"@id\":\"https:\\\/\\\/wp.kristdemokraterna.se\\\/arboga\\\/#website\"},\"primaryImageOfPage\":{\"@id\":\"https:\\\/\\\/wp.kristdemokraterna.se\\\/arboga\\\/swisha-var-valfond\\\/barnomsorg\\\/#primaryimage\"},\"image\":{\"@id\":\"https:\\\/\\\/wp.kristdemokraterna.se\\\/arboga\\\/swisha-var-valfond\\\/barnomsorg\\\/#primaryimage\"},\"thumbnailUrl\":\"\",\"datePublished\":\"2024-01-18T10:05:39+00:00\",\"dateModified\":\"2024-03-12T14:47:01+00:00\",\"breadcrumb\":{\"@id\":\"https:\\\/\\\/wp.kristdemokraterna.se\\\/arboga\\\/swisha-var-valfond\\\/barnomsorg\\\/#breadcrumb\"},\"inLanguage\":\"sv-SE\",\"potentialAction\":[{\"@type\":\"ReadAction\",\"target\":[\"https:\\\/\\\/wp.kristdemokraterna.se\\\/arboga\\\/swisha-var-valfond\\\/barnomsorg\\\/\"]}]},{\"@type\":\"ImageObject\",\"inLanguage\":\"sv-SE\",\"@id\":\"https:\\\/\\\/wp.kristdemokraterna.se\\\/arboga\\\/swisha-var-valfond\\\/barnomsorg\\\/#primaryimage\",\"url\":\"\",\"contentUrl\":\"\"},{\"@type\":\"BreadcrumbList\",\"@id\":\"https:\\\/\\\/wp.kristdemokraterna.se\\\/arboga\\\/swisha-var-valfond\\\/barnomsorg\\\/#breadcrumb\",\"itemListElement\":[{\"@type\":\"ListItem\",\"position\":1,\"name\":\"Hem\",\"item\":\"https:\\\/\\\/wp.kristdemokraterna.se\\\/arboga\\\/\"},{\"@type\":\"ListItem\",\"position\":2,\"name\":\"V\u00e5r kommunpolitik\",\"item\":\"https:\\\/\\\/wp.kristdemokraterna.se\\\/arboga\\\/swisha-var-valfond\\\/\"},{\"@type\":\"ListItem\",\"position\":3,\"name\":\"Fritids- och kulturliv\"}]},{\"@type\":\"WebSite\",\"@id\":\"https:\\\/\\\/wp.kristdemokraterna.se\\\/arboga\\\/#website\",\"url\":\"https:\\\/\\\/wp.kristdemokraterna.se\\\/arboga\\\/\",\"name\":\"Kristdemokraterna | Arboga\",\"description\":\"En till Kristdemokraterna webbplats\",\"inLanguage\":\"sv-SE\"}]}<\/script>\n<!-- \/ Yoast SEO plugin. -->","yoast_head_json":{"title":"Fritids- och kulturliv - Kristdemokraterna | Arboga","robots":{"index":"index","follow":"follow","max-snippet":"max-snippet:-1","max-image-preview":"max-image-preview:large","max-video-preview":"max-video-preview:-1"},"canonical":"https:\/\/wp.kristdemokraterna.se\/arboga\/swisha-var-valfond\/barnomsorg\/","og_locale":"sv_SE","og_type":"article","og_title":"Fritids- och kulturliv - Kristdemokraterna | Arboga","og_description":"Ett rikt fritids- och kulturliv \u00e4r viktigt f\u00f6r b\u00e5de barn, unga och \u00e4ldre. Investeringar p\u00e5 fritids- och kulturomr\u00e5det bidrar till en mer attraktiv kommun f\u00f6r boende, n\u00e4ringsliv och bes\u00f6ksn\u00e4ring och viktiga faktorer f\u00f6r en god livsmilj\u00f6.","og_url":"https:\/\/wp.kristdemokraterna.se\/arboga\/swisha-var-valfond\/barnomsorg\/","og_site_name":"Kristdemokraterna | Arboga","article_modified_time":"2024-03-12T14:47:01+00:00","twitter_card":"summary_large_image","twitter_misc":{"Ber\u00e4knad l\u00e4stid":"1 minut"},"schema":{"@context":"https:\/\/schema.org","@graph":[{"@type":"WebPage","@id":"https:\/\/wp.kristdemokraterna.se\/arboga\/swisha-var-valfond\/barnomsorg\/","url":"https:\/\/wp.kristdemokraterna.se\/arboga\/swisha-var-valfond\/barnomsorg\/","name":"Fritids- och kulturliv - Kristdemokraterna | Arboga","isPartOf":{"@id":"https:\/\/wp.kristdemokraterna.se\/arboga\/#website"},"primaryImageOfPage":{"@id":"https:\/\/wp.kristdemokraterna.se\/arboga\/swisha-var-valfond\/barnomsorg\/#primaryimage"},"image":{"@id":"https:\/\/wp.kristdemokraterna.se\/arboga\/swisha-var-valfond\/barnomsorg\/#primaryimage"},"thumbnailUrl":"","datePublished":"2024-01-18T10:05:39+00:00","dateModified":"2024-03-12T14:47:01+00:00","breadcrumb":{"@id":"https:\/\/wp.kristdemokraterna.se\/arboga\/swisha-var-valfond\/barnomsorg\/#breadcrumb"},"inLanguage":"sv-SE","potentialAction":[{"@type":"ReadAction","target":["https:\/\/wp.kristdemokraterna.se\/arboga\/swisha-var-valfond\/barnomsorg\/"]}]},{"@type":"ImageObject","inLanguage":"sv-SE","@id":"https:\/\/wp.kristdemokraterna.se\/arboga\/swisha-var-valfond\/barnomsorg\/#primaryimage","url":"","contentUrl":""},{"@type":"BreadcrumbList","@id":"https:\/\/wp.kristdemokraterna.se\/arboga\/swisha-var-valfond\/barnomsorg\/#breadcrumb","itemListElement":[{"@type":"ListItem","position":1,"name":"Hem","item":"https:\/\/wp.kristdemokraterna.se\/arboga\/"},{"@type":"ListItem","position":2,"name":"V\u00e5r kommunpolitik","item":"https:\/\/wp.kristdemokraterna.se\/arboga\/swisha-var-valfond\/"},{"@type":"ListItem","position":3,"name":"Fritids- och kulturliv"}]},{"@type":"WebSite","@id":"https:\/\/wp.kristdemokraterna.se\/arboga\/#website","url":"https:\/\/wp.kristdemokraterna.se\/arboga\/","name":"Kristdemokraterna | Arboga","description":"En till Kristdemokraterna webbplats","inLanguage":"sv-SE"}]}},"_links":{"self":[{"href":"https:\/\/wp.kristdemokraterna.se\/arboga\/wp-json\/wp\/v2\/pages\/1822","targetHints":{"allow":["GET"]}}],"collection":[{"href":"https:\/\/wp.kristdemokraterna.se\/arboga\/wp-json\/wp\/v2\/pages"}],"about":[{"href":"https:\/\/wp.kristdemokraterna.se\/arboga\/wp-json\/wp\/v2\/types\/page"}],"author":[{"embeddable":true,"href":"https:\/\/wp.kristdemokraterna.se\/arboga\/wp-json\/wp\/v2\/users\/444"}],"replies":[{"embeddable":true,"href":"https:\/\/wp.kristdemokraterna.se\/arboga\/wp-json\/wp\/v2\/comments?post=1822"}],"version-history":[{"count":2,"href":"https:\/\/wp.kristdemokraterna.se\/arboga\/wp-json\/wp\/v2\/pages\/1822\/revisions"}],"predecessor-version":[{"id":2623,"href":"https:\/\/wp.kristdemokraterna.se\/arboga\/wp-json\/wp\/v2\/pages\/1822\/revisions\/2623"}],"up":[{"embeddable":true,"href":"https:\/\/wp.kristdemokraterna.se\/arboga\/wp-json\/wp\/v2\/pages\/391"}],"wp:featuredmedia":[{"embeddable":true,"href":"https:\/\/wp.kristdemokraterna.se\/arboga\/wp-json\/"}],"wp:attachment":[{"href":"https:\/\/wp.kristdemokraterna.se\/arboga\/wp-json\/wp\/v2\/media?parent=1822"}],"curies":[{"name":"wp","href":"https:\/\/api.w.org\/{rel}","templated":true}]}}