{"id":1824,"date":"2024-01-18T11:06:33","date_gmt":"2024-01-18T10:06:33","guid":{"rendered":"https:\/\/wp.kristdemokraterna.se\/koping\/?page_id=1824"},"modified":"2024-03-12T15:47:35","modified_gmt":"2024-03-12T14:47:35","slug":"kopings-skolor","status":"publish","type":"page","link":"https:\/\/wp.kristdemokraterna.se\/arboga\/swisha-var-valfond\/kopings-skolor\/","title":{"rendered":"Villkor f\u00f6r f\u00f6retagande och entrepren\u00f6rskap"},"content":{"rendered":"<p>Arboga kommun har ett ansvar f\u00f6r att skapa goda villkor f\u00f6r entrepren\u00f6rskap<br \/>\noch f\u00f6retagande. F\u00f6r att n\u00e5 framg\u00e5ng kr\u00e4vs att t\u00e4nka nytt och kreativt. All<br \/>\nhandl\u00e4ggning ska vara effektiv och enkel. Upphandlingar ska g\u00f6ras s\u00e5 att flera<br \/>\nfr\u00e5n det lokala n\u00e4ringslivet kan vara med och konkurrera. Vi uppmuntrar initiativ<br \/>\nsom st\u00e4rker kopplingen mellan skolan, h\u00f6gre utbildning och entrepren\u00f6rskap.<br \/>\nSamarbetet med Ung F\u00f6retagsamhet m\u00e5ste st\u00e4rkas. Vi vill profilera Arboga som<br \/>\nen attraktiv kommun f\u00f6r kreativa och f\u00f6retagsamma m\u00e4nniskor.<\/p>\n","protected":false},"excerpt":{"rendered":"<p>Arboga kommun har ett ansvar f\u00f6r att skapa goda villkor f\u00f6r entrepren\u00f6rskap och f\u00f6retagande. F\u00f6r att n\u00e5 framg\u00e5ng kr\u00e4vs att t\u00e4nka nytt och kreativt. All handl\u00e4ggning ska vara effektiv och enkel. Upphandlingar ska g\u00f6ras s\u00e5 att flera fr\u00e5n det lokala n\u00e4ringslivet kan vara med och konkurrera. Vi uppmuntrar initiativ som st\u00e4rker kopplingen mellan skolan, h\u00f6gre <a class=\"read-more-link\" href=\"https:\/\/wp.kristdemokraterna.se\/arboga\/swisha-var-valfond\/kopings-skolor\/\">L\u00e4s mer<\/a><\/p>\n","protected":false},"author":444,"featured_media":714,"parent":391,"menu_order":7,"comment_status":"closed","ping_status":"closed","template":"page.php","meta":{"_acf_changed":false,"footnotes":""},"class_list":["post-1824","page","type-page","status-publish","hentry"],"acf":[],"yoast_head":"<!-- This site is optimized with the Yoast SEO plugin v27.4 - https:\/\/yoast.com\/product\/yoast-seo-wordpress\/ -->\n<title>Villkor f\u00f6r f\u00f6retagande och entrepren\u00f6rskap - Kristdemokraterna | Arboga<\/title>\n<meta name=\"robots\" content=\"index, follow, max-snippet:-1, max-image-preview:large, max-video-preview:-1\" \/>\n<link rel=\"canonical\" href=\"https:\/\/wp.kristdemokraterna.se\/arboga\/swisha-var-valfond\/kopings-skolor\/\" \/>\n<meta property=\"og:locale\" content=\"sv_SE\" \/>\n<meta property=\"og:type\" content=\"article\" \/>\n<meta property=\"og:title\" content=\"Villkor f\u00f6r f\u00f6retagande och entrepren\u00f6rskap - Kristdemokraterna | Arboga\" \/>\n<meta property=\"og:description\" content=\"Arboga kommun har ett ansvar f\u00f6r att skapa goda villkor f\u00f6r entrepren\u00f6rskap och f\u00f6retagande. F\u00f6r att n\u00e5 framg\u00e5ng kr\u00e4vs att t\u00e4nka nytt och kreativt. All handl\u00e4ggning ska vara effektiv och enkel. Upphandlingar ska g\u00f6ras s\u00e5 att flera fr\u00e5n det lokala n\u00e4ringslivet kan vara med och konkurrera. Vi uppmuntrar initiativ som st\u00e4rker kopplingen mellan skolan, h\u00f6gre L\u00e4s mer\" \/>\n<meta property=\"og:url\" content=\"https:\/\/wp.kristdemokraterna.se\/arboga\/swisha-var-valfond\/kopings-skolor\/\" \/>\n<meta property=\"og:site_name\" content=\"Kristdemokraterna | Arboga\" \/>\n<meta property=\"article:modified_time\" content=\"2024-03-12T14:47:35+00:00\" \/>\n<meta name=\"twitter:card\" content=\"summary_large_image\" \/>\n<meta name=\"twitter:label1\" content=\"Ber\u00e4knad l\u00e4stid\" \/>\n\t<meta name=\"twitter:data1\" content=\"1 minut\" \/>\n<script type=\"application\/ld+json\" class=\"yoast-schema-graph\">{\"@context\":\"https:\\\/\\\/schema.org\",\"@graph\":[{\"@type\":\"WebPage\",\"@id\":\"https:\\\/\\\/wp.kristdemokraterna.se\\\/arboga\\\/swisha-var-valfond\\\/kopings-skolor\\\/\",\"url\":\"https:\\\/\\\/wp.kristdemokraterna.se\\\/arboga\\\/swisha-var-valfond\\\/kopings-skolor\\\/\",\"name\":\"Villkor f\u00f6r f\u00f6retagande och entrepren\u00f6rskap - Kristdemokraterna | Arboga\",\"isPartOf\":{\"@id\":\"https:\\\/\\\/wp.kristdemokraterna.se\\\/arboga\\\/#website\"},\"primaryImageOfPage\":{\"@id\":\"https:\\\/\\\/wp.kristdemokraterna.se\\\/arboga\\\/swisha-var-valfond\\\/kopings-skolor\\\/#primaryimage\"},\"image\":{\"@id\":\"https:\\\/\\\/wp.kristdemokraterna.se\\\/arboga\\\/swisha-var-valfond\\\/kopings-skolor\\\/#primaryimage\"},\"thumbnailUrl\":\"\",\"datePublished\":\"2024-01-18T10:06:33+00:00\",\"dateModified\":\"2024-03-12T14:47:35+00:00\",\"breadcrumb\":{\"@id\":\"https:\\\/\\\/wp.kristdemokraterna.se\\\/arboga\\\/swisha-var-valfond\\\/kopings-skolor\\\/#breadcrumb\"},\"inLanguage\":\"sv-SE\",\"potentialAction\":[{\"@type\":\"ReadAction\",\"target\":[\"https:\\\/\\\/wp.kristdemokraterna.se\\\/arboga\\\/swisha-var-valfond\\\/kopings-skolor\\\/\"]}]},{\"@type\":\"ImageObject\",\"inLanguage\":\"sv-SE\",\"@id\":\"https:\\\/\\\/wp.kristdemokraterna.se\\\/arboga\\\/swisha-var-valfond\\\/kopings-skolor\\\/#primaryimage\",\"url\":\"\",\"contentUrl\":\"\"},{\"@type\":\"BreadcrumbList\",\"@id\":\"https:\\\/\\\/wp.kristdemokraterna.se\\\/arboga\\\/swisha-var-valfond\\\/kopings-skolor\\\/#breadcrumb\",\"itemListElement\":[{\"@type\":\"ListItem\",\"position\":1,\"name\":\"Hem\",\"item\":\"https:\\\/\\\/wp.kristdemokraterna.se\\\/arboga\\\/\"},{\"@type\":\"ListItem\",\"position\":2,\"name\":\"V\u00e5r kommunpolitik\",\"item\":\"https:\\\/\\\/wp.kristdemokraterna.se\\\/arboga\\\/swisha-var-valfond\\\/\"},{\"@type\":\"ListItem\",\"position\":3,\"name\":\"Villkor f\u00f6r f\u00f6retagande och entrepren\u00f6rskap\"}]},{\"@type\":\"WebSite\",\"@id\":\"https:\\\/\\\/wp.kristdemokraterna.se\\\/arboga\\\/#website\",\"url\":\"https:\\\/\\\/wp.kristdemokraterna.se\\\/arboga\\\/\",\"name\":\"Kristdemokraterna | Arboga\",\"description\":\"En till Kristdemokraterna webbplats\",\"inLanguage\":\"sv-SE\"}]}<\/script>\n<!-- \/ Yoast SEO plugin. -->","yoast_head_json":{"title":"Villkor f\u00f6r f\u00f6retagande och entrepren\u00f6rskap - Kristdemokraterna | Arboga","robots":{"index":"index","follow":"follow","max-snippet":"max-snippet:-1","max-image-preview":"max-image-preview:large","max-video-preview":"max-video-preview:-1"},"canonical":"https:\/\/wp.kristdemokraterna.se\/arboga\/swisha-var-valfond\/kopings-skolor\/","og_locale":"sv_SE","og_type":"article","og_title":"Villkor f\u00f6r f\u00f6retagande och entrepren\u00f6rskap - Kristdemokraterna | Arboga","og_description":"Arboga kommun har ett ansvar f\u00f6r att skapa goda villkor f\u00f6r entrepren\u00f6rskap och f\u00f6retagande. F\u00f6r att n\u00e5 framg\u00e5ng kr\u00e4vs att t\u00e4nka nytt och kreativt. All handl\u00e4ggning ska vara effektiv och enkel. Upphandlingar ska g\u00f6ras s\u00e5 att flera fr\u00e5n det lokala n\u00e4ringslivet kan vara med och konkurrera. Vi uppmuntrar initiativ som st\u00e4rker kopplingen mellan skolan, h\u00f6gre L\u00e4s mer","og_url":"https:\/\/wp.kristdemokraterna.se\/arboga\/swisha-var-valfond\/kopings-skolor\/","og_site_name":"Kristdemokraterna | Arboga","article_modified_time":"2024-03-12T14:47:35+00:00","twitter_card":"summary_large_image","twitter_misc":{"Ber\u00e4knad l\u00e4stid":"1 minut"},"schema":{"@context":"https:\/\/schema.org","@graph":[{"@type":"WebPage","@id":"https:\/\/wp.kristdemokraterna.se\/arboga\/swisha-var-valfond\/kopings-skolor\/","url":"https:\/\/wp.kristdemokraterna.se\/arboga\/swisha-var-valfond\/kopings-skolor\/","name":"Villkor f\u00f6r f\u00f6retagande och entrepren\u00f6rskap - Kristdemokraterna | Arboga","isPartOf":{"@id":"https:\/\/wp.kristdemokraterna.se\/arboga\/#website"},"primaryImageOfPage":{"@id":"https:\/\/wp.kristdemokraterna.se\/arboga\/swisha-var-valfond\/kopings-skolor\/#primaryimage"},"image":{"@id":"https:\/\/wp.kristdemokraterna.se\/arboga\/swisha-var-valfond\/kopings-skolor\/#primaryimage"},"thumbnailUrl":"","datePublished":"2024-01-18T10:06:33+00:00","dateModified":"2024-03-12T14:47:35+00:00","breadcrumb":{"@id":"https:\/\/wp.kristdemokraterna.se\/arboga\/swisha-var-valfond\/kopings-skolor\/#breadcrumb"},"inLanguage":"sv-SE","potentialAction":[{"@type":"ReadAction","target":["https:\/\/wp.kristdemokraterna.se\/arboga\/swisha-var-valfond\/kopings-skolor\/"]}]},{"@type":"ImageObject","inLanguage":"sv-SE","@id":"https:\/\/wp.kristdemokraterna.se\/arboga\/swisha-var-valfond\/kopings-skolor\/#primaryimage","url":"","contentUrl":""},{"@type":"BreadcrumbList","@id":"https:\/\/wp.kristdemokraterna.se\/arboga\/swisha-var-valfond\/kopings-skolor\/#breadcrumb","itemListElement":[{"@type":"ListItem","position":1,"name":"Hem","item":"https:\/\/wp.kristdemokraterna.se\/arboga\/"},{"@type":"ListItem","position":2,"name":"V\u00e5r kommunpolitik","item":"https:\/\/wp.kristdemokraterna.se\/arboga\/swisha-var-valfond\/"},{"@type":"ListItem","position":3,"name":"Villkor f\u00f6r f\u00f6retagande och entrepren\u00f6rskap"}]},{"@type":"WebSite","@id":"https:\/\/wp.kristdemokraterna.se\/arboga\/#website","url":"https:\/\/wp.kristdemokraterna.se\/arboga\/","name":"Kristdemokraterna | Arboga","description":"En till Kristdemokraterna webbplats","inLanguage":"sv-SE"}]}},"_links":{"self":[{"href":"https:\/\/wp.kristdemokraterna.se\/arboga\/wp-json\/wp\/v2\/pages\/1824","targetHints":{"allow":["GET"]}}],"collection":[{"href":"https:\/\/wp.kristdemokraterna.se\/arboga\/wp-json\/wp\/v2\/pages"}],"about":[{"href":"https:\/\/wp.kristdemokraterna.se\/arboga\/wp-json\/wp\/v2\/types\/page"}],"author":[{"embeddable":true,"href":"https:\/\/wp.kristdemokraterna.se\/arboga\/wp-json\/wp\/v2\/users\/444"}],"replies":[{"embeddable":true,"href":"https:\/\/wp.kristdemokraterna.se\/arboga\/wp-json\/wp\/v2\/comments?post=1824"}],"version-history":[{"count":2,"href":"https:\/\/wp.kristdemokraterna.se\/arboga\/wp-json\/wp\/v2\/pages\/1824\/revisions"}],"predecessor-version":[{"id":2624,"href":"https:\/\/wp.kristdemokraterna.se\/arboga\/wp-json\/wp\/v2\/pages\/1824\/revisions\/2624"}],"up":[{"embeddable":true,"href":"https:\/\/wp.kristdemokraterna.se\/arboga\/wp-json\/wp\/v2\/pages\/391"}],"wp:featuredmedia":[{"embeddable":true,"href":"https:\/\/wp.kristdemokraterna.se\/arboga\/wp-json\/"}],"wp:attachment":[{"href":"https:\/\/wp.kristdemokraterna.se\/arboga\/wp-json\/wp\/v2\/media?parent=1824"}],"curies":[{"name":"wp","href":"https:\/\/api.w.org\/{rel}","templated":true}]}}