{"id":1828,"date":"2024-01-18T11:08:21","date_gmt":"2024-01-18T10:08:21","guid":{"rendered":"https:\/\/wp.kristdemokraterna.se\/koping\/?page_id=1828"},"modified":"2024-03-12T15:48:33","modified_gmt":"2024-03-12T14:48:33","slug":"sociala-insatser","status":"publish","type":"page","link":"https:\/\/wp.kristdemokraterna.se\/arboga\/swisha-var-valfond\/sociala-insatser\/","title":{"rendered":"H\u00e5llbar framtid"},"content":{"rendered":"<p>Vi vill att Arboga ska ha en h\u00e5llbar framtid i milj\u00f6fr\u00e5gor f\u00f6r att g\u00f6ra kommunen<br \/>\nattraktiv f\u00f6r inv\u00e5nare och f\u00f6retag. Vi verkar f\u00f6r att Arboga kommun, i sin<br \/>\nverksamhet, arbetar aktivt f\u00f6r att hitta klimatsmarta, milj\u00f6v\u00e4nliga alternativ och<br \/>\nl\u00f6sningar samt att underl\u00e4tta f\u00f6r varje medborgare att g\u00f6ra r\u00e4tt f\u00f6r sig mot<br \/>\nmilj\u00f6n. Vi verkar f\u00f6r ett socialt h\u00e5llbart samh\u00e4lle. Vi verkar f\u00f6r ett nytt \u00e5terbruk i<br \/>\nArboga.<\/p>\n","protected":false},"excerpt":{"rendered":"<p>Vi vill att Arboga ska ha en h\u00e5llbar framtid i milj\u00f6fr\u00e5gor f\u00f6r att g\u00f6ra kommunen attraktiv f\u00f6r inv\u00e5nare och f\u00f6retag. Vi verkar f\u00f6r att Arboga kommun, i sin verksamhet, arbetar aktivt f\u00f6r att hitta klimatsmarta, milj\u00f6v\u00e4nliga alternativ och l\u00f6sningar samt att underl\u00e4tta f\u00f6r varje medborgare att g\u00f6ra r\u00e4tt f\u00f6r sig mot milj\u00f6n. Vi verkar f\u00f6r <a class=\"read-more-link\" href=\"https:\/\/wp.kristdemokraterna.se\/arboga\/swisha-var-valfond\/sociala-insatser\/\">L\u00e4s mer<\/a><\/p>\n","protected":false},"author":444,"featured_media":714,"parent":391,"menu_order":9,"comment_status":"closed","ping_status":"closed","template":"page.php","meta":{"_acf_changed":false,"footnotes":""},"class_list":["post-1828","page","type-page","status-publish","hentry"],"acf":[],"yoast_head":"<!-- This site is optimized with the Yoast SEO plugin v27.4 - https:\/\/yoast.com\/product\/yoast-seo-wordpress\/ -->\n<title>H\u00e5llbar framtid - Kristdemokraterna | Arboga<\/title>\n<meta name=\"robots\" content=\"index, follow, max-snippet:-1, max-image-preview:large, max-video-preview:-1\" \/>\n<link rel=\"canonical\" href=\"https:\/\/wp.kristdemokraterna.se\/arboga\/swisha-var-valfond\/sociala-insatser\/\" \/>\n<meta property=\"og:locale\" content=\"sv_SE\" \/>\n<meta property=\"og:type\" content=\"article\" \/>\n<meta property=\"og:title\" content=\"H\u00e5llbar framtid - Kristdemokraterna | Arboga\" \/>\n<meta property=\"og:description\" content=\"Vi vill att Arboga ska ha en h\u00e5llbar framtid i milj\u00f6fr\u00e5gor f\u00f6r att g\u00f6ra kommunen attraktiv f\u00f6r inv\u00e5nare och f\u00f6retag. Vi verkar f\u00f6r att Arboga kommun, i sin verksamhet, arbetar aktivt f\u00f6r att hitta klimatsmarta, milj\u00f6v\u00e4nliga alternativ och l\u00f6sningar samt att underl\u00e4tta f\u00f6r varje medborgare att g\u00f6ra r\u00e4tt f\u00f6r sig mot milj\u00f6n. Vi verkar f\u00f6r L\u00e4s mer\" \/>\n<meta property=\"og:url\" content=\"https:\/\/wp.kristdemokraterna.se\/arboga\/swisha-var-valfond\/sociala-insatser\/\" \/>\n<meta property=\"og:site_name\" content=\"Kristdemokraterna | Arboga\" \/>\n<meta property=\"article:modified_time\" content=\"2024-03-12T14:48:33+00:00\" \/>\n<meta name=\"twitter:card\" content=\"summary_large_image\" \/>\n<meta name=\"twitter:label1\" content=\"Ber\u00e4knad l\u00e4stid\" \/>\n\t<meta name=\"twitter:data1\" content=\"1 minut\" \/>\n<script type=\"application\/ld+json\" class=\"yoast-schema-graph\">{\"@context\":\"https:\\\/\\\/schema.org\",\"@graph\":[{\"@type\":\"WebPage\",\"@id\":\"https:\\\/\\\/wp.kristdemokraterna.se\\\/arboga\\\/swisha-var-valfond\\\/sociala-insatser\\\/\",\"url\":\"https:\\\/\\\/wp.kristdemokraterna.se\\\/arboga\\\/swisha-var-valfond\\\/sociala-insatser\\\/\",\"name\":\"H\u00e5llbar framtid - Kristdemokraterna | Arboga\",\"isPartOf\":{\"@id\":\"https:\\\/\\\/wp.kristdemokraterna.se\\\/arboga\\\/#website\"},\"primaryImageOfPage\":{\"@id\":\"https:\\\/\\\/wp.kristdemokraterna.se\\\/arboga\\\/swisha-var-valfond\\\/sociala-insatser\\\/#primaryimage\"},\"image\":{\"@id\":\"https:\\\/\\\/wp.kristdemokraterna.se\\\/arboga\\\/swisha-var-valfond\\\/sociala-insatser\\\/#primaryimage\"},\"thumbnailUrl\":\"\",\"datePublished\":\"2024-01-18T10:08:21+00:00\",\"dateModified\":\"2024-03-12T14:48:33+00:00\",\"breadcrumb\":{\"@id\":\"https:\\\/\\\/wp.kristdemokraterna.se\\\/arboga\\\/swisha-var-valfond\\\/sociala-insatser\\\/#breadcrumb\"},\"inLanguage\":\"sv-SE\",\"potentialAction\":[{\"@type\":\"ReadAction\",\"target\":[\"https:\\\/\\\/wp.kristdemokraterna.se\\\/arboga\\\/swisha-var-valfond\\\/sociala-insatser\\\/\"]}]},{\"@type\":\"ImageObject\",\"inLanguage\":\"sv-SE\",\"@id\":\"https:\\\/\\\/wp.kristdemokraterna.se\\\/arboga\\\/swisha-var-valfond\\\/sociala-insatser\\\/#primaryimage\",\"url\":\"\",\"contentUrl\":\"\"},{\"@type\":\"BreadcrumbList\",\"@id\":\"https:\\\/\\\/wp.kristdemokraterna.se\\\/arboga\\\/swisha-var-valfond\\\/sociala-insatser\\\/#breadcrumb\",\"itemListElement\":[{\"@type\":\"ListItem\",\"position\":1,\"name\":\"Hem\",\"item\":\"https:\\\/\\\/wp.kristdemokraterna.se\\\/arboga\\\/\"},{\"@type\":\"ListItem\",\"position\":2,\"name\":\"V\u00e5r kommunpolitik\",\"item\":\"https:\\\/\\\/wp.kristdemokraterna.se\\\/arboga\\\/swisha-var-valfond\\\/\"},{\"@type\":\"ListItem\",\"position\":3,\"name\":\"H\u00e5llbar framtid\"}]},{\"@type\":\"WebSite\",\"@id\":\"https:\\\/\\\/wp.kristdemokraterna.se\\\/arboga\\\/#website\",\"url\":\"https:\\\/\\\/wp.kristdemokraterna.se\\\/arboga\\\/\",\"name\":\"Kristdemokraterna | Arboga\",\"description\":\"En till Kristdemokraterna webbplats\",\"inLanguage\":\"sv-SE\"}]}<\/script>\n<!-- \/ Yoast SEO plugin. -->","yoast_head_json":{"title":"H\u00e5llbar framtid - Kristdemokraterna | Arboga","robots":{"index":"index","follow":"follow","max-snippet":"max-snippet:-1","max-image-preview":"max-image-preview:large","max-video-preview":"max-video-preview:-1"},"canonical":"https:\/\/wp.kristdemokraterna.se\/arboga\/swisha-var-valfond\/sociala-insatser\/","og_locale":"sv_SE","og_type":"article","og_title":"H\u00e5llbar framtid - Kristdemokraterna | Arboga","og_description":"Vi vill att Arboga ska ha en h\u00e5llbar framtid i milj\u00f6fr\u00e5gor f\u00f6r att g\u00f6ra kommunen attraktiv f\u00f6r inv\u00e5nare och f\u00f6retag. Vi verkar f\u00f6r att Arboga kommun, i sin verksamhet, arbetar aktivt f\u00f6r att hitta klimatsmarta, milj\u00f6v\u00e4nliga alternativ och l\u00f6sningar samt att underl\u00e4tta f\u00f6r varje medborgare att g\u00f6ra r\u00e4tt f\u00f6r sig mot milj\u00f6n. Vi verkar f\u00f6r L\u00e4s mer","og_url":"https:\/\/wp.kristdemokraterna.se\/arboga\/swisha-var-valfond\/sociala-insatser\/","og_site_name":"Kristdemokraterna | Arboga","article_modified_time":"2024-03-12T14:48:33+00:00","twitter_card":"summary_large_image","twitter_misc":{"Ber\u00e4knad l\u00e4stid":"1 minut"},"schema":{"@context":"https:\/\/schema.org","@graph":[{"@type":"WebPage","@id":"https:\/\/wp.kristdemokraterna.se\/arboga\/swisha-var-valfond\/sociala-insatser\/","url":"https:\/\/wp.kristdemokraterna.se\/arboga\/swisha-var-valfond\/sociala-insatser\/","name":"H\u00e5llbar framtid - Kristdemokraterna | Arboga","isPartOf":{"@id":"https:\/\/wp.kristdemokraterna.se\/arboga\/#website"},"primaryImageOfPage":{"@id":"https:\/\/wp.kristdemokraterna.se\/arboga\/swisha-var-valfond\/sociala-insatser\/#primaryimage"},"image":{"@id":"https:\/\/wp.kristdemokraterna.se\/arboga\/swisha-var-valfond\/sociala-insatser\/#primaryimage"},"thumbnailUrl":"","datePublished":"2024-01-18T10:08:21+00:00","dateModified":"2024-03-12T14:48:33+00:00","breadcrumb":{"@id":"https:\/\/wp.kristdemokraterna.se\/arboga\/swisha-var-valfond\/sociala-insatser\/#breadcrumb"},"inLanguage":"sv-SE","potentialAction":[{"@type":"ReadAction","target":["https:\/\/wp.kristdemokraterna.se\/arboga\/swisha-var-valfond\/sociala-insatser\/"]}]},{"@type":"ImageObject","inLanguage":"sv-SE","@id":"https:\/\/wp.kristdemokraterna.se\/arboga\/swisha-var-valfond\/sociala-insatser\/#primaryimage","url":"","contentUrl":""},{"@type":"BreadcrumbList","@id":"https:\/\/wp.kristdemokraterna.se\/arboga\/swisha-var-valfond\/sociala-insatser\/#breadcrumb","itemListElement":[{"@type":"ListItem","position":1,"name":"Hem","item":"https:\/\/wp.kristdemokraterna.se\/arboga\/"},{"@type":"ListItem","position":2,"name":"V\u00e5r kommunpolitik","item":"https:\/\/wp.kristdemokraterna.se\/arboga\/swisha-var-valfond\/"},{"@type":"ListItem","position":3,"name":"H\u00e5llbar framtid"}]},{"@type":"WebSite","@id":"https:\/\/wp.kristdemokraterna.se\/arboga\/#website","url":"https:\/\/wp.kristdemokraterna.se\/arboga\/","name":"Kristdemokraterna | Arboga","description":"En till Kristdemokraterna webbplats","inLanguage":"sv-SE"}]}},"_links":{"self":[{"href":"https:\/\/wp.kristdemokraterna.se\/arboga\/wp-json\/wp\/v2\/pages\/1828","targetHints":{"allow":["GET"]}}],"collection":[{"href":"https:\/\/wp.kristdemokraterna.se\/arboga\/wp-json\/wp\/v2\/pages"}],"about":[{"href":"https:\/\/wp.kristdemokraterna.se\/arboga\/wp-json\/wp\/v2\/types\/page"}],"author":[{"embeddable":true,"href":"https:\/\/wp.kristdemokraterna.se\/arboga\/wp-json\/wp\/v2\/users\/444"}],"replies":[{"embeddable":true,"href":"https:\/\/wp.kristdemokraterna.se\/arboga\/wp-json\/wp\/v2\/comments?post=1828"}],"version-history":[{"count":2,"href":"https:\/\/wp.kristdemokraterna.se\/arboga\/wp-json\/wp\/v2\/pages\/1828\/revisions"}],"predecessor-version":[{"id":2626,"href":"https:\/\/wp.kristdemokraterna.se\/arboga\/wp-json\/wp\/v2\/pages\/1828\/revisions\/2626"}],"up":[{"embeddable":true,"href":"https:\/\/wp.kristdemokraterna.se\/arboga\/wp-json\/wp\/v2\/pages\/391"}],"wp:featuredmedia":[{"embeddable":true,"href":"https:\/\/wp.kristdemokraterna.se\/arboga\/wp-json\/"}],"wp:attachment":[{"href":"https:\/\/wp.kristdemokraterna.se\/arboga\/wp-json\/wp\/v2\/media?parent=1828"}],"curies":[{"name":"wp","href":"https:\/\/api.w.org\/{rel}","templated":true}]}}