{"id":1830,"date":"2024-01-18T11:09:17","date_gmt":"2024-01-18T10:09:17","guid":{"rendered":"https:\/\/wp.kristdemokraterna.se\/koping\/?page_id=1830"},"modified":"2024-03-12T15:49:03","modified_gmt":"2024-03-12T14:49:03","slug":"ett-samhalle-tillgangligt-for-alla","status":"publish","type":"page","link":"https:\/\/wp.kristdemokraterna.se\/arboga\/swisha-var-valfond\/ett-samhalle-tillgangligt-for-alla\/","title":{"rendered":"Utvecklad kollektivtrafik"},"content":{"rendered":"<p>Vi utvecklar Arbogas infrastruktur med prioriteringar p\u00e5 kollektivtrafik samt<br \/>\ng\u00e5ng- och cykelbanor s\u00e5v\u00e4l inom Arboga kommun som till dess angr\u00e4nsade<br \/>\nregioner.<\/p>\n","protected":false},"excerpt":{"rendered":"<p>Vi utvecklar Arbogas infrastruktur med prioriteringar p\u00e5 kollektivtrafik samt g\u00e5ng- och cykelbanor s\u00e5v\u00e4l inom Arboga kommun som till dess angr\u00e4nsade regioner.<\/p>\n","protected":false},"author":444,"featured_media":714,"parent":391,"menu_order":10,"comment_status":"closed","ping_status":"closed","template":"page.php","meta":{"_acf_changed":false,"footnotes":""},"class_list":["post-1830","page","type-page","status-publish","hentry"],"acf":[],"yoast_head":"<!-- This site is optimized with the Yoast SEO plugin v27.3 - https:\/\/yoast.com\/product\/yoast-seo-wordpress\/ -->\n<title>Utvecklad kollektivtrafik - Kristdemokraterna | Arboga<\/title>\n<meta name=\"robots\" content=\"index, follow, max-snippet:-1, max-image-preview:large, max-video-preview:-1\" \/>\n<link rel=\"canonical\" href=\"https:\/\/wp.kristdemokraterna.se\/arboga\/swisha-var-valfond\/ett-samhalle-tillgangligt-for-alla\/\" \/>\n<meta property=\"og:locale\" content=\"sv_SE\" \/>\n<meta property=\"og:type\" content=\"article\" \/>\n<meta property=\"og:title\" content=\"Utvecklad kollektivtrafik - Kristdemokraterna | Arboga\" \/>\n<meta property=\"og:description\" content=\"Vi utvecklar Arbogas infrastruktur med prioriteringar p\u00e5 kollektivtrafik samt g\u00e5ng- och cykelbanor s\u00e5v\u00e4l inom Arboga kommun som till dess angr\u00e4nsade regioner.\" \/>\n<meta property=\"og:url\" content=\"https:\/\/wp.kristdemokraterna.se\/arboga\/swisha-var-valfond\/ett-samhalle-tillgangligt-for-alla\/\" \/>\n<meta property=\"og:site_name\" content=\"Kristdemokraterna | Arboga\" \/>\n<meta property=\"article:modified_time\" content=\"2024-03-12T14:49:03+00:00\" \/>\n<meta name=\"twitter:card\" content=\"summary_large_image\" \/>\n<meta name=\"twitter:label1\" content=\"Ber\u00e4knad l\u00e4stid\" \/>\n\t<meta name=\"twitter:data1\" content=\"1 minut\" \/>\n<script type=\"application\/ld+json\" class=\"yoast-schema-graph\">{\"@context\":\"https:\\\/\\\/schema.org\",\"@graph\":[{\"@type\":\"WebPage\",\"@id\":\"https:\\\/\\\/wp.kristdemokraterna.se\\\/arboga\\\/swisha-var-valfond\\\/ett-samhalle-tillgangligt-for-alla\\\/\",\"url\":\"https:\\\/\\\/wp.kristdemokraterna.se\\\/arboga\\\/swisha-var-valfond\\\/ett-samhalle-tillgangligt-for-alla\\\/\",\"name\":\"Utvecklad kollektivtrafik - Kristdemokraterna | Arboga\",\"isPartOf\":{\"@id\":\"https:\\\/\\\/wp.kristdemokraterna.se\\\/arboga\\\/#website\"},\"primaryImageOfPage\":{\"@id\":\"https:\\\/\\\/wp.kristdemokraterna.se\\\/arboga\\\/swisha-var-valfond\\\/ett-samhalle-tillgangligt-for-alla\\\/#primaryimage\"},\"image\":{\"@id\":\"https:\\\/\\\/wp.kristdemokraterna.se\\\/arboga\\\/swisha-var-valfond\\\/ett-samhalle-tillgangligt-for-alla\\\/#primaryimage\"},\"thumbnailUrl\":\"\",\"datePublished\":\"2024-01-18T10:09:17+00:00\",\"dateModified\":\"2024-03-12T14:49:03+00:00\",\"breadcrumb\":{\"@id\":\"https:\\\/\\\/wp.kristdemokraterna.se\\\/arboga\\\/swisha-var-valfond\\\/ett-samhalle-tillgangligt-for-alla\\\/#breadcrumb\"},\"inLanguage\":\"sv-SE\",\"potentialAction\":[{\"@type\":\"ReadAction\",\"target\":[\"https:\\\/\\\/wp.kristdemokraterna.se\\\/arboga\\\/swisha-var-valfond\\\/ett-samhalle-tillgangligt-for-alla\\\/\"]}]},{\"@type\":\"ImageObject\",\"inLanguage\":\"sv-SE\",\"@id\":\"https:\\\/\\\/wp.kristdemokraterna.se\\\/arboga\\\/swisha-var-valfond\\\/ett-samhalle-tillgangligt-for-alla\\\/#primaryimage\",\"url\":\"\",\"contentUrl\":\"\"},{\"@type\":\"BreadcrumbList\",\"@id\":\"https:\\\/\\\/wp.kristdemokraterna.se\\\/arboga\\\/swisha-var-valfond\\\/ett-samhalle-tillgangligt-for-alla\\\/#breadcrumb\",\"itemListElement\":[{\"@type\":\"ListItem\",\"position\":1,\"name\":\"Hem\",\"item\":\"https:\\\/\\\/wp.kristdemokraterna.se\\\/arboga\\\/\"},{\"@type\":\"ListItem\",\"position\":2,\"name\":\"V\u00e5r kommunpolitik\",\"item\":\"https:\\\/\\\/wp.kristdemokraterna.se\\\/arboga\\\/swisha-var-valfond\\\/\"},{\"@type\":\"ListItem\",\"position\":3,\"name\":\"Utvecklad kollektivtrafik\"}]},{\"@type\":\"WebSite\",\"@id\":\"https:\\\/\\\/wp.kristdemokraterna.se\\\/arboga\\\/#website\",\"url\":\"https:\\\/\\\/wp.kristdemokraterna.se\\\/arboga\\\/\",\"name\":\"Kristdemokraterna | Arboga\",\"description\":\"En till Kristdemokraterna webbplats\",\"inLanguage\":\"sv-SE\"}]}<\/script>\n<!-- \/ Yoast SEO plugin. -->","yoast_head_json":{"title":"Utvecklad kollektivtrafik - Kristdemokraterna | Arboga","robots":{"index":"index","follow":"follow","max-snippet":"max-snippet:-1","max-image-preview":"max-image-preview:large","max-video-preview":"max-video-preview:-1"},"canonical":"https:\/\/wp.kristdemokraterna.se\/arboga\/swisha-var-valfond\/ett-samhalle-tillgangligt-for-alla\/","og_locale":"sv_SE","og_type":"article","og_title":"Utvecklad kollektivtrafik - Kristdemokraterna | Arboga","og_description":"Vi utvecklar Arbogas infrastruktur med prioriteringar p\u00e5 kollektivtrafik samt g\u00e5ng- och cykelbanor s\u00e5v\u00e4l inom Arboga kommun som till dess angr\u00e4nsade regioner.","og_url":"https:\/\/wp.kristdemokraterna.se\/arboga\/swisha-var-valfond\/ett-samhalle-tillgangligt-for-alla\/","og_site_name":"Kristdemokraterna | Arboga","article_modified_time":"2024-03-12T14:49:03+00:00","twitter_card":"summary_large_image","twitter_misc":{"Ber\u00e4knad l\u00e4stid":"1 minut"},"schema":{"@context":"https:\/\/schema.org","@graph":[{"@type":"WebPage","@id":"https:\/\/wp.kristdemokraterna.se\/arboga\/swisha-var-valfond\/ett-samhalle-tillgangligt-for-alla\/","url":"https:\/\/wp.kristdemokraterna.se\/arboga\/swisha-var-valfond\/ett-samhalle-tillgangligt-for-alla\/","name":"Utvecklad kollektivtrafik - Kristdemokraterna | Arboga","isPartOf":{"@id":"https:\/\/wp.kristdemokraterna.se\/arboga\/#website"},"primaryImageOfPage":{"@id":"https:\/\/wp.kristdemokraterna.se\/arboga\/swisha-var-valfond\/ett-samhalle-tillgangligt-for-alla\/#primaryimage"},"image":{"@id":"https:\/\/wp.kristdemokraterna.se\/arboga\/swisha-var-valfond\/ett-samhalle-tillgangligt-for-alla\/#primaryimage"},"thumbnailUrl":"","datePublished":"2024-01-18T10:09:17+00:00","dateModified":"2024-03-12T14:49:03+00:00","breadcrumb":{"@id":"https:\/\/wp.kristdemokraterna.se\/arboga\/swisha-var-valfond\/ett-samhalle-tillgangligt-for-alla\/#breadcrumb"},"inLanguage":"sv-SE","potentialAction":[{"@type":"ReadAction","target":["https:\/\/wp.kristdemokraterna.se\/arboga\/swisha-var-valfond\/ett-samhalle-tillgangligt-for-alla\/"]}]},{"@type":"ImageObject","inLanguage":"sv-SE","@id":"https:\/\/wp.kristdemokraterna.se\/arboga\/swisha-var-valfond\/ett-samhalle-tillgangligt-for-alla\/#primaryimage","url":"","contentUrl":""},{"@type":"BreadcrumbList","@id":"https:\/\/wp.kristdemokraterna.se\/arboga\/swisha-var-valfond\/ett-samhalle-tillgangligt-for-alla\/#breadcrumb","itemListElement":[{"@type":"ListItem","position":1,"name":"Hem","item":"https:\/\/wp.kristdemokraterna.se\/arboga\/"},{"@type":"ListItem","position":2,"name":"V\u00e5r kommunpolitik","item":"https:\/\/wp.kristdemokraterna.se\/arboga\/swisha-var-valfond\/"},{"@type":"ListItem","position":3,"name":"Utvecklad kollektivtrafik"}]},{"@type":"WebSite","@id":"https:\/\/wp.kristdemokraterna.se\/arboga\/#website","url":"https:\/\/wp.kristdemokraterna.se\/arboga\/","name":"Kristdemokraterna | Arboga","description":"En till Kristdemokraterna webbplats","inLanguage":"sv-SE"}]}},"_links":{"self":[{"href":"https:\/\/wp.kristdemokraterna.se\/arboga\/wp-json\/wp\/v2\/pages\/1830","targetHints":{"allow":["GET"]}}],"collection":[{"href":"https:\/\/wp.kristdemokraterna.se\/arboga\/wp-json\/wp\/v2\/pages"}],"about":[{"href":"https:\/\/wp.kristdemokraterna.se\/arboga\/wp-json\/wp\/v2\/types\/page"}],"author":[{"embeddable":true,"href":"https:\/\/wp.kristdemokraterna.se\/arboga\/wp-json\/wp\/v2\/users\/444"}],"replies":[{"embeddable":true,"href":"https:\/\/wp.kristdemokraterna.se\/arboga\/wp-json\/wp\/v2\/comments?post=1830"}],"version-history":[{"count":1,"href":"https:\/\/wp.kristdemokraterna.se\/arboga\/wp-json\/wp\/v2\/pages\/1830\/revisions"}],"predecessor-version":[{"id":2527,"href":"https:\/\/wp.kristdemokraterna.se\/arboga\/wp-json\/wp\/v2\/pages\/1830\/revisions\/2527"}],"up":[{"embeddable":true,"href":"https:\/\/wp.kristdemokraterna.se\/arboga\/wp-json\/wp\/v2\/pages\/391"}],"wp:featuredmedia":[{"embeddable":true,"href":"https:\/\/wp.kristdemokraterna.se\/arboga\/wp-json\/"}],"wp:attachment":[{"href":"https:\/\/wp.kristdemokraterna.se\/arboga\/wp-json\/wp\/v2\/media?parent=1830"}],"curies":[{"name":"wp","href":"https:\/\/api.w.org\/{rel}","templated":true}]}}