{"id":2241,"date":"2024-01-26T12:42:32","date_gmt":"2024-01-26T11:42:32","guid":{"rendered":"https:\/\/wp.kristdemokraterna.se\/koping\/?page_id=2241"},"modified":"2024-03-12T17:23:26","modified_gmt":"2024-03-12T16:23:26","slug":"bli-medlem","status":"publish","type":"page","link":"https:\/\/wp.kristdemokraterna.se\/arboga\/engagera-dig\/bli-medlem\/","title":{"rendered":"Bli medlem"},"content":{"rendered":"<p>KD Arboga har n\u00e4rmare 50 medlemmar och vi har ambitionen att forts\u00e4tta v\u00e4xa. Vi \u00e4r ett folkr\u00f6relseparti som bygger p\u00e5 m\u00e4nniskors engagemang och en ambition att forma framtiden.<\/p>\n<p>Vi \u00e4r ett bra g\u00e4ng Kristdemokrater som tr\u00e4ffas regelbundet och f\u00f6r att prata om hur vi vill forma framtiden f\u00f6r oss h\u00e4r i Arboga.<br \/>\nVi utg\u00e5r ifr\u00e5n b\u00e5de v\u00e5r stabila v\u00e4rdegrund och de behov vi ser lokalt och regionalt n\u00e4r vi formar v\u00e5r politik.<\/p>\n<ul>\n<li>Som medlem f\u00e5r du f\u00f6lja vad som h\u00e4nder i framf\u00f6rallt Arbogapolitiken men \u00e4ven vad som \u00e4r p\u00e5 g\u00e5ng i region och riksdag.<\/li>\n<li>Som medlem \u00e4r du ocks\u00e5 v\u00e4lkommen med p\u00e5 v\u00e5ra gruppm\u00f6ten och medlemsm\u00f6ten. Det \u00e4r gruppm\u00f6ten med v\u00e5ra ledam\u00f6ter i Kommunfullm\u00e4ktige och i n\u00e4mnderna. D\u00e4r f\u00e5r du en unik inblick i vad som \u00e4r p\u00e5 g\u00e5ng i kommunens n\u00e4mnder, i Kommunstyrelsen och i Fullm\u00e4ktige. Vi f\u00e5r information och vi har en viktig dialog om hur v\u00e5ra ledam\u00f6ter b\u00f6r agera i respektive n\u00e4mnd.<\/li>\n<li>Som medlem \u00e4r du v\u00e4lkommen till v\u00e5ra tr\u00e4ffar. \u00c5rsm\u00f6tet har vi en g\u00e5ng om \u00e5ret i februari m\u00e5nad.<\/li>\n<li>Som medlem f\u00e5r du ocks\u00e5 tillg\u00e5ng till v\u00e5rt intran\u00e4t KD Plus.<\/li>\n<\/ul>\n<p>Engagera dig, var med och p\u00e5verka utvecklingen av Arboga och i V\u00e4stra m\u00e4lardalen.<br \/>\nTryck p\u00e5 knappen nedan och anm\u00e4l dig som medlem redan idag<\/p>\n<p><a href=\"https:\/\/kristdemokraterna.se\/engagera-dig\/bli-medlem\/\" rel=\"attachment wp-att-1870\"><img loading=\"lazy\" decoding=\"async\" class=\"alignleft wp-image-1870\" src=\"https:\/\/wp.kristdemokraterna.se\/arboga\/files\/2024\/01\/bli-medlem-300x73.jpg\" alt=\"\" width=\"197\" height=\"48\" srcset=\"https:\/\/wp.kristdemokraterna.se\/arboga\/files\/2024\/01\/bli-medlem-300x73.jpg 300w, https:\/\/wp.kristdemokraterna.se\/arboga\/files\/2024\/01\/bli-medlem-280x68.jpg 280w, https:\/\/wp.kristdemokraterna.se\/arboga\/files\/2024\/01\/bli-medlem-340x82.jpg 340w, https:\/\/wp.kristdemokraterna.se\/arboga\/files\/2024\/01\/bli-medlem-200x48.jpg 200w, https:\/\/wp.kristdemokraterna.se\/arboga\/files\/2024\/01\/bli-medlem-231x56.jpg 231w, https:\/\/wp.kristdemokraterna.se\/arboga\/files\/2024\/01\/bli-medlem.jpg 351w\" sizes=\"auto, (max-width: 197px) 100vw, 197px\" \/><\/a><\/p>\n","protected":false},"excerpt":{"rendered":"<p>KD Arboga har n\u00e4rmare 50 medlemmar och vi har ambitionen att forts\u00e4tta v\u00e4xa. Vi \u00e4r ett folkr\u00f6relseparti som bygger p\u00e5 m\u00e4nniskors engagemang och en ambition att forma framtiden. Vi \u00e4r ett bra g\u00e4ng Kristdemokrater som tr\u00e4ffas regelbundet och f\u00f6r att prata om hur vi vill forma framtiden f\u00f6r oss h\u00e4r i Arboga. Vi utg\u00e5r ifr\u00e5n <a class=\"read-more-link\" href=\"https:\/\/wp.kristdemokraterna.se\/arboga\/engagera-dig\/bli-medlem\/\">L\u00e4s mer<\/a><\/p>\n","protected":false},"author":444,"featured_media":714,"parent":2222,"menu_order":0,"comment_status":"closed","ping_status":"closed","template":"page.php","meta":{"_acf_changed":false,"footnotes":""},"class_list":["post-2241","page","type-page","status-publish","hentry"],"acf":[],"yoast_head":"<!-- This site is optimized with the Yoast SEO plugin v27.3 - https:\/\/yoast.com\/product\/yoast-seo-wordpress\/ -->\n<title>Bli medlem - Kristdemokraterna | Arboga<\/title>\n<meta name=\"robots\" content=\"index, follow, max-snippet:-1, max-image-preview:large, max-video-preview:-1\" \/>\n<link rel=\"canonical\" href=\"https:\/\/wp.kristdemokraterna.se\/arboga\/engagera-dig\/bli-medlem\/\" \/>\n<meta property=\"og:locale\" content=\"sv_SE\" \/>\n<meta property=\"og:type\" content=\"article\" \/>\n<meta property=\"og:title\" content=\"Bli medlem - Kristdemokraterna | Arboga\" \/>\n<meta property=\"og:description\" content=\"KD Arboga har n\u00e4rmare 50 medlemmar och vi har ambitionen att forts\u00e4tta v\u00e4xa. Vi \u00e4r ett folkr\u00f6relseparti som bygger p\u00e5 m\u00e4nniskors engagemang och en ambition att forma framtiden. Vi \u00e4r ett bra g\u00e4ng Kristdemokrater som tr\u00e4ffas regelbundet och f\u00f6r att prata om hur vi vill forma framtiden f\u00f6r oss h\u00e4r i Arboga. Vi utg\u00e5r ifr\u00e5n L\u00e4s mer\" \/>\n<meta property=\"og:url\" content=\"https:\/\/wp.kristdemokraterna.se\/arboga\/engagera-dig\/bli-medlem\/\" \/>\n<meta property=\"og:site_name\" content=\"Kristdemokraterna | Arboga\" \/>\n<meta property=\"article:modified_time\" content=\"2024-03-12T16:23:26+00:00\" \/>\n<meta property=\"og:image\" content=\"https:\/\/wp.kristdemokraterna.se\/arboga\/files\/2024\/01\/bli-medlem-300x73.jpg\" \/>\n<meta name=\"twitter:card\" content=\"summary_large_image\" \/>\n<meta name=\"twitter:label1\" content=\"Ber\u00e4knad l\u00e4stid\" \/>\n\t<meta name=\"twitter:data1\" content=\"2 minuter\" \/>\n<script type=\"application\/ld+json\" class=\"yoast-schema-graph\">{\"@context\":\"https:\\\/\\\/schema.org\",\"@graph\":[{\"@type\":\"WebPage\",\"@id\":\"https:\\\/\\\/wp.kristdemokraterna.se\\\/arboga\\\/engagera-dig\\\/bli-medlem\\\/\",\"url\":\"https:\\\/\\\/wp.kristdemokraterna.se\\\/arboga\\\/engagera-dig\\\/bli-medlem\\\/\",\"name\":\"Bli medlem - Kristdemokraterna | Arboga\",\"isPartOf\":{\"@id\":\"https:\\\/\\\/wp.kristdemokraterna.se\\\/arboga\\\/#website\"},\"primaryImageOfPage\":{\"@id\":\"https:\\\/\\\/wp.kristdemokraterna.se\\\/arboga\\\/engagera-dig\\\/bli-medlem\\\/#primaryimage\"},\"image\":{\"@id\":\"https:\\\/\\\/wp.kristdemokraterna.se\\\/arboga\\\/engagera-dig\\\/bli-medlem\\\/#primaryimage\"},\"thumbnailUrl\":\"\",\"datePublished\":\"2024-01-26T11:42:32+00:00\",\"dateModified\":\"2024-03-12T16:23:26+00:00\",\"breadcrumb\":{\"@id\":\"https:\\\/\\\/wp.kristdemokraterna.se\\\/arboga\\\/engagera-dig\\\/bli-medlem\\\/#breadcrumb\"},\"inLanguage\":\"sv-SE\",\"potentialAction\":[{\"@type\":\"ReadAction\",\"target\":[\"https:\\\/\\\/wp.kristdemokraterna.se\\\/arboga\\\/engagera-dig\\\/bli-medlem\\\/\"]}]},{\"@type\":\"ImageObject\",\"inLanguage\":\"sv-SE\",\"@id\":\"https:\\\/\\\/wp.kristdemokraterna.se\\\/arboga\\\/engagera-dig\\\/bli-medlem\\\/#primaryimage\",\"url\":\"\",\"contentUrl\":\"\"},{\"@type\":\"BreadcrumbList\",\"@id\":\"https:\\\/\\\/wp.kristdemokraterna.se\\\/arboga\\\/engagera-dig\\\/bli-medlem\\\/#breadcrumb\",\"itemListElement\":[{\"@type\":\"ListItem\",\"position\":1,\"name\":\"Hem\",\"item\":\"https:\\\/\\\/wp.kristdemokraterna.se\\\/arboga\\\/\"},{\"@type\":\"ListItem\",\"position\":2,\"name\":\"Engagera dig\",\"item\":\"https:\\\/\\\/wp.kristdemokraterna.se\\\/arboga\\\/engagera-dig\\\/\"},{\"@type\":\"ListItem\",\"position\":3,\"name\":\"Bli medlem\"}]},{\"@type\":\"WebSite\",\"@id\":\"https:\\\/\\\/wp.kristdemokraterna.se\\\/arboga\\\/#website\",\"url\":\"https:\\\/\\\/wp.kristdemokraterna.se\\\/arboga\\\/\",\"name\":\"Kristdemokraterna | Arboga\",\"description\":\"En till Kristdemokraterna webbplats\",\"inLanguage\":\"sv-SE\"}]}<\/script>\n<!-- \/ Yoast SEO plugin. -->","yoast_head_json":{"title":"Bli medlem - Kristdemokraterna | Arboga","robots":{"index":"index","follow":"follow","max-snippet":"max-snippet:-1","max-image-preview":"max-image-preview:large","max-video-preview":"max-video-preview:-1"},"canonical":"https:\/\/wp.kristdemokraterna.se\/arboga\/engagera-dig\/bli-medlem\/","og_locale":"sv_SE","og_type":"article","og_title":"Bli medlem - Kristdemokraterna | Arboga","og_description":"KD Arboga har n\u00e4rmare 50 medlemmar och vi har ambitionen att forts\u00e4tta v\u00e4xa. Vi \u00e4r ett folkr\u00f6relseparti som bygger p\u00e5 m\u00e4nniskors engagemang och en ambition att forma framtiden. Vi \u00e4r ett bra g\u00e4ng Kristdemokrater som tr\u00e4ffas regelbundet och f\u00f6r att prata om hur vi vill forma framtiden f\u00f6r oss h\u00e4r i Arboga. Vi utg\u00e5r ifr\u00e5n L\u00e4s mer","og_url":"https:\/\/wp.kristdemokraterna.se\/arboga\/engagera-dig\/bli-medlem\/","og_site_name":"Kristdemokraterna | Arboga","article_modified_time":"2024-03-12T16:23:26+00:00","og_image":[{"url":"https:\/\/wp.kristdemokraterna.se\/arboga\/files\/2024\/01\/bli-medlem-300x73.jpg","type":"","width":"","height":""}],"twitter_card":"summary_large_image","twitter_misc":{"Ber\u00e4knad l\u00e4stid":"2 minuter"},"schema":{"@context":"https:\/\/schema.org","@graph":[{"@type":"WebPage","@id":"https:\/\/wp.kristdemokraterna.se\/arboga\/engagera-dig\/bli-medlem\/","url":"https:\/\/wp.kristdemokraterna.se\/arboga\/engagera-dig\/bli-medlem\/","name":"Bli medlem - Kristdemokraterna | Arboga","isPartOf":{"@id":"https:\/\/wp.kristdemokraterna.se\/arboga\/#website"},"primaryImageOfPage":{"@id":"https:\/\/wp.kristdemokraterna.se\/arboga\/engagera-dig\/bli-medlem\/#primaryimage"},"image":{"@id":"https:\/\/wp.kristdemokraterna.se\/arboga\/engagera-dig\/bli-medlem\/#primaryimage"},"thumbnailUrl":"","datePublished":"2024-01-26T11:42:32+00:00","dateModified":"2024-03-12T16:23:26+00:00","breadcrumb":{"@id":"https:\/\/wp.kristdemokraterna.se\/arboga\/engagera-dig\/bli-medlem\/#breadcrumb"},"inLanguage":"sv-SE","potentialAction":[{"@type":"ReadAction","target":["https:\/\/wp.kristdemokraterna.se\/arboga\/engagera-dig\/bli-medlem\/"]}]},{"@type":"ImageObject","inLanguage":"sv-SE","@id":"https:\/\/wp.kristdemokraterna.se\/arboga\/engagera-dig\/bli-medlem\/#primaryimage","url":"","contentUrl":""},{"@type":"BreadcrumbList","@id":"https:\/\/wp.kristdemokraterna.se\/arboga\/engagera-dig\/bli-medlem\/#breadcrumb","itemListElement":[{"@type":"ListItem","position":1,"name":"Hem","item":"https:\/\/wp.kristdemokraterna.se\/arboga\/"},{"@type":"ListItem","position":2,"name":"Engagera dig","item":"https:\/\/wp.kristdemokraterna.se\/arboga\/engagera-dig\/"},{"@type":"ListItem","position":3,"name":"Bli medlem"}]},{"@type":"WebSite","@id":"https:\/\/wp.kristdemokraterna.se\/arboga\/#website","url":"https:\/\/wp.kristdemokraterna.se\/arboga\/","name":"Kristdemokraterna | Arboga","description":"En till Kristdemokraterna webbplats","inLanguage":"sv-SE"}]}},"_links":{"self":[{"href":"https:\/\/wp.kristdemokraterna.se\/arboga\/wp-json\/wp\/v2\/pages\/2241","targetHints":{"allow":["GET"]}}],"collection":[{"href":"https:\/\/wp.kristdemokraterna.se\/arboga\/wp-json\/wp\/v2\/pages"}],"about":[{"href":"https:\/\/wp.kristdemokraterna.se\/arboga\/wp-json\/wp\/v2\/types\/page"}],"author":[{"embeddable":true,"href":"https:\/\/wp.kristdemokraterna.se\/arboga\/wp-json\/wp\/v2\/users\/444"}],"replies":[{"embeddable":true,"href":"https:\/\/wp.kristdemokraterna.se\/arboga\/wp-json\/wp\/v2\/comments?post=2241"}],"version-history":[{"count":2,"href":"https:\/\/wp.kristdemokraterna.se\/arboga\/wp-json\/wp\/v2\/pages\/2241\/revisions"}],"predecessor-version":[{"id":2644,"href":"https:\/\/wp.kristdemokraterna.se\/arboga\/wp-json\/wp\/v2\/pages\/2241\/revisions\/2644"}],"up":[{"embeddable":true,"href":"https:\/\/wp.kristdemokraterna.se\/arboga\/wp-json\/wp\/v2\/pages\/2222"}],"wp:featuredmedia":[{"embeddable":true,"href":"https:\/\/wp.kristdemokraterna.se\/arboga\/wp-json\/"}],"wp:attachment":[{"href":"https:\/\/wp.kristdemokraterna.se\/arboga\/wp-json\/wp\/v2\/media?parent=2241"}],"curies":[{"name":"wp","href":"https:\/\/api.w.org\/{rel}","templated":true}]}}