{"id":2251,"date":"2024-01-26T12:52:11","date_gmt":"2024-01-26T11:52:11","guid":{"rendered":"https:\/\/wp.kristdemokraterna.se\/koping\/?page_id=2251"},"modified":"2024-03-12T17:32:25","modified_gmt":"2024-03-12T16:32:25","slug":"bli-kampanjarbetare","status":"publish","type":"page","link":"https:\/\/wp.kristdemokraterna.se\/arboga\/engagera-dig\/bli-kampanjarbetare\/","title":{"rendered":"Bli kampanjarbetare"},"content":{"rendered":"<p>Vi syns och vi n\u00e5r m\u00e5nga n\u00e4r vi delar ut flygblad och annat kampanjmaterial centralt i Arboga. Det \u00e4r framf\u00f6rallt inf\u00f6r EU-val och inf\u00f6r valet till kommun, region och riksdag som alla partier brukar l\u00e4gga in en extra v\u00e4xel f\u00f6r att n\u00e5 ut med det egna programmet,<\/p>\n<p>Det finns ett intresse f\u00f6r politik hos Arbogaborna. De tar emot v\u00e5ra flygblad. N\u00e5gra ber om ett komplett partiprogram. N\u00e5gra g\u00e5r med som medlemmar i KD medan andra f\u00f6rst vill l\u00e4sa in sig om v\u00e5r politik f\u00f6r att j\u00e4mf\u00f6ra med andra partier. Ibland st\u00e5r valet mellan oss och ett annat politiskt parti.<\/p>\n<p>Det \u00e4r inte sv\u00e5rt att vara kampanjarbetare, Ofta r\u00e4cker det med att kunna f\u00f6rklara varf\u00f6r man sj\u00e4lv valt att aktivera sig i KD. Ingen kan svara p\u00e5 alla fr\u00e5gor. D\u00e4rf\u00f6r\u00a0\u00e4r det helt ok att be om att st\u00e4mma av fr\u00e5gan och f\u00f6r att senare \u00e5terkomma med ett svar.<\/p>\n","protected":false},"excerpt":{"rendered":"<p>Vi syns och vi n\u00e5r m\u00e5nga n\u00e4r vi delar ut flygblad och annat kampanjmaterial centralt i Arboga. Det \u00e4r framf\u00f6rallt inf\u00f6r EU-val och inf\u00f6r valet till kommun, region och riksdag som alla partier brukar l\u00e4gga in en extra v\u00e4xel f\u00f6r att n\u00e5 ut med det egna programmet, Det finns ett intresse f\u00f6r politik hos Arbogaborna. <a class=\"read-more-link\" href=\"https:\/\/wp.kristdemokraterna.se\/arboga\/engagera-dig\/bli-kampanjarbetare\/\">L\u00e4s mer<\/a><\/p>\n","protected":false},"author":444,"featured_media":714,"parent":2222,"menu_order":0,"comment_status":"closed","ping_status":"closed","template":"page.php","meta":{"_acf_changed":false,"footnotes":""},"class_list":["post-2251","page","type-page","status-publish","hentry"],"acf":[],"yoast_head":"<!-- This site is optimized with the Yoast SEO plugin v27.4 - https:\/\/yoast.com\/product\/yoast-seo-wordpress\/ -->\n<title>Bli kampanjarbetare - Kristdemokraterna | Arboga<\/title>\n<meta name=\"robots\" content=\"index, follow, max-snippet:-1, max-image-preview:large, max-video-preview:-1\" \/>\n<link rel=\"canonical\" href=\"https:\/\/wp.kristdemokraterna.se\/arboga\/engagera-dig\/bli-kampanjarbetare\/\" \/>\n<meta property=\"og:locale\" content=\"sv_SE\" \/>\n<meta property=\"og:type\" content=\"article\" \/>\n<meta property=\"og:title\" content=\"Bli kampanjarbetare - Kristdemokraterna | Arboga\" \/>\n<meta property=\"og:description\" content=\"Vi syns och vi n\u00e5r m\u00e5nga n\u00e4r vi delar ut flygblad och annat kampanjmaterial centralt i Arboga. Det \u00e4r framf\u00f6rallt inf\u00f6r EU-val och inf\u00f6r valet till kommun, region och riksdag som alla partier brukar l\u00e4gga in en extra v\u00e4xel f\u00f6r att n\u00e5 ut med det egna programmet, Det finns ett intresse f\u00f6r politik hos Arbogaborna. L\u00e4s mer\" \/>\n<meta property=\"og:url\" content=\"https:\/\/wp.kristdemokraterna.se\/arboga\/engagera-dig\/bli-kampanjarbetare\/\" \/>\n<meta property=\"og:site_name\" content=\"Kristdemokraterna | Arboga\" \/>\n<meta property=\"article:modified_time\" content=\"2024-03-12T16:32:25+00:00\" \/>\n<meta name=\"twitter:card\" content=\"summary_large_image\" \/>\n<meta name=\"twitter:label1\" content=\"Ber\u00e4knad l\u00e4stid\" \/>\n\t<meta name=\"twitter:data1\" content=\"1 minut\" \/>\n<script type=\"application\/ld+json\" class=\"yoast-schema-graph\">{\"@context\":\"https:\\\/\\\/schema.org\",\"@graph\":[{\"@type\":\"WebPage\",\"@id\":\"https:\\\/\\\/wp.kristdemokraterna.se\\\/arboga\\\/engagera-dig\\\/bli-kampanjarbetare\\\/\",\"url\":\"https:\\\/\\\/wp.kristdemokraterna.se\\\/arboga\\\/engagera-dig\\\/bli-kampanjarbetare\\\/\",\"name\":\"Bli kampanjarbetare - Kristdemokraterna | Arboga\",\"isPartOf\":{\"@id\":\"https:\\\/\\\/wp.kristdemokraterna.se\\\/arboga\\\/#website\"},\"primaryImageOfPage\":{\"@id\":\"https:\\\/\\\/wp.kristdemokraterna.se\\\/arboga\\\/engagera-dig\\\/bli-kampanjarbetare\\\/#primaryimage\"},\"image\":{\"@id\":\"https:\\\/\\\/wp.kristdemokraterna.se\\\/arboga\\\/engagera-dig\\\/bli-kampanjarbetare\\\/#primaryimage\"},\"thumbnailUrl\":\"\",\"datePublished\":\"2024-01-26T11:52:11+00:00\",\"dateModified\":\"2024-03-12T16:32:25+00:00\",\"breadcrumb\":{\"@id\":\"https:\\\/\\\/wp.kristdemokraterna.se\\\/arboga\\\/engagera-dig\\\/bli-kampanjarbetare\\\/#breadcrumb\"},\"inLanguage\":\"sv-SE\",\"potentialAction\":[{\"@type\":\"ReadAction\",\"target\":[\"https:\\\/\\\/wp.kristdemokraterna.se\\\/arboga\\\/engagera-dig\\\/bli-kampanjarbetare\\\/\"]}]},{\"@type\":\"ImageObject\",\"inLanguage\":\"sv-SE\",\"@id\":\"https:\\\/\\\/wp.kristdemokraterna.se\\\/arboga\\\/engagera-dig\\\/bli-kampanjarbetare\\\/#primaryimage\",\"url\":\"\",\"contentUrl\":\"\"},{\"@type\":\"BreadcrumbList\",\"@id\":\"https:\\\/\\\/wp.kristdemokraterna.se\\\/arboga\\\/engagera-dig\\\/bli-kampanjarbetare\\\/#breadcrumb\",\"itemListElement\":[{\"@type\":\"ListItem\",\"position\":1,\"name\":\"Hem\",\"item\":\"https:\\\/\\\/wp.kristdemokraterna.se\\\/arboga\\\/\"},{\"@type\":\"ListItem\",\"position\":2,\"name\":\"Engagera dig\",\"item\":\"https:\\\/\\\/wp.kristdemokraterna.se\\\/arboga\\\/engagera-dig\\\/\"},{\"@type\":\"ListItem\",\"position\":3,\"name\":\"Bli kampanjarbetare\"}]},{\"@type\":\"WebSite\",\"@id\":\"https:\\\/\\\/wp.kristdemokraterna.se\\\/arboga\\\/#website\",\"url\":\"https:\\\/\\\/wp.kristdemokraterna.se\\\/arboga\\\/\",\"name\":\"Kristdemokraterna | Arboga\",\"description\":\"En till Kristdemokraterna webbplats\",\"inLanguage\":\"sv-SE\"}]}<\/script>\n<!-- \/ Yoast SEO plugin. -->","yoast_head_json":{"title":"Bli kampanjarbetare - Kristdemokraterna | Arboga","robots":{"index":"index","follow":"follow","max-snippet":"max-snippet:-1","max-image-preview":"max-image-preview:large","max-video-preview":"max-video-preview:-1"},"canonical":"https:\/\/wp.kristdemokraterna.se\/arboga\/engagera-dig\/bli-kampanjarbetare\/","og_locale":"sv_SE","og_type":"article","og_title":"Bli kampanjarbetare - Kristdemokraterna | Arboga","og_description":"Vi syns och vi n\u00e5r m\u00e5nga n\u00e4r vi delar ut flygblad och annat kampanjmaterial centralt i Arboga. Det \u00e4r framf\u00f6rallt inf\u00f6r EU-val och inf\u00f6r valet till kommun, region och riksdag som alla partier brukar l\u00e4gga in en extra v\u00e4xel f\u00f6r att n\u00e5 ut med det egna programmet, Det finns ett intresse f\u00f6r politik hos Arbogaborna. L\u00e4s mer","og_url":"https:\/\/wp.kristdemokraterna.se\/arboga\/engagera-dig\/bli-kampanjarbetare\/","og_site_name":"Kristdemokraterna | Arboga","article_modified_time":"2024-03-12T16:32:25+00:00","twitter_card":"summary_large_image","twitter_misc":{"Ber\u00e4knad l\u00e4stid":"1 minut"},"schema":{"@context":"https:\/\/schema.org","@graph":[{"@type":"WebPage","@id":"https:\/\/wp.kristdemokraterna.se\/arboga\/engagera-dig\/bli-kampanjarbetare\/","url":"https:\/\/wp.kristdemokraterna.se\/arboga\/engagera-dig\/bli-kampanjarbetare\/","name":"Bli kampanjarbetare - Kristdemokraterna | Arboga","isPartOf":{"@id":"https:\/\/wp.kristdemokraterna.se\/arboga\/#website"},"primaryImageOfPage":{"@id":"https:\/\/wp.kristdemokraterna.se\/arboga\/engagera-dig\/bli-kampanjarbetare\/#primaryimage"},"image":{"@id":"https:\/\/wp.kristdemokraterna.se\/arboga\/engagera-dig\/bli-kampanjarbetare\/#primaryimage"},"thumbnailUrl":"","datePublished":"2024-01-26T11:52:11+00:00","dateModified":"2024-03-12T16:32:25+00:00","breadcrumb":{"@id":"https:\/\/wp.kristdemokraterna.se\/arboga\/engagera-dig\/bli-kampanjarbetare\/#breadcrumb"},"inLanguage":"sv-SE","potentialAction":[{"@type":"ReadAction","target":["https:\/\/wp.kristdemokraterna.se\/arboga\/engagera-dig\/bli-kampanjarbetare\/"]}]},{"@type":"ImageObject","inLanguage":"sv-SE","@id":"https:\/\/wp.kristdemokraterna.se\/arboga\/engagera-dig\/bli-kampanjarbetare\/#primaryimage","url":"","contentUrl":""},{"@type":"BreadcrumbList","@id":"https:\/\/wp.kristdemokraterna.se\/arboga\/engagera-dig\/bli-kampanjarbetare\/#breadcrumb","itemListElement":[{"@type":"ListItem","position":1,"name":"Hem","item":"https:\/\/wp.kristdemokraterna.se\/arboga\/"},{"@type":"ListItem","position":2,"name":"Engagera dig","item":"https:\/\/wp.kristdemokraterna.se\/arboga\/engagera-dig\/"},{"@type":"ListItem","position":3,"name":"Bli kampanjarbetare"}]},{"@type":"WebSite","@id":"https:\/\/wp.kristdemokraterna.se\/arboga\/#website","url":"https:\/\/wp.kristdemokraterna.se\/arboga\/","name":"Kristdemokraterna | Arboga","description":"En till Kristdemokraterna webbplats","inLanguage":"sv-SE"}]}},"_links":{"self":[{"href":"https:\/\/wp.kristdemokraterna.se\/arboga\/wp-json\/wp\/v2\/pages\/2251","targetHints":{"allow":["GET"]}}],"collection":[{"href":"https:\/\/wp.kristdemokraterna.se\/arboga\/wp-json\/wp\/v2\/pages"}],"about":[{"href":"https:\/\/wp.kristdemokraterna.se\/arboga\/wp-json\/wp\/v2\/types\/page"}],"author":[{"embeddable":true,"href":"https:\/\/wp.kristdemokraterna.se\/arboga\/wp-json\/wp\/v2\/users\/444"}],"replies":[{"embeddable":true,"href":"https:\/\/wp.kristdemokraterna.se\/arboga\/wp-json\/wp\/v2\/comments?post=2251"}],"version-history":[{"count":1,"href":"https:\/\/wp.kristdemokraterna.se\/arboga\/wp-json\/wp\/v2\/pages\/2251\/revisions"}],"predecessor-version":[{"id":2651,"href":"https:\/\/wp.kristdemokraterna.se\/arboga\/wp-json\/wp\/v2\/pages\/2251\/revisions\/2651"}],"up":[{"embeddable":true,"href":"https:\/\/wp.kristdemokraterna.se\/arboga\/wp-json\/wp\/v2\/pages\/2222"}],"wp:featuredmedia":[{"embeddable":true,"href":"https:\/\/wp.kristdemokraterna.se\/arboga\/wp-json\/"}],"wp:attachment":[{"href":"https:\/\/wp.kristdemokraterna.se\/arboga\/wp-json\/wp\/v2\/media?parent=2251"}],"curies":[{"name":"wp","href":"https:\/\/api.w.org\/{rel}","templated":true}]}}