{"id":2254,"date":"2024-01-26T12:54:25","date_gmt":"2024-01-26T11:54:25","guid":{"rendered":"https:\/\/wp.kristdemokraterna.se\/koping\/?page_id=2254"},"modified":"2024-03-12T17:33:56","modified_gmt":"2024-03-12T16:33:56","slug":"each-one-brings-one","status":"publish","type":"page","link":"https:\/\/wp.kristdemokraterna.se\/arboga\/engagera-dig\/each-one-brings-one\/","title":{"rendered":"Each one brings one"},"content":{"rendered":"<p>Uttrycket &#8221;each one brings one&#8221; betyder att var och en bidrar med en till. V\u00e4rvar vi en ny medlem vardera blir vi dubbels s\u00e5 m\u00e5nga.\u00a0 Sv\u00e5rare \u00e4r det inte. Du kan t ex\u00a0 v\u00e4rva egna familjemedlemmar, sl\u00e4kt, v\u00e4nner, arbetskamrater, yrkeskollegor, f\u00f6retagsv\u00e4nner f\u00f6reningsm\u00e4nniskor och nya i stan.<\/p>\n<p>Fr\u00e5gor du kan st\u00e4lla till t\u00e4nkbara medlemmar \u00e4r:<\/p>\n<ul>\n<li>Vill du ha ett attraktivt och tryggt Arboga, med ett levande centrum med tillv\u00e4xt och framtidstro?<\/li>\n<li>Vill du l\u00e4ra dig mer om KD:s inspirerande v\u00e4rdegrund och vad den ger oss i v\u00e5r vardag?<\/li>\n<li>Vill du vara en del av Europas st\u00f6rsta och mest betydelsefulla politiska r\u00f6relse?<\/li>\n<\/ul>\n<p>Svarar de JA p\u00e5 dess tre fr\u00e5gor kan vi konstatera: &#8221; &#8211; V\u00e4lkommen till KD Arboga, nu vet vi att du passar i v\u00e5rt parti&#8221;!<\/p>\n<p>Om du sj\u00e4lv eller den du v\u00e4rvar har en\u00a0modern mobiltelefon \u00e4r det busenkelt att anm\u00e4la sig som ny medlem.<\/p>\n<p><a href=\"https:\/\/kristdemokraterna.se\/engagera-dig\/bli-medlem\/\" rel=\"attachment wp-att-1870\"><img loading=\"lazy\" decoding=\"async\" class=\"alignleft wp-image-1870\" src=\"https:\/\/wp.kristdemokraterna.se\/arboga\/files\/2024\/01\/bli-medlem-300x73.jpg\" alt=\"\" width=\"218\" height=\"53\" srcset=\"https:\/\/wp.kristdemokraterna.se\/arboga\/files\/2024\/01\/bli-medlem-300x73.jpg 300w, https:\/\/wp.kristdemokraterna.se\/arboga\/files\/2024\/01\/bli-medlem-280x68.jpg 280w, https:\/\/wp.kristdemokraterna.se\/arboga\/files\/2024\/01\/bli-medlem-340x82.jpg 340w, https:\/\/wp.kristdemokraterna.se\/arboga\/files\/2024\/01\/bli-medlem-200x48.jpg 200w, https:\/\/wp.kristdemokraterna.se\/arboga\/files\/2024\/01\/bli-medlem-231x56.jpg 231w, https:\/\/wp.kristdemokraterna.se\/arboga\/files\/2024\/01\/bli-medlem.jpg 351w\" sizes=\"auto, (max-width: 218px) 100vw, 218px\" \/><\/a><\/p>\n","protected":false},"excerpt":{"rendered":"<p>Uttrycket &#8221;each one brings one&#8221; betyder att var och en bidrar med en till. V\u00e4rvar vi en ny medlem vardera blir vi dubbels s\u00e5 m\u00e5nga.\u00a0 Sv\u00e5rare \u00e4r det inte. Du kan t ex\u00a0 v\u00e4rva egna familjemedlemmar, sl\u00e4kt, v\u00e4nner, arbetskamrater, yrkeskollegor, f\u00f6retagsv\u00e4nner f\u00f6reningsm\u00e4nniskor och nya i stan. Fr\u00e5gor du kan st\u00e4lla till t\u00e4nkbara medlemmar \u00e4r: Vill <a class=\"read-more-link\" href=\"https:\/\/wp.kristdemokraterna.se\/arboga\/engagera-dig\/each-one-brings-one\/\">L\u00e4s mer<\/a><\/p>\n","protected":false},"author":444,"featured_media":714,"parent":2222,"menu_order":0,"comment_status":"closed","ping_status":"closed","template":"page.php","meta":{"_acf_changed":false,"footnotes":""},"class_list":["post-2254","page","type-page","status-publish","hentry"],"acf":[],"yoast_head":"<!-- This site is optimized with the Yoast SEO plugin v27.3 - https:\/\/yoast.com\/product\/yoast-seo-wordpress\/ -->\n<title>Each one brings one - Kristdemokraterna | Arboga<\/title>\n<meta name=\"robots\" content=\"index, follow, max-snippet:-1, max-image-preview:large, max-video-preview:-1\" \/>\n<link rel=\"canonical\" href=\"https:\/\/wp.kristdemokraterna.se\/arboga\/engagera-dig\/each-one-brings-one\/\" \/>\n<meta property=\"og:locale\" content=\"sv_SE\" \/>\n<meta property=\"og:type\" content=\"article\" \/>\n<meta property=\"og:title\" content=\"Each one brings one - Kristdemokraterna | Arboga\" \/>\n<meta property=\"og:description\" content=\"Uttrycket &#8221;each one brings one&#8221; betyder att var och en bidrar med en till. V\u00e4rvar vi en ny medlem vardera blir vi dubbels s\u00e5 m\u00e5nga.\u00a0 Sv\u00e5rare \u00e4r det inte. Du kan t ex\u00a0 v\u00e4rva egna familjemedlemmar, sl\u00e4kt, v\u00e4nner, arbetskamrater, yrkeskollegor, f\u00f6retagsv\u00e4nner f\u00f6reningsm\u00e4nniskor och nya i stan. Fr\u00e5gor du kan st\u00e4lla till t\u00e4nkbara medlemmar \u00e4r: Vill L\u00e4s mer\" \/>\n<meta property=\"og:url\" content=\"https:\/\/wp.kristdemokraterna.se\/arboga\/engagera-dig\/each-one-brings-one\/\" \/>\n<meta property=\"og:site_name\" content=\"Kristdemokraterna | Arboga\" \/>\n<meta property=\"article:modified_time\" content=\"2024-03-12T16:33:56+00:00\" \/>\n<meta property=\"og:image\" content=\"https:\/\/wp.kristdemokraterna.se\/arboga\/files\/2024\/01\/bli-medlem-300x73.jpg\" \/>\n<meta name=\"twitter:card\" content=\"summary_large_image\" \/>\n<meta name=\"twitter:label1\" content=\"Ber\u00e4knad l\u00e4stid\" \/>\n\t<meta name=\"twitter:data1\" content=\"1 minut\" \/>\n<script type=\"application\/ld+json\" class=\"yoast-schema-graph\">{\"@context\":\"https:\\\/\\\/schema.org\",\"@graph\":[{\"@type\":\"WebPage\",\"@id\":\"https:\\\/\\\/wp.kristdemokraterna.se\\\/arboga\\\/engagera-dig\\\/each-one-brings-one\\\/\",\"url\":\"https:\\\/\\\/wp.kristdemokraterna.se\\\/arboga\\\/engagera-dig\\\/each-one-brings-one\\\/\",\"name\":\"Each one brings one - Kristdemokraterna | Arboga\",\"isPartOf\":{\"@id\":\"https:\\\/\\\/wp.kristdemokraterna.se\\\/arboga\\\/#website\"},\"primaryImageOfPage\":{\"@id\":\"https:\\\/\\\/wp.kristdemokraterna.se\\\/arboga\\\/engagera-dig\\\/each-one-brings-one\\\/#primaryimage\"},\"image\":{\"@id\":\"https:\\\/\\\/wp.kristdemokraterna.se\\\/arboga\\\/engagera-dig\\\/each-one-brings-one\\\/#primaryimage\"},\"thumbnailUrl\":\"\",\"datePublished\":\"2024-01-26T11:54:25+00:00\",\"dateModified\":\"2024-03-12T16:33:56+00:00\",\"breadcrumb\":{\"@id\":\"https:\\\/\\\/wp.kristdemokraterna.se\\\/arboga\\\/engagera-dig\\\/each-one-brings-one\\\/#breadcrumb\"},\"inLanguage\":\"sv-SE\",\"potentialAction\":[{\"@type\":\"ReadAction\",\"target\":[\"https:\\\/\\\/wp.kristdemokraterna.se\\\/arboga\\\/engagera-dig\\\/each-one-brings-one\\\/\"]}]},{\"@type\":\"ImageObject\",\"inLanguage\":\"sv-SE\",\"@id\":\"https:\\\/\\\/wp.kristdemokraterna.se\\\/arboga\\\/engagera-dig\\\/each-one-brings-one\\\/#primaryimage\",\"url\":\"\",\"contentUrl\":\"\"},{\"@type\":\"BreadcrumbList\",\"@id\":\"https:\\\/\\\/wp.kristdemokraterna.se\\\/arboga\\\/engagera-dig\\\/each-one-brings-one\\\/#breadcrumb\",\"itemListElement\":[{\"@type\":\"ListItem\",\"position\":1,\"name\":\"Hem\",\"item\":\"https:\\\/\\\/wp.kristdemokraterna.se\\\/arboga\\\/\"},{\"@type\":\"ListItem\",\"position\":2,\"name\":\"Engagera dig\",\"item\":\"https:\\\/\\\/wp.kristdemokraterna.se\\\/arboga\\\/engagera-dig\\\/\"},{\"@type\":\"ListItem\",\"position\":3,\"name\":\"Each one brings one\"}]},{\"@type\":\"WebSite\",\"@id\":\"https:\\\/\\\/wp.kristdemokraterna.se\\\/arboga\\\/#website\",\"url\":\"https:\\\/\\\/wp.kristdemokraterna.se\\\/arboga\\\/\",\"name\":\"Kristdemokraterna | Arboga\",\"description\":\"En till Kristdemokraterna webbplats\",\"inLanguage\":\"sv-SE\"}]}<\/script>\n<!-- \/ Yoast SEO plugin. -->","yoast_head_json":{"title":"Each one brings one - Kristdemokraterna | Arboga","robots":{"index":"index","follow":"follow","max-snippet":"max-snippet:-1","max-image-preview":"max-image-preview:large","max-video-preview":"max-video-preview:-1"},"canonical":"https:\/\/wp.kristdemokraterna.se\/arboga\/engagera-dig\/each-one-brings-one\/","og_locale":"sv_SE","og_type":"article","og_title":"Each one brings one - Kristdemokraterna | Arboga","og_description":"Uttrycket &#8221;each one brings one&#8221; betyder att var och en bidrar med en till. V\u00e4rvar vi en ny medlem vardera blir vi dubbels s\u00e5 m\u00e5nga.\u00a0 Sv\u00e5rare \u00e4r det inte. Du kan t ex\u00a0 v\u00e4rva egna familjemedlemmar, sl\u00e4kt, v\u00e4nner, arbetskamrater, yrkeskollegor, f\u00f6retagsv\u00e4nner f\u00f6reningsm\u00e4nniskor och nya i stan. Fr\u00e5gor du kan st\u00e4lla till t\u00e4nkbara medlemmar \u00e4r: Vill L\u00e4s mer","og_url":"https:\/\/wp.kristdemokraterna.se\/arboga\/engagera-dig\/each-one-brings-one\/","og_site_name":"Kristdemokraterna | Arboga","article_modified_time":"2024-03-12T16:33:56+00:00","og_image":[{"url":"https:\/\/wp.kristdemokraterna.se\/arboga\/files\/2024\/01\/bli-medlem-300x73.jpg","type":"","width":"","height":""}],"twitter_card":"summary_large_image","twitter_misc":{"Ber\u00e4knad l\u00e4stid":"1 minut"},"schema":{"@context":"https:\/\/schema.org","@graph":[{"@type":"WebPage","@id":"https:\/\/wp.kristdemokraterna.se\/arboga\/engagera-dig\/each-one-brings-one\/","url":"https:\/\/wp.kristdemokraterna.se\/arboga\/engagera-dig\/each-one-brings-one\/","name":"Each one brings one - Kristdemokraterna | Arboga","isPartOf":{"@id":"https:\/\/wp.kristdemokraterna.se\/arboga\/#website"},"primaryImageOfPage":{"@id":"https:\/\/wp.kristdemokraterna.se\/arboga\/engagera-dig\/each-one-brings-one\/#primaryimage"},"image":{"@id":"https:\/\/wp.kristdemokraterna.se\/arboga\/engagera-dig\/each-one-brings-one\/#primaryimage"},"thumbnailUrl":"","datePublished":"2024-01-26T11:54:25+00:00","dateModified":"2024-03-12T16:33:56+00:00","breadcrumb":{"@id":"https:\/\/wp.kristdemokraterna.se\/arboga\/engagera-dig\/each-one-brings-one\/#breadcrumb"},"inLanguage":"sv-SE","potentialAction":[{"@type":"ReadAction","target":["https:\/\/wp.kristdemokraterna.se\/arboga\/engagera-dig\/each-one-brings-one\/"]}]},{"@type":"ImageObject","inLanguage":"sv-SE","@id":"https:\/\/wp.kristdemokraterna.se\/arboga\/engagera-dig\/each-one-brings-one\/#primaryimage","url":"","contentUrl":""},{"@type":"BreadcrumbList","@id":"https:\/\/wp.kristdemokraterna.se\/arboga\/engagera-dig\/each-one-brings-one\/#breadcrumb","itemListElement":[{"@type":"ListItem","position":1,"name":"Hem","item":"https:\/\/wp.kristdemokraterna.se\/arboga\/"},{"@type":"ListItem","position":2,"name":"Engagera dig","item":"https:\/\/wp.kristdemokraterna.se\/arboga\/engagera-dig\/"},{"@type":"ListItem","position":3,"name":"Each one brings one"}]},{"@type":"WebSite","@id":"https:\/\/wp.kristdemokraterna.se\/arboga\/#website","url":"https:\/\/wp.kristdemokraterna.se\/arboga\/","name":"Kristdemokraterna | Arboga","description":"En till Kristdemokraterna webbplats","inLanguage":"sv-SE"}]}},"_links":{"self":[{"href":"https:\/\/wp.kristdemokraterna.se\/arboga\/wp-json\/wp\/v2\/pages\/2254","targetHints":{"allow":["GET"]}}],"collection":[{"href":"https:\/\/wp.kristdemokraterna.se\/arboga\/wp-json\/wp\/v2\/pages"}],"about":[{"href":"https:\/\/wp.kristdemokraterna.se\/arboga\/wp-json\/wp\/v2\/types\/page"}],"author":[{"embeddable":true,"href":"https:\/\/wp.kristdemokraterna.se\/arboga\/wp-json\/wp\/v2\/users\/444"}],"replies":[{"embeddable":true,"href":"https:\/\/wp.kristdemokraterna.se\/arboga\/wp-json\/wp\/v2\/comments?post=2254"}],"version-history":[{"count":1,"href":"https:\/\/wp.kristdemokraterna.se\/arboga\/wp-json\/wp\/v2\/pages\/2254\/revisions"}],"predecessor-version":[{"id":2652,"href":"https:\/\/wp.kristdemokraterna.se\/arboga\/wp-json\/wp\/v2\/pages\/2254\/revisions\/2652"}],"up":[{"embeddable":true,"href":"https:\/\/wp.kristdemokraterna.se\/arboga\/wp-json\/wp\/v2\/pages\/2222"}],"wp:featuredmedia":[{"embeddable":true,"href":"https:\/\/wp.kristdemokraterna.se\/arboga\/wp-json\/"}],"wp:attachment":[{"href":"https:\/\/wp.kristdemokraterna.se\/arboga\/wp-json\/wp\/v2\/media?parent=2254"}],"curies":[{"name":"wp","href":"https:\/\/api.w.org\/{rel}","templated":true}]}}