{"id":2257,"date":"2024-01-26T12:56:36","date_gmt":"2024-01-26T11:56:36","guid":{"rendered":"https:\/\/wp.kristdemokraterna.se\/koping\/?page_id=2257"},"modified":"2024-03-12T17:36:21","modified_gmt":"2024-03-12T16:36:21","slug":"fa-medlemsbrevet","status":"publish","type":"page","link":"https:\/\/wp.kristdemokraterna.se\/arboga\/engagera-dig\/fa-medlemsbrevet\/","title":{"rendered":"F\u00e5 medlemsbrevet"},"content":{"rendered":"<p>Som medlem kommer du regelbundet att f\u00e5 ett medlemsbrev via din e-post med aktuell information fr\u00e5n Kristdemokraterna.<\/p>\n<p>Du kommer att f\u00e5 inbjudningar till m\u00f6ten med v\u00e5r kommungrupp som tr\u00e4ffas regelbundet inf\u00f6r viktiga beslut i fullm\u00e4ktige och kommunstyrelsen. D\u00e4r f\u00e5r vi information om vilka \u00e4renden som \u00e4r aktuella i kommunpolitiken. D\u00e5 diskuterar vi vilka inspel vi kan g\u00f6ra och hur vi ska st\u00e4lla oss till olika f\u00f6rslag.<\/p>\n","protected":false},"excerpt":{"rendered":"<p>Som medlem kommer du regelbundet att f\u00e5 ett medlemsbrev via din e-post med aktuell information fr\u00e5n Kristdemokraterna. Du kommer att f\u00e5 inbjudningar till m\u00f6ten med v\u00e5r kommungrupp som tr\u00e4ffas regelbundet inf\u00f6r viktiga beslut i fullm\u00e4ktige och kommunstyrelsen. D\u00e4r f\u00e5r vi information om vilka \u00e4renden som \u00e4r aktuella i kommunpolitiken. D\u00e5 diskuterar vi vilka inspel vi <a class=\"read-more-link\" href=\"https:\/\/wp.kristdemokraterna.se\/arboga\/engagera-dig\/fa-medlemsbrevet\/\">L\u00e4s mer<\/a><\/p>\n","protected":false},"author":444,"featured_media":714,"parent":2222,"menu_order":0,"comment_status":"closed","ping_status":"closed","template":"page.php","meta":{"_acf_changed":false,"footnotes":""},"class_list":["post-2257","page","type-page","status-publish","hentry"],"acf":[],"yoast_head":"<!-- This site is optimized with the Yoast SEO plugin v27.4 - https:\/\/yoast.com\/product\/yoast-seo-wordpress\/ -->\n<title>F\u00e5 medlemsbrevet - Kristdemokraterna | Arboga<\/title>\n<meta name=\"robots\" content=\"index, follow, max-snippet:-1, max-image-preview:large, max-video-preview:-1\" \/>\n<link rel=\"canonical\" href=\"https:\/\/wp.kristdemokraterna.se\/arboga\/engagera-dig\/fa-medlemsbrevet\/\" \/>\n<meta property=\"og:locale\" content=\"sv_SE\" \/>\n<meta property=\"og:type\" content=\"article\" \/>\n<meta property=\"og:title\" content=\"F\u00e5 medlemsbrevet - Kristdemokraterna | Arboga\" \/>\n<meta property=\"og:description\" content=\"Som medlem kommer du regelbundet att f\u00e5 ett medlemsbrev via din e-post med aktuell information fr\u00e5n Kristdemokraterna. Du kommer att f\u00e5 inbjudningar till m\u00f6ten med v\u00e5r kommungrupp som tr\u00e4ffas regelbundet inf\u00f6r viktiga beslut i fullm\u00e4ktige och kommunstyrelsen. D\u00e4r f\u00e5r vi information om vilka \u00e4renden som \u00e4r aktuella i kommunpolitiken. D\u00e5 diskuterar vi vilka inspel vi L\u00e4s mer\" \/>\n<meta property=\"og:url\" content=\"https:\/\/wp.kristdemokraterna.se\/arboga\/engagera-dig\/fa-medlemsbrevet\/\" \/>\n<meta property=\"og:site_name\" content=\"Kristdemokraterna | Arboga\" \/>\n<meta property=\"article:modified_time\" content=\"2024-03-12T16:36:21+00:00\" \/>\n<meta name=\"twitter:card\" content=\"summary_large_image\" \/>\n<meta name=\"twitter:label1\" content=\"Ber\u00e4knad l\u00e4stid\" \/>\n\t<meta name=\"twitter:data1\" content=\"1 minut\" \/>\n<script type=\"application\/ld+json\" class=\"yoast-schema-graph\">{\"@context\":\"https:\\\/\\\/schema.org\",\"@graph\":[{\"@type\":\"WebPage\",\"@id\":\"https:\\\/\\\/wp.kristdemokraterna.se\\\/arboga\\\/engagera-dig\\\/fa-medlemsbrevet\\\/\",\"url\":\"https:\\\/\\\/wp.kristdemokraterna.se\\\/arboga\\\/engagera-dig\\\/fa-medlemsbrevet\\\/\",\"name\":\"F\u00e5 medlemsbrevet - Kristdemokraterna | Arboga\",\"isPartOf\":{\"@id\":\"https:\\\/\\\/wp.kristdemokraterna.se\\\/arboga\\\/#website\"},\"primaryImageOfPage\":{\"@id\":\"https:\\\/\\\/wp.kristdemokraterna.se\\\/arboga\\\/engagera-dig\\\/fa-medlemsbrevet\\\/#primaryimage\"},\"image\":{\"@id\":\"https:\\\/\\\/wp.kristdemokraterna.se\\\/arboga\\\/engagera-dig\\\/fa-medlemsbrevet\\\/#primaryimage\"},\"thumbnailUrl\":\"\",\"datePublished\":\"2024-01-26T11:56:36+00:00\",\"dateModified\":\"2024-03-12T16:36:21+00:00\",\"breadcrumb\":{\"@id\":\"https:\\\/\\\/wp.kristdemokraterna.se\\\/arboga\\\/engagera-dig\\\/fa-medlemsbrevet\\\/#breadcrumb\"},\"inLanguage\":\"sv-SE\",\"potentialAction\":[{\"@type\":\"ReadAction\",\"target\":[\"https:\\\/\\\/wp.kristdemokraterna.se\\\/arboga\\\/engagera-dig\\\/fa-medlemsbrevet\\\/\"]}]},{\"@type\":\"ImageObject\",\"inLanguage\":\"sv-SE\",\"@id\":\"https:\\\/\\\/wp.kristdemokraterna.se\\\/arboga\\\/engagera-dig\\\/fa-medlemsbrevet\\\/#primaryimage\",\"url\":\"\",\"contentUrl\":\"\"},{\"@type\":\"BreadcrumbList\",\"@id\":\"https:\\\/\\\/wp.kristdemokraterna.se\\\/arboga\\\/engagera-dig\\\/fa-medlemsbrevet\\\/#breadcrumb\",\"itemListElement\":[{\"@type\":\"ListItem\",\"position\":1,\"name\":\"Hem\",\"item\":\"https:\\\/\\\/wp.kristdemokraterna.se\\\/arboga\\\/\"},{\"@type\":\"ListItem\",\"position\":2,\"name\":\"Engagera dig\",\"item\":\"https:\\\/\\\/wp.kristdemokraterna.se\\\/arboga\\\/engagera-dig\\\/\"},{\"@type\":\"ListItem\",\"position\":3,\"name\":\"F\u00e5 medlemsbrevet\"}]},{\"@type\":\"WebSite\",\"@id\":\"https:\\\/\\\/wp.kristdemokraterna.se\\\/arboga\\\/#website\",\"url\":\"https:\\\/\\\/wp.kristdemokraterna.se\\\/arboga\\\/\",\"name\":\"Kristdemokraterna | Arboga\",\"description\":\"En till Kristdemokraterna webbplats\",\"inLanguage\":\"sv-SE\"}]}<\/script>\n<!-- \/ Yoast SEO plugin. -->","yoast_head_json":{"title":"F\u00e5 medlemsbrevet - Kristdemokraterna | Arboga","robots":{"index":"index","follow":"follow","max-snippet":"max-snippet:-1","max-image-preview":"max-image-preview:large","max-video-preview":"max-video-preview:-1"},"canonical":"https:\/\/wp.kristdemokraterna.se\/arboga\/engagera-dig\/fa-medlemsbrevet\/","og_locale":"sv_SE","og_type":"article","og_title":"F\u00e5 medlemsbrevet - Kristdemokraterna | Arboga","og_description":"Som medlem kommer du regelbundet att f\u00e5 ett medlemsbrev via din e-post med aktuell information fr\u00e5n Kristdemokraterna. Du kommer att f\u00e5 inbjudningar till m\u00f6ten med v\u00e5r kommungrupp som tr\u00e4ffas regelbundet inf\u00f6r viktiga beslut i fullm\u00e4ktige och kommunstyrelsen. D\u00e4r f\u00e5r vi information om vilka \u00e4renden som \u00e4r aktuella i kommunpolitiken. D\u00e5 diskuterar vi vilka inspel vi L\u00e4s mer","og_url":"https:\/\/wp.kristdemokraterna.se\/arboga\/engagera-dig\/fa-medlemsbrevet\/","og_site_name":"Kristdemokraterna | Arboga","article_modified_time":"2024-03-12T16:36:21+00:00","twitter_card":"summary_large_image","twitter_misc":{"Ber\u00e4knad l\u00e4stid":"1 minut"},"schema":{"@context":"https:\/\/schema.org","@graph":[{"@type":"WebPage","@id":"https:\/\/wp.kristdemokraterna.se\/arboga\/engagera-dig\/fa-medlemsbrevet\/","url":"https:\/\/wp.kristdemokraterna.se\/arboga\/engagera-dig\/fa-medlemsbrevet\/","name":"F\u00e5 medlemsbrevet - Kristdemokraterna | Arboga","isPartOf":{"@id":"https:\/\/wp.kristdemokraterna.se\/arboga\/#website"},"primaryImageOfPage":{"@id":"https:\/\/wp.kristdemokraterna.se\/arboga\/engagera-dig\/fa-medlemsbrevet\/#primaryimage"},"image":{"@id":"https:\/\/wp.kristdemokraterna.se\/arboga\/engagera-dig\/fa-medlemsbrevet\/#primaryimage"},"thumbnailUrl":"","datePublished":"2024-01-26T11:56:36+00:00","dateModified":"2024-03-12T16:36:21+00:00","breadcrumb":{"@id":"https:\/\/wp.kristdemokraterna.se\/arboga\/engagera-dig\/fa-medlemsbrevet\/#breadcrumb"},"inLanguage":"sv-SE","potentialAction":[{"@type":"ReadAction","target":["https:\/\/wp.kristdemokraterna.se\/arboga\/engagera-dig\/fa-medlemsbrevet\/"]}]},{"@type":"ImageObject","inLanguage":"sv-SE","@id":"https:\/\/wp.kristdemokraterna.se\/arboga\/engagera-dig\/fa-medlemsbrevet\/#primaryimage","url":"","contentUrl":""},{"@type":"BreadcrumbList","@id":"https:\/\/wp.kristdemokraterna.se\/arboga\/engagera-dig\/fa-medlemsbrevet\/#breadcrumb","itemListElement":[{"@type":"ListItem","position":1,"name":"Hem","item":"https:\/\/wp.kristdemokraterna.se\/arboga\/"},{"@type":"ListItem","position":2,"name":"Engagera dig","item":"https:\/\/wp.kristdemokraterna.se\/arboga\/engagera-dig\/"},{"@type":"ListItem","position":3,"name":"F\u00e5 medlemsbrevet"}]},{"@type":"WebSite","@id":"https:\/\/wp.kristdemokraterna.se\/arboga\/#website","url":"https:\/\/wp.kristdemokraterna.se\/arboga\/","name":"Kristdemokraterna | Arboga","description":"En till Kristdemokraterna webbplats","inLanguage":"sv-SE"}]}},"_links":{"self":[{"href":"https:\/\/wp.kristdemokraterna.se\/arboga\/wp-json\/wp\/v2\/pages\/2257","targetHints":{"allow":["GET"]}}],"collection":[{"href":"https:\/\/wp.kristdemokraterna.se\/arboga\/wp-json\/wp\/v2\/pages"}],"about":[{"href":"https:\/\/wp.kristdemokraterna.se\/arboga\/wp-json\/wp\/v2\/types\/page"}],"author":[{"embeddable":true,"href":"https:\/\/wp.kristdemokraterna.se\/arboga\/wp-json\/wp\/v2\/users\/444"}],"replies":[{"embeddable":true,"href":"https:\/\/wp.kristdemokraterna.se\/arboga\/wp-json\/wp\/v2\/comments?post=2257"}],"version-history":[{"count":1,"href":"https:\/\/wp.kristdemokraterna.se\/arboga\/wp-json\/wp\/v2\/pages\/2257\/revisions"}],"predecessor-version":[{"id":2655,"href":"https:\/\/wp.kristdemokraterna.se\/arboga\/wp-json\/wp\/v2\/pages\/2257\/revisions\/2655"}],"up":[{"embeddable":true,"href":"https:\/\/wp.kristdemokraterna.se\/arboga\/wp-json\/wp\/v2\/pages\/2222"}],"wp:featuredmedia":[{"embeddable":true,"href":"https:\/\/wp.kristdemokraterna.se\/arboga\/wp-json\/"}],"wp:attachment":[{"href":"https:\/\/wp.kristdemokraterna.se\/arboga\/wp-json\/wp\/v2\/media?parent=2257"}],"curies":[{"name":"wp","href":"https:\/\/api.w.org\/{rel}","templated":true}]}}