{"id":2260,"date":"2024-01-26T12:58:32","date_gmt":"2024-01-26T11:58:32","guid":{"rendered":"https:\/\/wp.kristdemokraterna.se\/koping\/?page_id=2260"},"modified":"2024-03-14T12:58:31","modified_gmt":"2024-03-14T11:58:31","slug":"bli-manadsgivare","status":"publish","type":"page","link":"https:\/\/wp.kristdemokraterna.se\/arboga\/engagera-dig\/bli-manadsgivare\/","title":{"rendered":"Bli m\u00e5nadsgivare"},"content":{"rendered":"<p>Kristdemokraterna \u00e4r ett folkr\u00f6relseparti som framf\u00f6rallt bygger p\u00e5 engagemang och ideella insatser.<\/p>\n<p>Insatserna kan g\u00f6ras genom att ber\u00e4tta f\u00f6r v\u00e4nner och bekanta om vad KD st\u00e5r f\u00f6r och \u00e5stadkommit. Att v\u00e4rva nya medlemmar \u00e4r en annan mycket v\u00e4rdefull insats. Det g\u00e5r ocks\u00e5 att kombinera promenader med att samtidigt dela ut flygblad i brevl\u00e5dor. Och sist men inte minst \u00e4r ett ekonomiskt st\u00f6d mycket viktigt f\u00f6r oss f\u00f6r att kunna bli \u00e4nnu b\u00e4ttre p\u00e5 att n\u00e5 ut till Arbogaborna.<\/p>\n<p>Arboga kommunen ger ett partist\u00f6d till partierna som finns i kommunfullm\u00e4ktige f\u00f6r att st\u00f6tta den viktiga politiska dialogen med kommunen medborgare.\u00a0 Men f\u00f6r att vi p\u00e5 allvar ska n\u00e5 v\u00e4ljarna i valet 2026 med valinformation och valsedlar kommer vi att beh\u00f6va en rej\u00e4l valbudget d\u00e4r sponsring i form av sm\u00e5 och stora g\u00e5vor fr\u00e5n v\u00e5ra medlemmar och sympatis\u00f6rer kommer att beh\u00f6vas. Att bli m\u00e5nadsgivare \u00e4r ett s\u00e4tt att st\u00f6dja v\u00e5r verksamhet.<\/p>\n","protected":false},"excerpt":{"rendered":"<p>Kristdemokraterna \u00e4r ett folkr\u00f6relseparti som framf\u00f6rallt bygger p\u00e5 engagemang och ideella insatser. Insatserna kan g\u00f6ras genom att ber\u00e4tta f\u00f6r v\u00e4nner och bekanta om vad KD st\u00e5r f\u00f6r och \u00e5stadkommit. Att v\u00e4rva nya medlemmar \u00e4r en annan mycket v\u00e4rdefull insats. Det g\u00e5r ocks\u00e5 att kombinera promenader med att samtidigt dela ut flygblad i brevl\u00e5dor. Och sist <a class=\"read-more-link\" href=\"https:\/\/wp.kristdemokraterna.se\/arboga\/engagera-dig\/bli-manadsgivare\/\">L\u00e4s mer<\/a><\/p>\n","protected":false},"author":444,"featured_media":714,"parent":2222,"menu_order":0,"comment_status":"closed","ping_status":"closed","template":"page.php","meta":{"_acf_changed":false,"footnotes":""},"class_list":["post-2260","page","type-page","status-publish","hentry"],"acf":[],"yoast_head":"<!-- This site is optimized with the Yoast SEO plugin v27.3 - https:\/\/yoast.com\/product\/yoast-seo-wordpress\/ -->\n<title>Bli m\u00e5nadsgivare - Kristdemokraterna | Arboga<\/title>\n<meta name=\"robots\" content=\"index, follow, max-snippet:-1, max-image-preview:large, max-video-preview:-1\" \/>\n<link rel=\"canonical\" href=\"https:\/\/wp.kristdemokraterna.se\/arboga\/engagera-dig\/bli-manadsgivare\/\" \/>\n<meta property=\"og:locale\" content=\"sv_SE\" \/>\n<meta property=\"og:type\" content=\"article\" \/>\n<meta property=\"og:title\" content=\"Bli m\u00e5nadsgivare - Kristdemokraterna | Arboga\" \/>\n<meta property=\"og:description\" content=\"Kristdemokraterna \u00e4r ett folkr\u00f6relseparti som framf\u00f6rallt bygger p\u00e5 engagemang och ideella insatser. Insatserna kan g\u00f6ras genom att ber\u00e4tta f\u00f6r v\u00e4nner och bekanta om vad KD st\u00e5r f\u00f6r och \u00e5stadkommit. Att v\u00e4rva nya medlemmar \u00e4r en annan mycket v\u00e4rdefull insats. Det g\u00e5r ocks\u00e5 att kombinera promenader med att samtidigt dela ut flygblad i brevl\u00e5dor. Och sist L\u00e4s mer\" \/>\n<meta property=\"og:url\" content=\"https:\/\/wp.kristdemokraterna.se\/arboga\/engagera-dig\/bli-manadsgivare\/\" \/>\n<meta property=\"og:site_name\" content=\"Kristdemokraterna | Arboga\" \/>\n<meta property=\"article:modified_time\" content=\"2024-03-14T11:58:31+00:00\" \/>\n<meta name=\"twitter:card\" content=\"summary_large_image\" \/>\n<meta name=\"twitter:label1\" content=\"Ber\u00e4knad l\u00e4stid\" \/>\n\t<meta name=\"twitter:data1\" content=\"1 minut\" \/>\n<script type=\"application\/ld+json\" class=\"yoast-schema-graph\">{\"@context\":\"https:\\\/\\\/schema.org\",\"@graph\":[{\"@type\":\"WebPage\",\"@id\":\"https:\\\/\\\/wp.kristdemokraterna.se\\\/arboga\\\/engagera-dig\\\/bli-manadsgivare\\\/\",\"url\":\"https:\\\/\\\/wp.kristdemokraterna.se\\\/arboga\\\/engagera-dig\\\/bli-manadsgivare\\\/\",\"name\":\"Bli m\u00e5nadsgivare - Kristdemokraterna | Arboga\",\"isPartOf\":{\"@id\":\"https:\\\/\\\/wp.kristdemokraterna.se\\\/arboga\\\/#website\"},\"primaryImageOfPage\":{\"@id\":\"https:\\\/\\\/wp.kristdemokraterna.se\\\/arboga\\\/engagera-dig\\\/bli-manadsgivare\\\/#primaryimage\"},\"image\":{\"@id\":\"https:\\\/\\\/wp.kristdemokraterna.se\\\/arboga\\\/engagera-dig\\\/bli-manadsgivare\\\/#primaryimage\"},\"thumbnailUrl\":\"\",\"datePublished\":\"2024-01-26T11:58:32+00:00\",\"dateModified\":\"2024-03-14T11:58:31+00:00\",\"breadcrumb\":{\"@id\":\"https:\\\/\\\/wp.kristdemokraterna.se\\\/arboga\\\/engagera-dig\\\/bli-manadsgivare\\\/#breadcrumb\"},\"inLanguage\":\"sv-SE\",\"potentialAction\":[{\"@type\":\"ReadAction\",\"target\":[\"https:\\\/\\\/wp.kristdemokraterna.se\\\/arboga\\\/engagera-dig\\\/bli-manadsgivare\\\/\"]}]},{\"@type\":\"ImageObject\",\"inLanguage\":\"sv-SE\",\"@id\":\"https:\\\/\\\/wp.kristdemokraterna.se\\\/arboga\\\/engagera-dig\\\/bli-manadsgivare\\\/#primaryimage\",\"url\":\"\",\"contentUrl\":\"\"},{\"@type\":\"BreadcrumbList\",\"@id\":\"https:\\\/\\\/wp.kristdemokraterna.se\\\/arboga\\\/engagera-dig\\\/bli-manadsgivare\\\/#breadcrumb\",\"itemListElement\":[{\"@type\":\"ListItem\",\"position\":1,\"name\":\"Hem\",\"item\":\"https:\\\/\\\/wp.kristdemokraterna.se\\\/arboga\\\/\"},{\"@type\":\"ListItem\",\"position\":2,\"name\":\"Engagera dig\",\"item\":\"https:\\\/\\\/wp.kristdemokraterna.se\\\/arboga\\\/engagera-dig\\\/\"},{\"@type\":\"ListItem\",\"position\":3,\"name\":\"Bli m\u00e5nadsgivare\"}]},{\"@type\":\"WebSite\",\"@id\":\"https:\\\/\\\/wp.kristdemokraterna.se\\\/arboga\\\/#website\",\"url\":\"https:\\\/\\\/wp.kristdemokraterna.se\\\/arboga\\\/\",\"name\":\"Kristdemokraterna | Arboga\",\"description\":\"En till Kristdemokraterna webbplats\",\"inLanguage\":\"sv-SE\"}]}<\/script>\n<!-- \/ Yoast SEO plugin. -->","yoast_head_json":{"title":"Bli m\u00e5nadsgivare - Kristdemokraterna | Arboga","robots":{"index":"index","follow":"follow","max-snippet":"max-snippet:-1","max-image-preview":"max-image-preview:large","max-video-preview":"max-video-preview:-1"},"canonical":"https:\/\/wp.kristdemokraterna.se\/arboga\/engagera-dig\/bli-manadsgivare\/","og_locale":"sv_SE","og_type":"article","og_title":"Bli m\u00e5nadsgivare - Kristdemokraterna | Arboga","og_description":"Kristdemokraterna \u00e4r ett folkr\u00f6relseparti som framf\u00f6rallt bygger p\u00e5 engagemang och ideella insatser. Insatserna kan g\u00f6ras genom att ber\u00e4tta f\u00f6r v\u00e4nner och bekanta om vad KD st\u00e5r f\u00f6r och \u00e5stadkommit. Att v\u00e4rva nya medlemmar \u00e4r en annan mycket v\u00e4rdefull insats. Det g\u00e5r ocks\u00e5 att kombinera promenader med att samtidigt dela ut flygblad i brevl\u00e5dor. Och sist L\u00e4s mer","og_url":"https:\/\/wp.kristdemokraterna.se\/arboga\/engagera-dig\/bli-manadsgivare\/","og_site_name":"Kristdemokraterna | Arboga","article_modified_time":"2024-03-14T11:58:31+00:00","twitter_card":"summary_large_image","twitter_misc":{"Ber\u00e4knad l\u00e4stid":"1 minut"},"schema":{"@context":"https:\/\/schema.org","@graph":[{"@type":"WebPage","@id":"https:\/\/wp.kristdemokraterna.se\/arboga\/engagera-dig\/bli-manadsgivare\/","url":"https:\/\/wp.kristdemokraterna.se\/arboga\/engagera-dig\/bli-manadsgivare\/","name":"Bli m\u00e5nadsgivare - Kristdemokraterna | Arboga","isPartOf":{"@id":"https:\/\/wp.kristdemokraterna.se\/arboga\/#website"},"primaryImageOfPage":{"@id":"https:\/\/wp.kristdemokraterna.se\/arboga\/engagera-dig\/bli-manadsgivare\/#primaryimage"},"image":{"@id":"https:\/\/wp.kristdemokraterna.se\/arboga\/engagera-dig\/bli-manadsgivare\/#primaryimage"},"thumbnailUrl":"","datePublished":"2024-01-26T11:58:32+00:00","dateModified":"2024-03-14T11:58:31+00:00","breadcrumb":{"@id":"https:\/\/wp.kristdemokraterna.se\/arboga\/engagera-dig\/bli-manadsgivare\/#breadcrumb"},"inLanguage":"sv-SE","potentialAction":[{"@type":"ReadAction","target":["https:\/\/wp.kristdemokraterna.se\/arboga\/engagera-dig\/bli-manadsgivare\/"]}]},{"@type":"ImageObject","inLanguage":"sv-SE","@id":"https:\/\/wp.kristdemokraterna.se\/arboga\/engagera-dig\/bli-manadsgivare\/#primaryimage","url":"","contentUrl":""},{"@type":"BreadcrumbList","@id":"https:\/\/wp.kristdemokraterna.se\/arboga\/engagera-dig\/bli-manadsgivare\/#breadcrumb","itemListElement":[{"@type":"ListItem","position":1,"name":"Hem","item":"https:\/\/wp.kristdemokraterna.se\/arboga\/"},{"@type":"ListItem","position":2,"name":"Engagera dig","item":"https:\/\/wp.kristdemokraterna.se\/arboga\/engagera-dig\/"},{"@type":"ListItem","position":3,"name":"Bli m\u00e5nadsgivare"}]},{"@type":"WebSite","@id":"https:\/\/wp.kristdemokraterna.se\/arboga\/#website","url":"https:\/\/wp.kristdemokraterna.se\/arboga\/","name":"Kristdemokraterna | Arboga","description":"En till Kristdemokraterna webbplats","inLanguage":"sv-SE"}]}},"_links":{"self":[{"href":"https:\/\/wp.kristdemokraterna.se\/arboga\/wp-json\/wp\/v2\/pages\/2260","targetHints":{"allow":["GET"]}}],"collection":[{"href":"https:\/\/wp.kristdemokraterna.se\/arboga\/wp-json\/wp\/v2\/pages"}],"about":[{"href":"https:\/\/wp.kristdemokraterna.se\/arboga\/wp-json\/wp\/v2\/types\/page"}],"author":[{"embeddable":true,"href":"https:\/\/wp.kristdemokraterna.se\/arboga\/wp-json\/wp\/v2\/users\/444"}],"replies":[{"embeddable":true,"href":"https:\/\/wp.kristdemokraterna.se\/arboga\/wp-json\/wp\/v2\/comments?post=2260"}],"version-history":[{"count":2,"href":"https:\/\/wp.kristdemokraterna.se\/arboga\/wp-json\/wp\/v2\/pages\/2260\/revisions"}],"predecessor-version":[{"id":2687,"href":"https:\/\/wp.kristdemokraterna.se\/arboga\/wp-json\/wp\/v2\/pages\/2260\/revisions\/2687"}],"up":[{"embeddable":true,"href":"https:\/\/wp.kristdemokraterna.se\/arboga\/wp-json\/wp\/v2\/pages\/2222"}],"wp:featuredmedia":[{"embeddable":true,"href":"https:\/\/wp.kristdemokraterna.se\/arboga\/wp-json\/"}],"wp:attachment":[{"href":"https:\/\/wp.kristdemokraterna.se\/arboga\/wp-json\/wp\/v2\/media?parent=2260"}],"curies":[{"name":"wp","href":"https:\/\/api.w.org\/{rel}","templated":true}]}}