{"id":2306,"date":"2024-01-26T12:39:21","date_gmt":"2024-01-26T11:39:21","guid":{"rendered":"https:\/\/wp.kristdemokraterna.se\/koping\/?page_id=2238"},"modified":"2024-03-12T17:25:22","modified_gmt":"2024-03-12T16:25:22","slug":"gor-skillnad","status":"publish","type":"page","link":"https:\/\/wp.kristdemokraterna.se\/arboga\/engagera-dig\/gor-skillnad\/","title":{"rendered":"G\u00f6r skillnad"},"content":{"rendered":"<p>Du kan g\u00f6ra skillnad!<br \/>\nArboga \u00e4r en bra plats att bo p\u00e5 och tillsammans med oss andra i v\u00e5r kommungrupp kan du g\u00f6ra skillnad. Du kan g\u00f6ra Arboga b\u00e4ttre.\u00a0 Det h\u00e5ller inte att hela tiden f\u00f6rv\u00e4nta sig att n\u00e5n annan ska ta ansvar. Det \u00e4r dags att agera och framf\u00f6ra v\u00e5ra konkreta och konstruktiva id\u00e9er.<\/p>\n<p>Vi gillar syns\u00e4ttet: \u201dDet \u00e4r i kommunerna vi bygger Sverige\u201d, som v\u00e5r f\u00f6rste partiordf\u00f6rande myntade redan i mitten av 60-talet.<\/p>\n<p>Vi bor och verkar lokalt. Vi ser p\u00e5 n\u00e4ra h\u00e5ll vilka insatser som beh\u00f6ver g\u00f6ras. Kom till skott och engagera dig. G\u00f6r skillnad!<\/p>\n","protected":false},"excerpt":{"rendered":"<p>Du kan g\u00f6ra skillnad! Arboga \u00e4r en bra plats att bo p\u00e5 och tillsammans med oss andra i v\u00e5r kommungrupp kan du g\u00f6ra skillnad. Du kan g\u00f6ra Arboga b\u00e4ttre.\u00a0 Det h\u00e5ller inte att hela tiden f\u00f6rv\u00e4nta sig att n\u00e5n annan ska ta ansvar. Det \u00e4r dags att agera och framf\u00f6ra v\u00e5ra konkreta och konstruktiva id\u00e9er. <a class=\"read-more-link\" href=\"https:\/\/wp.kristdemokraterna.se\/arboga\/engagera-dig\/gor-skillnad\/\">L\u00e4s mer<\/a><\/p>\n","protected":false},"author":444,"featured_media":714,"parent":2222,"menu_order":0,"comment_status":"closed","ping_status":"closed","template":"page.php","meta":{"_acf_changed":false,"footnotes":""},"class_list":["post-2306","page","type-page","status-publish","hentry"],"acf":[],"yoast_head":"<!-- This site is optimized with the Yoast SEO plugin v27.4 - https:\/\/yoast.com\/product\/yoast-seo-wordpress\/ -->\n<title>G\u00f6r skillnad - Kristdemokraterna | Arboga<\/title>\n<meta name=\"robots\" content=\"index, follow, max-snippet:-1, max-image-preview:large, max-video-preview:-1\" \/>\n<link rel=\"canonical\" href=\"https:\/\/wp.kristdemokraterna.se\/arboga\/engagera-dig\/gor-skillnad\/\" \/>\n<meta property=\"og:locale\" content=\"sv_SE\" \/>\n<meta property=\"og:type\" content=\"article\" \/>\n<meta property=\"og:title\" content=\"G\u00f6r skillnad - Kristdemokraterna | Arboga\" \/>\n<meta property=\"og:description\" content=\"Du kan g\u00f6ra skillnad! Arboga \u00e4r en bra plats att bo p\u00e5 och tillsammans med oss andra i v\u00e5r kommungrupp kan du g\u00f6ra skillnad. Du kan g\u00f6ra Arboga b\u00e4ttre.\u00a0 Det h\u00e5ller inte att hela tiden f\u00f6rv\u00e4nta sig att n\u00e5n annan ska ta ansvar. Det \u00e4r dags att agera och framf\u00f6ra v\u00e5ra konkreta och konstruktiva id\u00e9er. L\u00e4s mer\" \/>\n<meta property=\"og:url\" content=\"https:\/\/wp.kristdemokraterna.se\/arboga\/engagera-dig\/gor-skillnad\/\" \/>\n<meta property=\"og:site_name\" content=\"Kristdemokraterna | Arboga\" \/>\n<meta property=\"article:modified_time\" content=\"2024-03-12T16:25:22+00:00\" \/>\n<meta name=\"twitter:card\" content=\"summary_large_image\" \/>\n<meta name=\"twitter:label1\" content=\"Ber\u00e4knad l\u00e4stid\" \/>\n\t<meta name=\"twitter:data1\" content=\"1 minut\" \/>\n<script type=\"application\/ld+json\" class=\"yoast-schema-graph\">{\"@context\":\"https:\\\/\\\/schema.org\",\"@graph\":[{\"@type\":\"WebPage\",\"@id\":\"https:\\\/\\\/wp.kristdemokraterna.se\\\/arboga\\\/engagera-dig\\\/gor-skillnad\\\/\",\"url\":\"https:\\\/\\\/wp.kristdemokraterna.se\\\/arboga\\\/engagera-dig\\\/gor-skillnad\\\/\",\"name\":\"G\u00f6r skillnad - Kristdemokraterna | Arboga\",\"isPartOf\":{\"@id\":\"https:\\\/\\\/wp.kristdemokraterna.se\\\/arboga\\\/#website\"},\"primaryImageOfPage\":{\"@id\":\"https:\\\/\\\/wp.kristdemokraterna.se\\\/arboga\\\/engagera-dig\\\/gor-skillnad\\\/#primaryimage\"},\"image\":{\"@id\":\"https:\\\/\\\/wp.kristdemokraterna.se\\\/arboga\\\/engagera-dig\\\/gor-skillnad\\\/#primaryimage\"},\"thumbnailUrl\":\"\",\"datePublished\":\"2024-01-26T11:39:21+00:00\",\"dateModified\":\"2024-03-12T16:25:22+00:00\",\"breadcrumb\":{\"@id\":\"https:\\\/\\\/wp.kristdemokraterna.se\\\/arboga\\\/engagera-dig\\\/gor-skillnad\\\/#breadcrumb\"},\"inLanguage\":\"sv-SE\",\"potentialAction\":[{\"@type\":\"ReadAction\",\"target\":[\"https:\\\/\\\/wp.kristdemokraterna.se\\\/arboga\\\/engagera-dig\\\/gor-skillnad\\\/\"]}]},{\"@type\":\"ImageObject\",\"inLanguage\":\"sv-SE\",\"@id\":\"https:\\\/\\\/wp.kristdemokraterna.se\\\/arboga\\\/engagera-dig\\\/gor-skillnad\\\/#primaryimage\",\"url\":\"\",\"contentUrl\":\"\"},{\"@type\":\"BreadcrumbList\",\"@id\":\"https:\\\/\\\/wp.kristdemokraterna.se\\\/arboga\\\/engagera-dig\\\/gor-skillnad\\\/#breadcrumb\",\"itemListElement\":[{\"@type\":\"ListItem\",\"position\":1,\"name\":\"Hem\",\"item\":\"https:\\\/\\\/wp.kristdemokraterna.se\\\/arboga\\\/\"},{\"@type\":\"ListItem\",\"position\":2,\"name\":\"Engagera dig\",\"item\":\"https:\\\/\\\/wp.kristdemokraterna.se\\\/arboga\\\/engagera-dig\\\/\"},{\"@type\":\"ListItem\",\"position\":3,\"name\":\"G\u00f6r skillnad\"}]},{\"@type\":\"WebSite\",\"@id\":\"https:\\\/\\\/wp.kristdemokraterna.se\\\/arboga\\\/#website\",\"url\":\"https:\\\/\\\/wp.kristdemokraterna.se\\\/arboga\\\/\",\"name\":\"Kristdemokraterna | Arboga\",\"description\":\"En till Kristdemokraterna webbplats\",\"inLanguage\":\"sv-SE\"}]}<\/script>\n<!-- \/ Yoast SEO plugin. -->","yoast_head_json":{"title":"G\u00f6r skillnad - Kristdemokraterna | Arboga","robots":{"index":"index","follow":"follow","max-snippet":"max-snippet:-1","max-image-preview":"max-image-preview:large","max-video-preview":"max-video-preview:-1"},"canonical":"https:\/\/wp.kristdemokraterna.se\/arboga\/engagera-dig\/gor-skillnad\/","og_locale":"sv_SE","og_type":"article","og_title":"G\u00f6r skillnad - Kristdemokraterna | Arboga","og_description":"Du kan g\u00f6ra skillnad! Arboga \u00e4r en bra plats att bo p\u00e5 och tillsammans med oss andra i v\u00e5r kommungrupp kan du g\u00f6ra skillnad. Du kan g\u00f6ra Arboga b\u00e4ttre.\u00a0 Det h\u00e5ller inte att hela tiden f\u00f6rv\u00e4nta sig att n\u00e5n annan ska ta ansvar. Det \u00e4r dags att agera och framf\u00f6ra v\u00e5ra konkreta och konstruktiva id\u00e9er. L\u00e4s mer","og_url":"https:\/\/wp.kristdemokraterna.se\/arboga\/engagera-dig\/gor-skillnad\/","og_site_name":"Kristdemokraterna | Arboga","article_modified_time":"2024-03-12T16:25:22+00:00","twitter_card":"summary_large_image","twitter_misc":{"Ber\u00e4knad l\u00e4stid":"1 minut"},"schema":{"@context":"https:\/\/schema.org","@graph":[{"@type":"WebPage","@id":"https:\/\/wp.kristdemokraterna.se\/arboga\/engagera-dig\/gor-skillnad\/","url":"https:\/\/wp.kristdemokraterna.se\/arboga\/engagera-dig\/gor-skillnad\/","name":"G\u00f6r skillnad - Kristdemokraterna | Arboga","isPartOf":{"@id":"https:\/\/wp.kristdemokraterna.se\/arboga\/#website"},"primaryImageOfPage":{"@id":"https:\/\/wp.kristdemokraterna.se\/arboga\/engagera-dig\/gor-skillnad\/#primaryimage"},"image":{"@id":"https:\/\/wp.kristdemokraterna.se\/arboga\/engagera-dig\/gor-skillnad\/#primaryimage"},"thumbnailUrl":"","datePublished":"2024-01-26T11:39:21+00:00","dateModified":"2024-03-12T16:25:22+00:00","breadcrumb":{"@id":"https:\/\/wp.kristdemokraterna.se\/arboga\/engagera-dig\/gor-skillnad\/#breadcrumb"},"inLanguage":"sv-SE","potentialAction":[{"@type":"ReadAction","target":["https:\/\/wp.kristdemokraterna.se\/arboga\/engagera-dig\/gor-skillnad\/"]}]},{"@type":"ImageObject","inLanguage":"sv-SE","@id":"https:\/\/wp.kristdemokraterna.se\/arboga\/engagera-dig\/gor-skillnad\/#primaryimage","url":"","contentUrl":""},{"@type":"BreadcrumbList","@id":"https:\/\/wp.kristdemokraterna.se\/arboga\/engagera-dig\/gor-skillnad\/#breadcrumb","itemListElement":[{"@type":"ListItem","position":1,"name":"Hem","item":"https:\/\/wp.kristdemokraterna.se\/arboga\/"},{"@type":"ListItem","position":2,"name":"Engagera dig","item":"https:\/\/wp.kristdemokraterna.se\/arboga\/engagera-dig\/"},{"@type":"ListItem","position":3,"name":"G\u00f6r skillnad"}]},{"@type":"WebSite","@id":"https:\/\/wp.kristdemokraterna.se\/arboga\/#website","url":"https:\/\/wp.kristdemokraterna.se\/arboga\/","name":"Kristdemokraterna | Arboga","description":"En till Kristdemokraterna webbplats","inLanguage":"sv-SE"}]}},"_links":{"self":[{"href":"https:\/\/wp.kristdemokraterna.se\/arboga\/wp-json\/wp\/v2\/pages\/2306","targetHints":{"allow":["GET"]}}],"collection":[{"href":"https:\/\/wp.kristdemokraterna.se\/arboga\/wp-json\/wp\/v2\/pages"}],"about":[{"href":"https:\/\/wp.kristdemokraterna.se\/arboga\/wp-json\/wp\/v2\/types\/page"}],"author":[{"embeddable":true,"href":"https:\/\/wp.kristdemokraterna.se\/arboga\/wp-json\/wp\/v2\/users\/444"}],"replies":[{"embeddable":true,"href":"https:\/\/wp.kristdemokraterna.se\/arboga\/wp-json\/wp\/v2\/comments?post=2306"}],"version-history":[{"count":2,"href":"https:\/\/wp.kristdemokraterna.se\/arboga\/wp-json\/wp\/v2\/pages\/2306\/revisions"}],"predecessor-version":[{"id":2647,"href":"https:\/\/wp.kristdemokraterna.se\/arboga\/wp-json\/wp\/v2\/pages\/2306\/revisions\/2647"}],"up":[{"embeddable":true,"href":"https:\/\/wp.kristdemokraterna.se\/arboga\/wp-json\/wp\/v2\/pages\/2222"}],"wp:featuredmedia":[{"embeddable":true,"href":"https:\/\/wp.kristdemokraterna.se\/arboga\/wp-json\/"}],"wp:attachment":[{"href":"https:\/\/wp.kristdemokraterna.se\/arboga\/wp-json\/wp\/v2\/media?parent=2306"}],"curies":[{"name":"wp","href":"https:\/\/api.w.org\/{rel}","templated":true}]}}