{"id":2551,"date":"2024-03-12T07:25:17","date_gmt":"2024-03-12T06:25:17","guid":{"rendered":"https:\/\/wp.kristdemokraterna.se\/arboga\/?page_id=2551"},"modified":"2024-03-12T15:44:51","modified_gmt":"2024-03-12T14:44:51","slug":"integration","status":"publish","type":"page","link":"https:\/\/wp.kristdemokraterna.se\/arboga\/swisha-var-valfond\/integration\/","title":{"rendered":"Integration"},"content":{"rendered":"<p>Arboga kommun beh\u00f6ver st\u00f6rre frihet f\u00f6r att hitta kreativa l\u00f6sningar f\u00f6r<br \/>\nintegration, \u00e4ven tillsammans med civilsamh\u00e4llet och det lokala n\u00e4ringslivet.<br \/>\nDetta kan underl\u00e4tta f\u00f6r att fler ska f\u00e5 in en fot p\u00e5 arbetsmarknaden och f\u00e5<br \/>\nv\u00e4rdefull erfarenhet som g\u00f6r det m\u00f6jligt att g\u00e5 vidare in i arbetslivet.<\/p>\n","protected":false},"excerpt":{"rendered":"<p>Arboga kommun beh\u00f6ver st\u00f6rre frihet f\u00f6r att hitta kreativa l\u00f6sningar f\u00f6r integration, \u00e4ven tillsammans med civilsamh\u00e4llet och det lokala n\u00e4ringslivet. Detta kan underl\u00e4tta f\u00f6r att fler ska f\u00e5 in en fot p\u00e5 arbetsmarknaden och f\u00e5 v\u00e4rdefull erfarenhet som g\u00f6r det m\u00f6jligt att g\u00e5 vidare in i arbetslivet.<\/p>\n","protected":false},"author":62,"featured_media":714,"parent":391,"menu_order":4,"comment_status":"closed","ping_status":"closed","template":"page.php","meta":{"_acf_changed":false,"footnotes":""},"class_list":["post-2551","page","type-page","status-publish","hentry"],"acf":[],"yoast_head":"<!-- This site is optimized with the Yoast SEO plugin v27.4 - https:\/\/yoast.com\/product\/yoast-seo-wordpress\/ -->\n<title>Integration - Kristdemokraterna | Arboga<\/title>\n<meta name=\"robots\" content=\"index, follow, max-snippet:-1, max-image-preview:large, max-video-preview:-1\" \/>\n<link rel=\"canonical\" href=\"https:\/\/wp.kristdemokraterna.se\/arboga\/swisha-var-valfond\/integration\/\" \/>\n<meta property=\"og:locale\" content=\"sv_SE\" \/>\n<meta property=\"og:type\" content=\"article\" \/>\n<meta property=\"og:title\" content=\"Integration - Kristdemokraterna | Arboga\" \/>\n<meta property=\"og:description\" content=\"Arboga kommun beh\u00f6ver st\u00f6rre frihet f\u00f6r att hitta kreativa l\u00f6sningar f\u00f6r integration, \u00e4ven tillsammans med civilsamh\u00e4llet och det lokala n\u00e4ringslivet. Detta kan underl\u00e4tta f\u00f6r att fler ska f\u00e5 in en fot p\u00e5 arbetsmarknaden och f\u00e5 v\u00e4rdefull erfarenhet som g\u00f6r det m\u00f6jligt att g\u00e5 vidare in i arbetslivet.\" \/>\n<meta property=\"og:url\" content=\"https:\/\/wp.kristdemokraterna.se\/arboga\/swisha-var-valfond\/integration\/\" \/>\n<meta property=\"og:site_name\" content=\"Kristdemokraterna | Arboga\" \/>\n<meta property=\"article:modified_time\" content=\"2024-03-12T14:44:51+00:00\" \/>\n<meta name=\"twitter:card\" content=\"summary_large_image\" \/>\n<meta name=\"twitter:label1\" content=\"Ber\u00e4knad l\u00e4stid\" \/>\n\t<meta name=\"twitter:data1\" content=\"1 minut\" \/>\n<script type=\"application\/ld+json\" class=\"yoast-schema-graph\">{\"@context\":\"https:\\\/\\\/schema.org\",\"@graph\":[{\"@type\":\"WebPage\",\"@id\":\"https:\\\/\\\/wp.kristdemokraterna.se\\\/arboga\\\/swisha-var-valfond\\\/integration\\\/\",\"url\":\"https:\\\/\\\/wp.kristdemokraterna.se\\\/arboga\\\/swisha-var-valfond\\\/integration\\\/\",\"name\":\"Integration - Kristdemokraterna | Arboga\",\"isPartOf\":{\"@id\":\"https:\\\/\\\/wp.kristdemokraterna.se\\\/arboga\\\/#website\"},\"primaryImageOfPage\":{\"@id\":\"https:\\\/\\\/wp.kristdemokraterna.se\\\/arboga\\\/swisha-var-valfond\\\/integration\\\/#primaryimage\"},\"image\":{\"@id\":\"https:\\\/\\\/wp.kristdemokraterna.se\\\/arboga\\\/swisha-var-valfond\\\/integration\\\/#primaryimage\"},\"thumbnailUrl\":\"\",\"datePublished\":\"2024-03-12T06:25:17+00:00\",\"dateModified\":\"2024-03-12T14:44:51+00:00\",\"breadcrumb\":{\"@id\":\"https:\\\/\\\/wp.kristdemokraterna.se\\\/arboga\\\/swisha-var-valfond\\\/integration\\\/#breadcrumb\"},\"inLanguage\":\"sv-SE\",\"potentialAction\":[{\"@type\":\"ReadAction\",\"target\":[\"https:\\\/\\\/wp.kristdemokraterna.se\\\/arboga\\\/swisha-var-valfond\\\/integration\\\/\"]}]},{\"@type\":\"ImageObject\",\"inLanguage\":\"sv-SE\",\"@id\":\"https:\\\/\\\/wp.kristdemokraterna.se\\\/arboga\\\/swisha-var-valfond\\\/integration\\\/#primaryimage\",\"url\":\"\",\"contentUrl\":\"\"},{\"@type\":\"BreadcrumbList\",\"@id\":\"https:\\\/\\\/wp.kristdemokraterna.se\\\/arboga\\\/swisha-var-valfond\\\/integration\\\/#breadcrumb\",\"itemListElement\":[{\"@type\":\"ListItem\",\"position\":1,\"name\":\"Hem\",\"item\":\"https:\\\/\\\/wp.kristdemokraterna.se\\\/arboga\\\/\"},{\"@type\":\"ListItem\",\"position\":2,\"name\":\"V\u00e5r kommunpolitik\",\"item\":\"https:\\\/\\\/wp.kristdemokraterna.se\\\/arboga\\\/swisha-var-valfond\\\/\"},{\"@type\":\"ListItem\",\"position\":3,\"name\":\"Integration\"}]},{\"@type\":\"WebSite\",\"@id\":\"https:\\\/\\\/wp.kristdemokraterna.se\\\/arboga\\\/#website\",\"url\":\"https:\\\/\\\/wp.kristdemokraterna.se\\\/arboga\\\/\",\"name\":\"Kristdemokraterna | Arboga\",\"description\":\"En till Kristdemokraterna webbplats\",\"inLanguage\":\"sv-SE\"}]}<\/script>\n<!-- \/ Yoast SEO plugin. -->","yoast_head_json":{"title":"Integration - Kristdemokraterna | Arboga","robots":{"index":"index","follow":"follow","max-snippet":"max-snippet:-1","max-image-preview":"max-image-preview:large","max-video-preview":"max-video-preview:-1"},"canonical":"https:\/\/wp.kristdemokraterna.se\/arboga\/swisha-var-valfond\/integration\/","og_locale":"sv_SE","og_type":"article","og_title":"Integration - Kristdemokraterna | Arboga","og_description":"Arboga kommun beh\u00f6ver st\u00f6rre frihet f\u00f6r att hitta kreativa l\u00f6sningar f\u00f6r integration, \u00e4ven tillsammans med civilsamh\u00e4llet och det lokala n\u00e4ringslivet. Detta kan underl\u00e4tta f\u00f6r att fler ska f\u00e5 in en fot p\u00e5 arbetsmarknaden och f\u00e5 v\u00e4rdefull erfarenhet som g\u00f6r det m\u00f6jligt att g\u00e5 vidare in i arbetslivet.","og_url":"https:\/\/wp.kristdemokraterna.se\/arboga\/swisha-var-valfond\/integration\/","og_site_name":"Kristdemokraterna | Arboga","article_modified_time":"2024-03-12T14:44:51+00:00","twitter_card":"summary_large_image","twitter_misc":{"Ber\u00e4knad l\u00e4stid":"1 minut"},"schema":{"@context":"https:\/\/schema.org","@graph":[{"@type":"WebPage","@id":"https:\/\/wp.kristdemokraterna.se\/arboga\/swisha-var-valfond\/integration\/","url":"https:\/\/wp.kristdemokraterna.se\/arboga\/swisha-var-valfond\/integration\/","name":"Integration - Kristdemokraterna | Arboga","isPartOf":{"@id":"https:\/\/wp.kristdemokraterna.se\/arboga\/#website"},"primaryImageOfPage":{"@id":"https:\/\/wp.kristdemokraterna.se\/arboga\/swisha-var-valfond\/integration\/#primaryimage"},"image":{"@id":"https:\/\/wp.kristdemokraterna.se\/arboga\/swisha-var-valfond\/integration\/#primaryimage"},"thumbnailUrl":"","datePublished":"2024-03-12T06:25:17+00:00","dateModified":"2024-03-12T14:44:51+00:00","breadcrumb":{"@id":"https:\/\/wp.kristdemokraterna.se\/arboga\/swisha-var-valfond\/integration\/#breadcrumb"},"inLanguage":"sv-SE","potentialAction":[{"@type":"ReadAction","target":["https:\/\/wp.kristdemokraterna.se\/arboga\/swisha-var-valfond\/integration\/"]}]},{"@type":"ImageObject","inLanguage":"sv-SE","@id":"https:\/\/wp.kristdemokraterna.se\/arboga\/swisha-var-valfond\/integration\/#primaryimage","url":"","contentUrl":""},{"@type":"BreadcrumbList","@id":"https:\/\/wp.kristdemokraterna.se\/arboga\/swisha-var-valfond\/integration\/#breadcrumb","itemListElement":[{"@type":"ListItem","position":1,"name":"Hem","item":"https:\/\/wp.kristdemokraterna.se\/arboga\/"},{"@type":"ListItem","position":2,"name":"V\u00e5r kommunpolitik","item":"https:\/\/wp.kristdemokraterna.se\/arboga\/swisha-var-valfond\/"},{"@type":"ListItem","position":3,"name":"Integration"}]},{"@type":"WebSite","@id":"https:\/\/wp.kristdemokraterna.se\/arboga\/#website","url":"https:\/\/wp.kristdemokraterna.se\/arboga\/","name":"Kristdemokraterna | Arboga","description":"En till Kristdemokraterna webbplats","inLanguage":"sv-SE"}]}},"_links":{"self":[{"href":"https:\/\/wp.kristdemokraterna.se\/arboga\/wp-json\/wp\/v2\/pages\/2551","targetHints":{"allow":["GET"]}}],"collection":[{"href":"https:\/\/wp.kristdemokraterna.se\/arboga\/wp-json\/wp\/v2\/pages"}],"about":[{"href":"https:\/\/wp.kristdemokraterna.se\/arboga\/wp-json\/wp\/v2\/types\/page"}],"author":[{"embeddable":true,"href":"https:\/\/wp.kristdemokraterna.se\/arboga\/wp-json\/wp\/v2\/users\/62"}],"replies":[{"embeddable":true,"href":"https:\/\/wp.kristdemokraterna.se\/arboga\/wp-json\/wp\/v2\/comments?post=2551"}],"version-history":[{"count":1,"href":"https:\/\/wp.kristdemokraterna.se\/arboga\/wp-json\/wp\/v2\/pages\/2551\/revisions"}],"predecessor-version":[{"id":2552,"href":"https:\/\/wp.kristdemokraterna.se\/arboga\/wp-json\/wp\/v2\/pages\/2551\/revisions\/2552"}],"up":[{"embeddable":true,"href":"https:\/\/wp.kristdemokraterna.se\/arboga\/wp-json\/wp\/v2\/pages\/391"}],"wp:featuredmedia":[{"embeddable":true,"href":"https:\/\/wp.kristdemokraterna.se\/arboga\/wp-json\/"}],"wp:attachment":[{"href":"https:\/\/wp.kristdemokraterna.se\/arboga\/wp-json\/wp\/v2\/media?parent=2551"}],"curies":[{"name":"wp","href":"https:\/\/api.w.org\/{rel}","templated":true}]}}