{"id":8,"date":"2014-03-11T12:31:34","date_gmt":"2014-03-11T11:31:34","guid":{"rendered":"http:\/\/wp.kristdemokraterna.se\/koping\/?page_id=8"},"modified":"2014-03-11T12:31:34","modified_gmt":"2014-03-11T11:31:34","slug":"var-lokalavdelning","status":"publish","type":"page","link":"https:\/\/wp.kristdemokraterna.se\/arboga\/var-lokalavdelning\/","title":{"rendered":"V\u00e5r partiavdelning"},"content":{"rendered":"<h3><\/h3>\n<h3><\/h3>\n<h3><\/h3>\n<p>&nbsp;<\/p>\n","protected":false},"excerpt":{"rendered":"<p>&nbsp;<\/p>\n","protected":false},"author":444,"featured_media":714,"parent":0,"menu_order":5,"comment_status":"closed","ping_status":"closed","template":"","meta":{"_acf_changed":false,"footnotes":""},"class_list":["post-8","page","type-page","status-publish","hentry"],"acf":[],"yoast_head":"<!-- This site is optimized with the Yoast SEO plugin v27.3 - https:\/\/yoast.com\/product\/yoast-seo-wordpress\/ -->\n<title>Styrelsen 2020-2021 KD K\u00f6ping - Kristdemokraterna | Arboga Ordf\u00f6rande: Lars-Axel Nordell 070-7708310, lan@kristdemokraterna.seVice ordf\u00f6rande: Per Norin 070-6083916, per.norin@koping.seGruppledare: Anna-Carin Ragnarsson, 076-3365894, anna-carin.ragnarsson@kristdemokraterna.seSekreterare: Robert Ericsson, 070-7752371, robert.ericsson@styrkelyft.se,Kass\u00f6r: Tommy Svanborg 072-7186360,\u00a0 tommy.svanborg1@gmail.com\u00d6vriga ledam\u00f6terIngrid Broman 070-4665622, ingridbroman99@gmail.com,Kenth Lucas 070-076-1116995, kenth.lucas@hotmail.comSalah Rasho 070-4273036, salah_rasho@hotmail.com<\/title>\n<meta name=\"robots\" content=\"index, follow, max-snippet:-1, max-image-preview:large, max-video-preview:-1\" \/>\n<link rel=\"canonical\" href=\"https:\/\/wp.kristdemokraterna.se\/arboga\/var-lokalavdelning\/\" \/>\n<meta property=\"og:locale\" content=\"sv_SE\" \/>\n<meta property=\"og:type\" content=\"article\" \/>\n<meta property=\"og:title\" content=\"Styrelsen 2020-2021 KD K\u00f6ping - Kristdemokraterna | Arboga Ordf\u00f6rande: Lars-Axel Nordell 070-7708310, lan@kristdemokraterna.seVice ordf\u00f6rande: Per Norin 070-6083916, per.norin@koping.seGruppledare: Anna-Carin Ragnarsson, 076-3365894, anna-carin.ragnarsson@kristdemokraterna.seSekreterare: Robert Ericsson, 070-7752371, robert.ericsson@styrkelyft.se,Kass\u00f6r: Tommy Svanborg 072-7186360,\u00a0 tommy.svanborg1@gmail.com\u00d6vriga ledam\u00f6terIngrid Broman 070-4665622, ingridbroman99@gmail.com,Kenth Lucas 070-076-1116995, kenth.lucas@hotmail.comSalah Rasho 070-4273036, salah_rasho@hotmail.com\" \/>\n<meta property=\"og:description\" content=\"&nbsp;\" \/>\n<meta property=\"og:url\" content=\"https:\/\/wp.kristdemokraterna.se\/arboga\/var-lokalavdelning\/\" \/>\n<meta property=\"og:site_name\" content=\"Kristdemokraterna | Arboga\" \/>\n<meta name=\"twitter:card\" content=\"summary_large_image\" \/>\n<script type=\"application\/ld+json\" class=\"yoast-schema-graph\">{\"@context\":\"https:\\\/\\\/schema.org\",\"@graph\":[{\"@type\":\"WebPage\",\"@id\":\"https:\\\/\\\/wp.kristdemokraterna.se\\\/arboga\\\/var-lokalavdelning\\\/\",\"url\":\"https:\\\/\\\/wp.kristdemokraterna.se\\\/arboga\\\/var-lokalavdelning\\\/\",\"name\":\"Styrelsen 2020-2021 KD K\u00f6ping - Kristdemokraterna | Arboga Ordf\u00f6rande: Lars-Axel Nordell 070-7708310, lan@kristdemokraterna.seVice ordf\u00f6rande: Per Norin 070-6083916, per.norin@koping.seGruppledare: Anna-Carin Ragnarsson, 076-3365894, anna-carin.ragnarsson@kristdemokraterna.seSekreterare: Robert Ericsson, 070-7752371, robert.ericsson@styrkelyft.se,Kass\u00f6r: Tommy Svanborg 072-7186360,\u00a0 tommy.svanborg1@gmail.com\u00d6vriga ledam\u00f6terIngrid Broman 070-4665622, ingridbroman99@gmail.com,Kenth Lucas 070-076-1116995, kenth.lucas@hotmail.comSalah Rasho 070-4273036, salah_rasho@hotmail.com\",\"isPartOf\":{\"@id\":\"https:\\\/\\\/wp.kristdemokraterna.se\\\/arboga\\\/#website\"},\"primaryImageOfPage\":{\"@id\":\"https:\\\/\\\/wp.kristdemokraterna.se\\\/arboga\\\/var-lokalavdelning\\\/#primaryimage\"},\"image\":{\"@id\":\"https:\\\/\\\/wp.kristdemokraterna.se\\\/arboga\\\/var-lokalavdelning\\\/#primaryimage\"},\"thumbnailUrl\":\"\",\"datePublished\":\"2014-03-11T11:31:34+00:00\",\"breadcrumb\":{\"@id\":\"https:\\\/\\\/wp.kristdemokraterna.se\\\/arboga\\\/var-lokalavdelning\\\/#breadcrumb\"},\"inLanguage\":\"sv-SE\",\"potentialAction\":[{\"@type\":\"ReadAction\",\"target\":[\"https:\\\/\\\/wp.kristdemokraterna.se\\\/arboga\\\/var-lokalavdelning\\\/\"]}]},{\"@type\":\"ImageObject\",\"inLanguage\":\"sv-SE\",\"@id\":\"https:\\\/\\\/wp.kristdemokraterna.se\\\/arboga\\\/var-lokalavdelning\\\/#primaryimage\",\"url\":\"\",\"contentUrl\":\"\"},{\"@type\":\"BreadcrumbList\",\"@id\":\"https:\\\/\\\/wp.kristdemokraterna.se\\\/arboga\\\/var-lokalavdelning\\\/#breadcrumb\",\"itemListElement\":[{\"@type\":\"ListItem\",\"position\":1,\"name\":\"Hem\",\"item\":\"https:\\\/\\\/wp.kristdemokraterna.se\\\/arboga\\\/\"},{\"@type\":\"ListItem\",\"position\":2,\"name\":\"V\u00e5r partiavdelning\"}]},{\"@type\":\"WebSite\",\"@id\":\"https:\\\/\\\/wp.kristdemokraterna.se\\\/arboga\\\/#website\",\"url\":\"https:\\\/\\\/wp.kristdemokraterna.se\\\/arboga\\\/\",\"name\":\"Kristdemokraterna | Arboga\",\"description\":\"En till Kristdemokraterna webbplats\",\"inLanguage\":\"sv-SE\"}]}<\/script>\n<!-- \/ Yoast SEO plugin. -->","yoast_head_json":{"title":"Styrelsen 2020-2021 KD K\u00f6ping - Kristdemokraterna | Arboga Ordf\u00f6rande: Lars-Axel Nordell 070-7708310, lan@kristdemokraterna.seVice ordf\u00f6rande: Per Norin 070-6083916, per.norin@koping.seGruppledare: Anna-Carin Ragnarsson, 076-3365894, anna-carin.ragnarsson@kristdemokraterna.seSekreterare: Robert Ericsson, 070-7752371, robert.ericsson@styrkelyft.se,Kass\u00f6r: Tommy Svanborg 072-7186360,\u00a0 tommy.svanborg1@gmail.com\u00d6vriga ledam\u00f6terIngrid Broman 070-4665622, ingridbroman99@gmail.com,Kenth Lucas 070-076-1116995, kenth.lucas@hotmail.comSalah Rasho 070-4273036, salah_rasho@hotmail.com","robots":{"index":"index","follow":"follow","max-snippet":"max-snippet:-1","max-image-preview":"max-image-preview:large","max-video-preview":"max-video-preview:-1"},"canonical":"https:\/\/wp.kristdemokraterna.se\/arboga\/var-lokalavdelning\/","og_locale":"sv_SE","og_type":"article","og_title":"Styrelsen 2020-2021 KD K\u00f6ping - Kristdemokraterna | Arboga Ordf\u00f6rande: Lars-Axel Nordell 070-7708310, lan@kristdemokraterna.seVice ordf\u00f6rande: Per Norin 070-6083916, per.norin@koping.seGruppledare: Anna-Carin Ragnarsson, 076-3365894, anna-carin.ragnarsson@kristdemokraterna.seSekreterare: Robert Ericsson, 070-7752371, robert.ericsson@styrkelyft.se,Kass\u00f6r: Tommy Svanborg 072-7186360,\u00a0 tommy.svanborg1@gmail.com\u00d6vriga ledam\u00f6terIngrid Broman 070-4665622, ingridbroman99@gmail.com,Kenth Lucas 070-076-1116995, kenth.lucas@hotmail.comSalah Rasho 070-4273036, salah_rasho@hotmail.com","og_description":"&nbsp;","og_url":"https:\/\/wp.kristdemokraterna.se\/arboga\/var-lokalavdelning\/","og_site_name":"Kristdemokraterna | Arboga","twitter_card":"summary_large_image","schema":{"@context":"https:\/\/schema.org","@graph":[{"@type":"WebPage","@id":"https:\/\/wp.kristdemokraterna.se\/arboga\/var-lokalavdelning\/","url":"https:\/\/wp.kristdemokraterna.se\/arboga\/var-lokalavdelning\/","name":"Styrelsen 2020-2021 KD K\u00f6ping - Kristdemokraterna | Arboga Ordf\u00f6rande: Lars-Axel Nordell 070-7708310, lan@kristdemokraterna.seVice ordf\u00f6rande: Per Norin 070-6083916, per.norin@koping.seGruppledare: Anna-Carin Ragnarsson, 076-3365894, anna-carin.ragnarsson@kristdemokraterna.seSekreterare: Robert Ericsson, 070-7752371, robert.ericsson@styrkelyft.se,Kass\u00f6r: Tommy Svanborg 072-7186360,\u00a0 tommy.svanborg1@gmail.com\u00d6vriga ledam\u00f6terIngrid Broman 070-4665622, ingridbroman99@gmail.com,Kenth Lucas 070-076-1116995, kenth.lucas@hotmail.comSalah Rasho 070-4273036, salah_rasho@hotmail.com","isPartOf":{"@id":"https:\/\/wp.kristdemokraterna.se\/arboga\/#website"},"primaryImageOfPage":{"@id":"https:\/\/wp.kristdemokraterna.se\/arboga\/var-lokalavdelning\/#primaryimage"},"image":{"@id":"https:\/\/wp.kristdemokraterna.se\/arboga\/var-lokalavdelning\/#primaryimage"},"thumbnailUrl":"","datePublished":"2014-03-11T11:31:34+00:00","breadcrumb":{"@id":"https:\/\/wp.kristdemokraterna.se\/arboga\/var-lokalavdelning\/#breadcrumb"},"inLanguage":"sv-SE","potentialAction":[{"@type":"ReadAction","target":["https:\/\/wp.kristdemokraterna.se\/arboga\/var-lokalavdelning\/"]}]},{"@type":"ImageObject","inLanguage":"sv-SE","@id":"https:\/\/wp.kristdemokraterna.se\/arboga\/var-lokalavdelning\/#primaryimage","url":"","contentUrl":""},{"@type":"BreadcrumbList","@id":"https:\/\/wp.kristdemokraterna.se\/arboga\/var-lokalavdelning\/#breadcrumb","itemListElement":[{"@type":"ListItem","position":1,"name":"Hem","item":"https:\/\/wp.kristdemokraterna.se\/arboga\/"},{"@type":"ListItem","position":2,"name":"V\u00e5r partiavdelning"}]},{"@type":"WebSite","@id":"https:\/\/wp.kristdemokraterna.se\/arboga\/#website","url":"https:\/\/wp.kristdemokraterna.se\/arboga\/","name":"Kristdemokraterna | Arboga","description":"En till Kristdemokraterna webbplats","inLanguage":"sv-SE"}]}},"_links":{"self":[{"href":"https:\/\/wp.kristdemokraterna.se\/arboga\/wp-json\/wp\/v2\/pages\/8","targetHints":{"allow":["GET"]}}],"collection":[{"href":"https:\/\/wp.kristdemokraterna.se\/arboga\/wp-json\/wp\/v2\/pages"}],"about":[{"href":"https:\/\/wp.kristdemokraterna.se\/arboga\/wp-json\/wp\/v2\/types\/page"}],"author":[{"embeddable":true,"href":"https:\/\/wp.kristdemokraterna.se\/arboga\/wp-json\/wp\/v2\/users\/444"}],"replies":[{"embeddable":true,"href":"https:\/\/wp.kristdemokraterna.se\/arboga\/wp-json\/wp\/v2\/comments?post=8"}],"version-history":[{"count":0,"href":"https:\/\/wp.kristdemokraterna.se\/arboga\/wp-json\/wp\/v2\/pages\/8\/revisions"}],"wp:featuredmedia":[{"embeddable":true,"href":"https:\/\/wp.kristdemokraterna.se\/arboga\/wp-json\/"}],"wp:attachment":[{"href":"https:\/\/wp.kristdemokraterna.se\/arboga\/wp-json\/wp\/v2\/media?parent=8"}],"curies":[{"name":"wp","href":"https:\/\/api.w.org\/{rel}","templated":true}]}}