{"id":602,"date":"2012-06-01T12:10:30","date_gmt":"2012-06-01T12:10:30","guid":{"rendered":"http:\/\/wpskane.kristdemokraterna.se\/astorp\/?page_id=12"},"modified":"2024-02-19T11:11:50","modified_gmt":"2024-02-19T10:11:50","slug":"kontakt-2","status":"publish","type":"page","link":"https:\/\/wp.kristdemokraterna.se\/astorp\/kontakt-2\/","title":{"rendered":"Kontakt"},"content":{"rendered":"<h2>Ordf\u00f6rande: Filip Ekstr\u00f6m<\/h2>\n<p>&nbsp;<\/p>\n<address>Fj\u00e4llv\u00e4gen 17, 26540 \u00c5storp<\/address>\n<address><a href=\"mailto:nilsfilip.ekstrom@gmail.com\">Skicka mail till Filip<\/a><\/address>\n<address>\u00a0<\/address>\n<h2>Vice ordf\u00f6rande: <strong>Barbro Nielsen<\/strong><\/h2>\n<div align=\"left\"><a href=\"mailto:nils_goran.nilsson@telia.com\">Skicka mail till Barbro<\/a><\/div>\n","protected":false},"excerpt":{"rendered":"<p>Ordf\u00f6rande: Filip Ekstr\u00f6m &nbsp; Fj\u00e4llv\u00e4gen 17, 26540 \u00c5storp Skicka mail till Filip \u00a0 Vice ordf\u00f6rande: Barbro Nielsen Skicka mail till Barbro<\/p>\n","protected":false},"author":444,"featured_media":0,"parent":0,"menu_order":0,"comment_status":"closed","ping_status":"closed","template":"","meta":{"_acf_changed":false,"footnotes":""},"class_list":["post-602","page","type-page","status-publish","hentry"],"acf":[],"yoast_head":"<!-- This site is optimized with the Yoast SEO plugin v27.4 - https:\/\/yoast.com\/product\/yoast-seo-wordpress\/ -->\n<title>Kontakt - Kristdemokraterna | \u00c5storp<\/title>\n<meta name=\"robots\" content=\"index, follow, max-snippet:-1, max-image-preview:large, max-video-preview:-1\" \/>\n<link rel=\"canonical\" href=\"https:\/\/wp.kristdemokraterna.se\/astorp\/kontakt-2\/\" \/>\n<meta property=\"og:locale\" content=\"sv_SE\" \/>\n<meta property=\"og:type\" content=\"article\" \/>\n<meta property=\"og:title\" content=\"Kontakt - Kristdemokraterna | \u00c5storp\" \/>\n<meta property=\"og:description\" content=\"Ordf\u00f6rande: Filip Ekstr\u00f6m &nbsp; Fj\u00e4llv\u00e4gen 17, 26540 \u00c5storp Skicka mail till Filip \u00a0 Vice ordf\u00f6rande: Barbro Nielsen Skicka mail till Barbro\" \/>\n<meta property=\"og:url\" content=\"https:\/\/wp.kristdemokraterna.se\/astorp\/kontakt-2\/\" \/>\n<meta property=\"og:site_name\" content=\"Kristdemokraterna | \u00c5storp\" \/>\n<meta property=\"article:modified_time\" content=\"2024-02-19T10:11:50+00:00\" \/>\n<meta name=\"twitter:card\" content=\"summary_large_image\" \/>\n<meta name=\"twitter:label1\" content=\"Ber\u00e4knad l\u00e4stid\" \/>\n\t<meta name=\"twitter:data1\" content=\"1 minut\" \/>\n<script type=\"application\/ld+json\" class=\"yoast-schema-graph\">{\"@context\":\"https:\\\/\\\/schema.org\",\"@graph\":[{\"@type\":\"WebPage\",\"@id\":\"https:\\\/\\\/wp.kristdemokraterna.se\\\/astorp\\\/kontakt-2\\\/\",\"url\":\"https:\\\/\\\/wp.kristdemokraterna.se\\\/astorp\\\/kontakt-2\\\/\",\"name\":\"Kontakt - Kristdemokraterna | \u00c5storp\",\"isPartOf\":{\"@id\":\"https:\\\/\\\/wp.kristdemokraterna.se\\\/astorp\\\/#website\"},\"datePublished\":\"2012-06-01T12:10:30+00:00\",\"dateModified\":\"2024-02-19T10:11:50+00:00\",\"breadcrumb\":{\"@id\":\"https:\\\/\\\/wp.kristdemokraterna.se\\\/astorp\\\/kontakt-2\\\/#breadcrumb\"},\"inLanguage\":\"sv-SE\",\"potentialAction\":[{\"@type\":\"ReadAction\",\"target\":[\"https:\\\/\\\/wp.kristdemokraterna.se\\\/astorp\\\/kontakt-2\\\/\"]}]},{\"@type\":\"BreadcrumbList\",\"@id\":\"https:\\\/\\\/wp.kristdemokraterna.se\\\/astorp\\\/kontakt-2\\\/#breadcrumb\",\"itemListElement\":[{\"@type\":\"ListItem\",\"position\":1,\"name\":\"Hem\",\"item\":\"https:\\\/\\\/wp.kristdemokraterna.se\\\/astorp\\\/\"},{\"@type\":\"ListItem\",\"position\":2,\"name\":\"Kontakt\"}]},{\"@type\":\"WebSite\",\"@id\":\"https:\\\/\\\/wp.kristdemokraterna.se\\\/astorp\\\/#website\",\"url\":\"https:\\\/\\\/wp.kristdemokraterna.se\\\/astorp\\\/\",\"name\":\"Kristdemokraterna | \u00c5storp\",\"description\":\"\u00c4nnu en webbplats hos Kristdemokraterna\",\"inLanguage\":\"sv-SE\"}]}<\/script>\n<!-- \/ Yoast SEO plugin. -->","yoast_head_json":{"title":"Kontakt - Kristdemokraterna | \u00c5storp","robots":{"index":"index","follow":"follow","max-snippet":"max-snippet:-1","max-image-preview":"max-image-preview:large","max-video-preview":"max-video-preview:-1"},"canonical":"https:\/\/wp.kristdemokraterna.se\/astorp\/kontakt-2\/","og_locale":"sv_SE","og_type":"article","og_title":"Kontakt - Kristdemokraterna | \u00c5storp","og_description":"Ordf\u00f6rande: Filip Ekstr\u00f6m &nbsp; Fj\u00e4llv\u00e4gen 17, 26540 \u00c5storp Skicka mail till Filip \u00a0 Vice ordf\u00f6rande: Barbro Nielsen Skicka mail till Barbro","og_url":"https:\/\/wp.kristdemokraterna.se\/astorp\/kontakt-2\/","og_site_name":"Kristdemokraterna | \u00c5storp","article_modified_time":"2024-02-19T10:11:50+00:00","twitter_card":"summary_large_image","twitter_misc":{"Ber\u00e4knad l\u00e4stid":"1 minut"},"schema":{"@context":"https:\/\/schema.org","@graph":[{"@type":"WebPage","@id":"https:\/\/wp.kristdemokraterna.se\/astorp\/kontakt-2\/","url":"https:\/\/wp.kristdemokraterna.se\/astorp\/kontakt-2\/","name":"Kontakt - Kristdemokraterna | \u00c5storp","isPartOf":{"@id":"https:\/\/wp.kristdemokraterna.se\/astorp\/#website"},"datePublished":"2012-06-01T12:10:30+00:00","dateModified":"2024-02-19T10:11:50+00:00","breadcrumb":{"@id":"https:\/\/wp.kristdemokraterna.se\/astorp\/kontakt-2\/#breadcrumb"},"inLanguage":"sv-SE","potentialAction":[{"@type":"ReadAction","target":["https:\/\/wp.kristdemokraterna.se\/astorp\/kontakt-2\/"]}]},{"@type":"BreadcrumbList","@id":"https:\/\/wp.kristdemokraterna.se\/astorp\/kontakt-2\/#breadcrumb","itemListElement":[{"@type":"ListItem","position":1,"name":"Hem","item":"https:\/\/wp.kristdemokraterna.se\/astorp\/"},{"@type":"ListItem","position":2,"name":"Kontakt"}]},{"@type":"WebSite","@id":"https:\/\/wp.kristdemokraterna.se\/astorp\/#website","url":"https:\/\/wp.kristdemokraterna.se\/astorp\/","name":"Kristdemokraterna | \u00c5storp","description":"\u00c4nnu en webbplats hos Kristdemokraterna","inLanguage":"sv-SE"}]}},"_links":{"self":[{"href":"https:\/\/wp.kristdemokraterna.se\/astorp\/wp-json\/wp\/v2\/pages\/602","targetHints":{"allow":["GET"]}}],"collection":[{"href":"https:\/\/wp.kristdemokraterna.se\/astorp\/wp-json\/wp\/v2\/pages"}],"about":[{"href":"https:\/\/wp.kristdemokraterna.se\/astorp\/wp-json\/wp\/v2\/types\/page"}],"author":[{"embeddable":true,"href":"https:\/\/wp.kristdemokraterna.se\/astorp\/wp-json\/wp\/v2\/users\/444"}],"replies":[{"embeddable":true,"href":"https:\/\/wp.kristdemokraterna.se\/astorp\/wp-json\/wp\/v2\/comments?post=602"}],"version-history":[{"count":2,"href":"https:\/\/wp.kristdemokraterna.se\/astorp\/wp-json\/wp\/v2\/pages\/602\/revisions"}],"predecessor-version":[{"id":629,"href":"https:\/\/wp.kristdemokraterna.se\/astorp\/wp-json\/wp\/v2\/pages\/602\/revisions\/629"}],"wp:attachment":[{"href":"https:\/\/wp.kristdemokraterna.se\/astorp\/wp-json\/wp\/v2\/media?parent=602"}],"curies":[{"name":"wp","href":"https:\/\/api.w.org\/{rel}","templated":true}]}}