{"id":265,"date":"2017-11-29T16:47:40","date_gmt":"2017-11-29T15:47:40","guid":{"rendered":"http:\/\/wp.kristdemokraterna.se\/bollnas2\/?page_id=265"},"modified":"2022-10-14T13:45:56","modified_gmt":"2022-10-14T11:45:56","slug":"startsida","status":"publish","type":"page","link":"https:\/\/wp.kristdemokraterna.se\/bollnas\/","title":{"rendered":"Startsida"},"content":{"rendered":"<h3><strong>Kristdemokraterna i Bolln\u00e4s vill ha en kommun d\u00e4r friheten att forma sitt eget liv g\u00e5r hand i hand med ansvaret f\u00f6r sin medm\u00e4nniska. D\u00e4rf\u00f6r v\u00e4ljer vi att alltid prioritera k\u00e4rnverksamheten framf\u00f6r skrytbyggen och h\u00f6jda politikerl\u00f6ner.\u00a0<\/strong><\/h3>\n<h4><strong>Eftersom vi tror p\u00e5 m\u00e4nniskans okr\u00e4nkbara v\u00e4rde s\u00e5 jobbar vi aktivt f\u00f6r att ingen ska h\u00e5llas tillbaka och att ingen ska l\u00e4mnas efter. Vi g\u00f6r ett aktivt val att st\u00f6tta f\u00f6renings- och n\u00e4ringslivet med v\u00e5r politik. Fler fritidsg\u00e5rdar och nej till kommunal verksamhet som konkurrerar med lokala f\u00f6retagare.<br \/>\n<\/strong><\/h4>\n","protected":false},"excerpt":{"rendered":"<p>Kristdemokraterna i Bolln\u00e4s vill ha en kommun d\u00e4r friheten att forma sitt eget liv g\u00e5r hand i hand med ansvaret f\u00f6r sin medm\u00e4nniska. D\u00e4rf\u00f6r v\u00e4ljer vi att alltid prioritera k\u00e4rnverksamheten framf\u00f6r skrytbyggen och h\u00f6jda politikerl\u00f6ner.\u00a0 Eftersom vi tror p\u00e5 m\u00e4nniskans okr\u00e4nkbara v\u00e4rde s\u00e5 jobbar vi aktivt f\u00f6r att ingen ska h\u00e5llas tillbaka och att ingen <a class=\"read-more-link\" href=\"https:\/\/wp.kristdemokraterna.se\/bollnas\/\">L\u00e4s mer<\/a><\/p>\n","protected":false},"author":798,"featured_media":0,"parent":0,"menu_order":1,"comment_status":"closed","ping_status":"closed","template":"index.php","meta":{"_acf_changed":false,"footnotes":""},"class_list":["post-265","page","type-page","status-publish","hentry"],"acf":[],"yoast_head":"<!-- This site is optimized with the Yoast SEO plugin v27.4 - https:\/\/yoast.com\/product\/yoast-seo-wordpress\/ -->\n<title>Startsida - Kristdemokraterna i Bolln\u00e4s<\/title>\n<meta name=\"robots\" content=\"index, follow, max-snippet:-1, max-image-preview:large, max-video-preview:-1\" \/>\n<link rel=\"canonical\" href=\"https:\/\/wp.kristdemokraterna.se\/bollnas\/\" \/>\n<meta property=\"og:locale\" content=\"sv_SE\" \/>\n<meta property=\"og:type\" content=\"article\" \/>\n<meta property=\"og:title\" content=\"Startsida - Kristdemokraterna i Bolln\u00e4s\" \/>\n<meta property=\"og:description\" content=\"Kristdemokraterna i Bolln\u00e4s vill ha en kommun d\u00e4r friheten att forma sitt eget liv g\u00e5r hand i hand med ansvaret f\u00f6r sin medm\u00e4nniska. D\u00e4rf\u00f6r v\u00e4ljer vi att alltid prioritera k\u00e4rnverksamheten framf\u00f6r skrytbyggen och h\u00f6jda politikerl\u00f6ner.\u00a0 Eftersom vi tror p\u00e5 m\u00e4nniskans okr\u00e4nkbara v\u00e4rde s\u00e5 jobbar vi aktivt f\u00f6r att ingen ska h\u00e5llas tillbaka och att ingen L\u00e4s mer\" \/>\n<meta property=\"og:url\" content=\"https:\/\/wp.kristdemokraterna.se\/bollnas\/\" \/>\n<meta property=\"og:site_name\" content=\"Kristdemokraterna i Bolln\u00e4s\" \/>\n<meta property=\"article:modified_time\" content=\"2022-10-14T11:45:56+00:00\" \/>\n<meta name=\"twitter:card\" content=\"summary_large_image\" \/>\n<meta name=\"twitter:label1\" content=\"Ber\u00e4knad l\u00e4stid\" \/>\n\t<meta name=\"twitter:data1\" content=\"1 minut\" \/>\n<script type=\"application\/ld+json\" class=\"yoast-schema-graph\">{\"@context\":\"https:\\\/\\\/schema.org\",\"@graph\":[{\"@type\":\"WebPage\",\"@id\":\"https:\\\/\\\/wp.kristdemokraterna.se\\\/bollnas\\\/\",\"url\":\"https:\\\/\\\/wp.kristdemokraterna.se\\\/bollnas\\\/\",\"name\":\"Startsida - Kristdemokraterna i Bolln\u00e4s\",\"isPartOf\":{\"@id\":\"https:\\\/\\\/wp.kristdemokraterna.se\\\/bollnas\\\/#website\"},\"datePublished\":\"2017-11-29T15:47:40+00:00\",\"dateModified\":\"2022-10-14T11:45:56+00:00\",\"breadcrumb\":{\"@id\":\"https:\\\/\\\/wp.kristdemokraterna.se\\\/bollnas\\\/#breadcrumb\"},\"inLanguage\":\"sv-SE\",\"potentialAction\":[{\"@type\":\"ReadAction\",\"target\":[\"https:\\\/\\\/wp.kristdemokraterna.se\\\/bollnas\\\/\"]}]},{\"@type\":\"BreadcrumbList\",\"@id\":\"https:\\\/\\\/wp.kristdemokraterna.se\\\/bollnas\\\/#breadcrumb\",\"itemListElement\":[{\"@type\":\"ListItem\",\"position\":1,\"name\":\"Hem\",\"item\":\"https:\\\/\\\/wp.kristdemokraterna.se\\\/bollnas\\\/\"},{\"@type\":\"ListItem\",\"position\":2,\"name\":\"Startsida\"}]},{\"@type\":\"WebSite\",\"@id\":\"https:\\\/\\\/wp.kristdemokraterna.se\\\/bollnas\\\/#website\",\"url\":\"https:\\\/\\\/wp.kristdemokraterna.se\\\/bollnas\\\/\",\"name\":\"Kristdemokraterna i Bolln\u00e4s\",\"description\":\"En till Kristdemokraterna webbplats\",\"inLanguage\":\"sv-SE\"}]}<\/script>\n<!-- \/ Yoast SEO plugin. -->","yoast_head_json":{"title":"Startsida - Kristdemokraterna i Bolln\u00e4s","robots":{"index":"index","follow":"follow","max-snippet":"max-snippet:-1","max-image-preview":"max-image-preview:large","max-video-preview":"max-video-preview:-1"},"canonical":"https:\/\/wp.kristdemokraterna.se\/bollnas\/","og_locale":"sv_SE","og_type":"article","og_title":"Startsida - Kristdemokraterna i Bolln\u00e4s","og_description":"Kristdemokraterna i Bolln\u00e4s vill ha en kommun d\u00e4r friheten att forma sitt eget liv g\u00e5r hand i hand med ansvaret f\u00f6r sin medm\u00e4nniska. D\u00e4rf\u00f6r v\u00e4ljer vi att alltid prioritera k\u00e4rnverksamheten framf\u00f6r skrytbyggen och h\u00f6jda politikerl\u00f6ner.\u00a0 Eftersom vi tror p\u00e5 m\u00e4nniskans okr\u00e4nkbara v\u00e4rde s\u00e5 jobbar vi aktivt f\u00f6r att ingen ska h\u00e5llas tillbaka och att ingen L\u00e4s mer","og_url":"https:\/\/wp.kristdemokraterna.se\/bollnas\/","og_site_name":"Kristdemokraterna i Bolln\u00e4s","article_modified_time":"2022-10-14T11:45:56+00:00","twitter_card":"summary_large_image","twitter_misc":{"Ber\u00e4knad l\u00e4stid":"1 minut"},"schema":{"@context":"https:\/\/schema.org","@graph":[{"@type":"WebPage","@id":"https:\/\/wp.kristdemokraterna.se\/bollnas\/","url":"https:\/\/wp.kristdemokraterna.se\/bollnas\/","name":"Startsida - Kristdemokraterna i Bolln\u00e4s","isPartOf":{"@id":"https:\/\/wp.kristdemokraterna.se\/bollnas\/#website"},"datePublished":"2017-11-29T15:47:40+00:00","dateModified":"2022-10-14T11:45:56+00:00","breadcrumb":{"@id":"https:\/\/wp.kristdemokraterna.se\/bollnas\/#breadcrumb"},"inLanguage":"sv-SE","potentialAction":[{"@type":"ReadAction","target":["https:\/\/wp.kristdemokraterna.se\/bollnas\/"]}]},{"@type":"BreadcrumbList","@id":"https:\/\/wp.kristdemokraterna.se\/bollnas\/#breadcrumb","itemListElement":[{"@type":"ListItem","position":1,"name":"Hem","item":"https:\/\/wp.kristdemokraterna.se\/bollnas\/"},{"@type":"ListItem","position":2,"name":"Startsida"}]},{"@type":"WebSite","@id":"https:\/\/wp.kristdemokraterna.se\/bollnas\/#website","url":"https:\/\/wp.kristdemokraterna.se\/bollnas\/","name":"Kristdemokraterna i Bolln\u00e4s","description":"En till Kristdemokraterna webbplats","inLanguage":"sv-SE"}]}},"_links":{"self":[{"href":"https:\/\/wp.kristdemokraterna.se\/bollnas\/wp-json\/wp\/v2\/pages\/265","targetHints":{"allow":["GET"]}}],"collection":[{"href":"https:\/\/wp.kristdemokraterna.se\/bollnas\/wp-json\/wp\/v2\/pages"}],"about":[{"href":"https:\/\/wp.kristdemokraterna.se\/bollnas\/wp-json\/wp\/v2\/types\/page"}],"author":[{"embeddable":true,"href":"https:\/\/wp.kristdemokraterna.se\/bollnas\/wp-json\/wp\/v2\/users\/798"}],"replies":[{"embeddable":true,"href":"https:\/\/wp.kristdemokraterna.se\/bollnas\/wp-json\/wp\/v2\/comments?post=265"}],"version-history":[{"count":91,"href":"https:\/\/wp.kristdemokraterna.se\/bollnas\/wp-json\/wp\/v2\/pages\/265\/revisions"}],"predecessor-version":[{"id":618,"href":"https:\/\/wp.kristdemokraterna.se\/bollnas\/wp-json\/wp\/v2\/pages\/265\/revisions\/618"}],"wp:attachment":[{"href":"https:\/\/wp.kristdemokraterna.se\/bollnas\/wp-json\/wp\/v2\/media?parent=265"}],"curies":[{"name":"wp","href":"https:\/\/api.w.org\/{rel}","templated":true}]}}