{"id":269,"date":"2017-11-29T16:48:28","date_gmt":"2017-11-29T15:48:28","guid":{"rendered":"http:\/\/wp.kristdemokraterna.se\/bollnas2\/?page_id=269"},"modified":"2022-08-22T00:07:00","modified_gmt":"2022-08-21T22:07:00","slug":"https-kristdemokraterna-se-vart-parti-foretradare-kd-lokalt-gavleborgs-lan-bollnas","status":"publish","type":"page","link":"https:\/\/wp.kristdemokraterna.se\/bollnas\/https-kristdemokraterna-se-vart-parti-foretradare-kd-lokalt-gavleborgs-lan-bollnas\/","title":{"rendered":"Kristdemokraterna i Bolln\u00e4s"},"content":{"rendered":"<h4>\u00c4r du intresserad av vilka som sitter i styrelsen och f\u00f6retr\u00e4der oss i kommunen.<\/h4>\n<p>Klicka p\u00e5 l\u00e4nken nedanf\u00f6r:<\/p>\n<p><a href=\"https:\/\/kristdemokraterna.se\/vart-parti\/foretradare\/kd-lokalt\/gavleborgs-lan\/bollnas\">Bolln\u00e4s | Kristdemokraterna<\/a><\/p>\n<p>&nbsp;<\/p>\n","protected":false},"excerpt":{"rendered":"<p>\u00c4r du intresserad av vilka som sitter i styrelsen och f\u00f6retr\u00e4der oss i kommunen. Klicka p\u00e5 l\u00e4nken nedanf\u00f6r: Bolln\u00e4s | Kristdemokraterna &nbsp;<\/p>\n","protected":false},"author":798,"featured_media":0,"parent":0,"menu_order":2,"comment_status":"closed","ping_status":"closed","template":"page.php","meta":{"_acf_changed":false,"footnotes":""},"class_list":["post-269","page","type-page","status-publish","hentry"],"acf":[],"yoast_head":"<!-- This site is optimized with the Yoast SEO plugin v27.3 - https:\/\/yoast.com\/product\/yoast-seo-wordpress\/ -->\n<title>Kristdemokraterna i Bolln\u00e4s - Kristdemokraterna i Bolln\u00e4s<\/title>\n<meta name=\"robots\" content=\"index, follow, max-snippet:-1, max-image-preview:large, max-video-preview:-1\" \/>\n<link rel=\"canonical\" href=\"https:\/\/wp.kristdemokraterna.se\/bollnas\/https-kristdemokraterna-se-vart-parti-foretradare-kd-lokalt-gavleborgs-lan-bollnas\/\" \/>\n<meta property=\"og:locale\" content=\"sv_SE\" \/>\n<meta property=\"og:type\" content=\"article\" \/>\n<meta property=\"og:title\" content=\"Kristdemokraterna i Bolln\u00e4s - Kristdemokraterna i Bolln\u00e4s\" \/>\n<meta property=\"og:description\" content=\"\u00c4r du intresserad av vilka som sitter i styrelsen och f\u00f6retr\u00e4der oss i kommunen. Klicka p\u00e5 l\u00e4nken nedanf\u00f6r: Bolln\u00e4s | Kristdemokraterna &nbsp;\" \/>\n<meta property=\"og:url\" content=\"https:\/\/wp.kristdemokraterna.se\/bollnas\/https-kristdemokraterna-se-vart-parti-foretradare-kd-lokalt-gavleborgs-lan-bollnas\/\" \/>\n<meta property=\"og:site_name\" content=\"Kristdemokraterna i Bolln\u00e4s\" \/>\n<meta property=\"article:modified_time\" content=\"2022-08-21T22:07:00+00:00\" \/>\n<meta name=\"twitter:card\" content=\"summary_large_image\" \/>\n<meta name=\"twitter:label1\" content=\"Ber\u00e4knad l\u00e4stid\" \/>\n\t<meta name=\"twitter:data1\" content=\"1 minut\" \/>\n<script type=\"application\/ld+json\" class=\"yoast-schema-graph\">{\"@context\":\"https:\\\/\\\/schema.org\",\"@graph\":[{\"@type\":\"WebPage\",\"@id\":\"https:\\\/\\\/wp.kristdemokraterna.se\\\/bollnas\\\/https-kristdemokraterna-se-vart-parti-foretradare-kd-lokalt-gavleborgs-lan-bollnas\\\/\",\"url\":\"https:\\\/\\\/wp.kristdemokraterna.se\\\/bollnas\\\/https-kristdemokraterna-se-vart-parti-foretradare-kd-lokalt-gavleborgs-lan-bollnas\\\/\",\"name\":\"Kristdemokraterna i Bolln\u00e4s - Kristdemokraterna i Bolln\u00e4s\",\"isPartOf\":{\"@id\":\"https:\\\/\\\/wp.kristdemokraterna.se\\\/bollnas\\\/#website\"},\"datePublished\":\"2017-11-29T15:48:28+00:00\",\"dateModified\":\"2022-08-21T22:07:00+00:00\",\"breadcrumb\":{\"@id\":\"https:\\\/\\\/wp.kristdemokraterna.se\\\/bollnas\\\/https-kristdemokraterna-se-vart-parti-foretradare-kd-lokalt-gavleborgs-lan-bollnas\\\/#breadcrumb\"},\"inLanguage\":\"sv-SE\",\"potentialAction\":[{\"@type\":\"ReadAction\",\"target\":[\"https:\\\/\\\/wp.kristdemokraterna.se\\\/bollnas\\\/https-kristdemokraterna-se-vart-parti-foretradare-kd-lokalt-gavleborgs-lan-bollnas\\\/\"]}]},{\"@type\":\"BreadcrumbList\",\"@id\":\"https:\\\/\\\/wp.kristdemokraterna.se\\\/bollnas\\\/https-kristdemokraterna-se-vart-parti-foretradare-kd-lokalt-gavleborgs-lan-bollnas\\\/#breadcrumb\",\"itemListElement\":[{\"@type\":\"ListItem\",\"position\":1,\"name\":\"Hem\",\"item\":\"https:\\\/\\\/wp.kristdemokraterna.se\\\/bollnas\\\/\"},{\"@type\":\"ListItem\",\"position\":2,\"name\":\"Kristdemokraterna i Bolln\u00e4s\"}]},{\"@type\":\"WebSite\",\"@id\":\"https:\\\/\\\/wp.kristdemokraterna.se\\\/bollnas\\\/#website\",\"url\":\"https:\\\/\\\/wp.kristdemokraterna.se\\\/bollnas\\\/\",\"name\":\"Kristdemokraterna i Bolln\u00e4s\",\"description\":\"En till Kristdemokraterna webbplats\",\"inLanguage\":\"sv-SE\"}]}<\/script>\n<!-- \/ Yoast SEO plugin. -->","yoast_head_json":{"title":"Kristdemokraterna i Bolln\u00e4s - Kristdemokraterna i Bolln\u00e4s","robots":{"index":"index","follow":"follow","max-snippet":"max-snippet:-1","max-image-preview":"max-image-preview:large","max-video-preview":"max-video-preview:-1"},"canonical":"https:\/\/wp.kristdemokraterna.se\/bollnas\/https-kristdemokraterna-se-vart-parti-foretradare-kd-lokalt-gavleborgs-lan-bollnas\/","og_locale":"sv_SE","og_type":"article","og_title":"Kristdemokraterna i Bolln\u00e4s - Kristdemokraterna i Bolln\u00e4s","og_description":"\u00c4r du intresserad av vilka som sitter i styrelsen och f\u00f6retr\u00e4der oss i kommunen. Klicka p\u00e5 l\u00e4nken nedanf\u00f6r: Bolln\u00e4s | Kristdemokraterna &nbsp;","og_url":"https:\/\/wp.kristdemokraterna.se\/bollnas\/https-kristdemokraterna-se-vart-parti-foretradare-kd-lokalt-gavleborgs-lan-bollnas\/","og_site_name":"Kristdemokraterna i Bolln\u00e4s","article_modified_time":"2022-08-21T22:07:00+00:00","twitter_card":"summary_large_image","twitter_misc":{"Ber\u00e4knad l\u00e4stid":"1 minut"},"schema":{"@context":"https:\/\/schema.org","@graph":[{"@type":"WebPage","@id":"https:\/\/wp.kristdemokraterna.se\/bollnas\/https-kristdemokraterna-se-vart-parti-foretradare-kd-lokalt-gavleborgs-lan-bollnas\/","url":"https:\/\/wp.kristdemokraterna.se\/bollnas\/https-kristdemokraterna-se-vart-parti-foretradare-kd-lokalt-gavleborgs-lan-bollnas\/","name":"Kristdemokraterna i Bolln\u00e4s - Kristdemokraterna i Bolln\u00e4s","isPartOf":{"@id":"https:\/\/wp.kristdemokraterna.se\/bollnas\/#website"},"datePublished":"2017-11-29T15:48:28+00:00","dateModified":"2022-08-21T22:07:00+00:00","breadcrumb":{"@id":"https:\/\/wp.kristdemokraterna.se\/bollnas\/https-kristdemokraterna-se-vart-parti-foretradare-kd-lokalt-gavleborgs-lan-bollnas\/#breadcrumb"},"inLanguage":"sv-SE","potentialAction":[{"@type":"ReadAction","target":["https:\/\/wp.kristdemokraterna.se\/bollnas\/https-kristdemokraterna-se-vart-parti-foretradare-kd-lokalt-gavleborgs-lan-bollnas\/"]}]},{"@type":"BreadcrumbList","@id":"https:\/\/wp.kristdemokraterna.se\/bollnas\/https-kristdemokraterna-se-vart-parti-foretradare-kd-lokalt-gavleborgs-lan-bollnas\/#breadcrumb","itemListElement":[{"@type":"ListItem","position":1,"name":"Hem","item":"https:\/\/wp.kristdemokraterna.se\/bollnas\/"},{"@type":"ListItem","position":2,"name":"Kristdemokraterna i Bolln\u00e4s"}]},{"@type":"WebSite","@id":"https:\/\/wp.kristdemokraterna.se\/bollnas\/#website","url":"https:\/\/wp.kristdemokraterna.se\/bollnas\/","name":"Kristdemokraterna i Bolln\u00e4s","description":"En till Kristdemokraterna webbplats","inLanguage":"sv-SE"}]}},"_links":{"self":[{"href":"https:\/\/wp.kristdemokraterna.se\/bollnas\/wp-json\/wp\/v2\/pages\/269","targetHints":{"allow":["GET"]}}],"collection":[{"href":"https:\/\/wp.kristdemokraterna.se\/bollnas\/wp-json\/wp\/v2\/pages"}],"about":[{"href":"https:\/\/wp.kristdemokraterna.se\/bollnas\/wp-json\/wp\/v2\/types\/page"}],"author":[{"embeddable":true,"href":"https:\/\/wp.kristdemokraterna.se\/bollnas\/wp-json\/wp\/v2\/users\/798"}],"replies":[{"embeddable":true,"href":"https:\/\/wp.kristdemokraterna.se\/bollnas\/wp-json\/wp\/v2\/comments?post=269"}],"version-history":[{"count":25,"href":"https:\/\/wp.kristdemokraterna.se\/bollnas\/wp-json\/wp\/v2\/pages\/269\/revisions"}],"predecessor-version":[{"id":603,"href":"https:\/\/wp.kristdemokraterna.se\/bollnas\/wp-json\/wp\/v2\/pages\/269\/revisions\/603"}],"wp:attachment":[{"href":"https:\/\/wp.kristdemokraterna.se\/bollnas\/wp-json\/wp\/v2\/media?parent=269"}],"curies":[{"name":"wp","href":"https:\/\/api.w.org\/{rel}","templated":true}]}}