{"id":363,"date":"2017-12-04T16:11:27","date_gmt":"2017-12-04T15:11:27","guid":{"rendered":"http:\/\/wp.kristdemokraterna.se\/bollnas2\/?page_id=363"},"modified":"2024-06-13T11:34:14","modified_gmt":"2024-06-13T09:34:14","slug":"kontakta-oss-2","status":"publish","type":"page","link":"https:\/\/wp.kristdemokraterna.se\/bollnas\/https-kristdemokraterna-se-vart-parti-foretradare-kd-lokalt-gavleborgs-lan-bollnas\/kontakta-oss-2\/","title":{"rendered":"Kontakta oss"},"content":{"rendered":"<p>V\u00e4lkomna till Kristdemokraternas partiavdelning i Bolln\u00e4s.<\/p>\n<p>Har du fr\u00e5gor eller funderingar kring v\u00e5r partiavdelning och v\u00e5rt politiska arbete i kommunen.<br \/>\nEller vill du komma i kontakt med n\u00e5gon av v\u00e5ra f\u00f6retr\u00e4dare.<\/p>\n<p><strong>Kontakta i s\u00e5 fall oss p\u00e5 n\u00e5got av f\u00f6ljande s\u00e4tt:<\/strong><\/p>\n<p style=\"text-align: left\">E-mail:\u00a0 bollnas@kristdemokraterna.se<\/p>\n<p>Ordf\u00f6rande: Marcus L\u00f6f H\u00e4llstr\u00f6m (070-534 28 71)<br \/>\nVice ordf\u00f6rande: R\u00e5sie Sigvardsson-Berbres (076-794 07 45)<br \/>\nKass\u00f6r: Andreas Sandsg\u00e5rd (073-021 14 34)<br \/>\n<strong><br \/>\n<\/strong><\/p>\n","protected":false},"excerpt":{"rendered":"<p>V\u00e4lkomna till Kristdemokraternas partiavdelning i Bolln\u00e4s. Har du fr\u00e5gor eller funderingar kring v\u00e5r partiavdelning och v\u00e5rt politiska arbete i kommunen. Eller vill du komma i kontakt med n\u00e5gon av v\u00e5ra f\u00f6retr\u00e4dare. Kontakta i s\u00e5 fall oss p\u00e5 n\u00e5got av f\u00f6ljande s\u00e4tt: E-mail:\u00a0 bollnas@kristdemokraterna.se Ordf\u00f6rande: Marcus L\u00f6f H\u00e4llstr\u00f6m (070-534 28 71) Vice ordf\u00f6rande: R\u00e5sie Sigvardsson-Berbres (076-794 <a class=\"read-more-link\" href=\"https:\/\/wp.kristdemokraterna.se\/bollnas\/https-kristdemokraterna-se-vart-parti-foretradare-kd-lokalt-gavleborgs-lan-bollnas\/kontakta-oss-2\/\">L\u00e4s mer<\/a><\/p>\n","protected":false},"author":798,"featured_media":0,"parent":269,"menu_order":0,"comment_status":"closed","ping_status":"closed","template":"page.php","meta":{"_acf_changed":false,"footnotes":""},"class_list":["post-363","page","type-page","status-publish","hentry"],"acf":[],"yoast_head":"<!-- This site is optimized with the Yoast SEO plugin v27.4 - https:\/\/yoast.com\/product\/yoast-seo-wordpress\/ -->\n<title>Kontakta oss - Kristdemokraterna i Bolln\u00e4s<\/title>\n<meta name=\"robots\" content=\"index, follow, max-snippet:-1, max-image-preview:large, max-video-preview:-1\" \/>\n<link rel=\"canonical\" href=\"https:\/\/wp.kristdemokraterna.se\/bollnas\/https-kristdemokraterna-se-vart-parti-foretradare-kd-lokalt-gavleborgs-lan-bollnas\/kontakta-oss-2\/\" \/>\n<meta property=\"og:locale\" content=\"sv_SE\" \/>\n<meta property=\"og:type\" content=\"article\" \/>\n<meta property=\"og:title\" content=\"Kontakta oss - Kristdemokraterna i Bolln\u00e4s\" \/>\n<meta property=\"og:description\" content=\"V\u00e4lkomna till Kristdemokraternas partiavdelning i Bolln\u00e4s. Har du fr\u00e5gor eller funderingar kring v\u00e5r partiavdelning och v\u00e5rt politiska arbete i kommunen. Eller vill du komma i kontakt med n\u00e5gon av v\u00e5ra f\u00f6retr\u00e4dare. Kontakta i s\u00e5 fall oss p\u00e5 n\u00e5got av f\u00f6ljande s\u00e4tt: E-mail:\u00a0 bollnas@kristdemokraterna.se Ordf\u00f6rande: Marcus L\u00f6f H\u00e4llstr\u00f6m (070-534 28 71) Vice ordf\u00f6rande: R\u00e5sie Sigvardsson-Berbres (076-794 L\u00e4s mer\" \/>\n<meta property=\"og:url\" content=\"https:\/\/wp.kristdemokraterna.se\/bollnas\/https-kristdemokraterna-se-vart-parti-foretradare-kd-lokalt-gavleborgs-lan-bollnas\/kontakta-oss-2\/\" \/>\n<meta property=\"og:site_name\" content=\"Kristdemokraterna i Bolln\u00e4s\" \/>\n<meta property=\"article:modified_time\" content=\"2024-06-13T09:34:14+00:00\" \/>\n<meta name=\"twitter:card\" content=\"summary_large_image\" \/>\n<meta name=\"twitter:label1\" content=\"Ber\u00e4knad l\u00e4stid\" \/>\n\t<meta name=\"twitter:data1\" content=\"1 minut\" \/>\n<script type=\"application\/ld+json\" class=\"yoast-schema-graph\">{\"@context\":\"https:\\\/\\\/schema.org\",\"@graph\":[{\"@type\":\"WebPage\",\"@id\":\"https:\\\/\\\/wp.kristdemokraterna.se\\\/bollnas\\\/https-kristdemokraterna-se-vart-parti-foretradare-kd-lokalt-gavleborgs-lan-bollnas\\\/kontakta-oss-2\\\/\",\"url\":\"https:\\\/\\\/wp.kristdemokraterna.se\\\/bollnas\\\/https-kristdemokraterna-se-vart-parti-foretradare-kd-lokalt-gavleborgs-lan-bollnas\\\/kontakta-oss-2\\\/\",\"name\":\"Kontakta oss - Kristdemokraterna i Bolln\u00e4s\",\"isPartOf\":{\"@id\":\"https:\\\/\\\/wp.kristdemokraterna.se\\\/bollnas\\\/#website\"},\"datePublished\":\"2017-12-04T15:11:27+00:00\",\"dateModified\":\"2024-06-13T09:34:14+00:00\",\"breadcrumb\":{\"@id\":\"https:\\\/\\\/wp.kristdemokraterna.se\\\/bollnas\\\/https-kristdemokraterna-se-vart-parti-foretradare-kd-lokalt-gavleborgs-lan-bollnas\\\/kontakta-oss-2\\\/#breadcrumb\"},\"inLanguage\":\"sv-SE\",\"potentialAction\":[{\"@type\":\"ReadAction\",\"target\":[\"https:\\\/\\\/wp.kristdemokraterna.se\\\/bollnas\\\/https-kristdemokraterna-se-vart-parti-foretradare-kd-lokalt-gavleborgs-lan-bollnas\\\/kontakta-oss-2\\\/\"]}]},{\"@type\":\"BreadcrumbList\",\"@id\":\"https:\\\/\\\/wp.kristdemokraterna.se\\\/bollnas\\\/https-kristdemokraterna-se-vart-parti-foretradare-kd-lokalt-gavleborgs-lan-bollnas\\\/kontakta-oss-2\\\/#breadcrumb\",\"itemListElement\":[{\"@type\":\"ListItem\",\"position\":1,\"name\":\"Hem\",\"item\":\"https:\\\/\\\/wp.kristdemokraterna.se\\\/bollnas\\\/\"},{\"@type\":\"ListItem\",\"position\":2,\"name\":\"Kristdemokraterna i Bolln\u00e4s\",\"item\":\"https:\\\/\\\/wp.kristdemokraterna.se\\\/bollnas\\\/https-kristdemokraterna-se-vart-parti-foretradare-kd-lokalt-gavleborgs-lan-bollnas\\\/\"},{\"@type\":\"ListItem\",\"position\":3,\"name\":\"Kontakta oss\"}]},{\"@type\":\"WebSite\",\"@id\":\"https:\\\/\\\/wp.kristdemokraterna.se\\\/bollnas\\\/#website\",\"url\":\"https:\\\/\\\/wp.kristdemokraterna.se\\\/bollnas\\\/\",\"name\":\"Kristdemokraterna i Bolln\u00e4s\",\"description\":\"En till Kristdemokraterna webbplats\",\"inLanguage\":\"sv-SE\"}]}<\/script>\n<!-- \/ Yoast SEO plugin. -->","yoast_head_json":{"title":"Kontakta oss - Kristdemokraterna i Bolln\u00e4s","robots":{"index":"index","follow":"follow","max-snippet":"max-snippet:-1","max-image-preview":"max-image-preview:large","max-video-preview":"max-video-preview:-1"},"canonical":"https:\/\/wp.kristdemokraterna.se\/bollnas\/https-kristdemokraterna-se-vart-parti-foretradare-kd-lokalt-gavleborgs-lan-bollnas\/kontakta-oss-2\/","og_locale":"sv_SE","og_type":"article","og_title":"Kontakta oss - Kristdemokraterna i Bolln\u00e4s","og_description":"V\u00e4lkomna till Kristdemokraternas partiavdelning i Bolln\u00e4s. Har du fr\u00e5gor eller funderingar kring v\u00e5r partiavdelning och v\u00e5rt politiska arbete i kommunen. Eller vill du komma i kontakt med n\u00e5gon av v\u00e5ra f\u00f6retr\u00e4dare. Kontakta i s\u00e5 fall oss p\u00e5 n\u00e5got av f\u00f6ljande s\u00e4tt: E-mail:\u00a0 bollnas@kristdemokraterna.se Ordf\u00f6rande: Marcus L\u00f6f H\u00e4llstr\u00f6m (070-534 28 71) Vice ordf\u00f6rande: R\u00e5sie Sigvardsson-Berbres (076-794 L\u00e4s mer","og_url":"https:\/\/wp.kristdemokraterna.se\/bollnas\/https-kristdemokraterna-se-vart-parti-foretradare-kd-lokalt-gavleborgs-lan-bollnas\/kontakta-oss-2\/","og_site_name":"Kristdemokraterna i Bolln\u00e4s","article_modified_time":"2024-06-13T09:34:14+00:00","twitter_card":"summary_large_image","twitter_misc":{"Ber\u00e4knad l\u00e4stid":"1 minut"},"schema":{"@context":"https:\/\/schema.org","@graph":[{"@type":"WebPage","@id":"https:\/\/wp.kristdemokraterna.se\/bollnas\/https-kristdemokraterna-se-vart-parti-foretradare-kd-lokalt-gavleborgs-lan-bollnas\/kontakta-oss-2\/","url":"https:\/\/wp.kristdemokraterna.se\/bollnas\/https-kristdemokraterna-se-vart-parti-foretradare-kd-lokalt-gavleborgs-lan-bollnas\/kontakta-oss-2\/","name":"Kontakta oss - Kristdemokraterna i Bolln\u00e4s","isPartOf":{"@id":"https:\/\/wp.kristdemokraterna.se\/bollnas\/#website"},"datePublished":"2017-12-04T15:11:27+00:00","dateModified":"2024-06-13T09:34:14+00:00","breadcrumb":{"@id":"https:\/\/wp.kristdemokraterna.se\/bollnas\/https-kristdemokraterna-se-vart-parti-foretradare-kd-lokalt-gavleborgs-lan-bollnas\/kontakta-oss-2\/#breadcrumb"},"inLanguage":"sv-SE","potentialAction":[{"@type":"ReadAction","target":["https:\/\/wp.kristdemokraterna.se\/bollnas\/https-kristdemokraterna-se-vart-parti-foretradare-kd-lokalt-gavleborgs-lan-bollnas\/kontakta-oss-2\/"]}]},{"@type":"BreadcrumbList","@id":"https:\/\/wp.kristdemokraterna.se\/bollnas\/https-kristdemokraterna-se-vart-parti-foretradare-kd-lokalt-gavleborgs-lan-bollnas\/kontakta-oss-2\/#breadcrumb","itemListElement":[{"@type":"ListItem","position":1,"name":"Hem","item":"https:\/\/wp.kristdemokraterna.se\/bollnas\/"},{"@type":"ListItem","position":2,"name":"Kristdemokraterna i Bolln\u00e4s","item":"https:\/\/wp.kristdemokraterna.se\/bollnas\/https-kristdemokraterna-se-vart-parti-foretradare-kd-lokalt-gavleborgs-lan-bollnas\/"},{"@type":"ListItem","position":3,"name":"Kontakta oss"}]},{"@type":"WebSite","@id":"https:\/\/wp.kristdemokraterna.se\/bollnas\/#website","url":"https:\/\/wp.kristdemokraterna.se\/bollnas\/","name":"Kristdemokraterna i Bolln\u00e4s","description":"En till Kristdemokraterna webbplats","inLanguage":"sv-SE"}]}},"_links":{"self":[{"href":"https:\/\/wp.kristdemokraterna.se\/bollnas\/wp-json\/wp\/v2\/pages\/363","targetHints":{"allow":["GET"]}}],"collection":[{"href":"https:\/\/wp.kristdemokraterna.se\/bollnas\/wp-json\/wp\/v2\/pages"}],"about":[{"href":"https:\/\/wp.kristdemokraterna.se\/bollnas\/wp-json\/wp\/v2\/types\/page"}],"author":[{"embeddable":true,"href":"https:\/\/wp.kristdemokraterna.se\/bollnas\/wp-json\/wp\/v2\/users\/798"}],"replies":[{"embeddable":true,"href":"https:\/\/wp.kristdemokraterna.se\/bollnas\/wp-json\/wp\/v2\/comments?post=363"}],"version-history":[{"count":12,"href":"https:\/\/wp.kristdemokraterna.se\/bollnas\/wp-json\/wp\/v2\/pages\/363\/revisions"}],"predecessor-version":[{"id":622,"href":"https:\/\/wp.kristdemokraterna.se\/bollnas\/wp-json\/wp\/v2\/pages\/363\/revisions\/622"}],"up":[{"embeddable":true,"href":"https:\/\/wp.kristdemokraterna.se\/bollnas\/wp-json\/wp\/v2\/pages\/269"}],"wp:attachment":[{"href":"https:\/\/wp.kristdemokraterna.se\/bollnas\/wp-json\/wp\/v2\/media?parent=363"}],"curies":[{"name":"wp","href":"https:\/\/api.w.org\/{rel}","templated":true}]}}