{"id":352,"date":"2017-12-01T09:56:02","date_gmt":"2017-12-01T08:56:02","guid":{"rendered":"https:\/\/wp.kristdemokraterna.se\/boras2\/?page_id=352"},"modified":"2024-03-08T11:49:16","modified_gmt":"2024-03-08T10:49:16","slug":"kontakta-oss","status":"publish","type":"page","link":"https:\/\/wp.kristdemokraterna.se\/boras\/kontakta-oss\/","title":{"rendered":"Kontakta oss!"},"content":{"rendered":"<p><strong>Kristdemokraterna Bor\u00e5s<\/strong><\/p>\n<p>Sturegatan 13<br \/>\n503 42 Bor\u00e5s<\/p>\n<p>Vill du komma i kontakt med n\u00e5gon i partiavdelningen?<br \/>\nH\u00f6r g\u00e4rna av dig till:<\/p>\n<p>Hans Thornander, partiavdelningsordf\u00f6rande<br \/>\nhans.thornander@kristdemokraterna.se<br \/>\n0733-905074<\/p>\n<p>Niklas Arvidsson, kommunalr\u00e5d<br \/>\nniklas.arvidsson@kristdemokraterna.se<\/p>\n","protected":false},"excerpt":{"rendered":"<p>Kristdemokraterna Bor\u00e5s Sturegatan 13 503 42 Bor\u00e5s Vill du komma i kontakt med n\u00e5gon i partiavdelningen? H\u00f6r g\u00e4rna av dig till: Hans Thornander, partiavdelningsordf\u00f6rande hans.thornander@kristdemokraterna.se 0733-905074 Niklas Arvidsson, kommunalr\u00e5d niklas.arvidsson@kristdemokraterna.se<\/p>\n","protected":false},"author":986,"featured_media":714,"parent":0,"menu_order":0,"comment_status":"closed","ping_status":"closed","template":"page.php","meta":{"_acf_changed":false,"footnotes":""},"class_list":["post-352","page","type-page","status-publish","hentry"],"acf":[],"yoast_head":"<!-- This site is optimized with the Yoast SEO plugin v27.3 - https:\/\/yoast.com\/product\/yoast-seo-wordpress\/ -->\n<title>Kontakta oss! - Kristdemokraterna | Bor\u00e5s<\/title>\n<meta name=\"robots\" content=\"index, follow, max-snippet:-1, max-image-preview:large, max-video-preview:-1\" \/>\n<link rel=\"canonical\" href=\"https:\/\/wp.kristdemokraterna.se\/boras\/kontakta-oss\/\" \/>\n<meta property=\"og:locale\" content=\"sv_SE\" \/>\n<meta property=\"og:type\" content=\"article\" \/>\n<meta property=\"og:title\" content=\"Kontakta oss! - Kristdemokraterna | Bor\u00e5s\" \/>\n<meta property=\"og:description\" content=\"Kristdemokraterna Bor\u00e5s Sturegatan 13 503 42 Bor\u00e5s Vill du komma i kontakt med n\u00e5gon i partiavdelningen? H\u00f6r g\u00e4rna av dig till: Hans Thornander, partiavdelningsordf\u00f6rande hans.thornander@kristdemokraterna.se 0733-905074 Niklas Arvidsson, kommunalr\u00e5d niklas.arvidsson@kristdemokraterna.se\" \/>\n<meta property=\"og:url\" content=\"https:\/\/wp.kristdemokraterna.se\/boras\/kontakta-oss\/\" \/>\n<meta property=\"og:site_name\" content=\"Kristdemokraterna | Bor\u00e5s\" \/>\n<meta property=\"article:modified_time\" content=\"2024-03-08T10:49:16+00:00\" \/>\n<meta name=\"twitter:card\" content=\"summary_large_image\" \/>\n<meta name=\"twitter:label1\" content=\"Ber\u00e4knad l\u00e4stid\" \/>\n\t<meta name=\"twitter:data1\" content=\"1 minut\" \/>\n<script type=\"application\/ld+json\" class=\"yoast-schema-graph\">{\"@context\":\"https:\\\/\\\/schema.org\",\"@graph\":[{\"@type\":\"WebPage\",\"@id\":\"https:\\\/\\\/wp.kristdemokraterna.se\\\/boras\\\/kontakta-oss\\\/\",\"url\":\"https:\\\/\\\/wp.kristdemokraterna.se\\\/boras\\\/kontakta-oss\\\/\",\"name\":\"Kontakta oss! - Kristdemokraterna | Bor\u00e5s\",\"isPartOf\":{\"@id\":\"https:\\\/\\\/wp.kristdemokraterna.se\\\/boras\\\/#website\"},\"primaryImageOfPage\":{\"@id\":\"https:\\\/\\\/wp.kristdemokraterna.se\\\/boras\\\/kontakta-oss\\\/#primaryimage\"},\"image\":{\"@id\":\"https:\\\/\\\/wp.kristdemokraterna.se\\\/boras\\\/kontakta-oss\\\/#primaryimage\"},\"thumbnailUrl\":\"https:\\\/\\\/wp.kristdemokraterna.se\\\/boras\\\/files\\\/2023\\\/12\\\/niklas-arvidsson_14-scaled.jpg\",\"datePublished\":\"2017-12-01T08:56:02+00:00\",\"dateModified\":\"2024-03-08T10:49:16+00:00\",\"breadcrumb\":{\"@id\":\"https:\\\/\\\/wp.kristdemokraterna.se\\\/boras\\\/kontakta-oss\\\/#breadcrumb\"},\"inLanguage\":\"sv-SE\",\"potentialAction\":[{\"@type\":\"ReadAction\",\"target\":[\"https:\\\/\\\/wp.kristdemokraterna.se\\\/boras\\\/kontakta-oss\\\/\"]}]},{\"@type\":\"ImageObject\",\"inLanguage\":\"sv-SE\",\"@id\":\"https:\\\/\\\/wp.kristdemokraterna.se\\\/boras\\\/kontakta-oss\\\/#primaryimage\",\"url\":\"https:\\\/\\\/wp.kristdemokraterna.se\\\/boras\\\/files\\\/2023\\\/12\\\/niklas-arvidsson_14-scaled.jpg\",\"contentUrl\":\"https:\\\/\\\/wp.kristdemokraterna.se\\\/boras\\\/files\\\/2023\\\/12\\\/niklas-arvidsson_14-scaled.jpg\",\"width\":1878,\"height\":2560},{\"@type\":\"BreadcrumbList\",\"@id\":\"https:\\\/\\\/wp.kristdemokraterna.se\\\/boras\\\/kontakta-oss\\\/#breadcrumb\",\"itemListElement\":[{\"@type\":\"ListItem\",\"position\":1,\"name\":\"Hem\",\"item\":\"https:\\\/\\\/wp.kristdemokraterna.se\\\/boras\\\/\"},{\"@type\":\"ListItem\",\"position\":2,\"name\":\"Kontakta oss!\"}]},{\"@type\":\"WebSite\",\"@id\":\"https:\\\/\\\/wp.kristdemokraterna.se\\\/boras\\\/#website\",\"url\":\"https:\\\/\\\/wp.kristdemokraterna.se\\\/boras\\\/\",\"name\":\"Kristdemokraterna | Bor\u00e5s\",\"description\":\"En till Kristdemokraterna webbplats\",\"inLanguage\":\"sv-SE\"}]}<\/script>\n<!-- \/ Yoast SEO plugin. -->","yoast_head_json":{"title":"Kontakta oss! - Kristdemokraterna | Bor\u00e5s","robots":{"index":"index","follow":"follow","max-snippet":"max-snippet:-1","max-image-preview":"max-image-preview:large","max-video-preview":"max-video-preview:-1"},"canonical":"https:\/\/wp.kristdemokraterna.se\/boras\/kontakta-oss\/","og_locale":"sv_SE","og_type":"article","og_title":"Kontakta oss! - Kristdemokraterna | Bor\u00e5s","og_description":"Kristdemokraterna Bor\u00e5s Sturegatan 13 503 42 Bor\u00e5s Vill du komma i kontakt med n\u00e5gon i partiavdelningen? H\u00f6r g\u00e4rna av dig till: Hans Thornander, partiavdelningsordf\u00f6rande hans.thornander@kristdemokraterna.se 0733-905074 Niklas Arvidsson, kommunalr\u00e5d niklas.arvidsson@kristdemokraterna.se","og_url":"https:\/\/wp.kristdemokraterna.se\/boras\/kontakta-oss\/","og_site_name":"Kristdemokraterna | Bor\u00e5s","article_modified_time":"2024-03-08T10:49:16+00:00","twitter_card":"summary_large_image","twitter_misc":{"Ber\u00e4knad l\u00e4stid":"1 minut"},"schema":{"@context":"https:\/\/schema.org","@graph":[{"@type":"WebPage","@id":"https:\/\/wp.kristdemokraterna.se\/boras\/kontakta-oss\/","url":"https:\/\/wp.kristdemokraterna.se\/boras\/kontakta-oss\/","name":"Kontakta oss! - Kristdemokraterna | Bor\u00e5s","isPartOf":{"@id":"https:\/\/wp.kristdemokraterna.se\/boras\/#website"},"primaryImageOfPage":{"@id":"https:\/\/wp.kristdemokraterna.se\/boras\/kontakta-oss\/#primaryimage"},"image":{"@id":"https:\/\/wp.kristdemokraterna.se\/boras\/kontakta-oss\/#primaryimage"},"thumbnailUrl":"https:\/\/wp.kristdemokraterna.se\/boras\/files\/2023\/12\/niklas-arvidsson_14-scaled.jpg","datePublished":"2017-12-01T08:56:02+00:00","dateModified":"2024-03-08T10:49:16+00:00","breadcrumb":{"@id":"https:\/\/wp.kristdemokraterna.se\/boras\/kontakta-oss\/#breadcrumb"},"inLanguage":"sv-SE","potentialAction":[{"@type":"ReadAction","target":["https:\/\/wp.kristdemokraterna.se\/boras\/kontakta-oss\/"]}]},{"@type":"ImageObject","inLanguage":"sv-SE","@id":"https:\/\/wp.kristdemokraterna.se\/boras\/kontakta-oss\/#primaryimage","url":"https:\/\/wp.kristdemokraterna.se\/boras\/files\/2023\/12\/niklas-arvidsson_14-scaled.jpg","contentUrl":"https:\/\/wp.kristdemokraterna.se\/boras\/files\/2023\/12\/niklas-arvidsson_14-scaled.jpg","width":1878,"height":2560},{"@type":"BreadcrumbList","@id":"https:\/\/wp.kristdemokraterna.se\/boras\/kontakta-oss\/#breadcrumb","itemListElement":[{"@type":"ListItem","position":1,"name":"Hem","item":"https:\/\/wp.kristdemokraterna.se\/boras\/"},{"@type":"ListItem","position":2,"name":"Kontakta oss!"}]},{"@type":"WebSite","@id":"https:\/\/wp.kristdemokraterna.se\/boras\/#website","url":"https:\/\/wp.kristdemokraterna.se\/boras\/","name":"Kristdemokraterna | Bor\u00e5s","description":"En till Kristdemokraterna webbplats","inLanguage":"sv-SE"}]}},"_links":{"self":[{"href":"https:\/\/wp.kristdemokraterna.se\/boras\/wp-json\/wp\/v2\/pages\/352","targetHints":{"allow":["GET"]}}],"collection":[{"href":"https:\/\/wp.kristdemokraterna.se\/boras\/wp-json\/wp\/v2\/pages"}],"about":[{"href":"https:\/\/wp.kristdemokraterna.se\/boras\/wp-json\/wp\/v2\/types\/page"}],"author":[{"embeddable":true,"href":"https:\/\/wp.kristdemokraterna.se\/boras\/wp-json\/wp\/v2\/users\/986"}],"replies":[{"embeddable":true,"href":"https:\/\/wp.kristdemokraterna.se\/boras\/wp-json\/wp\/v2\/comments?post=352"}],"version-history":[{"count":12,"href":"https:\/\/wp.kristdemokraterna.se\/boras\/wp-json\/wp\/v2\/pages\/352\/revisions"}],"predecessor-version":[{"id":719,"href":"https:\/\/wp.kristdemokraterna.se\/boras\/wp-json\/wp\/v2\/pages\/352\/revisions\/719"}],"wp:featuredmedia":[{"embeddable":true,"href":"https:\/\/wp.kristdemokraterna.se\/boras\/wp-json\/wp\/v2\/media\/714"}],"wp:attachment":[{"href":"https:\/\/wp.kristdemokraterna.se\/boras\/wp-json\/wp\/v2\/media?parent=352"}],"curies":[{"name":"wp","href":"https:\/\/api.w.org\/{rel}","templated":true}]}}