{"id":373,"date":"2017-12-04T16:47:18","date_gmt":"2017-12-04T15:47:18","guid":{"rendered":"https:\/\/wp.kristdemokraterna.se\/boras2\/?page_id=373"},"modified":"2022-08-10T23:39:51","modified_gmt":"2022-08-10T21:39:51","slug":"var-politik-i-kommunen","status":"publish","type":"page","link":"https:\/\/wp.kristdemokraterna.se\/boras\/textsida-fullbredd\/var-politik-i-kommunen\/","title":{"rendered":"V\u00e5r politik i kommunen"},"content":{"rendered":"<h2><b>F\u00f6r en&nbsp; trygg och attraktiv stad<\/b><\/h2>\n<p>Kristdemokraterna Bor\u00e5s valprogram f\u00f6r \u00e4r den politik som vi s\u00f6ker v\u00e4ljarnas f\u00f6rtroende att genomf\u00f6ra kommande mandatperiod.<\/p>\n<p style=\"margin: 0cm;vertical-align: baseline\">Otryggheten har spritt sig i v\u00e5r kommun. De kriminella g\u00e4ngens h\u00e4rjningar, r\u00e5n och misshandel har gjort att m\u00e5nga bor\u00e5sare k\u00e4nner sig otrygga i v\u00e5r kommun. Att k\u00e4nna sig trygg d\u00e4r man bor, \u00e4r en f\u00f6ruts\u00e4ttning f\u00f6r att vi ska kunna bygga ett gott samh\u00e4lle. De politiska anstr\u00e4ngningarna, s\u00e5v\u00e4l i kommunen som i Riksdagen, m\u00e5ste i h\u00f6g grad ta sikte p\u00e5 att g\u00f6ra Sverige och Bor\u00e5s tryggt igen. <\/p>\n<p style=\"margin: 0cm;vertical-align: baseline\">&nbsp;<\/p>\n<p style=\"margin: 0cm;vertical-align: baseline\">Utg\u00e5ngspunkten f\u00f6r v\u00e5ra kommunpolitiska st\u00e4llningstaganden \u00e4r uppfattningen att Bor\u00e5s Stad f\u00f6rst och fr\u00e4mst ska prioritera sina k\u00e4rnuppgifter \u2013 v\u00e5rd, skola och omsorg. V\u00e5r vision \u00e4r en kommun som k\u00e4nnetecknas av att man erbjuder en v\u00e4lf\u00e4rd med h\u00f6g kvalitet. Det kr\u00e4ver ocks\u00e5 att vi politiker g\u00f6r prioriteringar med skattebetalarnas pengar. Kongresshus och andra skrytprojekt \u00e4r inte en kommunal uppgift. Vi kommer alltid prioritera v\u00e4lf\u00e4rden f\u00f6re skrytprojekt.<\/p>\n<p style=\"margin: 0cm;vertical-align: baseline\">Det finns gr\u00e4nser f\u00f6r vad politiker ska besluta om och vill g\u00e4rna flytta makt och beslut fr\u00e5n de politiska m\u00f6tesrummen till familjernas k\u00f6ksbord. <\/p>\n<p style=\"margin: 0cm;vertical-align: baseline\">&nbsp;<\/p>\n<p style=\"margin: 0cm;vertical-align: baseline\">En f\u00f6ruts\u00e4ttning f\u00f6r att vi ska kunna tillhandah\u00e5lla den goda v\u00e5rd, skola och omsorg som vi str\u00e4var efter \u00e4r att vi har ett bra f\u00f6retagsklimat. Det \u00e4r i f\u00f6retagen och de arbetstillf\u00e4llen som f\u00f6retagen skapar, som skatteint\u00e4kterna som finansierar v\u00e4lf\u00e4rden genereras. Bem\u00f6tande och god kommunikation \u00e4r en nyckel f\u00f6r ett bra f\u00f6retagsklimat. Vi beh\u00f6ver ny industrimark f\u00f6r att kunna v\u00e4lkomna nya f\u00f6retag till Bor\u00e5s, samt f\u00f6r att f\u00f6retag som redan finns h\u00e4r ska kunna v\u00e4xa.<\/p>\n<p style=\"margin: 0cm;vertical-align: baseline\">&nbsp;&nbsp;<\/p>\n<p style=\"margin: 0cm;vertical-align: baseline\">KD Bor\u00e5s \u00e4r de \u00e4ldres r\u00f6st vid f\u00f6rhandlingsbordet. Vi har varit och \u00e4r den tydligaste r\u00f6sten f\u00f6r att det m\u00e5ste ske en snabb utbyggnad av antalet \u00e4ldreboendeplatser i v\u00e5r kommun. Idag m\u00f6ts allt f\u00f6r m\u00e5nga \u00e4ldre bor\u00e5sare av orden \u201ddet finns inte plats f\u00f6r dig\u201d n\u00e4r man s\u00f6ker plats p\u00e5 ett \u00e4ldreboende. Det \u00e4r ett v\u00e4lf\u00e4rdssvek! <\/p>\n<p style=\"margin: 0cm;vertical-align: baseline\">&nbsp;<\/p>\n<p style=\"margin: 0cm;vertical-align: baseline\">Alla barn f\u00f6rtj\u00e4nar ocks\u00e5 en god utbildning. Under mandatperioden har det blivit tydligt att skolan inte har f\u00e5tt de resurser som beh\u00f6vs f\u00f6r v\u00e5ra kompetenta pedagoger, rektor och skolpersonal ska kunna g\u00f6ra sitt jobb p\u00e5 b\u00e4sta s\u00e4tt. Detta m\u00e5ste \u00e4ndras. <\/p>\n<p style=\"margin: 0cm;vertical-align: baseline\">I budgeten f\u00f6r 2022 lade Kristdemokraterna tillsammans med Moderaterna ett f\u00f6rslag som skulle ge grundskolan ytterligare <b>20 <\/b>miljoner. En r\u00f6st p\u00e5 Kristdemokraterna i \u00e5r \u00e4r en r\u00f6st f\u00f6r mer pengar till skolan, f\u00f6r trygghet och studiero.<\/p>\n<\/p>\n<p style=\"margin: 0cm;vertical-align: baseline\">En r\u00f6st p\u00e5 Kristdemokraterna i Bor\u00e5s \u00e4r en r\u00f6st f\u00f6r att g\u00f6ra Bor\u00e5s tryggt igen och f\u00f6r att \u00e5teruppr\u00e4tta v\u00e4lf\u00e4rdsl\u00f6ftet till bor\u00e5sarna.<\/p>\n<\/p>\n<h4>L\u00e4s mer om vad vi vill g\u00f6ra i Bor\u00e5s under de olika avsnitten:<\/h4>\n<p>\t\t\t<a href=\"https:\/\/wp.kristdemokraterna.se\/boras\/textsida-fullbredd\/var-politik-i-kommunen\/kristdemokratin-grunden-for-det-vi-star-for\/\" role=\"button\"><br \/>\n\t\t\t\t\t\tKristdemkrati &#8211; v\u00e5r ideologi<br \/>\n\t\t\t\t\t<\/a><br \/>\n\t\t\t<a href=\"https:\/\/wp.kristdemokraterna.se\/boras\/trygga-och-fria-familjer\/\" role=\"button\"><br \/>\n\t\t\t\t\t\tTrygga och fria familjer<br \/>\n\t\t\t\t\t<\/a><br \/>\n\t\t\t<a href=\"https:\/\/wp.kristdemokraterna.se\/boras\/textsida-fullbredd\/var-politik-i-kommunen\/ett-tryggare-boras\/\" role=\"button\"><br \/>\n\t\t\t\t\t\tEtt tryggare Bor\u00e5s<br \/>\n\t\t\t\t\t<\/a><br \/>\n\t\t\t<a href=\"https:\/\/wp.kristdemokraterna.se\/boras\/textsida-fullbredd\/var-politik-i-kommunen\/barn-och-forskola-med-valfrihet\/\" role=\"button\"><br \/>\n\t\t\t\t\t\tBarn och f\u00f6rskola med valfrihet<br \/>\n\t\t\t\t\t<\/a><br \/>\n\t\t\t<a href=\"https:\/\/wp.kristdemokraterna.se\/boras\/textsida-fullbredd\/var-politik-i-kommunen\/grund-och-gymnasieskola-med-kunskapsfokus\/\" role=\"button\"><br \/>\n\t\t\t\t\t\tGrund- och gymnasieskola med kunskapsfokus<br \/>\n\t\t\t\t\t<\/a><br \/>\n\t\t\t<a href=\"https:\/\/wp.kristdemokraterna.se\/boras\/textsida-fullbredd\/var-politik-i-kommunen\/aldras-med-trygghet-i-boras\/\" role=\"button\"><br \/>\n\t\t\t\t\t\t\u00c5ldras med trygghet i Bor\u00e5s<br \/>\n\t\t\t\t\t<\/a><br \/>\n\t\t\t<a href=\"https:\/\/wp.kristdemokraterna.se\/boras\/textsida-fullbredd\/var-politik-i-kommunen\/ett-samhalle-for-alla\/\" role=\"button\"><br \/>\n\t\t\t\t\t\tEtt samh\u00e4lle f\u00f6r alla<br \/>\n\t\t\t\t\t<\/a><br \/>\n\t\t\t<a href=\"https:\/\/wp.kristdemokraterna.se\/boras\/textsida-fullbredd\/var-politik-i-kommunen\/miljo-och-klimat-for-en-hallbar-stad\/\" role=\"button\"><br \/>\n\t\t\t\t\t\tMilj\u00f6 och klimat f\u00f6r en h\u00e5llbar stad<br \/>\n\t\t\t\t\t<\/a><br \/>\n\t\t\t<a href=\"https:\/\/wp.kristdemokraterna.se\/boras\/textsida-fullbredd\/var-politik-i-kommunen\/fritid-och-folkhalsa\/\" role=\"button\"><br \/>\n\t\t\t\t\t\tFritid och folkh\u00e4lsa<br \/>\n\t\t\t\t\t<\/a><br \/>\n\t\t\t<a href=\"https:\/\/wp.kristdemokraterna.se\/boras\/textsida-fullbredd\/var-politik-i-kommunen\/ett-levande-kulturliv\/\" role=\"button\"><br \/>\n\t\t\t\t\t\tEtt levande kulturliv<br \/>\n\t\t\t\t\t<\/a><br \/>\n\t\t\t<a href=\"https:\/\/wp.kristdemokraterna.se\/boras\/textsida-fullbredd\/var-politik-i-kommunen\/stadsplanering-for-en-attraktiv-stad\/\" role=\"button\"><br \/>\n\t\t\t\t\t\tStadsplanering f\u00f6r en attraktiv stad<br \/>\n\t\t\t\t\t<\/a><br \/>\n\t\t\t<a href=\"https:\/\/wp.kristdemokraterna.se\/boras\/textsida-fullbredd\/var-politik-i-kommunen\/foretagande-och-foretagsklimat\/\" role=\"button\"><br \/>\n\t\t\t\t\t\tF\u00f6retagande och f\u00f6retagsklimat<br \/>\n\t\t\t\t\t<\/a><br \/>\n\t\t\t<a href=\"https:\/\/wp.kristdemokraterna.se\/boras\/textsida-fullbredd\/var-politik-i-kommunen\/omsorg-om-vara-gemensamma-resurser\/\" role=\"button\"><br \/>\n\t\t\t\t\t\tOmsorg om v\u00e5ra gemensamma resurser<br \/>\n\t\t\t\t\t<\/a><\/p>\n","protected":false},"excerpt":{"rendered":"<p>F\u00f6r en&nbsp; trygg och attraktiv stad Kristdemokraterna Bor\u00e5s valprogram f\u00f6r \u00e4r den politik som vi s\u00f6ker v\u00e4ljarnas f\u00f6rtroende att genomf\u00f6ra kommande mandatperiod. Otryggheten har spritt sig i v\u00e5r kommun. De kriminella g\u00e4ngens h\u00e4rjningar, r\u00e5n och misshandel har gjort att m\u00e5nga bor\u00e5sare k\u00e4nner sig otrygga i v\u00e5r kommun. Att k\u00e4nna sig trygg d\u00e4r man bor, \u00e4r <a class=\"read-more-link\" href=\"https:\/\/wp.kristdemokraterna.se\/boras\/textsida-fullbredd\/var-politik-i-kommunen\/\">L\u00e4s mer<\/a><\/p>\n","protected":false},"author":986,"featured_media":714,"parent":272,"menu_order":0,"comment_status":"closed","ping_status":"closed","template":"page.php","meta":{"_acf_changed":false,"footnotes":""},"class_list":["post-373","page","type-page","status-publish","hentry"],"acf":[],"yoast_head":"<!-- This site is optimized with the Yoast SEO plugin v27.3 - https:\/\/yoast.com\/product\/yoast-seo-wordpress\/ -->\n<title>V\u00e5r politik i kommunen - Kristdemokraterna | Bor\u00e5s<\/title>\n<meta name=\"robots\" content=\"index, follow, max-snippet:-1, max-image-preview:large, max-video-preview:-1\" \/>\n<link rel=\"canonical\" href=\"https:\/\/wp.kristdemokraterna.se\/boras\/textsida-fullbredd\/var-politik-i-kommunen\/\" \/>\n<meta property=\"og:locale\" content=\"sv_SE\" \/>\n<meta property=\"og:type\" content=\"article\" \/>\n<meta property=\"og:title\" content=\"V\u00e5r politik i kommunen - Kristdemokraterna | Bor\u00e5s\" \/>\n<meta property=\"og:description\" content=\"F\u00f6r en&nbsp; trygg och attraktiv stad Kristdemokraterna Bor\u00e5s valprogram f\u00f6r \u00e4r den politik som vi s\u00f6ker v\u00e4ljarnas f\u00f6rtroende att genomf\u00f6ra kommande mandatperiod. Otryggheten har spritt sig i v\u00e5r kommun. De kriminella g\u00e4ngens h\u00e4rjningar, r\u00e5n och misshandel har gjort att m\u00e5nga bor\u00e5sare k\u00e4nner sig otrygga i v\u00e5r kommun. Att k\u00e4nna sig trygg d\u00e4r man bor, \u00e4r L\u00e4s mer\" \/>\n<meta property=\"og:url\" content=\"https:\/\/wp.kristdemokraterna.se\/boras\/textsida-fullbredd\/var-politik-i-kommunen\/\" \/>\n<meta property=\"og:site_name\" content=\"Kristdemokraterna | Bor\u00e5s\" \/>\n<meta property=\"article:modified_time\" content=\"2022-08-10T21:39:51+00:00\" \/>\n<meta property=\"og:image\" content=\"https:\/\/wp.kristdemokraterna.se\/boras\/files\/2023\/12\/niklas-arvidsson_14-751x1024.jpg\" \/>\n\t<meta property=\"og:image:width\" content=\"751\" \/>\n\t<meta property=\"og:image:height\" content=\"1024\" \/>\n\t<meta property=\"og:image:type\" content=\"image\/jpeg\" \/>\n<meta name=\"twitter:card\" content=\"summary_large_image\" \/>\n<meta name=\"twitter:label1\" content=\"Ber\u00e4knad l\u00e4stid\" \/>\n\t<meta name=\"twitter:data1\" content=\"3 minuter\" \/>\n<script type=\"application\/ld+json\" class=\"yoast-schema-graph\">{\"@context\":\"https:\\\/\\\/schema.org\",\"@graph\":[{\"@type\":\"WebPage\",\"@id\":\"https:\\\/\\\/wp.kristdemokraterna.se\\\/boras\\\/textsida-fullbredd\\\/var-politik-i-kommunen\\\/\",\"url\":\"https:\\\/\\\/wp.kristdemokraterna.se\\\/boras\\\/textsida-fullbredd\\\/var-politik-i-kommunen\\\/\",\"name\":\"V\u00e5r politik i kommunen - Kristdemokraterna | Bor\u00e5s\",\"isPartOf\":{\"@id\":\"https:\\\/\\\/wp.kristdemokraterna.se\\\/boras\\\/#website\"},\"primaryImageOfPage\":{\"@id\":\"https:\\\/\\\/wp.kristdemokraterna.se\\\/boras\\\/textsida-fullbredd\\\/var-politik-i-kommunen\\\/#primaryimage\"},\"image\":{\"@id\":\"https:\\\/\\\/wp.kristdemokraterna.se\\\/boras\\\/textsida-fullbredd\\\/var-politik-i-kommunen\\\/#primaryimage\"},\"thumbnailUrl\":\"https:\\\/\\\/wp.kristdemokraterna.se\\\/boras\\\/files\\\/2023\\\/12\\\/niklas-arvidsson_14-scaled.jpg\",\"datePublished\":\"2017-12-04T15:47:18+00:00\",\"dateModified\":\"2022-08-10T21:39:51+00:00\",\"breadcrumb\":{\"@id\":\"https:\\\/\\\/wp.kristdemokraterna.se\\\/boras\\\/textsida-fullbredd\\\/var-politik-i-kommunen\\\/#breadcrumb\"},\"inLanguage\":\"sv-SE\",\"potentialAction\":[{\"@type\":\"ReadAction\",\"target\":[\"https:\\\/\\\/wp.kristdemokraterna.se\\\/boras\\\/textsida-fullbredd\\\/var-politik-i-kommunen\\\/\"]}]},{\"@type\":\"ImageObject\",\"inLanguage\":\"sv-SE\",\"@id\":\"https:\\\/\\\/wp.kristdemokraterna.se\\\/boras\\\/textsida-fullbredd\\\/var-politik-i-kommunen\\\/#primaryimage\",\"url\":\"https:\\\/\\\/wp.kristdemokraterna.se\\\/boras\\\/files\\\/2023\\\/12\\\/niklas-arvidsson_14-scaled.jpg\",\"contentUrl\":\"https:\\\/\\\/wp.kristdemokraterna.se\\\/boras\\\/files\\\/2023\\\/12\\\/niklas-arvidsson_14-scaled.jpg\",\"width\":1878,\"height\":2560},{\"@type\":\"BreadcrumbList\",\"@id\":\"https:\\\/\\\/wp.kristdemokraterna.se\\\/boras\\\/textsida-fullbredd\\\/var-politik-i-kommunen\\\/#breadcrumb\",\"itemListElement\":[{\"@type\":\"ListItem\",\"position\":1,\"name\":\"Hem\",\"item\":\"https:\\\/\\\/wp.kristdemokraterna.se\\\/boras\\\/\"},{\"@type\":\"ListItem\",\"position\":2,\"name\":\"Vad vi st\u00e5r f\u00f6r!\",\"item\":\"https:\\\/\\\/wp.kristdemokraterna.se\\\/boras\\\/textsida-fullbredd\\\/\"},{\"@type\":\"ListItem\",\"position\":3,\"name\":\"V\u00e5r politik i kommunen\"}]},{\"@type\":\"WebSite\",\"@id\":\"https:\\\/\\\/wp.kristdemokraterna.se\\\/boras\\\/#website\",\"url\":\"https:\\\/\\\/wp.kristdemokraterna.se\\\/boras\\\/\",\"name\":\"Kristdemokraterna | Bor\u00e5s\",\"description\":\"En till Kristdemokraterna webbplats\",\"inLanguage\":\"sv-SE\"}]}<\/script>\n<!-- \/ Yoast SEO plugin. -->","yoast_head_json":{"title":"V\u00e5r politik i kommunen - Kristdemokraterna | Bor\u00e5s","robots":{"index":"index","follow":"follow","max-snippet":"max-snippet:-1","max-image-preview":"max-image-preview:large","max-video-preview":"max-video-preview:-1"},"canonical":"https:\/\/wp.kristdemokraterna.se\/boras\/textsida-fullbredd\/var-politik-i-kommunen\/","og_locale":"sv_SE","og_type":"article","og_title":"V\u00e5r politik i kommunen - Kristdemokraterna | Bor\u00e5s","og_description":"F\u00f6r en&nbsp; trygg och attraktiv stad Kristdemokraterna Bor\u00e5s valprogram f\u00f6r \u00e4r den politik som vi s\u00f6ker v\u00e4ljarnas f\u00f6rtroende att genomf\u00f6ra kommande mandatperiod. Otryggheten har spritt sig i v\u00e5r kommun. De kriminella g\u00e4ngens h\u00e4rjningar, r\u00e5n och misshandel har gjort att m\u00e5nga bor\u00e5sare k\u00e4nner sig otrygga i v\u00e5r kommun. Att k\u00e4nna sig trygg d\u00e4r man bor, \u00e4r L\u00e4s mer","og_url":"https:\/\/wp.kristdemokraterna.se\/boras\/textsida-fullbredd\/var-politik-i-kommunen\/","og_site_name":"Kristdemokraterna | Bor\u00e5s","article_modified_time":"2022-08-10T21:39:51+00:00","og_image":[{"width":751,"height":1024,"url":"https:\/\/wp.kristdemokraterna.se\/boras\/files\/2023\/12\/niklas-arvidsson_14-751x1024.jpg","type":"image\/jpeg"}],"twitter_card":"summary_large_image","twitter_misc":{"Ber\u00e4knad l\u00e4stid":"3 minuter"},"schema":{"@context":"https:\/\/schema.org","@graph":[{"@type":"WebPage","@id":"https:\/\/wp.kristdemokraterna.se\/boras\/textsida-fullbredd\/var-politik-i-kommunen\/","url":"https:\/\/wp.kristdemokraterna.se\/boras\/textsida-fullbredd\/var-politik-i-kommunen\/","name":"V\u00e5r politik i kommunen - Kristdemokraterna | Bor\u00e5s","isPartOf":{"@id":"https:\/\/wp.kristdemokraterna.se\/boras\/#website"},"primaryImageOfPage":{"@id":"https:\/\/wp.kristdemokraterna.se\/boras\/textsida-fullbredd\/var-politik-i-kommunen\/#primaryimage"},"image":{"@id":"https:\/\/wp.kristdemokraterna.se\/boras\/textsida-fullbredd\/var-politik-i-kommunen\/#primaryimage"},"thumbnailUrl":"https:\/\/wp.kristdemokraterna.se\/boras\/files\/2023\/12\/niklas-arvidsson_14-scaled.jpg","datePublished":"2017-12-04T15:47:18+00:00","dateModified":"2022-08-10T21:39:51+00:00","breadcrumb":{"@id":"https:\/\/wp.kristdemokraterna.se\/boras\/textsida-fullbredd\/var-politik-i-kommunen\/#breadcrumb"},"inLanguage":"sv-SE","potentialAction":[{"@type":"ReadAction","target":["https:\/\/wp.kristdemokraterna.se\/boras\/textsida-fullbredd\/var-politik-i-kommunen\/"]}]},{"@type":"ImageObject","inLanguage":"sv-SE","@id":"https:\/\/wp.kristdemokraterna.se\/boras\/textsida-fullbredd\/var-politik-i-kommunen\/#primaryimage","url":"https:\/\/wp.kristdemokraterna.se\/boras\/files\/2023\/12\/niklas-arvidsson_14-scaled.jpg","contentUrl":"https:\/\/wp.kristdemokraterna.se\/boras\/files\/2023\/12\/niklas-arvidsson_14-scaled.jpg","width":1878,"height":2560},{"@type":"BreadcrumbList","@id":"https:\/\/wp.kristdemokraterna.se\/boras\/textsida-fullbredd\/var-politik-i-kommunen\/#breadcrumb","itemListElement":[{"@type":"ListItem","position":1,"name":"Hem","item":"https:\/\/wp.kristdemokraterna.se\/boras\/"},{"@type":"ListItem","position":2,"name":"Vad vi st\u00e5r f\u00f6r!","item":"https:\/\/wp.kristdemokraterna.se\/boras\/textsida-fullbredd\/"},{"@type":"ListItem","position":3,"name":"V\u00e5r politik i kommunen"}]},{"@type":"WebSite","@id":"https:\/\/wp.kristdemokraterna.se\/boras\/#website","url":"https:\/\/wp.kristdemokraterna.se\/boras\/","name":"Kristdemokraterna | Bor\u00e5s","description":"En till Kristdemokraterna webbplats","inLanguage":"sv-SE"}]}},"_links":{"self":[{"href":"https:\/\/wp.kristdemokraterna.se\/boras\/wp-json\/wp\/v2\/pages\/373","targetHints":{"allow":["GET"]}}],"collection":[{"href":"https:\/\/wp.kristdemokraterna.se\/boras\/wp-json\/wp\/v2\/pages"}],"about":[{"href":"https:\/\/wp.kristdemokraterna.se\/boras\/wp-json\/wp\/v2\/types\/page"}],"author":[{"embeddable":true,"href":"https:\/\/wp.kristdemokraterna.se\/boras\/wp-json\/wp\/v2\/users\/986"}],"replies":[{"embeddable":true,"href":"https:\/\/wp.kristdemokraterna.se\/boras\/wp-json\/wp\/v2\/comments?post=373"}],"version-history":[{"count":15,"href":"https:\/\/wp.kristdemokraterna.se\/boras\/wp-json\/wp\/v2\/pages\/373\/revisions"}],"predecessor-version":[{"id":646,"href":"https:\/\/wp.kristdemokraterna.se\/boras\/wp-json\/wp\/v2\/pages\/373\/revisions\/646"}],"up":[{"embeddable":true,"href":"https:\/\/wp.kristdemokraterna.se\/boras\/wp-json\/wp\/v2\/pages\/272"}],"wp:featuredmedia":[{"embeddable":true,"href":"https:\/\/wp.kristdemokraterna.se\/boras\/wp-json\/wp\/v2\/media\/714"}],"wp:attachment":[{"href":"https:\/\/wp.kristdemokraterna.se\/boras\/wp-json\/wp\/v2\/media?parent=373"}],"curies":[{"name":"wp","href":"https:\/\/api.w.org\/{rel}","templated":true}]}}