{"id":375,"date":"2017-12-04T16:48:06","date_gmt":"2017-12-04T15:48:06","guid":{"rendered":"https:\/\/wp.kristdemokraterna.se\/boras2\/?page_id=375"},"modified":"2022-08-10T23:44:48","modified_gmt":"2022-08-10T21:44:48","slug":"var-politik-i-landstinget","status":"publish","type":"page","link":"https:\/\/wp.kristdemokraterna.se\/boras\/textsida-fullbredd\/var-politik-i-landstinget\/","title":{"rendered":"V\u00e5r politik i regionen"},"content":{"rendered":"<p>Kristdemokraterna i V\u00e4stra G\u00f6taland k\u00e4mpar f\u00f6r en b\u00e4ttre v\u00e5rd, b\u00e4ttre kommunikationer och ett levande kulturliv.<br \/>\nL\u00e4s g\u00e4rna mer om vad vi st\u00e5r f\u00f6r i regionen p\u00e5 v\u00e5r hemsida:<\/p>\n<p>&nbsp;<\/p>\n<p><a href=\"https:\/\/wp.kristdemokraterna.se\/vg\/\">KD V\u00e4stra G\u00f6taland<\/a><\/p>\n<p><a href=\"https:\/\/wp.kristdemokraterna.se\/vg\/files\/2022\/06\/valprogram-2022-kd.pdf\">KD V\u00e4stra G\u00f6taland valprogram 2022<\/a><\/p>\n","protected":false},"excerpt":{"rendered":"<p>Kristdemokraterna i V\u00e4stra G\u00f6taland k\u00e4mpar f\u00f6r en b\u00e4ttre v\u00e5rd, b\u00e4ttre kommunikationer och ett levande kulturliv. L\u00e4s g\u00e4rna mer om vad vi st\u00e5r f\u00f6r i regionen p\u00e5 v\u00e5r hemsida: &nbsp; KD V\u00e4stra G\u00f6taland KD V\u00e4stra G\u00f6taland valprogram 2022<\/p>\n","protected":false},"author":986,"featured_media":714,"parent":272,"menu_order":0,"comment_status":"closed","ping_status":"closed","template":"page.php","meta":{"_acf_changed":false,"footnotes":""},"class_list":["post-375","page","type-page","status-publish","hentry"],"acf":[],"yoast_head":"<!-- This site is optimized with the Yoast SEO plugin v27.3 - https:\/\/yoast.com\/product\/yoast-seo-wordpress\/ -->\n<title>V\u00e5r politik i regionen - Kristdemokraterna | Bor\u00e5s<\/title>\n<meta name=\"robots\" content=\"index, follow, max-snippet:-1, max-image-preview:large, max-video-preview:-1\" \/>\n<link rel=\"canonical\" href=\"https:\/\/wp.kristdemokraterna.se\/boras\/textsida-fullbredd\/var-politik-i-landstinget\/\" \/>\n<meta property=\"og:locale\" content=\"sv_SE\" \/>\n<meta property=\"og:type\" content=\"article\" \/>\n<meta property=\"og:title\" content=\"V\u00e5r politik i regionen - Kristdemokraterna | Bor\u00e5s\" \/>\n<meta property=\"og:description\" content=\"Kristdemokraterna i V\u00e4stra G\u00f6taland k\u00e4mpar f\u00f6r en b\u00e4ttre v\u00e5rd, b\u00e4ttre kommunikationer och ett levande kulturliv. L\u00e4s g\u00e4rna mer om vad vi st\u00e5r f\u00f6r i regionen p\u00e5 v\u00e5r hemsida: &nbsp; KD V\u00e4stra G\u00f6taland KD V\u00e4stra G\u00f6taland valprogram 2022\" \/>\n<meta property=\"og:url\" content=\"https:\/\/wp.kristdemokraterna.se\/boras\/textsida-fullbredd\/var-politik-i-landstinget\/\" \/>\n<meta property=\"og:site_name\" content=\"Kristdemokraterna | Bor\u00e5s\" \/>\n<meta property=\"article:modified_time\" content=\"2022-08-10T21:44:48+00:00\" \/>\n<meta name=\"twitter:card\" content=\"summary_large_image\" \/>\n<script type=\"application\/ld+json\" class=\"yoast-schema-graph\">{\"@context\":\"https:\\\/\\\/schema.org\",\"@graph\":[{\"@type\":\"WebPage\",\"@id\":\"https:\\\/\\\/wp.kristdemokraterna.se\\\/boras\\\/textsida-fullbredd\\\/var-politik-i-landstinget\\\/\",\"url\":\"https:\\\/\\\/wp.kristdemokraterna.se\\\/boras\\\/textsida-fullbredd\\\/var-politik-i-landstinget\\\/\",\"name\":\"V\u00e5r politik i regionen - Kristdemokraterna | Bor\u00e5s\",\"isPartOf\":{\"@id\":\"https:\\\/\\\/wp.kristdemokraterna.se\\\/boras\\\/#website\"},\"primaryImageOfPage\":{\"@id\":\"https:\\\/\\\/wp.kristdemokraterna.se\\\/boras\\\/textsida-fullbredd\\\/var-politik-i-landstinget\\\/#primaryimage\"},\"image\":{\"@id\":\"https:\\\/\\\/wp.kristdemokraterna.se\\\/boras\\\/textsida-fullbredd\\\/var-politik-i-landstinget\\\/#primaryimage\"},\"thumbnailUrl\":\"https:\\\/\\\/wp.kristdemokraterna.se\\\/boras\\\/files\\\/2023\\\/12\\\/niklas-arvidsson_14-scaled.jpg\",\"datePublished\":\"2017-12-04T15:48:06+00:00\",\"dateModified\":\"2022-08-10T21:44:48+00:00\",\"breadcrumb\":{\"@id\":\"https:\\\/\\\/wp.kristdemokraterna.se\\\/boras\\\/textsida-fullbredd\\\/var-politik-i-landstinget\\\/#breadcrumb\"},\"inLanguage\":\"sv-SE\",\"potentialAction\":[{\"@type\":\"ReadAction\",\"target\":[\"https:\\\/\\\/wp.kristdemokraterna.se\\\/boras\\\/textsida-fullbredd\\\/var-politik-i-landstinget\\\/\"]}]},{\"@type\":\"ImageObject\",\"inLanguage\":\"sv-SE\",\"@id\":\"https:\\\/\\\/wp.kristdemokraterna.se\\\/boras\\\/textsida-fullbredd\\\/var-politik-i-landstinget\\\/#primaryimage\",\"url\":\"https:\\\/\\\/wp.kristdemokraterna.se\\\/boras\\\/files\\\/2023\\\/12\\\/niklas-arvidsson_14-scaled.jpg\",\"contentUrl\":\"https:\\\/\\\/wp.kristdemokraterna.se\\\/boras\\\/files\\\/2023\\\/12\\\/niklas-arvidsson_14-scaled.jpg\",\"width\":1878,\"height\":2560},{\"@type\":\"BreadcrumbList\",\"@id\":\"https:\\\/\\\/wp.kristdemokraterna.se\\\/boras\\\/textsida-fullbredd\\\/var-politik-i-landstinget\\\/#breadcrumb\",\"itemListElement\":[{\"@type\":\"ListItem\",\"position\":1,\"name\":\"Hem\",\"item\":\"https:\\\/\\\/wp.kristdemokraterna.se\\\/boras\\\/\"},{\"@type\":\"ListItem\",\"position\":2,\"name\":\"Vad vi st\u00e5r f\u00f6r!\",\"item\":\"https:\\\/\\\/wp.kristdemokraterna.se\\\/boras\\\/textsida-fullbredd\\\/\"},{\"@type\":\"ListItem\",\"position\":3,\"name\":\"V\u00e5r politik i regionen\"}]},{\"@type\":\"WebSite\",\"@id\":\"https:\\\/\\\/wp.kristdemokraterna.se\\\/boras\\\/#website\",\"url\":\"https:\\\/\\\/wp.kristdemokraterna.se\\\/boras\\\/\",\"name\":\"Kristdemokraterna | Bor\u00e5s\",\"description\":\"En till Kristdemokraterna webbplats\",\"inLanguage\":\"sv-SE\"}]}<\/script>\n<!-- \/ Yoast SEO plugin. -->","yoast_head_json":{"title":"V\u00e5r politik i regionen - Kristdemokraterna | Bor\u00e5s","robots":{"index":"index","follow":"follow","max-snippet":"max-snippet:-1","max-image-preview":"max-image-preview:large","max-video-preview":"max-video-preview:-1"},"canonical":"https:\/\/wp.kristdemokraterna.se\/boras\/textsida-fullbredd\/var-politik-i-landstinget\/","og_locale":"sv_SE","og_type":"article","og_title":"V\u00e5r politik i regionen - Kristdemokraterna | Bor\u00e5s","og_description":"Kristdemokraterna i V\u00e4stra G\u00f6taland k\u00e4mpar f\u00f6r en b\u00e4ttre v\u00e5rd, b\u00e4ttre kommunikationer och ett levande kulturliv. L\u00e4s g\u00e4rna mer om vad vi st\u00e5r f\u00f6r i regionen p\u00e5 v\u00e5r hemsida: &nbsp; KD V\u00e4stra G\u00f6taland KD V\u00e4stra G\u00f6taland valprogram 2022","og_url":"https:\/\/wp.kristdemokraterna.se\/boras\/textsida-fullbredd\/var-politik-i-landstinget\/","og_site_name":"Kristdemokraterna | Bor\u00e5s","article_modified_time":"2022-08-10T21:44:48+00:00","twitter_card":"summary_large_image","schema":{"@context":"https:\/\/schema.org","@graph":[{"@type":"WebPage","@id":"https:\/\/wp.kristdemokraterna.se\/boras\/textsida-fullbredd\/var-politik-i-landstinget\/","url":"https:\/\/wp.kristdemokraterna.se\/boras\/textsida-fullbredd\/var-politik-i-landstinget\/","name":"V\u00e5r politik i regionen - Kristdemokraterna | Bor\u00e5s","isPartOf":{"@id":"https:\/\/wp.kristdemokraterna.se\/boras\/#website"},"primaryImageOfPage":{"@id":"https:\/\/wp.kristdemokraterna.se\/boras\/textsida-fullbredd\/var-politik-i-landstinget\/#primaryimage"},"image":{"@id":"https:\/\/wp.kristdemokraterna.se\/boras\/textsida-fullbredd\/var-politik-i-landstinget\/#primaryimage"},"thumbnailUrl":"https:\/\/wp.kristdemokraterna.se\/boras\/files\/2023\/12\/niklas-arvidsson_14-scaled.jpg","datePublished":"2017-12-04T15:48:06+00:00","dateModified":"2022-08-10T21:44:48+00:00","breadcrumb":{"@id":"https:\/\/wp.kristdemokraterna.se\/boras\/textsida-fullbredd\/var-politik-i-landstinget\/#breadcrumb"},"inLanguage":"sv-SE","potentialAction":[{"@type":"ReadAction","target":["https:\/\/wp.kristdemokraterna.se\/boras\/textsida-fullbredd\/var-politik-i-landstinget\/"]}]},{"@type":"ImageObject","inLanguage":"sv-SE","@id":"https:\/\/wp.kristdemokraterna.se\/boras\/textsida-fullbredd\/var-politik-i-landstinget\/#primaryimage","url":"https:\/\/wp.kristdemokraterna.se\/boras\/files\/2023\/12\/niklas-arvidsson_14-scaled.jpg","contentUrl":"https:\/\/wp.kristdemokraterna.se\/boras\/files\/2023\/12\/niklas-arvidsson_14-scaled.jpg","width":1878,"height":2560},{"@type":"BreadcrumbList","@id":"https:\/\/wp.kristdemokraterna.se\/boras\/textsida-fullbredd\/var-politik-i-landstinget\/#breadcrumb","itemListElement":[{"@type":"ListItem","position":1,"name":"Hem","item":"https:\/\/wp.kristdemokraterna.se\/boras\/"},{"@type":"ListItem","position":2,"name":"Vad vi st\u00e5r f\u00f6r!","item":"https:\/\/wp.kristdemokraterna.se\/boras\/textsida-fullbredd\/"},{"@type":"ListItem","position":3,"name":"V\u00e5r politik i regionen"}]},{"@type":"WebSite","@id":"https:\/\/wp.kristdemokraterna.se\/boras\/#website","url":"https:\/\/wp.kristdemokraterna.se\/boras\/","name":"Kristdemokraterna | Bor\u00e5s","description":"En till Kristdemokraterna webbplats","inLanguage":"sv-SE"}]}},"_links":{"self":[{"href":"https:\/\/wp.kristdemokraterna.se\/boras\/wp-json\/wp\/v2\/pages\/375","targetHints":{"allow":["GET"]}}],"collection":[{"href":"https:\/\/wp.kristdemokraterna.se\/boras\/wp-json\/wp\/v2\/pages"}],"about":[{"href":"https:\/\/wp.kristdemokraterna.se\/boras\/wp-json\/wp\/v2\/types\/page"}],"author":[{"embeddable":true,"href":"https:\/\/wp.kristdemokraterna.se\/boras\/wp-json\/wp\/v2\/users\/986"}],"replies":[{"embeddable":true,"href":"https:\/\/wp.kristdemokraterna.se\/boras\/wp-json\/wp\/v2\/comments?post=375"}],"version-history":[{"count":3,"href":"https:\/\/wp.kristdemokraterna.se\/boras\/wp-json\/wp\/v2\/pages\/375\/revisions"}],"predecessor-version":[{"id":648,"href":"https:\/\/wp.kristdemokraterna.se\/boras\/wp-json\/wp\/v2\/pages\/375\/revisions\/648"}],"up":[{"embeddable":true,"href":"https:\/\/wp.kristdemokraterna.se\/boras\/wp-json\/wp\/v2\/pages\/272"}],"wp:featuredmedia":[{"embeddable":true,"href":"https:\/\/wp.kristdemokraterna.se\/boras\/wp-json\/wp\/v2\/media\/714"}],"wp:attachment":[{"href":"https:\/\/wp.kristdemokraterna.se\/boras\/wp-json\/wp\/v2\/media?parent=375"}],"curies":[{"name":"wp","href":"https:\/\/api.w.org\/{rel}","templated":true}]}}